{"id":93,"date":"2025-09-30T17:19:09","date_gmt":"2025-09-30T15:19:09","guid":{"rendered":"https:\/\/businessschool.luiss.it\/governance-relazioni-istituzionali-strumenti-finanziari\/?page_id=93"},"modified":"2025-10-31T13:28:14","modified_gmt":"2025-10-31T12:28:14","slug":"partner","status":"publish","type":"page","link":"https:\/\/businessschool.luiss.it\/governance-relazioni-istituzionali-strumenti-finanziari\/partner\/","title":{"rendered":"Partner"},"content":{"rendered":"\n<h3 class=\"wp-block-heading\">PATROCINIO di<\/h3>\n\n\n\n<figure class=\"wp-block-image size-full is-resized\"><img loading=\"lazy\" decoding=\"async\" width=\"418\" height=\"140\" src=\"https:\/\/businessschool.luiss.it\/governance-relazioni-istituzionali-strumenti-finanziari\/wp-content\/uploads\/sites\/311\/2025\/09\/image-1.png\" alt=\"Elettricit\u00e0 Futura - Imprese elettriche italiane\" class=\"wp-image-95\" style=\"width:331px;height:auto\" srcset=\"https:\/\/businessschool.luiss.it\/governance-relazioni-istituzionali-strumenti-finanziari\/wp-content\/uploads\/sites\/311\/2025\/09\/image-1.png 418w, https:\/\/businessschool.luiss.it\/governance-relazioni-istituzionali-strumenti-finanziari\/wp-content\/uploads\/sites\/311\/2025\/09\/image-1-300x100.png 300w\" sizes=\"auto, (max-width: 418px) 100vw, 418px\" \/><\/figure>\n\n\n\n<p>Elettricit\u00e0 Futura \u00e8 la principale associazione italiana del settore elettrico, nata nel 2017 dall&#8217;integrazione tra Assoelettrica e assoRinnovabili. Rappresenta oltre il 70% del mercato elettrico nazionale, riunendo pi\u00f9 di 500 operatori che impiegano oltre 40.000 addetti e detengono pi\u00f9 di 76.000 MW di potenza installata, sia da fonti convenzionali che rinnovabili.<\/p>\n\n\n\n<p>L&#8217;associazione ha l&#8217;obiettivo di promuovere lo sviluppo del settore elettrico italiano verso la transizione energetica, contribuendo a rilanciare la filiera industriale e generando benefici per l&#8217;economia e l&#8217;occupazione, aumentando la sicurezza, l&#8217;indipendenza, la sostenibilit\u00e0 e la competitivit\u00e0 del Paese.<\/p>\n\n\n\n<p>Elettricit\u00e0 Futura rappresenta le imprese del settore elettrico dialogando costantemente con le istituzioni nazionali, regionali ed europee, con le autorit\u00e0, gli enti e gli organismi tecnici di riferimento. Propone azioni concrete per la crescita delle imprese e lo sviluppo del settore elettrico, portando le esigenze degli associati nei tavoli decisionali. Assiste le imprese fornendo aggiornamenti costanti sulla disciplina del settore e informazioni puntuali. Promuove la diffusione della cultura della transizione energetica, l&#8217;innovazione sostenibile e i valori delle imprese elettriche, anche attraverso studi, eventi, formazione e attivit\u00e0 di comunicazione. Coinvolge le imprese associate, favorendo occasioni di incontro, confronto e condivisione nei tavoli di lavoro. Negozia e stipula con le organizzazioni sindacali il Contratto Collettivo Nazionale di Lavoro del settore elettrico e fornisce assistenza alle aziende per la sua applicazione.<\/p>\n\n\n\n<p>Elettricit\u00e0 Futura aderisce a Confindustria e a Confindustria Energia, ed \u00e8 membro delle principali associazioni europee del settore, tra cui Eurelectric, SolarPower Europe, WindEurope e Bioenergy Europe.<\/p>\n\n\n\n<p>Con sedi a Roma e Milano, l&#8217;associazione \u00e8 guidata dal Presidente Gianni Vittorio Armani e dal Direttore Generale Giorgio Boneschi.<\/p>\n\n\n\n<h3 class=\"wp-block-heading\">PATROCINIO di<\/h3>\n\n\n\n<figure class=\"wp-block-image size-full is-resized\"><img loading=\"lazy\" decoding=\"async\" width=\"356\" height=\"200\" src=\"https:\/\/businessschool.luiss.it\/governance-relazioni-istituzionali-strumenti-finanziari\/wp-content\/uploads\/sites\/311\/2025\/09\/image-2.png\" alt=\"World Energy Council |Italia\" class=\"wp-image-96\" style=\"width:291px;height:auto\" srcset=\"https:\/\/businessschool.luiss.it\/governance-relazioni-istituzionali-strumenti-finanziari\/wp-content\/uploads\/sites\/311\/2025\/09\/image-2.png 356w, https:\/\/businessschool.luiss.it\/governance-relazioni-istituzionali-strumenti-finanziari\/wp-content\/uploads\/sites\/311\/2025\/09\/image-2-300x169.png 300w\" sizes=\"auto, (max-width: 356px) 100vw, 356px\" \/><\/figure>\n\n\n\n<p>Fondato nel 1988, WEC Italia \u00e8 il Comitato Nazionale Italiano del World Energy Council, la pi\u00f9 ampia rete globale dedicata all\u2019energia. Con oltre 100 Paesi membri, WEC promuove una transizione energetica sostenibile e inclusiva, mettendo a sistema le istituzioni, le aziende e le universit\u00e0 del Paese.<\/p>\n\n\n\n<p>Il network associativo del WEC Italia \u00e8 composto dai Ministeri, che vi aderiscono come Associati di Diritto, dalle principali aziende del settore energetico nazionale, da universit\u00e0 e centri di ricerca, da enti e associazioni di categoria.<\/p>\n\n\n\n<p>Partecipano alla governance del WEC Italia i seguenti Ministeri:<\/p>\n\n\n\n<ul class=\"wp-block-list\">\n<li>Ministero degli Affari Esteri e della Cooperazione Internazionale (Rappresentante: Mauro Campanella)<\/li>\n\n\n\n<li>Ministero delle imprese e del Made in Italy<\/li>\n\n\n\n<li>Ministero dell&#8217;Universit\u00e0 e della Ricerca<\/li>\n\n\n\n<li>Ministero dell\u2019Ambiente e della Sicurezza Energetica<\/li>\n\n\n\n<li>Presidenza del Consiglio dei ministri &#8211; Dipartimento Politiche Europee (Rappresentante: Paolo Boccardi)<\/li>\n<\/ul>\n\n\n\n<p>WEC Italia promuove la mission e gli obiettivi del World Energy Council e supporta la transizione energetica giusta, sostenibile da un punto di vista ambientale, economico e sociale. Ma anche una transizione sicura, accessibile e resiliente.<\/p>\n\n\n\n<p>Lo fa attraverso attivit\u00e0 quali:<\/p>\n\n\n\n<ul class=\"wp-block-list\">\n<li>Organizzazione di eventi, conferenze, workshop, attivit\u00e0 di advocacy<\/li>\n\n\n\n<li>Sviluppo di studi e report di scenario<\/li>\n\n\n\n<li>Attivit\u00e0 di formazione<\/li>\n\n\n\n<li>Attivazione di dialoghi internazionali<\/li>\n\n\n\n<li>Iniziative permanenti su temi verticali<\/li>\n\n\n\n<li>Gestione di progetti e iniziative in qualit\u00e0 di Project Manager<\/li>\n\n\n\n<li>Coordinamento del networking tra professionisti<\/li>\n\n\n\n<li>Supporto a giovani e studenti attraverso tirocini e tutoraggio<\/li>\n<\/ul>\n\n\n\n<p>WEC Italia \u00e8 promotore di iniziative verticali su temi specifici di partcolare rilievo per l\u2019agenda energetica nazionale. Insieme all\u2019Energy Center del Politecnico di Torino, coordina IFEC &#8211; Italian Forum of Energy Communities; insieme ad Assorisorse ha fondato OIMCE \u2013 Osservatorio Nazionale Materie Prime Critiche Energia.<\/p>\n\n\n\n<h3 class=\"wp-block-heading\">PATROCINIO di <\/h3>\n\n\n\n<figure class=\"wp-block-image size-full is-resized\"><img loading=\"lazy\" decoding=\"async\" width=\"369\" height=\"131\" src=\"https:\/\/businessschool.luiss.it\/governance-relazioni-istituzionali-strumenti-finanziari\/wp-content\/uploads\/sites\/311\/2025\/10\/edison.png\" alt=\"\" class=\"wp-image-108\" style=\"width:304px;height:auto\" srcset=\"https:\/\/businessschool.luiss.it\/governance-relazioni-istituzionali-strumenti-finanziari\/wp-content\/uploads\/sites\/311\/2025\/10\/edison.png 369w, https:\/\/businessschool.luiss.it\/governance-relazioni-istituzionali-strumenti-finanziari\/wp-content\/uploads\/sites\/311\/2025\/10\/edison-300x107.png 300w\" sizes=\"auto, (max-width: 369px) 100vw, 369px\" \/><\/figure>\n\n\n\n<p>Edison \u00e8 la pi\u00f9 antica societ\u00e0 energetica in Europa, con oltre 140 anni di primati, ed \u00e8 uno degli operatori leader del settore in Italia. Il Gruppo \u2013 che conta oltre 6.000 persone &#8211; \u00e8 impegnato in prima linea nella sfida della transizione energetica in coerenza con i Sustainable Development Goals (SDGs) dell\u2019Onu e le politiche europee di decarbonizzazione.<\/p>\n\n\n\n<p>Edison opera in Italia e in Europa nella produzione rinnovabile e low carbon, nell\u2019approvvigionamento e vendita di gas naturale, nella mobilit\u00e0 sostenibile, e attraverso Edison Energia ed Edison Next nei servizi energetici, ambientali e a valore aggiunto per clienti, aziende, territori e Pubblica Amministrazione.<\/p>\n\n\n\n<p>Con circa 8 GW di potenza distribuiti su tutto il territorio, Edison \u00e8 un operatore integrato lungo tutta la filiera elettrica: dalla produzione di energia alla gestione e manutenzione dei parchi di generazione, fino alla vendita ai clienti finali. Il suo parco produttivo \u00e8 composto da pi\u00f9 di 200 centrali, tra impianti idroelettrici, eolici e fotovoltaici, nonch\u00e9 cicli combinati a gas (CCGT) tra i pi\u00f9 efficienti in Europa, grazie all\u2019entrata in esercizio negli ultimi anni di due nuove centrali di ultima generazione in Veneto e Campania, che assicurano una produzione flessibile e programmabile.<\/p>\n\n\n\n<p>Le fonti rinnovabili sono uno dei principali assi di crescita del Gruppo. Il Piano Strategico di Edison prevede infatti investimenti per 10 miliardi di euro tra il 2023 e il 2030, di cui la met\u00e0 dedicata proprio alla crescita nelle energie green. L\u2019obiettivo della societ\u00e0 \u00e8 di aumentare la potenza rinnovabile installata dagli attuali 2,2 GW a 5 GW al 2030, portando la produzione da eolico, fotovoltaico e idroelettrico al 40% del mix di generazione elettrica. Edison \u00e8 anche impegnata nello sviluppo dei necessari strumenti di flessibilit\u00e0 ed accumulo, come le batterie elettrochimiche e i pompaggi idroelettrici, al fine di conservare e accrescere l\u2019energia verde a disposizione del sistema. A questo fine, il Gruppo ha in sviluppo cinque progetti di pompaggio idroelettrico nel Mezzogiorno, ad oggi in corso di autorizzazione.<\/p>\n\n\n\n<p><strong>PATROCINIO di<br><br><\/strong><\/p>\n\n\n\n<figure class=\"wp-block-image size-full is-resized\"><img loading=\"lazy\" decoding=\"async\" width=\"225\" height=\"68\" src=\"https:\/\/businessschool.luiss.it\/governance-relazioni-istituzionali-strumenti-finanziari\/wp-content\/uploads\/sites\/311\/2025\/10\/image.png\" alt=\"\" class=\"wp-image-121\" style=\"width:326px;height:auto\"\/><\/figure>\n\n\n\n<p>Fondata nel maggio del 1978, Farmindustria \u00e8 l\u2019Associazione delle imprese farmaceutiche che ha il ruolo di componente di categoria del Sistema Confindustria. Aderisce alla Federazione Europea (EFPIA) e a quella mondiale (IFPMA). Conta circa 200 aziende associate a capitale nazionale e a capitale estero, con oltre 130 stabilimenti su tutto il territorio nazionale, 71 mila addetti altamente qualificati (45% donne) e sempre pi\u00f9 giovani (gli under 35 sono cresciuti del 21% negli ultimi 5 anni, pi\u00f9 del totale dell\u2019occupazione del settore). Con oltre 56 miliardi di euro di produzione, di cui 54 destinati all\u2019export, l\u2019industria farmaceutica \u00e8 leader nell\u2019UE insieme a Germania e Francia. Ed \u00e8 un valore strategico per la salute, la crescita e la sicurezza della Nazione.<strong><\/strong><\/p>\n\n\n\n<p>Con una pluralit\u00e0 di aziende e modelli di sviluppo costruiti in network con il territorio e le sue eccellenze pubbliche e private, universit\u00e0, parchi scientifici, start-up, enti no-profit e SSN, l\u2019Italia \u00e8 tra i protagonisti nella ricerca farmaceutica grazie a pi\u00f9 di 7.000 ricercatrici e ricercatori e a investimenti per oltre 4 miliardi di euro all\u2019anno in produzione e R&amp;S.<\/p>\n\n\n\n<p>L\u2019industria farmaceutica d\u00e0 forza all\u2019intera economia: l\u2019Italia \u00e8 la seconda nazione al mondo per crescita in valore dell\u2019export di prodotti farmaceutici tra il 2021 e il 2024 e l\u2019occupazione, negli ultimi cinque anni, \u00e8 cresciuta significativamente pi\u00f9 della media nazionale. Il settore \u00e8 inoltre impegnato da tempo per un\u2019economia pi\u00f9 sostenibile e pi\u00f9 attenta alla salute, al benessere e alla formazione.<\/p>\n\n\n\n<p>Molto intenso l\u2019impegno dell\u2019Associazione per la formazione e per i giovani, con numerosi progetti, tra cui: la collaborazione con gli Istituti Tecnologici Superiori (ITS) in Nuove Tecnologie della Vita \u2013 con l\u2019ITS Pharma Academy dove si formano i giovani con competenze specialistiche in linea con i profili necessari al settore \u2013 e l\u2019Alternanza Scuola Lavoro.<\/p>\n\n\n\n<p>Di rilievo la partnership con le Universit\u00e0 per contribuire all\u2019aggiornamento delle competenze scientifiche, per la quale Farmindustria ha siglato un protocollo con il MUR e la CRUI.<\/p>\n\n\n\n<p>Inoltre, il progetto LIFE O&#8217;CLOCK, in collaborazione con Voicebookradio, prevede la realizzazione di incontri di divulgazione scientifica negli Istituti superiori, per sensibilizzare e informare i giovani sul valore della Ricerca e dell\u2019innovazione dell\u2019industria farmaceutica<\/p>\n\n\n\n<p>I rapporti tra le aziende associate a Farmindustria e il mondo scientifico-sanitario sono regolati da un codice deontologico a oggi tra i pi\u00f9 rigorosi in Europa.<\/p>\n\n\n\n<h3 class=\"wp-block-heading\">SPONSOR<\/h3>\n\n\n\n<figure class=\"wp-block-image size-full is-resized\"><img loading=\"lazy\" decoding=\"async\" width=\"332\" height=\"120\" src=\"https:\/\/businessschool.luiss.it\/governance-relazioni-istituzionali-strumenti-finanziari\/wp-content\/uploads\/sites\/311\/2025\/09\/image-3.png\" alt=\"Enel\" class=\"wp-image-101\" style=\"width:267px;height:auto\" srcset=\"https:\/\/businessschool.luiss.it\/governance-relazioni-istituzionali-strumenti-finanziari\/wp-content\/uploads\/sites\/311\/2025\/09\/image-3.png 332w, https:\/\/businessschool.luiss.it\/governance-relazioni-istituzionali-strumenti-finanziari\/wp-content\/uploads\/sites\/311\/2025\/09\/image-3-300x108.png 300w\" sizes=\"auto, (max-width: 332px) 100vw, 332px\" \/><\/figure>\n\n\n\n<p>Enel \u00e8 una multinazionale dell\u2019energia e un operatore integrato leader nei mercati globali dell\u2019energia e delle rinnovabili. A livello mondiale, \u00e8 il pi\u00f9 grande operatore di rinnovabili, il primo operatore di reti di distribuzione elettrica per numero di clienti serviti e il maggiore operatore retail per numero di clienti.<\/p>\n\n\n\n<p>Enel \u00e8 presente in 28 Paesi nel mondo e produce energia con una capacit\u00e0 totale di circa 91 GW.&nbsp;&nbsp;<\/p>\n\n\n\n<ul class=\"wp-block-list\">\n<li>Enel Grids, la business line globale del Gruppo dedicata alla gestione del servizio di distribuzione di energia elettrica a livello mondiale, fornisce energia elettrica attraverso una rete di 1,9 milioni di chilometri a circa 69 milioni di utenti finali.<\/li>\n\n\n\n<li>Enel Green Power, che all\u2019interno del Gruppo Enel gestisce le rinnovabili, conta su una capacit\u00e0 totale di oltre 66 GW con un mix di generazione che include impianti eolici, solari, geotermici, idroelettrici e di accumulo, in Europa, nelle Americhe, in Africa, Asia e Oceania.&nbsp;<\/li>\n\n\n\n<li>Enel X Global Retail \u00e8 la business line del Gruppo Enel dedicata ai clienti di tutto il mondo con l\u2019obiettivo di fornire loro prodotti e servizi in maniera efficiente in base ai loro bisogni energetici, incoraggiandoli verso un uso pi\u00f9 consapevole e sostenibile dell\u2019energia. Fornisce elettricit\u00e0 e servizi energetici integrati a circa 55 milioni di clienti a livello globale, offrendo servizi di flessibilit\u00e0 che aggregano 9,2 GW, gestendo circa 3 milioni di punti luce, e possedendo 30,100 punti di ricarica pubblici per la mobilit\u00e0 elettrica.<\/li>\n<\/ul>\n\n\n\n<p>La leadership di Enel nelle diverse categorie \u00e8 definita dal confronto con i dati dell\u2019esercizio 2024 dei peer. Perimetro di riferimento: societ\u00e0 quotate non a prevalenza&nbsp;statale.<\/p>\n","protected":false},"excerpt":{"rendered":"<p>PATROCINIO di Elettricit\u00e0 Futura \u00e8 la principale associazione italiana del settore elettrico, nata nel 2017 dall&#8217;integrazione tra Assoelettrica e assoRinnovabili. [&hellip;]<\/p>\n","protected":false},"author":5,"featured_media":0,"parent":0,"menu_order":0,"comment_status":"closed","ping_status":"closed","template":"","meta":{"_acf_changed":false,"footnotes":""},"categories":[],"tags":[],"docenti_teaching_area":[],"docenti_research_area":[],"tematiche":[],"lingue":[],"lunghezza_corsi":[],"class_list":["post-93","page","type-page","status-publish","hentry"],"acf":[],"aioseo_notices":[],"_links":{"self":[{"href":"https:\/\/businessschool.luiss.it\/governance-relazioni-istituzionali-strumenti-finanziari\/wp-json\/wp\/v2\/pages\/93","targetHints":{"allow":["GET"]}}],"collection":[{"href":"https:\/\/businessschool.luiss.it\/governance-relazioni-istituzionali-strumenti-finanziari\/wp-json\/wp\/v2\/pages"}],"about":[{"href":"https:\/\/businessschool.luiss.it\/governance-relazioni-istituzionali-strumenti-finanziari\/wp-json\/wp\/v2\/types\/page"}],"author":[{"embeddable":true,"href":"https:\/\/businessschool.luiss.it\/governance-relazioni-istituzionali-strumenti-finanziari\/wp-json\/wp\/v2\/users\/5"}],"replies":[{"embeddable":true,"href":"https:\/\/businessschool.luiss.it\/governance-relazioni-istituzionali-strumenti-finanziari\/wp-json\/wp\/v2\/comments?post=93"}],"version-history":[{"count":6,"href":"https:\/\/businessschool.luiss.it\/governance-relazioni-istituzionali-strumenti-finanziari\/wp-json\/wp\/v2\/pages\/93\/revisions"}],"predecessor-version":[{"id":124,"href":"https:\/\/businessschool.luiss.it\/governance-relazioni-istituzionali-strumenti-finanziari\/wp-json\/wp\/v2\/pages\/93\/revisions\/124"}],"wp:attachment":[{"href":"https:\/\/businessschool.luiss.it\/governance-relazioni-istituzionali-strumenti-finanziari\/wp-json\/wp\/v2\/media?parent=93"}],"wp:term":[{"taxonomy":"category","embeddable":true,"href":"https:\/\/businessschool.luiss.it\/governance-relazioni-istituzionali-strumenti-finanziari\/wp-json\/wp\/v2\/categories?post=93"},{"taxonomy":"post_tag","embeddable":true,"href":"https:\/\/businessschool.luiss.it\/governance-relazioni-istituzionali-strumenti-finanziari\/wp-json\/wp\/v2\/tags?post=93"},{"taxonomy":"docenti_teaching_area","embeddable":true,"href":"https:\/\/businessschool.luiss.it\/governance-relazioni-istituzionali-strumenti-finanziari\/wp-json\/wp\/v2\/docenti_teaching_area?post=93"},{"taxonomy":"docenti_research_area","embeddable":true,"href":"https:\/\/businessschool.luiss.it\/governance-relazioni-istituzionali-strumenti-finanziari\/wp-json\/wp\/v2\/docenti_research_area?post=93"},{"taxonomy":"tematiche","embeddable":true,"href":"https:\/\/businessschool.luiss.it\/governance-relazioni-istituzionali-strumenti-finanziari\/wp-json\/wp\/v2\/tematiche?post=93"},{"taxonomy":"lingue","embeddable":true,"href":"https:\/\/businessschool.luiss.it\/governance-relazioni-istituzionali-strumenti-finanziari\/wp-json\/wp\/v2\/lingue?post=93"},{"taxonomy":"lunghezza_corsi","embeddable":true,"href":"https:\/\/businessschool.luiss.it\/governance-relazioni-istituzionali-strumenti-finanziari\/wp-json\/wp\/v2\/lunghezza_corsi?post=93"}],"curies":[{"name":"wp","href":"https:\/\/api.w.org\/{rel}","templated":true}]}}