{"id":16,"date":"2015-04-26T11:50:21","date_gmt":"2015-04-26T11:50:21","guid":{"rendered":"https:\/\/businessschool.luiss.it\/gruo\/?page_id=16"},"modified":"2025-10-30T12:02:00","modified_gmt":"2025-10-30T12:02:00","slug":"curriculum","status":"publish","type":"page","link":"https:\/\/businessschool.luiss.it\/gruo\/curriculum\/","title":{"rendered":"Curriculum"},"content":{"rendered":"\n<p>Il curriculum del Master in Gestione delle Risorse Umane e Organizzazione \u00e8 disegnato con l\u2019obiettivo di assicurare e supportare in maniera progressiva la crescita professionale e personale dei partecipanti. L\u2019esperienza formativa \u00e8 composta da lezioni, casi studio e sessioni di lavoro di gruppo. Prevede inoltre il coinvolgimento di una faculty di alto livello, composta da accademici e professionisti.<\/p>\n\n\n\n<p>Per tutta la durata del Master, gli studenti riceveranno dal Career Service un supporto costante che li aiuti ad acquisire e sviluppare competenze utili a incrementare la propria spendibilit\u00e0 nel mercato del lavoro. Il Career Service offrir\u00e0 anche supporto diretto nella ricerca di un tirocinio curriculare.<\/p>\n\n\n\n<h3 class=\"wp-block-heading\">Induction week<\/h3>\n\n\n\n<p>L\u2019induction week \u00e8 la settimana introduttiva al Master, durante la quale gli studenti potranno ambientarsi e prendere confidenza con la vita del campus. Verranno organizzati laboratori di ice-breaking, seminari, workshop e presentazioni. Gli studenti avranno l\u2019occasione di conoscere i propri compagni di corso, i servizi e le attivit\u00e0 curriculari ed extra-curriculari previste dal Programma.<\/p>\n\n\n\n<h3 class=\"wp-block-heading\">General management<\/h3>\n\n\n\n<p>I corsi in general management mirano a fornire a tutti gli studenti le basi di Business e Management necessarie per comprendere i concetti che verranno introdotti durante i corsi core e di Specializzazione di ciascun master.<\/p>\n\n\n\n<ul class=\"wp-block-list\">\n<li><strong>Strategia<\/strong><\/li>\n\n\n\n<li><strong>Fondamenti di Marketing<\/strong><\/li>\n\n\n\n<li><strong>Contabilit\u00e0 e Bilancio<\/strong><\/li>\n\n\n\n<li><strong>Organizzazione e People Management<\/strong><\/li>\n<\/ul>\n\n\n\n<h3 class=\"wp-block-heading\">Corsi core<\/h3>\n\n\n\n<p>I corsi core hanno lo scopo di introdurre agli studenti i concetti chiave legati alla industry del Master. Tali corsi forniscono i principi e le competenze necessari per acquisire una conoscenza pi\u00f9 completa del settore.<\/p>\n\n\n\n<ul class=\"wp-block-list\">\n<li><strong>Organizzazione e cambiamenti organizzativi<\/strong><\/li>\n\n\n\n<li><strong>Comportamento Organizzativo<\/strong><\/li>\n\n\n\n<li><strong>Comunicazione Organizzativa<\/strong><\/li>\n\n\n\n<li><strong>Attrarre e Scegliere le Persone<\/strong><\/li>\n\n\n\n<li><strong>Diritto del lavoro<\/strong><\/li>\n\n\n\n<li><strong>Seminario \u2013 Focus su Relazioni industriali<\/strong><\/li>\n<\/ul>\n\n\n\n<h3 class=\"wp-block-heading\">Corsi di specializzazione<\/h3>\n\n\n\n<p>I corsi di specializzazione offrono una prospettiva approfondita degli aspetti specifici legati alla industry del Master e forniscono un approccio prettamente pratico.<\/p>\n\n\n\n<ul class=\"wp-block-list\">\n<li>Valutare e Valorizzare il Capitale Umano<\/li>\n\n\n\n<li>Reward Management<\/li>\n\n\n\n<li>Organizzazione, tecnologie digitali e New way of working<\/li>\n\n\n\n<li>Diversity&nbsp; Management<\/li>\n\n\n\n<li>People Management in aziende multinazionali<\/li>\n<\/ul>\n\n\n\n<h3 class=\"wp-block-heading\">Experience<\/h3>\n\n\n\n<p>Le Experience sono attivit\u00e0 \u201cesperienziali\u201d, strutturate in una sola giornata o pi\u00f9 giornate, che consentono agli studenti di migliorare il pensiero analitico abbinato ad una reale attitudine pratica.<\/p>\n\n\n\n<ul class=\"wp-block-list\">\n<li>Visita aziendale<\/li>\n<\/ul>\n\n\n\n<h3 class=\"wp-block-heading\">Challenge<\/h3>\n\n\n\n<p>Durante le lezioni in aula, gli studenti saranno coinvolti in una challenge commissionata dalle aziende partner del Master, finalizzata a trovare soluzioni innovative a reali esigenze di business. Tale attivit\u00e0 prevedr\u00e0 la supervisione di un tutor aziendale e consentir\u00e0 agli allievi di sviluppare competenze trasversali, mettendo in pratica gli insegnamenti appresi.<\/p>\n\n\n\n<h3 class=\"wp-block-heading\">Learning lab<\/h3>\n\n\n\n<p>I laboratori favoriscono la crescita personale dei partecipanti, guidandoli nello sviluppo di abilit\u00e0 trasversali e soft skill. Gli allievi prenderanno parte a sessioni pratiche, durante le quali potranno coltivare la flessibilit\u00e0 intellettuale, accrescere la capacit\u00e0 di problem solving e imparare ad adattarsi a situazioni diverse, perfezionando la propria sensibilit\u00e0 interculturale.<\/p>\n\n\n\n<h3 class=\"wp-block-heading\">Tirocinio<\/h3>\n\n\n\n<p>Il tirocinio curriculare \u00e8 generalmente svolto al termine del Master e rappresenta per gli studenti l\u2019opportunit\u00e0 di combinare teoria e pratica, entrando in contatto diretto con figure professionali di settore. Il Career Service fornisce supporto nella ricerca delle opportunit\u00e0 di tirocinio, contribuendo cos\u00ec a espandere le prospettive di carriera&nbsp;degli allievi, offrendo loro la possibilit\u00e0 di acquisire l\u2019esperienza lavorativa necessaria per incrementare e migliorare le proprie abilit\u00e0, ed estendere il proprio business network.<\/p>\n\n\n\n<h3 class=\"wp-block-heading\">Calendario Accademico<\/h3>\n\n\n\n<p>Il Master in Gestione delle Risorse Umane e Organizzazione ha una durata di 12 mesi ed \u00e8 suddiviso in 4 term.<\/p>\n\n\n\n<ul class=\"wp-block-list\">\n<li><strong>Term 1:<\/strong> ottobre-dicembre 2026<\/li>\n\n\n\n<li><strong>Term 2<\/strong>: gennaio-marzo 2027<\/li>\n\n\n\n<li><strong>Term 3<\/strong>: aprile-giugno 2027<\/li>\n\n\n\n<li><strong>Term 4<\/strong>: giugno-luglio 2027 fino alla conclusione del tirocinio<\/li>\n<\/ul>\n\n\n\n<p>Il calendario accademico potrebbe subire variazioni durante l\u2019anno. Per ricevere maggiori informazioni \u00e8 possibile inviare un\u2019e-mail all\u2019indirizzo <a href=\"mailto:master@luissbusinessschool.it\">master@luissbusinessschool.it<\/a>.<\/p>\n","protected":false},"excerpt":{"rendered":"<p>Il curriculum del Master in Gestione delle Risorse Umane e Organizzazione \u00e8 disegnato con l\u2019obiettivo di assicurare e supportare in [&hellip;]<\/p>\n","protected":false},"author":1,"featured_media":0,"parent":0,"menu_order":0,"comment_status":"open","ping_status":"closed","template":"page-default.php","meta":{"_acf_changed":false,"footnotes":""},"categories":[],"tags":[],"docenti_teaching_area":[],"docenti_research_area":[],"tematiche":[],"lingue":[],"lunghezza_corsi":[],"class_list":["post-16","page","type-page","status-publish","hentry"],"acf":[],"aioseo_notices":[],"_links":{"self":[{"href":"https:\/\/businessschool.luiss.it\/gruo\/wp-json\/wp\/v2\/pages\/16","targetHints":{"allow":["GET"]}}],"collection":[{"href":"https:\/\/businessschool.luiss.it\/gruo\/wp-json\/wp\/v2\/pages"}],"about":[{"href":"https:\/\/businessschool.luiss.it\/gruo\/wp-json\/wp\/v2\/types\/page"}],"author":[{"embeddable":true,"href":"https:\/\/businessschool.luiss.it\/gruo\/wp-json\/wp\/v2\/users\/1"}],"replies":[{"embeddable":true,"href":"https:\/\/businessschool.luiss.it\/gruo\/wp-json\/wp\/v2\/comments?post=16"}],"version-history":[{"count":6,"href":"https:\/\/businessschool.luiss.it\/gruo\/wp-json\/wp\/v2\/pages\/16\/revisions"}],"predecessor-version":[{"id":732,"href":"https:\/\/businessschool.luiss.it\/gruo\/wp-json\/wp\/v2\/pages\/16\/revisions\/732"}],"wp:attachment":[{"href":"https:\/\/businessschool.luiss.it\/gruo\/wp-json\/wp\/v2\/media?parent=16"}],"wp:term":[{"taxonomy":"category","embeddable":true,"href":"https:\/\/businessschool.luiss.it\/gruo\/wp-json\/wp\/v2\/categories?post=16"},{"taxonomy":"post_tag","embeddable":true,"href":"https:\/\/businessschool.luiss.it\/gruo\/wp-json\/wp\/v2\/tags?post=16"},{"taxonomy":"docenti_teaching_area","embeddable":true,"href":"https:\/\/businessschool.luiss.it\/gruo\/wp-json\/wp\/v2\/docenti_teaching_area?post=16"},{"taxonomy":"docenti_research_area","embeddable":true,"href":"https:\/\/businessschool.luiss.it\/gruo\/wp-json\/wp\/v2\/docenti_research_area?post=16"},{"taxonomy":"tematiche","embeddable":true,"href":"https:\/\/businessschool.luiss.it\/gruo\/wp-json\/wp\/v2\/tematiche?post=16"},{"taxonomy":"lingue","embeddable":true,"href":"https:\/\/businessschool.luiss.it\/gruo\/wp-json\/wp\/v2\/lingue?post=16"},{"taxonomy":"lunghezza_corsi","embeddable":true,"href":"https:\/\/businessschool.luiss.it\/gruo\/wp-json\/wp\/v2\/lunghezza_corsi?post=16"}],"curies":[{"name":"wp","href":"https:\/\/api.w.org\/{rel}","templated":true}]}}