{"id":33,"date":"2025-03-27T12:29:16","date_gmt":"2025-03-27T11:29:16","guid":{"rendered":"https:\/\/businessschool.luiss.it\/imprenditorialita-innovazione-territori-produttivi\/?page_id=33"},"modified":"2025-03-27T12:43:14","modified_gmt":"2025-03-27T11:43:14","slug":"overview","status":"publish","type":"page","link":"https:\/\/businessschool.luiss.it\/imprenditorialita-innovazione-territori-produttivi\/","title":{"rendered":"Overview"},"content":{"rendered":"\n<p>L&#8217;<strong>Executive Programme in Imprenditorialit\u00e0 e Innovazione nei Territori Produttivi \u00e8<\/strong>&nbsp;un programma formativo innovativo pensato per&nbsp;<strong>promuovere nuove imprese nelle aree montane e periferiche<\/strong>, con un focus su startup, innovazione e crescita sostenibile.&nbsp;L&#8217;iniziativa si propone di valorizzare le risorse economiche locali, incentivando la creazione di modelli di business competitivi, resilienti e in grado di rispondere alle sfide del contesto territoriale.<\/p>\n\n\n\n<p>Con una forte consapevolezza dell\u2019importanza dell\u2019imprenditorialit\u00e0 per lo sviluppo economico e la competitivit\u00e0 dei territori, il programma esplora le opportunit\u00e0 di mercato, le strategie di crescita e gli strumenti concreti per gli imprenditori che operano nella provincia di Belluno e nelle aree produttive locali.&nbsp;Grazie a un approccio didattico multidisciplinare e all\u2019avanguardia, il percorso offre formazione avanzata, strumenti pratici e l&#8217;accesso a una rete professionale qualificata.<\/p>\n\n\n\n<h3 class=\"wp-block-heading\">Obiettivi<\/h3>\n\n\n\n<p>Il programma fornisce le competenze indispensabili per sviluppare idee imprenditoriali, guidando i partecipanti dalla fase di concezione alla creazione del business plan, attraverso un&#8217;analisi approfondita del mercato, una precisa segmentazione del target e una pianificazione strategica delle risorse. Si focalizza sulle opportunit\u00e0 presenti nei territori montani e periferici, promuovendo iniziative imprenditoriali sostenibili e responsabili, con particolare attenzione all&#8217;innovazione digitale e alla sostenibilit\u00e0 ambientale e sociale.<\/p>\n\n\n\n<p>Inoltre, il percorso prepara i partecipanti a gestire progetti imprenditoriali complessi, fornendo strumenti per valutare la sostenibilit\u00e0 finanziaria, analizzare il fabbisogno economico e ottimizzare le risorse disponibili, al fine di garantire il successo e la crescita sostenibile delle imprese nel lungo periodo.<\/p>\n\n\n\n<h3 class=\"wp-block-heading\">A chi \u00e8 rivolto<\/h3>\n\n\n\n<p>Il programma \u00e8 destinato a manager, liberi professionisti, titolari di imprese e a chiunque voglia intraprendere un\u2019attivit\u00e0 imprenditoriale, sviluppando concretamente un\u2019idea di business nei territori montani e periferici.<\/p>\n\n\n\n<h3 class=\"wp-block-heading\">Attestato di Partecipazione<\/h3>\n\n\n\n<p>Al termine delle attivit\u00e0 didattiche verr\u00e0 rilasciato un attestato di partecipazione a coloro che avranno frequentato almeno l\u201980% delle attivit\u00e0 di formazione previste.<\/p>\n","protected":false},"excerpt":{"rendered":"<p>L&#8217;Executive Programme in Imprenditorialit\u00e0 e Innovazione nei Territori Produttivi \u00e8&nbsp;un programma formativo innovativo pensato per&nbsp;promuovere nuove imprese nelle aree montane [&hellip;]<\/p>\n","protected":false},"author":5,"featured_media":0,"parent":0,"menu_order":0,"comment_status":"closed","ping_status":"closed","template":"","meta":{"_acf_changed":false,"footnotes":""},"categories":[],"tags":[],"docenti_teaching_area":[],"docenti_research_area":[],"tematiche":[],"lingue":[],"lunghezza_corsi":[],"class_list":["post-33","page","type-page","status-publish","hentry"],"acf":[],"aioseo_notices":[],"_links":{"self":[{"href":"https:\/\/businessschool.luiss.it\/imprenditorialita-innovazione-territori-produttivi\/wp-json\/wp\/v2\/pages\/33","targetHints":{"allow":["GET"]}}],"collection":[{"href":"https:\/\/businessschool.luiss.it\/imprenditorialita-innovazione-territori-produttivi\/wp-json\/wp\/v2\/pages"}],"about":[{"href":"https:\/\/businessschool.luiss.it\/imprenditorialita-innovazione-territori-produttivi\/wp-json\/wp\/v2\/types\/page"}],"author":[{"embeddable":true,"href":"https:\/\/businessschool.luiss.it\/imprenditorialita-innovazione-territori-produttivi\/wp-json\/wp\/v2\/users\/5"}],"replies":[{"embeddable":true,"href":"https:\/\/businessschool.luiss.it\/imprenditorialita-innovazione-territori-produttivi\/wp-json\/wp\/v2\/comments?post=33"}],"version-history":[{"count":2,"href":"https:\/\/businessschool.luiss.it\/imprenditorialita-innovazione-territori-produttivi\/wp-json\/wp\/v2\/pages\/33\/revisions"}],"predecessor-version":[{"id":61,"href":"https:\/\/businessschool.luiss.it\/imprenditorialita-innovazione-territori-produttivi\/wp-json\/wp\/v2\/pages\/33\/revisions\/61"}],"wp:attachment":[{"href":"https:\/\/businessschool.luiss.it\/imprenditorialita-innovazione-territori-produttivi\/wp-json\/wp\/v2\/media?parent=33"}],"wp:term":[{"taxonomy":"category","embeddable":true,"href":"https:\/\/businessschool.luiss.it\/imprenditorialita-innovazione-territori-produttivi\/wp-json\/wp\/v2\/categories?post=33"},{"taxonomy":"post_tag","embeddable":true,"href":"https:\/\/businessschool.luiss.it\/imprenditorialita-innovazione-territori-produttivi\/wp-json\/wp\/v2\/tags?post=33"},{"taxonomy":"docenti_teaching_area","embeddable":true,"href":"https:\/\/businessschool.luiss.it\/imprenditorialita-innovazione-territori-produttivi\/wp-json\/wp\/v2\/docenti_teaching_area?post=33"},{"taxonomy":"docenti_research_area","embeddable":true,"href":"https:\/\/businessschool.luiss.it\/imprenditorialita-innovazione-territori-produttivi\/wp-json\/wp\/v2\/docenti_research_area?post=33"},{"taxonomy":"tematiche","embeddable":true,"href":"https:\/\/businessschool.luiss.it\/imprenditorialita-innovazione-territori-produttivi\/wp-json\/wp\/v2\/tematiche?post=33"},{"taxonomy":"lingue","embeddable":true,"href":"https:\/\/businessschool.luiss.it\/imprenditorialita-innovazione-territori-produttivi\/wp-json\/wp\/v2\/lingue?post=33"},{"taxonomy":"lunghezza_corsi","embeddable":true,"href":"https:\/\/businessschool.luiss.it\/imprenditorialita-innovazione-territori-produttivi\/wp-json\/wp\/v2\/lunghezza_corsi?post=33"}],"curies":[{"name":"wp","href":"https:\/\/api.w.org\/{rel}","templated":true}]}}