{"id":77,"date":"2020-07-03T11:38:03","date_gmt":"2020-07-03T09:38:03","guid":{"rendered":"https:\/\/businessschool.luiss.it\/individual-executive-programme\/?page_id=77"},"modified":"2020-07-07T15:57:40","modified_gmt":"2020-07-07T13:57:40","slug":"executive-programme","status":"publish","type":"page","link":"https:\/\/businessschool.luiss.it\/individual-executive-programme\/executive-programme\/","title":{"rendered":"Executive Programme"},"content":{"rendered":"<p>L\u2019offerta formativa executive \u00e8 progettata per fornire solide competenze manageriali e tecniche in uno specifico settore disciplinare ed \u00e8 suddivisa nelle seguenti aree tematiche:<\/p>\n<table style=\"height: 1591px;\" width=\"831\">\n<tbody>\n<tr>\n<td width=\"180\"><strong>Accounting, Finance and Control<\/strong><\/td>\n<td width=\"387\">I ruoli di chi opera nella funzione Amministrazione, Finanza e Controllo stanno subendo cambiamenti profondi che richiedono l\u2019integrazione di competenze e capacit\u00e0 ampie e diversificate.<\/td>\n<\/tr>\n<tr>\n<td width=\"180\"><strong>Communication &amp; Lobbying<\/strong><\/td>\n<td width=\"387\">Formare profili professionali altamente qualificati, in linea con la nuova logica integrata e multipiattaforma che caratterizza le aziende oggi.<\/td>\n<\/tr>\n<tr>\n<td width=\"180\"><strong>Innovation, Big Data &amp; Digital Transformation<\/strong><\/td>\n<td width=\"387\">L\u2019area tematica afferente a questi argomenti si pone l\u2019obiettivo di fornire le capacit\u00e0 distintive e le conoscenze necessarie per integrare con successo strategie di business e tecnologia.<\/td>\n<\/tr>\n<tr>\n<td width=\"180\"><strong>Management &amp; Family Business<\/strong><\/td>\n<td width=\"387\">I programmi afferenti a quest\u2019area si propongono di intercettare valori e bisogni di imprenditori e manager in termini di crescita, innovazione, conoscenza delle migliori e pi\u00f9 innovative modalit\u00e0 di sviluppo e gestione del business.<\/td>\n<\/tr>\n<tr>\n<td width=\"180\"><strong>Project Management<\/strong><\/td>\n<td width=\"387\">Il Project Management \u00e8 la risposta alle sfide della dinamicit\u00e0 e della complessit\u00e0 crescente nel mondo imprenditoriale moderno, dove gestire progetti complessi \u00e8 diventata la norma per moltissime realt\u00e0.<\/td>\n<\/tr>\n<tr>\n<td width=\"180\"><strong>Real Estate &amp; Infrastructure<\/strong><\/td>\n<td width=\"387\">Percorsi di formazione che colgono le esigenze di formazione in ambito immobiliare a 360 gradi, abbracciando dagli aspetti di marketing e comunicazione, a quelli di finanza e legali.<\/td>\n<\/tr>\n<tr>\n<td width=\"180\"><strong>Governance, Risk &amp; Compliance<\/strong><\/td>\n<td width=\"387\">L\u2019importanza della compliance nelle aziende richiede, da un lato, un costante aggiornamento per gli operatori dell\u2019impresa e del diritto e, dall\u2019altro, crea nuovi ruoli e funzioni sempre pi\u00f9 critici per la gestione aziendale.<\/td>\n<\/tr>\n<tr>\n<td width=\"180\"><strong>Marketing &amp; Sales<\/strong><\/td>\n<td width=\"387\">Fornire strumenti e tecniche utili al pensiero e al lavoro quotidiano, per rendere il professionista pienamente consapevole dei grandi mutamenti che il marketing ha conosciuto e assorbito negli ultimi vent\u2019anni.<\/td>\n<\/tr>\n<tr>\n<td width=\"180\"><strong>Sport, Tourism, Leisure &amp; Culture<\/strong><\/td>\n<td width=\"387\">Quest\u2019area si rivolge a un pool molto eterogeneo di esperti, che grazie ai seminari esistenti e quelli progettati possono affrontare le nuove sfide dei mercati con agilit\u00e0, imparando dal confronto delle proprie esperienze professionali rilevanti e dando cos\u00ec vita ad un network vincente.<\/td>\n<\/tr>\n<tr>\n<td width=\"180\"><strong>Healthcare &amp; Public Sector<\/strong><\/td>\n<td width=\"387\">Supportare il miglioramento nella gestione e nel funzionamento delle organizzazioni che operano nei contesti della filiera della salute e della Pubblica Amministrazione.<\/td>\n<\/tr>\n<tr>\n<td width=\"180\"><strong>People, Organizational Development &amp; Leadership<\/strong><\/td>\n<td width=\"387\">Supportare la progettazione e l\u2019implementazione di una \u201cPeople Strategy\u201d all\u2019avanguardia, che permetta un\u2019efficace execution della strategia aziendale, in maniera integrata e coerente in tutte le sue parti.<\/td>\n<\/tr>\n<\/tbody>\n<\/table>\n","protected":false},"excerpt":{"rendered":"<p>L\u2019offerta formativa executive \u00e8 progettata per fornire solide competenze manageriali e tecniche in uno specifico settore disciplinare ed \u00e8 suddivisa [&hellip;]<\/p>\n","protected":false},"author":5,"featured_media":0,"parent":0,"menu_order":0,"comment_status":"closed","ping_status":"closed","template":"","meta":{"_acf_changed":false,"footnotes":""},"categories":[],"tags":[],"docenti_teaching_area":[],"docenti_research_area":[],"tematiche":[],"lingue":[],"lunghezza_corsi":[],"class_list":["post-77","page","type-page","status-publish","hentry"],"acf":[],"aioseo_notices":[],"_links":{"self":[{"href":"https:\/\/businessschool.luiss.it\/individual-executive-programme\/wp-json\/wp\/v2\/pages\/77","targetHints":{"allow":["GET"]}}],"collection":[{"href":"https:\/\/businessschool.luiss.it\/individual-executive-programme\/wp-json\/wp\/v2\/pages"}],"about":[{"href":"https:\/\/businessschool.luiss.it\/individual-executive-programme\/wp-json\/wp\/v2\/types\/page"}],"author":[{"embeddable":true,"href":"https:\/\/businessschool.luiss.it\/individual-executive-programme\/wp-json\/wp\/v2\/users\/5"}],"replies":[{"embeddable":true,"href":"https:\/\/businessschool.luiss.it\/individual-executive-programme\/wp-json\/wp\/v2\/comments?post=77"}],"version-history":[{"count":3,"href":"https:\/\/businessschool.luiss.it\/individual-executive-programme\/wp-json\/wp\/v2\/pages\/77\/revisions"}],"predecessor-version":[{"id":103,"href":"https:\/\/businessschool.luiss.it\/individual-executive-programme\/wp-json\/wp\/v2\/pages\/77\/revisions\/103"}],"wp:attachment":[{"href":"https:\/\/businessschool.luiss.it\/individual-executive-programme\/wp-json\/wp\/v2\/media?parent=77"}],"wp:term":[{"taxonomy":"category","embeddable":true,"href":"https:\/\/businessschool.luiss.it\/individual-executive-programme\/wp-json\/wp\/v2\/categories?post=77"},{"taxonomy":"post_tag","embeddable":true,"href":"https:\/\/businessschool.luiss.it\/individual-executive-programme\/wp-json\/wp\/v2\/tags?post=77"},{"taxonomy":"docenti_teaching_area","embeddable":true,"href":"https:\/\/businessschool.luiss.it\/individual-executive-programme\/wp-json\/wp\/v2\/docenti_teaching_area?post=77"},{"taxonomy":"docenti_research_area","embeddable":true,"href":"https:\/\/businessschool.luiss.it\/individual-executive-programme\/wp-json\/wp\/v2\/docenti_research_area?post=77"},{"taxonomy":"tematiche","embeddable":true,"href":"https:\/\/businessschool.luiss.it\/individual-executive-programme\/wp-json\/wp\/v2\/tematiche?post=77"},{"taxonomy":"lingue","embeddable":true,"href":"https:\/\/businessschool.luiss.it\/individual-executive-programme\/wp-json\/wp\/v2\/lingue?post=77"},{"taxonomy":"lunghezza_corsi","embeddable":true,"href":"https:\/\/businessschool.luiss.it\/individual-executive-programme\/wp-json\/wp\/v2\/lunghezza_corsi?post=77"}],"curies":[{"name":"wp","href":"https:\/\/api.w.org\/{rel}","templated":true}]}}