{"id":85,"date":"2020-07-03T11:46:47","date_gmt":"2020-07-03T09:46:47","guid":{"rendered":"https:\/\/businessschool.luiss.it\/individual-executive-programme\/?page_id=85"},"modified":"2020-07-07T15:57:27","modified_gmt":"2020-07-07T13:57:27","slug":"educare","status":"publish","type":"page","link":"https:\/\/businessschool.luiss.it\/individual-executive-programme\/educare\/","title":{"rendered":"EduCare"},"content":{"rendered":"<p>L\u2019esperienza di apprendimento \u00e8 costruita intorno alla persona ed \u00e8 completata da attivit\u00e0 e servizi che si sviluppano durante e dopo la fase di aula.<\/p>\n<p>Le sessioni EduCare sono studiate per promuovere lo sviluppo professionale e personale e generare un impatto immediato sul business e sul contesto organizzativo di riferimento.<\/p>\n<table>\n<tbody>\n<tr>\n<td colspan=\"2\" width=\"567\">\n<h3>SVILUPPO PERSONALE<\/h3>\n<\/td>\n<\/tr>\n<tr>\n<td width=\"180\"><strong>Personality Assessment<\/strong><\/td>\n<td width=\"387\">Attraverso la compilazione di un questionario online e successiva restituzione individuale da parte di un Assessor qualificato, i Personality Assessment forniscono un quadro approfondito delle caratteristiche personali e del potenziale. Questi strumenti, scientificamente validati e utilizzati a livello internazionale, accrescono la consapevolezza dei punti di forza e delle possibili aree di sviluppo a livello personale e nel proprio contesto organizzativo, oltre a favorire l\u2019integrazione operativa dei contenuti discussi in aula, aumentandone l\u2019impatto.<\/td>\n<\/tr>\n<tr>\n<td width=\"180\"><strong>Coaching<\/strong><\/td>\n<td width=\"387\">Attraverso i percorsi di Individual Coaching con un professionista qualificato dalle migliori associazioni internazionali, in un contesto non valutativo e confidenziale, i partecipanti potranno personalizzare l\u2019apprendimento in aula applicandolo al proprio contesto, integrando la loro storia professionale con gli obiettivi futuri e acquisendo una migliore consapevolezza delle proprie risorse, aree di forza e di sviluppo.<\/td>\n<\/tr>\n<\/tbody>\n<\/table>\n<table>\n<tbody>\n<tr>\n<td colspan=\"2\" width=\"567\">\n<h3>SVILUPPO PROFESSIONALE E NETWORKING<\/h3>\n<\/td>\n<\/tr>\n<tr>\n<td width=\"180\"><strong>L4E \u2013 Leader for Executive<\/strong><\/td>\n<td width=\"387\">Incontri con leader, top manager ed esponenti del mondo aziendale, fortemente orientati all\u2019operativit\u00e0 e alla gestione pratica delle dinamiche aziendali.<\/td>\n<\/tr>\n<tr>\n<td width=\"180\"><strong>Career Advisory<\/strong><\/td>\n<td width=\"387\">Permette ai partecipanti, attraverso incontri dedicati, di confrontarsi sulle sfide che caratterizzano i diversi momenti di carriera, dal raggiungimento di posizione di leadership, al cambiamento del percorso di carriera finora svolto, alla costruzione di competenze professionali specifiche.<\/td>\n<\/tr>\n<tr>\n<td width=\"180\"><strong>Mentoring <\/strong><\/td>\n<td width=\"387\">Il Mentoring supporta i partecipanti affidandoli a manager esperti e leader di comprovato spessore con i quali condividere esperienze e conoscenze.<\/p>\n<p>I Mentor sostengono i partecipanti guidandoli nell\u2019 affrontare le principali sfide del loro percorso professionale e contribuendo a fornire leve strategiche e prospettive innovative, che derivano dall\u2019esperienza sul campo, per costruire competenze specifiche e distintive.<\/td>\n<\/tr>\n<\/tbody>\n<\/table>\n<table>\n<tbody>\n<tr>\n<td colspan=\"2\" width=\"567\">\n<h3>BUSINESS IMPACT<\/h3>\n<\/td>\n<\/tr>\n<tr>\n<td width=\"180\"><strong>Business Challenge<\/strong><\/td>\n<td width=\"387\">I partecipanti avranno l\u2019opportunit\u00e0 di presentare un progetto su cui sono impegnati in azienda, avvalendosi della competenza e dell\u2019esperienza dei docenti Luiss Business School e dei colleghi del corso per un confronto costruttivo.<\/td>\n<\/tr>\n<tr>\n<td width=\"180\"><strong>Project Work<\/strong><\/td>\n<td width=\"387\">I partecipanti sviluppano un progetto concreto, realizzato individualmente o in gruppo, attraverso cui sperimentare attivamente e concretamente i contenuti didattici appresi in aula, con il supporto attivo della faculty. Gli output progettuali sono successivamente oggetto di analisi, confronto e discussione.<\/td>\n<\/tr>\n<tr>\n<td width=\"180\"><strong>Executive Follow-up<\/strong><\/td>\n<td width=\"387\">A conclusione del percorso scelto, i partecipanti avranno un successivo momento di confronto con la faculty per verificare l\u2019apprendimento e discutere come le conoscenze acquisite in aula sono state applicate e in che modo hanno influenzato le azioni e i comportamenti nel contesto lavorativo di riferimento.<\/td>\n<\/tr>\n<tr>\n<td width=\"180\"><strong>Individual Lecture<\/strong><\/td>\n<td width=\"387\">I partecipanti a seconda del piano di studi definito, avranno l\u2019opportunit\u00e0 di incontrarsi con il loro Academic Advisor per verificare in sessioni individuali l\u2019efficacia dell\u2019apprendimento e acquisire una visione d\u2019insieme del percorso fino ad allora svolto, identificando i punti di connessione esistenti fra i vari argomenti trattati.<\/td>\n<\/tr>\n<\/tbody>\n<\/table>\n","protected":false},"excerpt":{"rendered":"<p>L\u2019esperienza di apprendimento \u00e8 costruita intorno alla persona ed \u00e8 completata da attivit\u00e0 e servizi che si sviluppano durante e [&hellip;]<\/p>\n","protected":false},"author":5,"featured_media":0,"parent":0,"menu_order":0,"comment_status":"closed","ping_status":"closed","template":"","meta":{"_acf_changed":false,"footnotes":""},"categories":[],"tags":[],"docenti_teaching_area":[],"docenti_research_area":[],"tematiche":[],"lingue":[],"lunghezza_corsi":[],"class_list":["post-85","page","type-page","status-publish","hentry"],"acf":[],"aioseo_notices":[],"_links":{"self":[{"href":"https:\/\/businessschool.luiss.it\/individual-executive-programme\/wp-json\/wp\/v2\/pages\/85","targetHints":{"allow":["GET"]}}],"collection":[{"href":"https:\/\/businessschool.luiss.it\/individual-executive-programme\/wp-json\/wp\/v2\/pages"}],"about":[{"href":"https:\/\/businessschool.luiss.it\/individual-executive-programme\/wp-json\/wp\/v2\/types\/page"}],"author":[{"embeddable":true,"href":"https:\/\/businessschool.luiss.it\/individual-executive-programme\/wp-json\/wp\/v2\/users\/5"}],"replies":[{"embeddable":true,"href":"https:\/\/businessschool.luiss.it\/individual-executive-programme\/wp-json\/wp\/v2\/comments?post=85"}],"version-history":[{"count":3,"href":"https:\/\/businessschool.luiss.it\/individual-executive-programme\/wp-json\/wp\/v2\/pages\/85\/revisions"}],"predecessor-version":[{"id":101,"href":"https:\/\/businessschool.luiss.it\/individual-executive-programme\/wp-json\/wp\/v2\/pages\/85\/revisions\/101"}],"wp:attachment":[{"href":"https:\/\/businessschool.luiss.it\/individual-executive-programme\/wp-json\/wp\/v2\/media?parent=85"}],"wp:term":[{"taxonomy":"category","embeddable":true,"href":"https:\/\/businessschool.luiss.it\/individual-executive-programme\/wp-json\/wp\/v2\/categories?post=85"},{"taxonomy":"post_tag","embeddable":true,"href":"https:\/\/businessschool.luiss.it\/individual-executive-programme\/wp-json\/wp\/v2\/tags?post=85"},{"taxonomy":"docenti_teaching_area","embeddable":true,"href":"https:\/\/businessschool.luiss.it\/individual-executive-programme\/wp-json\/wp\/v2\/docenti_teaching_area?post=85"},{"taxonomy":"docenti_research_area","embeddable":true,"href":"https:\/\/businessschool.luiss.it\/individual-executive-programme\/wp-json\/wp\/v2\/docenti_research_area?post=85"},{"taxonomy":"tematiche","embeddable":true,"href":"https:\/\/businessschool.luiss.it\/individual-executive-programme\/wp-json\/wp\/v2\/tematiche?post=85"},{"taxonomy":"lingue","embeddable":true,"href":"https:\/\/businessschool.luiss.it\/individual-executive-programme\/wp-json\/wp\/v2\/lingue?post=85"},{"taxonomy":"lunghezza_corsi","embeddable":true,"href":"https:\/\/businessschool.luiss.it\/individual-executive-programme\/wp-json\/wp\/v2\/lunghezza_corsi?post=85"}],"curies":[{"name":"wp","href":"https:\/\/api.w.org\/{rel}","templated":true}]}}