{"id":33,"date":"2025-07-11T11:33:47","date_gmt":"2025-07-11T09:33:47","guid":{"rendered":"https:\/\/businessschool.luiss.it\/innovare-le-pmi-strategie-organizzazione-crescita\/?page_id=33"},"modified":"2025-07-18T12:14:16","modified_gmt":"2025-07-18T10:14:16","slug":"overview","status":"publish","type":"page","link":"https:\/\/businessschool.luiss.it\/innovare-le-pmi-strategie-organizzazione-crescita\/","title":{"rendered":"Overview"},"content":{"rendered":"\n<p>Attraverso lezioni interattive, testimonianze, analisi di casi e lavori di gruppo, l\u2019Executive Master fornisce ai partecipanti strumenti e tecniche per sviluppare competenze manageriali e strategiche avanzate, fondamentali per guidare l\u2019innovazione e la crescita nelle Piccole e Medie Imprese (PMI).<\/p>\n\n\n\n<p>Il Master propone un percorso formativo multidisciplinare e integrato, pensato per affrontare le sfide pi\u00f9 attuali legate alla competitivit\u00e0 e alla sostenibilit\u00e0 delle PMI.<\/p>\n\n\n\n<h3 class=\"wp-block-heading\"><strong>Obiettivi<\/strong><\/h3>\n\n\n\n<p>L\u2019Executive Master fornisce solide basi per guidare le PMI con visione, responsabilit\u00e0 e spirito imprenditoriale. In particolare, mira a trasferire ai partecipanti la capacit\u00e0 di:<\/p>\n\n\n\n<ul class=\"wp-block-list\">\n<li>Sviluppare una mentalit\u00e0 strategica e imprenditoriale per identificare opportunit\u00e0, prendere decisioni informate e guidare l\u2019innovazione;<\/li>\n\n\n\n<li>Applicare strumenti data-driven e tecnologie di intelligenza artificiale nella pianificazione aziendale, gestione finanziaria, marketing e valutazione dei rischi;<\/li>\n\n\n\n<li>Progettare e implementare strategie organizzative, operative e di crescita efficaci, inclusi internazionalizzazione, project management e partecipazione a gare e bandi pubblici.<\/li>\n<\/ul>\n\n\n\n<h3 class=\"wp-block-heading\"><strong>A chi \u00e8 rivolto<\/strong><\/h3>\n\n\n\n<p>L\u2019Executive Master in Advanced Management \u2013 Major in Innovare le PMI: Strategie, Organizzazione e Crescita si rivolge a imprenditori, proprietari di aziende, dirigenti e manager operanti nelle PMI, che desiderano potenziare le proprie competenze per affrontare con successo sfide complesse e promuovere l\u2019innovazione e la competitivit\u00e0 all\u2019interno delle loro organizzazioni.<\/p>\n\n\n\n<h3 class=\"wp-block-heading\"><strong>CFU<\/strong><\/h3>\n\n\n\n<p>L\u2019Executive Master in Advanced Management &#8211; Major in Management e Innovazione nelle Strutture di Ricerca \u00e8 un Master Universitario di I livello. Il superamento di verifiche periodiche e la valutazione della prova finale, consentiranno ai partecipanti di ottenere il Diploma con riconoscimento dei relativi 60 Crediti Formativi Universitari (CFU).<\/p>\n\n\n\n<h3 class=\"wp-block-heading\"><strong>Diploma<\/strong><\/h3>\n\n\n\n<p>Al termine delle attivit\u00e0 didattiche a coloro che avranno frequentato almeno l\u201980% delle attivit\u00e0 di formazione previste e previo superamento di tutti gli esami, verranno rilasciati 60 Crediti Formativi Universitari (CFU) e il Diploma di Master Universitario di Primo Livello.<\/p>\n","protected":false},"excerpt":{"rendered":"<p>Attraverso lezioni interattive, testimonianze, analisi di casi e lavori di gruppo, l\u2019Executive Master fornisce ai partecipanti strumenti e tecniche per [&hellip;]<\/p>\n","protected":false},"author":5,"featured_media":0,"parent":0,"menu_order":0,"comment_status":"closed","ping_status":"closed","template":"","meta":{"_acf_changed":false,"footnotes":""},"categories":[],"tags":[],"docenti_teaching_area":[],"docenti_research_area":[],"tematiche":[],"lingue":[],"lunghezza_corsi":[],"class_list":["post-33","page","type-page","status-publish","hentry"],"acf":[],"aioseo_notices":[],"_links":{"self":[{"href":"https:\/\/businessschool.luiss.it\/innovare-le-pmi-strategie-organizzazione-crescita\/wp-json\/wp\/v2\/pages\/33","targetHints":{"allow":["GET"]}}],"collection":[{"href":"https:\/\/businessschool.luiss.it\/innovare-le-pmi-strategie-organizzazione-crescita\/wp-json\/wp\/v2\/pages"}],"about":[{"href":"https:\/\/businessschool.luiss.it\/innovare-le-pmi-strategie-organizzazione-crescita\/wp-json\/wp\/v2\/types\/page"}],"author":[{"embeddable":true,"href":"https:\/\/businessschool.luiss.it\/innovare-le-pmi-strategie-organizzazione-crescita\/wp-json\/wp\/v2\/users\/5"}],"replies":[{"embeddable":true,"href":"https:\/\/businessschool.luiss.it\/innovare-le-pmi-strategie-organizzazione-crescita\/wp-json\/wp\/v2\/comments?post=33"}],"version-history":[{"count":3,"href":"https:\/\/businessschool.luiss.it\/innovare-le-pmi-strategie-organizzazione-crescita\/wp-json\/wp\/v2\/pages\/33\/revisions"}],"predecessor-version":[{"id":82,"href":"https:\/\/businessschool.luiss.it\/innovare-le-pmi-strategie-organizzazione-crescita\/wp-json\/wp\/v2\/pages\/33\/revisions\/82"}],"wp:attachment":[{"href":"https:\/\/businessschool.luiss.it\/innovare-le-pmi-strategie-organizzazione-crescita\/wp-json\/wp\/v2\/media?parent=33"}],"wp:term":[{"taxonomy":"category","embeddable":true,"href":"https:\/\/businessschool.luiss.it\/innovare-le-pmi-strategie-organizzazione-crescita\/wp-json\/wp\/v2\/categories?post=33"},{"taxonomy":"post_tag","embeddable":true,"href":"https:\/\/businessschool.luiss.it\/innovare-le-pmi-strategie-organizzazione-crescita\/wp-json\/wp\/v2\/tags?post=33"},{"taxonomy":"docenti_teaching_area","embeddable":true,"href":"https:\/\/businessschool.luiss.it\/innovare-le-pmi-strategie-organizzazione-crescita\/wp-json\/wp\/v2\/docenti_teaching_area?post=33"},{"taxonomy":"docenti_research_area","embeddable":true,"href":"https:\/\/businessschool.luiss.it\/innovare-le-pmi-strategie-organizzazione-crescita\/wp-json\/wp\/v2\/docenti_research_area?post=33"},{"taxonomy":"tematiche","embeddable":true,"href":"https:\/\/businessschool.luiss.it\/innovare-le-pmi-strategie-organizzazione-crescita\/wp-json\/wp\/v2\/tematiche?post=33"},{"taxonomy":"lingue","embeddable":true,"href":"https:\/\/businessschool.luiss.it\/innovare-le-pmi-strategie-organizzazione-crescita\/wp-json\/wp\/v2\/lingue?post=33"},{"taxonomy":"lunghezza_corsi","embeddable":true,"href":"https:\/\/businessschool.luiss.it\/innovare-le-pmi-strategie-organizzazione-crescita\/wp-json\/wp\/v2\/lunghezza_corsi?post=33"}],"curies":[{"name":"wp","href":"https:\/\/api.w.org\/{rel}","templated":true}]}}