{"id":45,"date":"2025-07-11T11:35:56","date_gmt":"2025-07-11T09:35:56","guid":{"rendered":"https:\/\/businessschool.luiss.it\/innovare-le-pmi-strategie-organizzazione-crescita\/?page_id=45"},"modified":"2025-07-11T11:48:10","modified_gmt":"2025-07-11T09:48:10","slug":"come-iscriversi","status":"publish","type":"page","link":"https:\/\/businessschool.luiss.it\/innovare-le-pmi-strategie-organizzazione-crescita\/come-iscriversi\/","title":{"rendered":"Come Iscriversi"},"content":{"rendered":"\n<h3 class=\"wp-block-heading\">Ammissione e Iscrizione<\/h3>\n\n\n\n<p>Per iscriversi al programma \u00e8 necessario superare il Test di Ammissione che valuta le capacit\u00e0, la motivazione e il potenziale dei candidati. Il test sar\u00e0 sostenuto da remoto.<\/p>\n\n\n\n<h3 class=\"wp-block-heading\">Requisiti di ammissione<\/h3>\n\n\n\n<p>Laurea di I livello o ordinamento unico.<\/p>\n\n\n\n<p>Test d\u2019ammissione<\/p>\n\n\n\n<p>Il test di ammissione \u00e8 composto da:<\/p>\n\n\n\n<ul class=\"wp-block-list\">\n<li><strong>test di lingua inglese<\/strong>: un test scritto con domande a risposta multipla (i candidati in possesso di un certificato TOEFL\/IELTS con elevato punteggio e in corso di validit\u00e0, possono essere esonerati dal test d\u2019inglese)<\/li>\n\n\n\n<li><strong>test di logica induttiva, numerica e deduttiva<\/strong>: un test scritto con domande a risposta multipla (i candidati in possesso di un certificato GMAT\/GRE con elevato punteggio e in corso di validit\u00e0, possono essere esonerati dal test di logica)<\/li>\n\n\n\n<li><strong>colloquio motivazionale<\/strong><\/li>\n<\/ul>\n\n\n\n<h3 class=\"wp-block-heading\">Documentazione richiesta<\/h3>\n\n\n\n<p>Per partecipare al test di ammissione \u00e8 necessario compilare il seguente <a href=\"https:\/\/businessschool.luiss.it\/application\/?pid=P-100436\" title=\"\"><strong>form<\/strong><\/a><strong> <\/strong>(disponibile nella pagina web del programma) e sar\u00e0 richiesta la seguente documentazione:<\/p>\n\n\n\n<ul class=\"wp-block-list\">\n<li>copia del certificato di laurea*<\/li>\n\n\n\n<li>CV<\/li>\n\n\n\n<li>copia di un documento di identit\u00e0<\/li>\n\n\n\n<li>fototessera digitale<\/li>\n\n\n\n<li>ricevuta di pagamento della quota di partecipazione alle selezioni pari a \u20ac 100 (non rimborsabile)<\/li>\n\n\n\n<li>eventuale Certificato TOEFL\/IELTS (opzionale)<\/li>\n\n\n\n<li>eventuale Certificato GMAT\/GRE (opzionale)<\/li>\n<\/ul>\n\n\n\n<p>I candidati con un <strong>titolo estero <\/strong>dovranno anche inviare la seguente documentazione aggiuntiva per la valutazione:<\/p>\n\n\n\n<ul class=\"wp-block-list\">\n<li>copia del certificato di laurea sia in lingua originale che in lingua inglese*<\/li>\n\n\n\n<li>transcript dei voti in lingua inglese<\/li>\n\n\n\n<li>diploma supplement (opzionale)<\/li>\n<\/ul>\n\n\n\n<p><em>* i candidati non ancora in possesso del certificato di laurea potranno fornire l\u2019autocertificazione utilizzando il <\/em>f<em>ormat Luiss Business School disponibile nella pagina web del programma.<\/em><\/p>\n\n\n\n<h3 class=\"wp-block-heading\">Pagamento della quota d\u2019accesso alle selezioni<\/h3>\n\n\n\n<p>Il pagamento della quota d\u2019accesso alle selezioni pu\u00f2 essere effettuato con un pagamento <strong>online<\/strong> disponibile nella pagina web del programma.<\/p>\n","protected":false},"excerpt":{"rendered":"<p>Ammissione e Iscrizione Per iscriversi al programma \u00e8 necessario superare il Test di Ammissione che valuta le capacit\u00e0, la motivazione [&hellip;]<\/p>\n","protected":false},"author":5,"featured_media":0,"parent":0,"menu_order":0,"comment_status":"closed","ping_status":"closed","template":"","meta":{"_acf_changed":false,"footnotes":""},"categories":[],"tags":[],"docenti_teaching_area":[],"docenti_research_area":[],"tematiche":[],"lingue":[],"lunghezza_corsi":[],"class_list":["post-45","page","type-page","status-publish","hentry"],"acf":[],"aioseo_notices":[],"_links":{"self":[{"href":"https:\/\/businessschool.luiss.it\/innovare-le-pmi-strategie-organizzazione-crescita\/wp-json\/wp\/v2\/pages\/45","targetHints":{"allow":["GET"]}}],"collection":[{"href":"https:\/\/businessschool.luiss.it\/innovare-le-pmi-strategie-organizzazione-crescita\/wp-json\/wp\/v2\/pages"}],"about":[{"href":"https:\/\/businessschool.luiss.it\/innovare-le-pmi-strategie-organizzazione-crescita\/wp-json\/wp\/v2\/types\/page"}],"author":[{"embeddable":true,"href":"https:\/\/businessschool.luiss.it\/innovare-le-pmi-strategie-organizzazione-crescita\/wp-json\/wp\/v2\/users\/5"}],"replies":[{"embeddable":true,"href":"https:\/\/businessschool.luiss.it\/innovare-le-pmi-strategie-organizzazione-crescita\/wp-json\/wp\/v2\/comments?post=45"}],"version-history":[{"count":2,"href":"https:\/\/businessschool.luiss.it\/innovare-le-pmi-strategie-organizzazione-crescita\/wp-json\/wp\/v2\/pages\/45\/revisions"}],"predecessor-version":[{"id":71,"href":"https:\/\/businessschool.luiss.it\/innovare-le-pmi-strategie-organizzazione-crescita\/wp-json\/wp\/v2\/pages\/45\/revisions\/71"}],"wp:attachment":[{"href":"https:\/\/businessschool.luiss.it\/innovare-le-pmi-strategie-organizzazione-crescita\/wp-json\/wp\/v2\/media?parent=45"}],"wp:term":[{"taxonomy":"category","embeddable":true,"href":"https:\/\/businessschool.luiss.it\/innovare-le-pmi-strategie-organizzazione-crescita\/wp-json\/wp\/v2\/categories?post=45"},{"taxonomy":"post_tag","embeddable":true,"href":"https:\/\/businessschool.luiss.it\/innovare-le-pmi-strategie-organizzazione-crescita\/wp-json\/wp\/v2\/tags?post=45"},{"taxonomy":"docenti_teaching_area","embeddable":true,"href":"https:\/\/businessschool.luiss.it\/innovare-le-pmi-strategie-organizzazione-crescita\/wp-json\/wp\/v2\/docenti_teaching_area?post=45"},{"taxonomy":"docenti_research_area","embeddable":true,"href":"https:\/\/businessschool.luiss.it\/innovare-le-pmi-strategie-organizzazione-crescita\/wp-json\/wp\/v2\/docenti_research_area?post=45"},{"taxonomy":"tematiche","embeddable":true,"href":"https:\/\/businessschool.luiss.it\/innovare-le-pmi-strategie-organizzazione-crescita\/wp-json\/wp\/v2\/tematiche?post=45"},{"taxonomy":"lingue","embeddable":true,"href":"https:\/\/businessschool.luiss.it\/innovare-le-pmi-strategie-organizzazione-crescita\/wp-json\/wp\/v2\/lingue?post=45"},{"taxonomy":"lunghezza_corsi","embeddable":true,"href":"https:\/\/businessschool.luiss.it\/innovare-le-pmi-strategie-organizzazione-crescita\/wp-json\/wp\/v2\/lunghezza_corsi?post=45"}],"curies":[{"name":"wp","href":"https:\/\/api.w.org\/{rel}","templated":true}]}}