{"id":62,"date":"2025-02-20T09:49:33","date_gmt":"2025-02-20T08:49:33","guid":{"rendered":"https:\/\/businessschool.luiss.it\/intensive-programme-deibydei\/?page_id=62"},"modified":"2025-02-28T15:14:43","modified_gmt":"2025-02-28T14:14:43","slug":"overview","status":"publish","type":"page","link":"https:\/\/businessschool.luiss.it\/intensive-programme-deibydei\/","title":{"rendered":"Overview"},"content":{"rendered":"\n<p>L\u2019 Intensive Programme in DEIbyDEI \u2013 Programma per diventare esperti DEI \u00e8 progettato per approfondire le strategie di Diversit\u00e0, Equit\u00e0 e Inclusione (DEI) nelle aziende, fornendo competenze per affrontare sfide organizzative complesse. Il corso tratta temi fondamentali come il valore della diversit\u00e0 per il business, il superamento dei bias cognitivi, la progettazione di strumenti di governance inclusiva e la comunicazione rappresentativa. Attraverso un mix di lezioni teoriche e attivit\u00e0 pratiche, i partecipanti impareranno a misurare l\u2019impatto delle iniziative DEI, a coinvolgere il top management e a promuovere un cambiamento culturale sostenibile nelle organizzazioni, favorendo l\u2019integrazione della DEI come parte centrale dell\u2019identit\u00e0 aziendale.<\/p>\n\n\n\n<h3 class=\"wp-block-heading\"><strong>Obiettivi<\/strong><\/h3>\n\n\n\n<p>Il programma \u00e8 progettato per:<\/p>\n\n\n\n<ul class=\"wp-block-list\">\n<li>Acquisire competenze strategiche per guidare il cambiamento culturale affinch\u00e9 la DEI diventi parte integrante dell&#8217;identit\u00e0 aziendale;<\/li>\n\n\n\n<li>Applicare strumenti e strategie per ingaggiare attivamente il Top Management;<\/li>\n\n\n\n<li>Essere parte di un network di Responsabili DEI per facilitare la condivisione di idee, buone pratiche e opportunit\u00e0 collaborative<\/li>\n<\/ul>\n\n\n\n<h3 class=\"wp-block-heading\"><strong>A chi \u00e8 rivolto<\/strong><\/h3>\n\n\n\n<p>Il programma \u00e8 rivolto a Manager, dipendenti e professionisti impegnati nella definizione e implementazione di strategie e iniziative DEI in azienda.<\/p>\n\n\n\n<h3 class=\"wp-block-heading\"><strong>Attestato e CFU<\/strong><\/h3>\n\n\n\n<p>L\u2019 Intensive Programme in DEIbyDEI, Programma per diventare esperti Diversity &amp; Inclusion della Luiss Business School rilascia 4 Crediti Formativi Universitari (CFU). Al termine del corso, concluse in maniera conforme tutte le attivit\u00e0 previste, verr\u00e0 rilasciato un attestato e assegnati i CFU.<\/p>\n","protected":false},"excerpt":{"rendered":"<p>L\u2019 Intensive Programme in DEIbyDEI \u2013 Programma per diventare esperti DEI \u00e8 progettato per approfondire le strategie di Diversit\u00e0, Equit\u00e0 [&hellip;]<\/p>\n","protected":false},"author":5,"featured_media":0,"parent":0,"menu_order":0,"comment_status":"closed","ping_status":"closed","template":"","meta":{"_acf_changed":false,"footnotes":""},"categories":[],"tags":[],"docenti_teaching_area":[],"docenti_research_area":[],"tematiche":[],"lingue":[],"lunghezza_corsi":[],"class_list":["post-62","page","type-page","status-publish","hentry"],"acf":[],"aioseo_notices":[],"_links":{"self":[{"href":"https:\/\/businessschool.luiss.it\/intensive-programme-deibydei\/wp-json\/wp\/v2\/pages\/62","targetHints":{"allow":["GET"]}}],"collection":[{"href":"https:\/\/businessschool.luiss.it\/intensive-programme-deibydei\/wp-json\/wp\/v2\/pages"}],"about":[{"href":"https:\/\/businessschool.luiss.it\/intensive-programme-deibydei\/wp-json\/wp\/v2\/types\/page"}],"author":[{"embeddable":true,"href":"https:\/\/businessschool.luiss.it\/intensive-programme-deibydei\/wp-json\/wp\/v2\/users\/5"}],"replies":[{"embeddable":true,"href":"https:\/\/businessschool.luiss.it\/intensive-programme-deibydei\/wp-json\/wp\/v2\/comments?post=62"}],"version-history":[{"count":4,"href":"https:\/\/businessschool.luiss.it\/intensive-programme-deibydei\/wp-json\/wp\/v2\/pages\/62\/revisions"}],"predecessor-version":[{"id":99,"href":"https:\/\/businessschool.luiss.it\/intensive-programme-deibydei\/wp-json\/wp\/v2\/pages\/62\/revisions\/99"}],"wp:attachment":[{"href":"https:\/\/businessschool.luiss.it\/intensive-programme-deibydei\/wp-json\/wp\/v2\/media?parent=62"}],"wp:term":[{"taxonomy":"category","embeddable":true,"href":"https:\/\/businessschool.luiss.it\/intensive-programme-deibydei\/wp-json\/wp\/v2\/categories?post=62"},{"taxonomy":"post_tag","embeddable":true,"href":"https:\/\/businessschool.luiss.it\/intensive-programme-deibydei\/wp-json\/wp\/v2\/tags?post=62"},{"taxonomy":"docenti_teaching_area","embeddable":true,"href":"https:\/\/businessschool.luiss.it\/intensive-programme-deibydei\/wp-json\/wp\/v2\/docenti_teaching_area?post=62"},{"taxonomy":"docenti_research_area","embeddable":true,"href":"https:\/\/businessschool.luiss.it\/intensive-programme-deibydei\/wp-json\/wp\/v2\/docenti_research_area?post=62"},{"taxonomy":"tematiche","embeddable":true,"href":"https:\/\/businessschool.luiss.it\/intensive-programme-deibydei\/wp-json\/wp\/v2\/tematiche?post=62"},{"taxonomy":"lingue","embeddable":true,"href":"https:\/\/businessschool.luiss.it\/intensive-programme-deibydei\/wp-json\/wp\/v2\/lingue?post=62"},{"taxonomy":"lunghezza_corsi","embeddable":true,"href":"https:\/\/businessschool.luiss.it\/intensive-programme-deibydei\/wp-json\/wp\/v2\/lunghezza_corsi?post=62"}],"curies":[{"name":"wp","href":"https:\/\/api.w.org\/{rel}","templated":true}]}}