{"id":1164,"date":"2022-03-08T14:36:18","date_gmt":"2022-03-08T14:36:18","guid":{"rendered":"https:\/\/businessschool.luiss.it\/international-experience\/?page_id=1164"},"modified":"2022-03-29T15:55:14","modified_gmt":"2022-03-29T15:55:14","slug":"overview","status":"publish","type":"page","link":"https:\/\/businessschool.luiss.it\/international-experience\/","title":{"rendered":"Overview"},"content":{"rendered":"\n<p>L\u2019<strong>Esperienza Internazionale <\/strong>\u00e8 offerta attraverso numerose attivit\u00e0 che permetteranno agli studenti di guardare e <strong>agire attraverso una prospettiva globale<\/strong>.<\/p>\n\n\n\n<p>Le opportunit\u00e0 internazionali contribuiscono sia alla crescita personale e professionale dello studente, stimolando le competenze linguistiche e sociali, la condivisione di idee, best practice e competenze, sia allo sviluppo di un network internazionale business-oriented.<\/p>\n\n\n\n<p>Ciascuna opportunit\u00e0 si intende pensata per adattarsi alla tematica fondante del proprio percorso di studio intrapreso presso la Luiss Business School ed \u00e8 articolata in funzione del Master di riferimento.<\/p>\n\n\n\n<p>L\u2019elenco delle opportunit\u00e0, cos\u00ec come delle scuole partner e dei curricula, pu\u00f2 variare di anno in anno. Sar\u00e0 possibile fare riferimento alle informazioni che verranno fornite agli studenti dagli uffici preposti.<\/p>\n","protected":false},"excerpt":{"rendered":"<p>L\u2019Esperienza Internazionale \u00e8 offerta attraverso numerose attivit\u00e0 che permetteranno agli studenti di guardare e agire attraverso una prospettiva globale. Le [&hellip;]<\/p>\n","protected":false},"author":5,"featured_media":0,"parent":0,"menu_order":0,"comment_status":"closed","ping_status":"closed","template":"","meta":{"_acf_changed":false,"footnotes":""},"categories":[],"tags":[],"docenti_teaching_area":[],"docenti_research_area":[],"tematiche":[],"lingue":[],"lunghezza_corsi":[],"class_list":["post-1164","page","type-page","status-publish","hentry"],"acf":[],"aioseo_notices":[],"_links":{"self":[{"href":"https:\/\/businessschool.luiss.it\/international-experience\/wp-json\/wp\/v2\/pages\/1164","targetHints":{"allow":["GET"]}}],"collection":[{"href":"https:\/\/businessschool.luiss.it\/international-experience\/wp-json\/wp\/v2\/pages"}],"about":[{"href":"https:\/\/businessschool.luiss.it\/international-experience\/wp-json\/wp\/v2\/types\/page"}],"author":[{"embeddable":true,"href":"https:\/\/businessschool.luiss.it\/international-experience\/wp-json\/wp\/v2\/users\/5"}],"replies":[{"embeddable":true,"href":"https:\/\/businessschool.luiss.it\/international-experience\/wp-json\/wp\/v2\/comments?post=1164"}],"version-history":[{"count":6,"href":"https:\/\/businessschool.luiss.it\/international-experience\/wp-json\/wp\/v2\/pages\/1164\/revisions"}],"predecessor-version":[{"id":1192,"href":"https:\/\/businessschool.luiss.it\/international-experience\/wp-json\/wp\/v2\/pages\/1164\/revisions\/1192"}],"wp:attachment":[{"href":"https:\/\/businessschool.luiss.it\/international-experience\/wp-json\/wp\/v2\/media?parent=1164"}],"wp:term":[{"taxonomy":"category","embeddable":true,"href":"https:\/\/businessschool.luiss.it\/international-experience\/wp-json\/wp\/v2\/categories?post=1164"},{"taxonomy":"post_tag","embeddable":true,"href":"https:\/\/businessschool.luiss.it\/international-experience\/wp-json\/wp\/v2\/tags?post=1164"},{"taxonomy":"docenti_teaching_area","embeddable":true,"href":"https:\/\/businessschool.luiss.it\/international-experience\/wp-json\/wp\/v2\/docenti_teaching_area?post=1164"},{"taxonomy":"docenti_research_area","embeddable":true,"href":"https:\/\/businessschool.luiss.it\/international-experience\/wp-json\/wp\/v2\/docenti_research_area?post=1164"},{"taxonomy":"tematiche","embeddable":true,"href":"https:\/\/businessschool.luiss.it\/international-experience\/wp-json\/wp\/v2\/tematiche?post=1164"},{"taxonomy":"lingue","embeddable":true,"href":"https:\/\/businessschool.luiss.it\/international-experience\/wp-json\/wp\/v2\/lingue?post=1164"},{"taxonomy":"lunghezza_corsi","embeddable":true,"href":"https:\/\/businessschool.luiss.it\/international-experience\/wp-json\/wp\/v2\/lunghezza_corsi?post=1164"}],"curies":[{"name":"wp","href":"https:\/\/api.w.org\/{rel}","templated":true}]}}