{"id":17,"date":"2015-05-06T08:38:19","date_gmt":"2015-05-06T08:38:19","guid":{"rendered":"https:\/\/businessschool.luiss.it\/management-controllo-fondi-comunitari\/?page_id=17"},"modified":"2020-03-22T10:22:21","modified_gmt":"2020-03-22T10:22:21","slug":"career-service","status":"publish","type":"page","link":"https:\/\/businessschool.luiss.it\/management-controllo-fondi-comunitari\/career-service\/","title":{"rendered":"Carriera"},"content":{"rendered":"<p>Il corso intende formare figure professionali qualificate in grado di svolgere attivit\u00e0 di pianificazione e supporto tecnico sia per l\u2019attuazione dei programmi operativi nazionali e regionali, sia per i singoli progetti finanziati con risorse comunitarie dirette e indirette (Fondi strutturali FESR e FSE)<\/p>\n<h3>Career Service<\/h3>\n<p>Il Career Service si pone come alleato degli allievi nella definizione delle strategie di carriera e favorisce l\u2019incontro tra studenti e aziende o istituzioni, sia pubbliche che private, ai fini dell\u2019attivazione del Field Project. Durante tutto il programma il Career Service offre:<\/p>\n<p><strong>Counseling individuale<\/strong>, con focus mirato su preparazione di CV e lettera di presentazione e negoziazione del contratto.<br \/>\n<strong>Ecareer book<\/strong>, che raccoglie tutti i curricula degli studenti in una piattaforma online disponibile ad aziende e istituzioni per la ricerca di figure professionali.<br \/>\n<strong>Presentazioni aziendali<\/strong>, in occasioni di conferenze, testimonianze e altri meeting per conoscere le aziende e i settori in cui operano.<br \/>\n<strong>Simulazione di colloqui di lavoro<\/strong>, organizzate per acquisire familiarit\u00e0 con i colloqui e consapevolezza delle proprie potenzialit\u00e0.<br \/>\n<strong>Field Project<\/strong>, che rappresenta un\u2019opportunit\u00e0 per gli studenti per mettere in pratica le competenze acquisite durante il corso ed \u00e8 parte essenziale del programma formativo. Il Field Project pu\u00f2 assumere diverse forme:<\/p>\n<ul>\n<li>Project work in azienda: gli allievi vengono seguiti da un tutor aziendale nello svolgimento di task relativi a specifici ambiti di business.<\/li>\n<li>Progetto imprenditoriale: sviluppo delle loro idee di business con la creazione di un business plan.<\/li>\n<li>Progetto di ricerca: sviluppo di un progetto di ricerca su argomenti concordati con i docenti.<\/li>\n<\/ul>\n","protected":false},"excerpt":{"rendered":"<p>Il corso intende formare figure professionali qualificate in grado di svolgere attivit\u00e0 di pianificazione e supporto tecnico sia per l\u2019attuazione [&hellip;]<\/p>\n","protected":false},"author":1,"featured_media":0,"parent":0,"menu_order":0,"comment_status":"open","ping_status":"closed","template":"page-default.php","meta":{"_acf_changed":false,"footnotes":""},"categories":[],"tags":[],"docenti_teaching_area":[],"docenti_research_area":[],"tematiche":[],"lingue":[],"lunghezza_corsi":[],"class_list":["post-17","page","type-page","status-publish","hentry"],"acf":[],"aioseo_notices":[],"_links":{"self":[{"href":"https:\/\/businessschool.luiss.it\/management-controllo-fondi-comunitari\/wp-json\/wp\/v2\/pages\/17","targetHints":{"allow":["GET"]}}],"collection":[{"href":"https:\/\/businessschool.luiss.it\/management-controllo-fondi-comunitari\/wp-json\/wp\/v2\/pages"}],"about":[{"href":"https:\/\/businessschool.luiss.it\/management-controllo-fondi-comunitari\/wp-json\/wp\/v2\/types\/page"}],"author":[{"embeddable":true,"href":"https:\/\/businessschool.luiss.it\/management-controllo-fondi-comunitari\/wp-json\/wp\/v2\/users\/1"}],"replies":[{"embeddable":true,"href":"https:\/\/businessschool.luiss.it\/management-controllo-fondi-comunitari\/wp-json\/wp\/v2\/comments?post=17"}],"version-history":[{"count":3,"href":"https:\/\/businessschool.luiss.it\/management-controllo-fondi-comunitari\/wp-json\/wp\/v2\/pages\/17\/revisions"}],"predecessor-version":[{"id":329,"href":"https:\/\/businessschool.luiss.it\/management-controllo-fondi-comunitari\/wp-json\/wp\/v2\/pages\/17\/revisions\/329"}],"wp:attachment":[{"href":"https:\/\/businessschool.luiss.it\/management-controllo-fondi-comunitari\/wp-json\/wp\/v2\/media?parent=17"}],"wp:term":[{"taxonomy":"category","embeddable":true,"href":"https:\/\/businessschool.luiss.it\/management-controllo-fondi-comunitari\/wp-json\/wp\/v2\/categories?post=17"},{"taxonomy":"post_tag","embeddable":true,"href":"https:\/\/businessschool.luiss.it\/management-controllo-fondi-comunitari\/wp-json\/wp\/v2\/tags?post=17"},{"taxonomy":"docenti_teaching_area","embeddable":true,"href":"https:\/\/businessschool.luiss.it\/management-controllo-fondi-comunitari\/wp-json\/wp\/v2\/docenti_teaching_area?post=17"},{"taxonomy":"docenti_research_area","embeddable":true,"href":"https:\/\/businessschool.luiss.it\/management-controllo-fondi-comunitari\/wp-json\/wp\/v2\/docenti_research_area?post=17"},{"taxonomy":"tematiche","embeddable":true,"href":"https:\/\/businessschool.luiss.it\/management-controllo-fondi-comunitari\/wp-json\/wp\/v2\/tematiche?post=17"},{"taxonomy":"lingue","embeddable":true,"href":"https:\/\/businessschool.luiss.it\/management-controllo-fondi-comunitari\/wp-json\/wp\/v2\/lingue?post=17"},{"taxonomy":"lunghezza_corsi","embeddable":true,"href":"https:\/\/businessschool.luiss.it\/management-controllo-fondi-comunitari\/wp-json\/wp\/v2\/lunghezza_corsi?post=17"}],"curies":[{"name":"wp","href":"https:\/\/api.w.org\/{rel}","templated":true}]}}