{"id":376,"date":"2020-12-11T11:01:05","date_gmt":"2020-12-11T11:01:05","guid":{"rendered":"https:\/\/businessschool.luiss.it\/management-controllo-fondi-comunitari\/?page_id=376"},"modified":"2024-07-09T15:29:14","modified_gmt":"2024-07-09T15:29:14","slug":"corporate-partner","status":"publish","type":"page","link":"https:\/\/businessschool.luiss.it\/management-controllo-fondi-comunitari\/corporate-partner\/","title":{"rendered":"Corporate Partner"},"content":{"rendered":"\n<figure class=\"wp-block-image\"><img decoding=\"async\" src=\"data:image\/jpeg;base64,\/9j\/4AAQSkZJRgABAQEASABIAAD\/2wBDAAMCAgMCAgMDAwMEAwMEBQgFBQQEBQoHBwYIDAoMDAsKCwsNDhIQDQ4RDgsLEBYQERMUFRUVDA8XGBYUGBIUFRT\/2wBDAQMEBAUEBQkFBQkUDQsNFBQUFBQUFBQUFBQUFBQUFBQUFBQUFBQUFBQUFBQUFBQUFBQUFBQUFBQUFBQUFBQUFBT\/wAARCAEsASwDASIAAhEBAxEB\/8QAHwAAAQUBAQEBAQEAAAAAAAAAAAECAwQFBgcICQoL\/8QAtRAAAgEDAwIEAwUFBAQAAAF9AQIDAAQRBRIhMUEGE1FhByJxFDKBkaEII0KxwRVS0fAkM2JyggkKFhcYGRolJicoKSo0NTY3ODk6Q0RFRkdISUpTVFVWV1hZWmNkZWZnaGlqc3R1dnd4eXqDhIWGh4iJipKTlJWWl5iZmqKjpKWmp6ipqrKztLW2t7i5usLDxMXGx8jJytLT1NXW19jZ2uHi4+Tl5ufo6erx8vP09fb3+Pn6\/8QAHwEAAwEBAQEBAQEBAQAAAAAAAAECAwQFBgcICQoL\/8QAtREAAgECBAQDBAcFBAQAAQJ3AAECAxEEBSExBhJBUQdhcRMiMoEIFEKRobHBCSMzUvAVYnLRChYkNOEl8RcYGRomJygpKjU2Nzg5OkNERUZHSElKU1RVVldYWVpjZGVmZ2hpanN0dXZ3eHl6goOEhYaHiImKkpOUlZaXmJmaoqOkpaanqKmqsrO0tba3uLm6wsPExcbHyMnK0tPU1dbX2Nna4uPk5ebn6Onq8vP09fb3+Pn6\/9oADAMBAAIRAxEAPwD9U6KKKACiiigAooooAKKKKACiiigAooooAKKKKACiiigAooooAKKKKACiiigAooooAKKKKACiiigAooooAKKKKACiiigAooooAKKKKACiiigAooooAKKKKACiiigAooooAKKKKACiiigAooooAKKKKACiiigAooooAKKKKACiiigAooooAKKKKACiiigAooooAKKKKACiiigAooooAKKKKACiiigAooooAKKKKACiiigAooooAKKKKACiiigAooooAKKKKACiiigAooooAKKKKACiiigAooooAKKKKACiiigAooooAKKKKACiiigAooooAKKKKACiiigAooooAKKKKACiiigAooooAKKKKACiiigAooooAKKKKACiiigAooooAKKKKACiiigAooooAKKKKACiiigAooooAKKKKACiiigAooooAKKKKACiiigAooooAKKKKACiiigAooooAKKKKACiiigAooooAKKKKACiiigAooooAKKKKACiiigAooooAKKKKACiiigAooooAKKKKACiiigAooooAKKKKACiiigAooooAKKKKACiiigAooooAKKKKACiiigAooooAKKKKACiiigAooooAKKKKACiiigAooooAKKKKACiiigAooooAKKKKACiiigAooooAKKKKACiiigAooooAKKKKACiiigAooooAKKKKACiiigAooooAKKKKACiivkb9rj\/AIKDaT+yd4+0zwxqPg6+8QPe6auordW97FCqAyMm0hxnIKg59\/Y0AfXNFfmp\/wAPsPCv\/RM9V\/8ABvb\/AOFOj\/4LXeFN43\/DTVgvfbqtuT+VAH6U0V8KeAP+Cv3wc8UXYt9f03xD4PBIX7TeWy3NuM998LMQB3JAAr7G8CfETwz8UPDsGueE9dsPEGkTfcu9PnWVM9CDg\/KR6HBFAHS0UUUAFFFFABRRSGgBaK+DP2hP+CqGl\/AP4yeJ\/ANz8P7zVpdDmiia+j1OOFZfMhSUEKy5GA+MZ7Z9KpfBP\/grFpnxn+K\/hXwVb\/Du706TXL9LEXj6rFIsJYMdxVVy3C9OPrQB+gFFFFABRRRQAUUV5H+1J8fIP2Z\/g7qnj650eTXYbGe3hazinELN5sqxghiCBgtnpQB65RX5kn\/gthooYqfhdfAg4x\/bUPX\/AL5r7T\/ZV\/aFi\/ae+EsHjiDRJPD8Ut7cWYs5bhZ2HlNtLFgAOT2A49TQB7HRXO+MPiB4Z+H9gt94m8Qab4ftG3bZtSu0gVsDJwWIzgdcdK8E8Zf8FI\/2efBufN+IVrq8nOI9Ft5b0nAJPMakAYHUkD3oA+naK5\/wH4y0\/wCIngzQ\/FGk+d\/ZmsWUV\/bfaIzHJ5ciBl3KeVOCMg9K6CgAorzPx\/8AtJfCz4WXktn4s8f+H9BvYzh7W7vkWZTjIBjB3Zwc9K8z8O\/8FEPgj4y+IejeC\/DniW417W9Wu0srf7Dp83kb2zjMrKFAwpPBJ4oA+mKKKKACiiigAooooAKKKKACiiigAr8a\/wDgtF\/yXzwv\/wBiyv8A6VPX7KV+Nf8AwWi\/5L54X\/7Flf8A0qegD87FUscAZNd03wR8epai5bwX4lS3KbxM2i3ITGMg7tmMEd64yz\/1kn\/XJ\/8A0E1\/UD4B+bwL4dB5\/wCJbbf+iloA\/l\/mtprKY7so6MVyMghh1HqCPQ4Nesfs4\/tMeM\/2b\/Htv4i8L6jJHuYLeabJIRa6hHkExzL0J9JPvKTnJGRX6k\/8FRf2Q\/DXjH4Rax8T9D0q207xZ4djF1fS2sYj+32YIEgkAGGdAd6sRnggnBr8WZo\/JkZM7gDww6EdiPagD+mP4E\/GTQ\/j98LdB8ceH2cWOpw7nt5CDJazA4khkwfvIwKn16jg16DX5Z\/8EV\/iddTN4+8CXEm60EcGuWis5JVyTDPgHgAlUPHrX3L+1N+094a\/ZY+HMniXXFa+v7hzb6ZpELhJbyfGcZPCoo+ZnPAHqSAQD2bIoz7V\/P58aP8Agot8avjBqd4z+L7zw1pMhIi0vw25s4ol3HGZAPMc4IBYkdOAK8hX44fEqJvPXxn4piYc+bHrd2rj3z5n64oA\/phyKG6V+Ff7Pf8AwVC+Lfwp16xg8Q6xL478NF1S40\/WmVrgR8gmG5ADB+QcPuBxgkZyP2g+EXxY8O\/G74e6R4y8LXgvdG1KLfGx4eNgcPG4\/hdWBVh2IoA\/Cv8A4KTf8no\/Fb\/r+sv\/AEhirE\/YF\/5O4+Fn\/Yfg\/wDQJK2\/+Ck3\/J6PxW\/6\/rL\/ANIYqxP2Bf8Ak7j4Wf8AYfg\/9AkoA\/okpCcVQ1vWrHw3o95quqXcVhptlC9xc3Vw4WOKNVJZmJ6AAZr8ff2p\/wDgrR4x8Ya1e6R8KJ28JeGI5CkWrGENqN8oI\/eDcCIEbnAwXwQSQTigD9kc+1GRX80epftDfE3Xb6a7uvHXim9nkYszS61dHH0CuAB7AV3Pwr\/bq+NHwk1CGfSfH2r3dur73sdanbULaQY+6yyEsB7qwIoA\/okrxH9sT4C6h+0t8CNZ8BaZqdrpF1f3FrMLu8jd41EUySEELychccVw37En7c+g\/tZ6Hc2FzbR6B4702MS3mkiQtHcRE4FxbseWTPDKeUPB4IJf\/wAFJvHXiD4b\/sl+Jte8MazeaFrFvd2Cx3lhKY5VVrqNWAYdMgkUAfF7f8EUfGbSFz8QPDW4nP8Ax5XXX\/vuvv79jT9n3U\/2ZfgrbeCNW1W01m7i1C6vDdWMbpGVlfcFwxzkfjX4iyftqfGxZ2j\/AOFn+Kjhiv8AyEvfH9yv1r\/4J\/8AxC8TePf2MrzxB4i16\/1rWxdaqo1C+mLzAIWCAN7Y4x0oA8Q\/4LYY\/wCES+FzbFYi81DG5Qf+WKHuPoa\/Ji3uppGZXldl8t\/lLHH3T2rt\/iZ8c\/HnxWtdPtvF\/i3VvEkdkpeAajdGURM6gMVGBgkcck8V56shXoccEfmMGgD+lD9lXj9mn4Xf9i1Yf+iEr1RuVNfzheHv2u\/i9oGjWWkab8RvEtjp9lbCC3t4NQ2xxRouFVRt4AAxjNfpj+0L8XPGmh\/8Ezvhj4w0\/wAUapY+Kb6HRmutYguClzMZUzIWfvuJyc9aAPgP\/go5M8X7aXxTKHYwvrXDAAMM2UOcHr29axv2EZZJ\/wBrH4XF3aRv+EhtupJP3Za8X8ZeMtY8f+JL\/X9f1K61bV751e5vLyXzJZWChQWbHJCgD6Co\/C3irVfBmvWWs6NfXGm6nZSrPb3Vq+ySJxkBlbBwRk8+9AH9RoNOr8If2W\/2sPi74y\/aG+HWlar8RvE17pt3r9pBc2txqBeOaNnOVYYGQcYI7iv3F8VeKNL8E+G9T1\/XL6HTdH02B7q7u522pFGgJZifYD8elAGxRnPavxa\/ah\/4KueP\/HniC80z4b3cngnwnG22GaBFOo3a8jfJIwIiBBBCKCQOpzwPka4+PPxM1i4kuZfG3im7kZizSS61dMck5wMSAD6AUAf0vZFLX87\/AMLf27vjX8I9Qhk0zx7rF3DE5Z7DXJjqFvIP7jLJ8wHurAjtX7E\/sVftoaJ+1t4RuW+ypovi\/S1T+0tKD70ZG4WeEnlo2IIwQCpBB7EgH0vRRRQAUUUUAFfjX\/wWi\/5L54X\/AOxZX\/0qev2Ur8a\/+C0X\/JfPC\/8A2LK\/+lT0AfnnZ\/6yT\/rk\/wD6Ca\/qB+H\/APyIvhz\/ALBtt\/6KWv5frP8A1kn\/AFyf\/wBBNf1A\/D\/\/AJEXw5\/2Dbb\/ANFLQBz3x\/sbbVPgb8QbS8Cm2l0C+WQN0I8h+tfzPXn+uX\/rnH\/6Atf0H\/8ABQb4rWXwr\/ZT8cTzXSwalrVm2iabHuUPLPOCnygnnapZj6BSa\/nwumDTttOUHyqfUAYB\/IUAfd\/\/AARvuJ1\/amv4kY+U\/hW7Lr2JFzBjP5mub\/4Kr\/Fu8+IX7UetaKZpP7K8Kwx6PaREgpvKrLcOPcsyKfZAK9o\/4Iq+CJrjx1488VyW7C2sdLt9NjuMfK0k0rSsoPqFVM\/UV8a\/tpPcSftO\/E83OfN\/4SW+69cBlA\/TFAHLfs\/fDS0+L3xf8KeEb\/VotDs9Wv1gn1CV1QW8IVnkcFuAwVSFzxkiv2Zvv2Lf2TLzwO\/hyKw8M2r+T5aavFq6f2grDpL5xkyWzyc8HoRivwx0XSb\/AFjUI7XTrWa8uXzthhgaZmwMn5FDE4HPQ4rpv+FZ+NP+hY1L\/wAEs3\/xmgCD4teBl+G\/xF8R+G0vYdRTStRnslvLdlZJ1jbCyLgkYZSrccZJA6V+lv8AwRX+JN9dRfEHwRcSl7CNLfWrRGcnY7FoZsDoASiHA71+ab\/CnxjI2T4b1j8NLuQB9AI+K\/QP\/gjx4V1nw58aPF39p6VqGno3hzaJLqzlhRmF0DgF1AJwQeP8aAPmn\/gpN\/yej8Vv+v6y\/wDSGKsT9gb\/AJO3+Ff\/AGH4P\/QJK2\/+Ck3\/ACej8Vv+v6y\/9IYqxP2Bv+Tt\/hX\/ANh+D\/0CSgD9Kf8AgsB8XbnwX8CdG8HWNyYJfFd+wuwsjIz2luvmOmQc4Z\/LU9iCQetfiyubq4y7csSXbGcDqTgfia\/Tv\/gtxu\/4Sz4WZ+5\/Z2peX\/vebb7sf8Br8x9Px5zZ\/wCeUv8A6LagD9af2O\/+CXfw48Y\/Avw94r+JNvqWq614gtk1GG0t72S1jsoXG6NcJgtIVILFs4JwAAK+If28P2WYv2WfjNPoOnXNzfeHtQtV1PTLm7wZBEzlHicj7zI4xnHIIzzX7x\/B\/wAgfCfwWLbb5H9i2Wzb02+QmMV+YX\/BbLyv+E7+Gm3Hm\/2PfbvXb50W3PtnNAHw1+zP8Yb\/AOBfxl8K+MbK5NuNMv43uRk7ZbV2EdxGQDyGjYnnIBUHHFfsZ\/wVTuI739h3xVcRNvhlutNdG9QbqIg\/ka\/Cax\/1z5\/55Sf+gNX7b\/8ABQzzj\/wTbY3OfPNpofmZ67vNgzn8aAPxGm\/4\/pP+uh\/nX7mf8EsdOTVv2K47GVmWK51TVIHZeoDSEEj3wa\/DOb\/j+k\/66H+dfuv\/AMEmf+TP7D\/sN6j\/AOjqAPhH\/gol+xN4I\/ZU8OeCbnwtqWt38uqzXUM\/9qzpIFEUSspUKq4JJ57Y6Yr4Ut4xIxB7KzfkpI\/lX64f8Fsv+RR+F\/8A1+aj\/wCiEr8kbP8A1jf9c3\/9AagD9efgn\/wSn+FPxE+DvgvxNqGt+KYr7WNGtb24jt71FjV5IlYhRsOACemTxX1d4+\/Y\/wDCPxB\/Z38O\/B2\/1DVrfw1oa2i29zbzIt0wtl2x7mKkcjqQB7YrpP2VP+TaPhd\/2LVh\/wCiEr1VulAH8337Xnwn0j4IftEeN\/BOhXF3c6Vo91BDby3zh5mV7dJDuIABILnsOKz\/ANmL4a6Z8Xvjl4L8JavNcW+naxqsNlPJaMFlVHVySpIIB+Uc4r0T\/gpD\/wAnpfFX\/r\/tf\/SOKsf9g3\/k6\/4Xf9jDbf8AoMtAH6qfD3\/glb8Lfht478P+K9M1vxTLqGi30V\/bx3N5G8bPG2QGGzJB9iDXn3\/BZD4wT+FfhV4V8B2c7RN4ku5Ly9UA4ktrYKQhI7NK8fHcDFfokvSvyM\/4LZNJ\/wALF+HoI\/dDQ7kr\/vfaY8\/0oA\/NKJTcTHc2eGdiTycAk8+px+dfs7+yv+xj+zt4W+Dvh+48cr4V8VeLdUsYrvUJtU1KORbd5E3eTEu8BQobbnGSQSTmvxdXO7I4I79MV2ifDXxkyKV8M6kykAg\/2NMc56c+TzQB7z\/wUL\/Z78F\/Ar4uWw+H+q2t74W1my+3W9rb3q3JspFfZJDuBJ28qy5JIBI6AVk\/8E7\/AIk3Pw0\/aw8BXcU5httSvhot4MDEsNyCoU+wkWNh7ivGpfhZ4ymxu8NaqAOy6RcL+eIhXf8A7Pfw08U6f8dPhtNP4c1aOGPxTpcryNp1wqoq3KEsxMeAAO56daAP6NFpaav9aXNAC0UUUAFfjX\/wWi\/5L54X\/wCxZX\/0qev2Ur8lv+CuHwo8aePvjl4aufDfg\/X\/ABBaJ4dWKS50rTZblEcXLnaSikA45xnODnGKAPzFgk8licZyrL+Yx\/Wv0s0z\/gtH4h0fw7Y6ba\/DDSUe1to7dLibW3cfIoUMUWIHtnANfD\/\/AAzH8V\/+iZ+M\/wDwQXH\/AMTU9n+yt8XL+4EMPwy8Ylz03aHOo\/MgD9aANH9pH9q7x7+094ii1PxfqiSW9qGWz02zQxWlorcERpkksQOXYkkccDg+WeHPD994n1qz03TrSa+vLqZIIba3UtJNIxwqKB1ZjwB+J4BNfUvwz\/4JffHj4gX0aXXhL\/hFrElS194huUgUAnnESF5GIHOMDPrX6cfsh\/8ABPHwT+zDJFrt1L\/wlnjnbgatcQhIbPIwy20XOzPdySxz1xxQB2f7EH7N4\/Zm+A2leHbtIv8AhJb5zqetSxcqbqQDKA4GQihUB77c96\/Kb\/gqh8JL34eftSa\/qzQv\/ZXihI9Zs5duELFViuEB7sHRWI7Bwa\/duvF\/2pv2X\/DH7VHw5fw3rpeyv7dzcaZq0KhpbKYjBIB4ZGHDIeCPQgEAH4E\/s9fGO\/8AgL8XvC\/jnToUubjR7sTG3lcqk8TKUliJBGNyMQCcgHBxgGv258A\/8FJP2f8Axx4fgv7jxvb+GLpkBm03XInt54W2glTwVbGcZUkHsa\/J344\/8E8PjL8F9SuvN8JXniPRo2\/dat4cia9hkUsQCYx+8jOMEhgQM9TjNeJ\/8Kx8bWjeSNC1yEg\/6v8As26Ug\/Ty6AP23+IP\/BUf4AeCLOdrDxJceLbyONnS00OyeTeQOhkYKgz6k19NeA\/GGn\/EDwToXifS2DadrFhDf27ZB\/dyIHUZHBwDX87Pgr9mb4t\/ELV4LbRvAXijVZgQ4ZtNlji4PQyTbVH4mv3b\/Y18B+MPhh+zb4J8J+Obe2tvEOkWhtXitpxMqxB2MSlgMbghUEDIBGAT1oA\/GP8A4KTf8no\/Fb\/r+sv\/AEhirE\/YG\/5O3+Ff\/Yfg\/wDQJK9V\/wCCgHwM+Ifi79r74l6no3gLxRq2mXV3aPBfafo888MoFnEp2uq4bBBHBOCCDWP+xP8AAf4j+Ff2pPhlqGreAPFOm6fb65FJPeXmjTxQwqEcFmcrhRyOTge\/SgD7v\/4K+\/CC58bfAnR\/GNjbGebwnfM12yIzMlncL5Uj4AzhX8tj2ABJ4Ga\/FZM2tzh15UlXXOMjoRke2RX9SOs6NY+ItJvNL1O0ivtOvIXt7i2nUMksbAhlYHqCDivx0\/aw\/wCCUfjLwHrV7rXwstZvF\/hKRzJFpqODqOnpjPlkMR56LjCsCHAwCDjJAPef2Mf+Cmnww8P\/AAJ8PeFfiPrFz4e1\/wAOWa2Czy2stxHfQRACN1ZA3z7doKnByCRkGvhj9v39qS0\/ai+Nk2taNFcW\/hnTbRNM0uO7UJJJGrF5JmXGVLueFJJCqMgE4rxm6+D\/AI60e4eC58LeINPnHDRXGlXUbj2I8uuw+Gn7IPxb+LGrR2fh\/wABa9c7mXdc3Nm1nboCcFjNMFAA68An2NAHPfs+\/Cq++NHxa8L+DbGBppNZv4rWTaSNkIYPPJkdAsasT9R61+zH\/BVCzj0\/9hnxRbQjbDDc6ZGi+gF1EB+gqz+wj+wXp37K+kvr2vT2us\/EG+txDPc26kwWERwWhgLDJyQN0hALYAAAAFaX\/BTjwvrPjL9kDxVpOg6Tf63qc15p5jstNtnuJnAuoyxCICSAAScDgDJ4oA\/Aub\/j+k\/66H+dfuv\/AMEmf+TP7D\/sN6j\/AOjq\/HaT9mf4rtcM\/wDwrPxn98tj+wLj1\/3a\/Zv\/AIJf+Fda8G\/sqWGm6\/o+oaFqK6vfyNZanbPbzKrS5DFGAOCO\/Q0AeGf8FrtPlk8A\/DW9C\/uI9RvYWPozW+QPxCGvyIt5BFICc7SCpx1wQQcfga\/os\/bK\/Zvh\/ah+Ceo+FElhtdbt5k1DSLq4GUiu4wdobgkKwZkJHIDE1+FPxH\/Zb+KHwv1+50rX\/A+uWEsTcSrYyXFu4yQCk0YZWHHXIOOoHSgD9JP2bf8Agqd8LfA\/wC8JeH\/E9jr0HiDQtNh06WKxsfPiuPKQKJEcMAAwGSDgg5FfZP7Mv7RGnftO\/DeXxlpGkXmi2H9oXFhHb30itM3lYBZgpwMk9ATj1r+fTRfgV4\/8RXkVrpfgzxFqNxIwRY7XSLhzknAySgAHuSAO9fuJ\/wAE4vhP4s+Dv7N8Gh+MtFl0DV5dWvL0WM7o0ixSMChYKzBSQPu5yO9AH5T\/APBTTRbnSP2zfiRJOm1LyeyuYj6o1pGAfzRhXjnwB+KK\/Bn4u+EvGL2bX8ejapb3z2yuFaVFLBlBPAJVzgnjIGeDX6qf8FO\/2G\/EXx0utO+IvgGx\/tXxFZWgsNT0dGCzXUCsWimh3MFLoWcFTgsrcHKgH8nNU+C3jjRbuS1v\/CWv2M8bFWiutIuUcEHHTYf0NAH7A+Jv+Cwnwd0nRftWlaN4p1m+KbvsX2FbcKcZIaR2wAO5GfYGuH\/4K9fDK48ffBnwH8TrO1fGkMYL4BsiG3u0QozeoWVUBPbdmvzf+Hv7KvxZ+I1+9p4c+H3iLUJWjIEjWDW0AJ45lm2KPzr+hpvBGn+JvhrH4U8SafDqGnXWmJYX9jMA6SKYgrqfX6j6igD+YuNjbzHepH3kZT1wQQfxFftF+yT\/AMFQvhr4k+G+h6J8StXTwh4t061W0murqN2s75Y1VRMkighSwwSjYIOcZHNfK\/7U3\/BKTx94A1y71X4bWcvjXwpIxeK3gZf7Rs15Ox42IEoGAA6HJHUE8n45vPg7490G5eK58KeItNnUlWjuNJuY3BH0T+tAH7p+KP8Ago1+zt4Xs2uH+I1jqZ4Ah0qCW5kY9AAEU\/rxXYfsx\/tReFv2qfDeva54Vs9QsbPSdTbTWTU4ljlkwiOsoUE4Vg\/AJzxyAeK\/AXS\/gx8R\/EUyW1h4T8T6lJIwVY7bSrl8545ygAHuTiv1g\/4JU\/s+\/Fb4GWfjSXxzoknh\/RNajtXs7O7mQ3HnRBlZzGpO0FGUfMc5XoM0Ae\/ftEfGzVPCWpReHdBlFndtCJrq8wGZFYnaiZ4BOCSecDGK8h8I\/tAeMPC+qR3N1q0+sWQbM9peEMHXvtbAKnHQ9M9RXoX7T\/wv1W78QL4p021lv7WSFYbqOFCzwsudrYHJUg4JHQivFvCvw\/13xtqkenabp07PIdrzSRMscKngsxIwAPTqegr8QzjEZtHNZKDkrP3Ur2aPCrSrKs0m\/I+\/dJ1GHV9NtL6A5huIlmQnqVYZH6Grm2s\/QNJTQ9D0\/TkbetpbxwKx7hVAz+laORX7TR5+SPPvZX9T3Fe2otJtFLRWwxNoo2ilooATaKWiigAooooATaKTYOpAJ+lOooATaKWiigBNoo2ilooAKKKKAGlQ3UZ+tLtFLRQAUUUUAJtFLRRQAUhUEYPSlooAQKFGBwKWiigAppUN1GfrTqKAE2iloooAKbtB6806igBAoAwOlFLRQAm0elIsar2p1FKyATaKWiimAUUUUAFFFFABRRRQAUUUUAFFFFABRRRQAUUUUAFFFFABRRRQAUUUUAFFFFABRRRQAUUUUAFFFFABRRRQAUUUUAFFFFABRRRQAUUUUAFFFFABRRRQAUUUUAFFFFABRRRQAUUUUAFFFFABRRRQAUUUUAFFFFABRRRQAUUUUAFFFFABRRRQAUUUUAFFFFABRRRQAUUUUAFFFFABRRRQAUUUUAFFFFABRRRQAUUUUAFFFFABRRRQAUUUUAFFFFABRRRQAUUUUAFFFFABRRRQAUUUUAFFFFABRRRQAUUUUAFFFFABRRRQAUUUUAFFFFABRRRQAUUUUAFFFFABRRRQAUUUUAFFFFABRRRQAUUUUAFFFFABRRRQAUUUUAFFFFABRRRQAUUUUAFFFFABRRRQAUUUUAFFFFABRRRQAUUUUAFFFFABRRRQAUUUUAFFFFABRRRQAUUUUAFFFFABRRRQAUUUUAFFFFABRRRQAUUUUAFFFFABRRRQAUUUUAFFFFABRRRQAUUUUAFFFFABRRRQAUUUUAFFFFABRRRQAUUUUAFFFFABRRRQAUUUUAFFFFABRRRQAUUUUAFFFFABRRRQAUUUUAFFFFABRRRQAUUUUAFFFFABRRRQAUUUUAFFFFABRRRQAUUUUAFFFFABRRRQAUUUUAFFFFABRRRQAUUUUAFFFFABRRRQAUUUUAFFFFABRRRQAUUUUAf\/2Q==\" alt=\"A picture containing logo\n\nDescription automatically generated\"\/><\/figure>\n\n\n\n<p><strong>Deloitte<\/strong><\/p>\n\n\n\n<p><span class=\"TextRun SCXW101247581 BCX0\" lang=\"IT-IT\" xml:lang=\"IT-IT\" data-contrast=\"none\"><span class=\"NormalTextRun SCXW101247581 BCX0\">Tra le&nbsp;<\/span><\/span><span class=\"TextRun SCXW101247581 BCX0\" lang=\"IT-IT\" xml:lang=\"IT-IT\" data-contrast=\"none\"><span class=\"NormalTextRun SpellingErrorV2 SCXW101247581 BCX0\">piu<\/span><\/span><span class=\"TextRun SCXW101247581 BCX0\" lang=\"IT-IT\" xml:lang=\"IT-IT\" data-contrast=\"none\"><span class=\"NormalTextRun SCXW101247581 BCX0\">\u0300 grandi&nbsp;<\/span><\/span><span class=\"TextRun SCXW101247581 BCX0\" lang=\"IT-IT\" xml:lang=\"IT-IT\" data-contrast=\"none\"><span class=\"NormalTextRun SpellingErrorV2 SCXW101247581 BCX0\">realta<\/span><\/span><span class=\"TextRun SCXW101247581 BCX0\" lang=\"IT-IT\" xml:lang=\"IT-IT\" data-contrast=\"none\"><span class=\"NormalTextRun SCXW101247581 BCX0\">\u0300 nei servizi professionali alle imprese in Italia.&nbsp;<\/span><\/span><span class=\"TextRun SCXW101247581 BCX0\" lang=\"IT-IT\" xml:lang=\"IT-IT\" data-contrast=\"none\"><span class=\"NormalTextRun SCXW101247581 BCX0\">Deloitte<\/span><\/span><span class=\"TextRun SCXW101247581 BCX0\" lang=\"IT-IT\" xml:lang=\"IT-IT\" data-contrast=\"none\"><span class=\"NormalTextRun SCXW101247581 BCX0\">&nbsp;fornisce servizi di audit,&nbsp;<\/span><\/span><span class=\"TextRun SCXW101247581 BCX0\" lang=\"IT-IT\" xml:lang=\"IT-IT\" data-contrast=\"none\"><span class=\"NormalTextRun SCXW101247581 BCX0\">tax<\/span><\/span><span class=\"TextRun SCXW101247581 BCX0\" lang=\"IT-IT\" xml:lang=\"IT-IT\" data-contrast=\"none\"><span class=\"NormalTextRun SCXW101247581 BCX0\">,&nbsp;<\/span><\/span><span class=\"TextRun SCXW101247581 BCX0\" lang=\"IT-IT\" xml:lang=\"IT-IT\" data-contrast=\"none\"><span class=\"NormalTextRun SCXW101247581 BCX0\">consulting<\/span><\/span><span class=\"TextRun SCXW101247581 BCX0\" lang=\"IT-IT\" xml:lang=\"IT-IT\" data-contrast=\"none\"><span class=\"NormalTextRun SCXW101247581 BCX0\">&nbsp;e&nbsp;<\/span><\/span><span class=\"TextRun SCXW101247581 BCX0\" lang=\"IT-IT\" xml:lang=\"IT-IT\" data-contrast=\"none\"><span class=\"NormalTextRun SpellingErrorV2 SCXW101247581 BCX0\">financial<\/span><\/span><span class=\"TextRun SCXW101247581 BCX0\" lang=\"IT-IT\" xml:lang=\"IT-IT\" data-contrast=\"none\"><span class=\"NormalTextRun SCXW101247581 BCX0\">&nbsp;<\/span><\/span><span class=\"TextRun SCXW101247581 BCX0\" lang=\"IT-IT\" xml:lang=\"IT-IT\" data-contrast=\"none\"><span class=\"NormalTextRun SpellingErrorV2 SCXW101247581 BCX0\">advisory<\/span><\/span><span class=\"TextRun SCXW101247581 BCX0\" lang=\"IT-IT\" xml:lang=\"IT-IT\" data-contrast=\"none\"><span class=\"NormalTextRun SCXW101247581 BCX0\">&nbsp;ad aziende pubbliche e private in tutti i settori di mercato.&nbsp;<\/span><\/span><span class=\"TextRun SCXW101247581 BCX0\" lang=\"IT-IT\" xml:lang=\"IT-IT\" data-contrast=\"none\"><span class=\"NormalTextRun SCXW101247581 BCX0\">Deloitte<\/span><\/span><span class=\"TextRun SCXW101247581 BCX0\" lang=\"IT-IT\" xml:lang=\"IT-IT\" data-contrast=\"none\"><span class=\"NormalTextRun SCXW101247581 BCX0\">, a seguito di una valutazione dei CV e di un colloquio individuale,&nbsp;<\/span><\/span><span class=\"TextRun SCXW101247581 BCX0\" lang=\"IT-IT\" xml:lang=\"IT-IT\" data-contrast=\"none\"><span class=\"NormalTextRun SpellingErrorV2 SCXW101247581 BCX0\">offrira<\/span><\/span><span class=\"TextRun SCXW101247581 BCX0\" lang=\"IT-IT\" xml:lang=\"IT-IT\" data-contrast=\"none\"><span class=\"NormalTextRun SCXW101247581 BCX0\">\u0300 agli studenti&nbsp;<\/span><\/span><span class=\"TextRun SCXW101247581 BCX0\" lang=\"IT-IT\" xml:lang=\"IT-IT\" data-contrast=\"none\"><span class=\"NormalTextRun SpellingErrorV2 SCXW101247581 BCX0\">piu<\/span><\/span><span class=\"TextRun SCXW101247581 BCX0\" lang=\"IT-IT\" xml:lang=\"IT-IT\" data-contrast=\"none\"><span class=\"NormalTextRun SCXW101247581 BCX0\">\u0300 meritevoli del corso tirocini formativi relativi alla rendicontazione e al controllo dei progetti (fondi strutturali).<\/span><\/span><\/p>\n\n\n\n<figure class=\"wp-block-image size-full is-resized\"><a href=\"https:\/\/businessschool.luiss.it\/management-controllo-fondi-comunitari\/wp-content\/uploads\/sites\/15\/2024\/07\/LOGO-BLU.png\"><img loading=\"lazy\" decoding=\"async\" width=\"500\" height=\"500\" src=\"https:\/\/businessschool.luiss.it\/management-controllo-fondi-comunitari\/wp-content\/uploads\/sites\/15\/2024\/07\/LOGO-BLU.png\" alt=\"\" class=\"wp-image-533\" style=\"width:236px;height:auto\" srcset=\"https:\/\/businessschool.luiss.it\/management-controllo-fondi-comunitari\/wp-content\/uploads\/sites\/15\/2024\/07\/LOGO-BLU.png 500w, https:\/\/businessschool.luiss.it\/management-controllo-fondi-comunitari\/wp-content\/uploads\/sites\/15\/2024\/07\/LOGO-BLU-300x300.png 300w, https:\/\/businessschool.luiss.it\/management-controllo-fondi-comunitari\/wp-content\/uploads\/sites\/15\/2024\/07\/LOGO-BLU-150x150.png 150w\" sizes=\"auto, (max-width: 500px) 100vw, 500px\" \/><\/a><\/figure>\n\n\n\n<p><strong>PTS<\/strong><\/p>\n\n\n\n<p><b>PTS<\/b> acronimo di <b>profit to share<\/b>, \u00e8 una societ\u00e0 di consulenza a capitale interamente italiano con una <b>visione ambiziosa<\/b>: generare un impatto positivo che si trasferisca ad ogni livello dell\u2019organizzazione, creando un sistema nel quale dipendenti, collaboratori, clienti e tutti coloro che sono collegati alle attivit\u00e0 dell\u2019azienda possano beneficiare del valore prodotto. La societ\u00e0 \u00e8 il risultato di un percorso di acquisizioni strategiche, che negli anni hanno portato a unire esperienze e conoscenze di aziende di consulenza altamente specializzate: 200 professionisti su 5 sedi in Italia \u2013 Milano, Roma, Genova, Verona, Trieste \u2013 oggi operano come un\u2019unica entit\u00e0, coniugando consulenza direzionale e ricerca sperimentale, per <b>soluzioni integrate in diverse <i>industry<\/i><\/b>.<\/p>\n\n\n\n<p>Il modello collaborativo di PTS mette in relazione pratiche di Advisory, Data Management, Management Solution per le PMI, Programmazione e gestione delle politiche pubbliche e di progetti cofinanziati dai Fondi strutturali, Valutazione degli impatti e Sostenibilit\u00e0, Finanza, Digitalizzazione con competenze verticali in ambiti chiave dell\u2019innovazione del sistema economico italiano, quali Infrastrutture e Trasporti, Cultura e Turismo, Telecomunicazioni, Sanit\u00e0, Valorizzazione Urbana e dei Territori, Sport. Pi\u00f9 di <b>3.700 progetti<\/b> realizzati nel corso degli anni delineano l\u2019identit\u00e0 di PTS, le competenze e il profondo coinvolgimento con le realt\u00e0 con cui la societ\u00e0 interagisce.<\/p>\n","protected":false},"excerpt":{"rendered":"<p>Deloitte Tra le&nbsp;piu\u0300 grandi&nbsp;realta\u0300 nei servizi professionali alle imprese in Italia.&nbsp;Deloitte&nbsp;fornisce servizi di audit,&nbsp;tax,&nbsp;consulting&nbsp;e&nbsp;financial&nbsp;advisory&nbsp;ad aziende pubbliche e private in tutti [&hellip;]<\/p>\n","protected":false},"author":13,"featured_media":0,"parent":0,"menu_order":0,"comment_status":"closed","ping_status":"closed","template":"","meta":{"_acf_changed":false,"footnotes":""},"categories":[],"tags":[],"docenti_teaching_area":[],"docenti_research_area":[],"tematiche":[],"lingue":[],"lunghezza_corsi":[],"class_list":["post-376","page","type-page","status-publish","hentry"],"acf":[],"aioseo_notices":[],"_links":{"self":[{"href":"https:\/\/businessschool.luiss.it\/management-controllo-fondi-comunitari\/wp-json\/wp\/v2\/pages\/376","targetHints":{"allow":["GET"]}}],"collection":[{"href":"https:\/\/businessschool.luiss.it\/management-controllo-fondi-comunitari\/wp-json\/wp\/v2\/pages"}],"about":[{"href":"https:\/\/businessschool.luiss.it\/management-controllo-fondi-comunitari\/wp-json\/wp\/v2\/types\/page"}],"author":[{"embeddable":true,"href":"https:\/\/businessschool.luiss.it\/management-controllo-fondi-comunitari\/wp-json\/wp\/v2\/users\/13"}],"replies":[{"embeddable":true,"href":"https:\/\/businessschool.luiss.it\/management-controllo-fondi-comunitari\/wp-json\/wp\/v2\/comments?post=376"}],"version-history":[{"count":3,"href":"https:\/\/businessschool.luiss.it\/management-controllo-fondi-comunitari\/wp-json\/wp\/v2\/pages\/376\/revisions"}],"predecessor-version":[{"id":534,"href":"https:\/\/businessschool.luiss.it\/management-controllo-fondi-comunitari\/wp-json\/wp\/v2\/pages\/376\/revisions\/534"}],"wp:attachment":[{"href":"https:\/\/businessschool.luiss.it\/management-controllo-fondi-comunitari\/wp-json\/wp\/v2\/media?parent=376"}],"wp:term":[{"taxonomy":"category","embeddable":true,"href":"https:\/\/businessschool.luiss.it\/management-controllo-fondi-comunitari\/wp-json\/wp\/v2\/categories?post=376"},{"taxonomy":"post_tag","embeddable":true,"href":"https:\/\/businessschool.luiss.it\/management-controllo-fondi-comunitari\/wp-json\/wp\/v2\/tags?post=376"},{"taxonomy":"docenti_teaching_area","embeddable":true,"href":"https:\/\/businessschool.luiss.it\/management-controllo-fondi-comunitari\/wp-json\/wp\/v2\/docenti_teaching_area?post=376"},{"taxonomy":"docenti_research_area","embeddable":true,"href":"https:\/\/businessschool.luiss.it\/management-controllo-fondi-comunitari\/wp-json\/wp\/v2\/docenti_research_area?post=376"},{"taxonomy":"tematiche","embeddable":true,"href":"https:\/\/businessschool.luiss.it\/management-controllo-fondi-comunitari\/wp-json\/wp\/v2\/tematiche?post=376"},{"taxonomy":"lingue","embeddable":true,"href":"https:\/\/businessschool.luiss.it\/management-controllo-fondi-comunitari\/wp-json\/wp\/v2\/lingue?post=376"},{"taxonomy":"lunghezza_corsi","embeddable":true,"href":"https:\/\/businessschool.luiss.it\/management-controllo-fondi-comunitari\/wp-json\/wp\/v2\/lunghezza_corsi?post=376"}],"curies":[{"name":"wp","href":"https:\/\/api.w.org\/{rel}","templated":true}]}}