{"id":46,"date":"2025-06-23T10:24:51","date_gmt":"2025-06-23T08:24:51","guid":{"rendered":"https:\/\/businessschool.luiss.it\/management-innovazione-strutture-ricerca\/?page_id=46"},"modified":"2025-06-23T10:46:32","modified_gmt":"2025-06-23T08:46:32","slug":"come-iscriversi","status":"publish","type":"page","link":"https:\/\/businessschool.luiss.it\/management-innovazione-strutture-ricerca\/come-iscriversi\/","title":{"rendered":"Come iscriversi"},"content":{"rendered":"\n<h3 class=\"wp-block-heading\">Ammissione e Iscrizione<\/h3>\n\n\n\n<p>Per iscriversi al programma \u00e8 necessario superare il Test di Ammissione che valuta le capacit\u00e0, la motivazione e il potenziale dei candidati. Il test sar\u00e0 sostenuto da remoto.<\/p>\n\n\n\n<h3 class=\"wp-block-heading\"><strong>Requisiti di ammissione<\/strong><\/h3>\n\n\n\n<p>Laurea di I livello o ordinamento unico.<\/p>\n\n\n\n<h3 class=\"wp-block-heading\"><strong>Test d\u2019ammissione<\/strong><\/h3>\n\n\n\n<p>Il test di ammissione \u00e8 composto da:<\/p>\n\n\n\n<ul class=\"wp-block-list\">\n<li><strong>test di lingua inglese<\/strong>: un test scritto con domande a risposta multipla (i candidati in possesso di un certificato TOEFL\/IELTS con elevato punteggio e in corso di validit\u00e0, possono essere esonerati dal test d\u2019inglese)<\/li>\n\n\n\n<li><strong>test di logica induttiva, numerica e deduttiva<\/strong>: un test scritto con domande a risposta multipla (i candidati in possesso di un certificato GMAT\/GRE con elevato punteggio e in corso di validit\u00e0, possono essere esonerati dal test di logica)<\/li>\n\n\n\n<li><strong>colloquio motivazionale<\/strong><\/li>\n<\/ul>\n\n\n\n<h3 class=\"wp-block-heading\"><strong>Documentazione richiesta<\/strong><\/h3>\n\n\n\n<p>Per partecipare al test di ammissione \u00e8 necessario compilare il seguente <a href=\"https:\/\/businessschool.luiss.it\/application\/?pid=P-100428\" title=\"\"><strong>form<\/strong><\/a><strong> <\/strong>(disponibile nella pagina web del programma) e sar\u00e0 richiesta la seguente documentazione:<\/p>\n\n\n\n<ul class=\"wp-block-list\">\n<li>copia del certificato di laurea*<\/li>\n\n\n\n<li>CV<\/li>\n\n\n\n<li>copia di un documento di identit\u00e0<\/li>\n\n\n\n<li>fototessera digitale<\/li>\n\n\n\n<li>ricevuta di pagamento della quota di partecipazione alle selezioni pari a \u20ac 100 (non rimborsabile)<\/li>\n\n\n\n<li>eventuale Certificato TOEFL\/IELTS (opzionale)<\/li>\n\n\n\n<li>eventuale Certificato GMAT\/GRE (opzionale)<\/li>\n<\/ul>\n\n\n\n<p>I candidati con un <strong>titolo estero <\/strong>dovranno anche inviare la seguente documentazione aggiuntiva per la valutazione:<\/p>\n\n\n\n<ul class=\"wp-block-list\">\n<li>copia del certificato di laurea sia in lingua originale che in lingua inglese*<\/li>\n\n\n\n<li>transcript dei voti in lingua inglese<\/li>\n\n\n\n<li>diploma supplement (opzionale)<\/li>\n<\/ul>\n\n\n\n<p><em>* i candidati non ancora in possesso del certificato di laurea potranno fornire l\u2019autocertificazione utilizzando il format Luiss Business School disponibile nella pagina web del programma.<\/em><\/p>\n\n\n\n<h3 class=\"wp-block-heading\"><strong>Pagamento della quota d\u2019accesso alle selezioni<\/strong><\/h3>\n\n\n\n<p>Il pagamento della quota d\u2019accesso alle selezioni pu\u00f2 essere effettuato con un pagamento <strong>online<\/strong> disponibile nella pagina web del programma.<\/p>\n","protected":false},"excerpt":{"rendered":"<p>Ammissione e Iscrizione Per iscriversi al programma \u00e8 necessario superare il Test di Ammissione che valuta le capacit\u00e0, la motivazione [&hellip;]<\/p>\n","protected":false},"author":5,"featured_media":0,"parent":0,"menu_order":0,"comment_status":"closed","ping_status":"closed","template":"","meta":{"_acf_changed":false,"footnotes":""},"categories":[],"tags":[],"docenti_teaching_area":[],"docenti_research_area":[],"tematiche":[],"lingue":[],"lunghezza_corsi":[],"class_list":["post-46","page","type-page","status-publish","hentry"],"acf":[],"aioseo_notices":[],"_links":{"self":[{"href":"https:\/\/businessschool.luiss.it\/management-innovazione-strutture-ricerca\/wp-json\/wp\/v2\/pages\/46","targetHints":{"allow":["GET"]}}],"collection":[{"href":"https:\/\/businessschool.luiss.it\/management-innovazione-strutture-ricerca\/wp-json\/wp\/v2\/pages"}],"about":[{"href":"https:\/\/businessschool.luiss.it\/management-innovazione-strutture-ricerca\/wp-json\/wp\/v2\/types\/page"}],"author":[{"embeddable":true,"href":"https:\/\/businessschool.luiss.it\/management-innovazione-strutture-ricerca\/wp-json\/wp\/v2\/users\/5"}],"replies":[{"embeddable":true,"href":"https:\/\/businessschool.luiss.it\/management-innovazione-strutture-ricerca\/wp-json\/wp\/v2\/comments?post=46"}],"version-history":[{"count":5,"href":"https:\/\/businessschool.luiss.it\/management-innovazione-strutture-ricerca\/wp-json\/wp\/v2\/pages\/46\/revisions"}],"predecessor-version":[{"id":87,"href":"https:\/\/businessschool.luiss.it\/management-innovazione-strutture-ricerca\/wp-json\/wp\/v2\/pages\/46\/revisions\/87"}],"wp:attachment":[{"href":"https:\/\/businessschool.luiss.it\/management-innovazione-strutture-ricerca\/wp-json\/wp\/v2\/media?parent=46"}],"wp:term":[{"taxonomy":"category","embeddable":true,"href":"https:\/\/businessschool.luiss.it\/management-innovazione-strutture-ricerca\/wp-json\/wp\/v2\/categories?post=46"},{"taxonomy":"post_tag","embeddable":true,"href":"https:\/\/businessschool.luiss.it\/management-innovazione-strutture-ricerca\/wp-json\/wp\/v2\/tags?post=46"},{"taxonomy":"docenti_teaching_area","embeddable":true,"href":"https:\/\/businessschool.luiss.it\/management-innovazione-strutture-ricerca\/wp-json\/wp\/v2\/docenti_teaching_area?post=46"},{"taxonomy":"docenti_research_area","embeddable":true,"href":"https:\/\/businessschool.luiss.it\/management-innovazione-strutture-ricerca\/wp-json\/wp\/v2\/docenti_research_area?post=46"},{"taxonomy":"tematiche","embeddable":true,"href":"https:\/\/businessschool.luiss.it\/management-innovazione-strutture-ricerca\/wp-json\/wp\/v2\/tematiche?post=46"},{"taxonomy":"lingue","embeddable":true,"href":"https:\/\/businessschool.luiss.it\/management-innovazione-strutture-ricerca\/wp-json\/wp\/v2\/lingue?post=46"},{"taxonomy":"lunghezza_corsi","embeddable":true,"href":"https:\/\/businessschool.luiss.it\/management-innovazione-strutture-ricerca\/wp-json\/wp\/v2\/lunghezza_corsi?post=46"}],"curies":[{"name":"wp","href":"https:\/\/api.w.org\/{rel}","templated":true}]}}