{"id":67,"date":"2025-06-23T10:34:26","date_gmt":"2025-06-23T08:34:26","guid":{"rendered":"https:\/\/businessschool.luiss.it\/management-innovazione-strutture-ricerca\/?page_id=67"},"modified":"2025-06-23T10:36:36","modified_gmt":"2025-06-23T08:36:36","slug":"international-experience","status":"publish","type":"page","link":"https:\/\/businessschool.luiss.it\/management-innovazione-strutture-ricerca\/international-experience\/","title":{"rendered":"International experience"},"content":{"rendered":"\n<p>L\u2019Esperienza Internazionale \u00e8 offerta attraverso numerose attivit\u00e0 che permetteranno agli studenti di guardare e agire attraverso una prospettiva globale.<\/p>\n\n\n\n<p>Periodo all\u2019estero, Business case competition, eventi di networking, international week, country focus, incontri con manager e leader di multinazionali e analisi degli scenari globali sono alcuni esempi delle opportunit\u00e0 proposte e articolate in funzione del Master di riferimento.<\/p>\n\n\n\n<p>Di seguito alcuni esempi principali delle iniziative proposte.<\/p>\n\n\n\n<h3 class=\"wp-block-heading\"><strong>Periodo all\u2019estero<\/strong><\/h3>\n\n\n\n<p>Gli studenti che soddisfano specifici criteri (quali per esempio, la conoscenza della lingua inglese, anni di esperienza lavorativa e motivazione) avranno l\u2019opportunit\u00e0 di frequentare un breve periodo di formazione all\u2019estero. Agli studenti Executive verranno presentati programmi di didattica all\u2019estero (da svolgersi durante il periodo estivo) volti a dare ulteriore incisivit\u00e0 e rilievo al proprio percorso formativo.<\/p>\n\n\n\n<p>Ciascuna opportunit\u00e0 si intende pensata per adattarsi alla tematica fondante del percorso di studio intrapreso presso la Luiss Business School.<\/p>\n\n\n\n<p>L\u2019elenco delle opportunit\u00e0, cos\u00ec come delle scuole partner, pu\u00f2 variare di anno in anno. Sar\u00e0 possibile fare riferimento alle informazioni che verranno fornite agli studenti dagli uffici dedicati. La Scuola non potr\u00e0 garantire la partenza degli studenti qualora il contesto internazionale non permettesse di svolgere in sicurezza tale mobilit\u00e0. Saranno comunque offerte forme innovative e interattive di didattica con gli studenti internazionali presenti nel campus.<\/p>\n\n\n\n<h3 class=\"wp-block-heading\"><strong>International Week<\/strong><\/h3>\n\n\n\n<p>Le International Week rappresentano modulo facoltativo residenziale all&#8217;estero durante il quale si svolgono diverse attivit\u00e0 volte ad arricchire la formazione gi\u00e0 acquisita con contenuti e prospettive internazionali.<\/p>\n\n\n\n<p>In particolare, l\u2019International Week ha l\u2019obiettivo di approfondire i temi di gestione \u201ccross cultural\u201d e le problematiche inerenti alla gestione dell\u2019impresa in un contesto estero ed \u00e8 strutturata per favorire lo sviluppo di contatti professionali a livello internazionale.<\/p>\n\n\n\n<h3 class=\"wp-block-heading\"><strong>Global Business Challenge<\/strong><\/h3>\n\n\n\n<p>Luiss Business School rafforza il suo impegno a mettere in contatto una community internazionale di studenti e aziende leader.<\/p>\n\n\n\n<p>Le Global Business Challenge sono indirizzate agli studenti della Luiss Business School e studenti post-laurea provenienti da scuole e universit\u00e0 internazionali che desiderano tradurre le proprie conoscenze in azioni concrete. I partecipanti sono chiamati a sfidarsi sullo sviluppo di soluzioni disruptive per le aziende che richiedono il contributo degli studenti su specifici temi.<\/p>\n","protected":false},"excerpt":{"rendered":"<p>L\u2019Esperienza Internazionale \u00e8 offerta attraverso numerose attivit\u00e0 che permetteranno agli studenti di guardare e agire attraverso una prospettiva globale. Periodo [&hellip;]<\/p>\n","protected":false},"author":5,"featured_media":0,"parent":0,"menu_order":0,"comment_status":"closed","ping_status":"closed","template":"","meta":{"_acf_changed":false,"footnotes":""},"categories":[],"tags":[],"docenti_teaching_area":[],"docenti_research_area":[],"tematiche":[],"lingue":[],"lunghezza_corsi":[],"class_list":["post-67","page","type-page","status-publish","hentry"],"acf":[],"aioseo_notices":[],"_links":{"self":[{"href":"https:\/\/businessschool.luiss.it\/management-innovazione-strutture-ricerca\/wp-json\/wp\/v2\/pages\/67","targetHints":{"allow":["GET"]}}],"collection":[{"href":"https:\/\/businessschool.luiss.it\/management-innovazione-strutture-ricerca\/wp-json\/wp\/v2\/pages"}],"about":[{"href":"https:\/\/businessschool.luiss.it\/management-innovazione-strutture-ricerca\/wp-json\/wp\/v2\/types\/page"}],"author":[{"embeddable":true,"href":"https:\/\/businessschool.luiss.it\/management-innovazione-strutture-ricerca\/wp-json\/wp\/v2\/users\/5"}],"replies":[{"embeddable":true,"href":"https:\/\/businessschool.luiss.it\/management-innovazione-strutture-ricerca\/wp-json\/wp\/v2\/comments?post=67"}],"version-history":[{"count":3,"href":"https:\/\/businessschool.luiss.it\/management-innovazione-strutture-ricerca\/wp-json\/wp\/v2\/pages\/67\/revisions"}],"predecessor-version":[{"id":73,"href":"https:\/\/businessschool.luiss.it\/management-innovazione-strutture-ricerca\/wp-json\/wp\/v2\/pages\/67\/revisions\/73"}],"wp:attachment":[{"href":"https:\/\/businessschool.luiss.it\/management-innovazione-strutture-ricerca\/wp-json\/wp\/v2\/media?parent=67"}],"wp:term":[{"taxonomy":"category","embeddable":true,"href":"https:\/\/businessschool.luiss.it\/management-innovazione-strutture-ricerca\/wp-json\/wp\/v2\/categories?post=67"},{"taxonomy":"post_tag","embeddable":true,"href":"https:\/\/businessschool.luiss.it\/management-innovazione-strutture-ricerca\/wp-json\/wp\/v2\/tags?post=67"},{"taxonomy":"docenti_teaching_area","embeddable":true,"href":"https:\/\/businessschool.luiss.it\/management-innovazione-strutture-ricerca\/wp-json\/wp\/v2\/docenti_teaching_area?post=67"},{"taxonomy":"docenti_research_area","embeddable":true,"href":"https:\/\/businessschool.luiss.it\/management-innovazione-strutture-ricerca\/wp-json\/wp\/v2\/docenti_research_area?post=67"},{"taxonomy":"tematiche","embeddable":true,"href":"https:\/\/businessschool.luiss.it\/management-innovazione-strutture-ricerca\/wp-json\/wp\/v2\/tematiche?post=67"},{"taxonomy":"lingue","embeddable":true,"href":"https:\/\/businessschool.luiss.it\/management-innovazione-strutture-ricerca\/wp-json\/wp\/v2\/lingue?post=67"},{"taxonomy":"lunghezza_corsi","embeddable":true,"href":"https:\/\/businessschool.luiss.it\/management-innovazione-strutture-ricerca\/wp-json\/wp\/v2\/lunghezza_corsi?post=67"}],"curies":[{"name":"wp","href":"https:\/\/api.w.org\/{rel}","templated":true}]}}