{"id":808,"date":"2017-12-06T14:53:34","date_gmt":"2017-12-06T14:53:34","guid":{"rendered":"https:\/\/businessschool.luiss.it\/marketing-management-retailing-ecommerce\/?page_id=808"},"modified":"2026-03-06T16:45:40","modified_gmt":"2026-03-06T16:45:40","slug":"curriculum","status":"publish","type":"page","link":"https:\/\/businessschool.luiss.it\/marketing-management-retailing-ecommerce\/curriculum\/","title":{"rendered":"Curriculum"},"content":{"rendered":"\n<p>Il curriculum del Major in Omnichannel Distribution Strategy \u00e8 disegnato con l\u2019obiettivo di assicurare e supportare in maniera progressiva la crescita professionale e personale dei partecipanti. L\u2019esperienza formativa \u00e8 composta da lezioni, casi studio, sessioni di lavoro di gruppo. Prevede inoltre il coinvolgimento di una faculty di alto livello, composta da accademici e professionisti.<\/p>\n\n\n\n<p>Per tutta la durata del Programma, gli studenti riceveranno dal Career Service un supporto costante che li aiuti ad acquisire e sviluppare competenze utili a incrementare la propria spendibilit\u00e0 nel mercato del lavoro. Il Career Service offrir\u00e0 anche supporto diretto nella ricerca di un tirocinio curriculare.<\/p>\n\n\n\n<h3 class=\"wp-block-heading\">Induction week<\/h3>\n\n\n\n<p>L\u2019induction week \u00e8 la settimana introduttiva al Major in Omnichannel Distribution Strategy durante la quale gli studenti potranno ambientarsi e prendere confidenza con la vita del campus. Verranno organizzati laboratori di ice-breaking, seminari, workshop e presentazioni. Gli studenti avranno l\u2019occasione di conoscere i propri compagni di corso, i servizi e le attivit\u00e0 curriculari ed extra-curriculari previste dal Programma.<\/p>\n\n\n\n<h3 class=\"wp-block-heading\">General management<\/h3>\n\n\n\n<p>I corsi in general management mirano a fornire le basi di Business e Management necessarie per comprendere i concetti che verranno introdotti durante i corsi core e di specializzazione di ciascun master.<\/p>\n\n\n\n<ul class=\"wp-block-list\">\n<li>Strategia<\/li>\n\n\n\n<li>Contabilit\u00e0 e Bilancio<\/li>\n\n\n\n<li>Diritto d\u2019Impresa<\/li>\n\n\n\n<li>Economics of Strategy<\/li>\n\n\n\n<li>Finanza<\/li>\n\n\n\n<li>Fondamenti di Marketing<\/li>\n\n\n\n<li>Marketing Metrics<\/li>\n\n\n\n<li>Organizzazione e People Management<\/li>\n<\/ul>\n\n\n\n<h3 class=\"wp-block-heading\">Corsi core<\/h3>\n\n\n\n<p>I corsi core hanno lo scopo di introdurre i concetti chiave legati alla industry del Master. Tali corsi forniscono i principi e le competenze necessari per acquisire una conoscenza pi\u00f9 completa del settore.<\/p>\n\n\n\n<ul class=\"wp-block-list\">\n<li>Advanced Marketing Management<\/li>\n\n\n\n<li>Marketing Research, Customer Analytics e Big Data per il Marketing<\/li>\n<\/ul>\n\n\n\n<h3 class=\"wp-block-heading\">Corsi di specializzazione<\/h3>\n\n\n\n<p>I corsi di specializzazione offrono una prospettiva approfondita degli aspetti specifici legati alla industry del Master e forniscono un approccio prettamente pratico.<\/p>\n\n\n\n<ul class=\"wp-block-list\">\n<li>Consumer Insights<\/li>\n\n\n\n<li>Digital &amp; Omnichannel Commerce<\/li>\n\n\n\n<li>Retail Management<\/li>\n\n\n\n<li>E-commerce<\/li>\n\n\n\n<li>Customer Experience Management<\/li>\n\n\n\n<li>Demand Fulfillment and Delivery<\/li>\n\n\n\n<li>Marketing, Retail &amp; Channel Metrics<\/li>\n<\/ul>\n\n\n\n<h3 class=\"wp-block-heading\">Experience<\/h3>\n\n\n\n<p>Le Experience sono attivit\u00e0 \u201cesperienziali\u201d, strutturate in una sola giornata o pi\u00f9 giornate, che consentono agli studenti di migliorare il pensiero analitico abbinato ad una reale attitudine pratica.<\/p>\n\n\n\n<ul class=\"wp-block-list\">\n<li>Mistery Shopping \u2013 In collaborazione con un\u2019azienda di beni di largo consumo, i partecipanti, suddivisi in piccoli gruppi, sono coinvolti nell\u2019attivit\u00e0 di <em>mistery shopping<\/em> &nbsp;all\u2019interno di alcuni &nbsp;punti vendita. Sono previsti momenti di &nbsp;osservazione del comportamento d\u2019acquisto dei consumatori e successive sessioni di lavoro di &nbsp;gruppo per elaborare un \u201cprogramma di miglioramento\u201d sulla base delle risultanze dell\u2019attivit\u00e0 di ricerca. Tale programma sar\u00e0 poi presentato al management aziendale in funzione delle risultanze dell\u2019analisi effettuata.<\/li>\n<\/ul>\n\n\n\n<h3 class=\"wp-block-heading\"><strong>Export Management Process<\/strong><\/h3>\n\n\n\n<p>Il seminario approfondisce le conoscenze e le competenze dei manager che possono supportare le aziende nel percorso di crescita, in particolare all\u2019estero.<\/p>\n\n\n\n<h3 class=\"wp-block-heading\">Challenge<\/h3>\n\n\n\n<p>Durante le lezioni in aula, gli studenti saranno coinvolti in una challenge commissionata dalle aziende partner del Master, finalizzata a trovare soluzioni innovative a reali esigenze di business. Tale attivit\u00e0 prevedr\u00e0 la supervisione di un tutor aziendale e consentir\u00e0 agli allievi di sviluppare competenze trasversali, mettendo in pratica gli insegnamenti appresi.<\/p>\n\n\n\n<h3 class=\"wp-block-heading\">Learning lab<\/h3>\n\n\n\n<p>I laboratori favoriscono la crescita personale dei partecipanti, guidandoli nello sviluppo di abilit\u00e0 trasversali e soft skill. Gli allievi prenderanno parte a sessioni pratiche, durante le quali potranno coltivare la flessibilit\u00e0 intellettuale, accrescere la capacit\u00e0 di problem solving e imparare ad adattarsi a situazioni diverse, perfezionando la propria sensibilit\u00e0 interculturale.<\/p>\n\n\n\n<h3 class=\"wp-block-heading\">Tirocinio<\/h3>\n\n\n\n<p>Il tirocinio curriculare \u00e8 generalmente svolto al termine del <span lang=\"IT\">Major in Omnichannel Distribution Strategy<\/span> e rappresenta per gli studenti l\u2019opportunit\u00e0 di combinare teoria e pratica, entrando in contatto diretto con figure professionali di settore. Il Career Service fornisce supporto nella ricerca delle opportunit\u00e0 di tirocinio, contribuendo cos\u00ec a espandere le prospettive di carriera&nbsp;degli allievi, offrendo loro la possibilit\u00e0 di acquisire l\u2019esperienza lavorativa necessaria per incrementare e migliorare le proprie abilit\u00e0, ed estendere il proprio business network.<\/p>\n\n\n\n<h3 class=\"wp-block-heading\">Calendario Accademico<\/h3>\n\n\n\n<p class=\"x_MsoNormal\">Il Master in Marketing Management \u2013 Major in Omnichannel Distribution Strategy ha una durata di 12 mesi ed \u00e8 suddiviso in 4 term.<\/p>\n\n\n\n<p><strong>Term 1:<\/strong><strong>&nbsp;<\/strong>ottobre-dicembre 2026<strong><br>Term 2:<\/strong><strong>&nbsp;<\/strong>gennaio-marzo 2027<strong><br>Term 3:<\/strong><strong>&nbsp;<\/strong>aprile-maggio 2027<strong><br>Term 4:<\/strong><strong>&nbsp;<\/strong>maggio-giugno 2027 fino alla conclusione del tirocinio<\/p>\n\n\n\n<p class=\"x_MsoNormal\">Il calendario accademico potrebbe subire variazioni durante l\u2019anno. Per ricevere maggiori informazioni \u00e8 possibile inviare un\u2019e-mail all\u2019indirizzo&nbsp;<a href=\"mailto:master@luissbusinessschool.it\"><strong>master@luissbusinessschool.it<\/strong><\/a>.<\/p>\n","protected":false},"excerpt":{"rendered":"<p>Il curriculum del Major in Omnichannel Distribution Strategy \u00e8 disegnato con l\u2019obiettivo di assicurare e supportare in maniera progressiva la [&hellip;]<\/p>\n","protected":false},"author":5,"featured_media":0,"parent":0,"menu_order":0,"comment_status":"closed","ping_status":"closed","template":"page-default.php","meta":{"_acf_changed":false,"footnotes":""},"categories":[],"tags":[],"docenti_teaching_area":[],"docenti_research_area":[],"tematiche":[],"lingue":[],"lunghezza_corsi":[],"class_list":["post-808","page","type-page","status-publish","hentry"],"acf":[],"aioseo_notices":[],"_links":{"self":[{"href":"https:\/\/businessschool.luiss.it\/marketing-management-retailing-ecommerce\/wp-json\/wp\/v2\/pages\/808","targetHints":{"allow":["GET"]}}],"collection":[{"href":"https:\/\/businessschool.luiss.it\/marketing-management-retailing-ecommerce\/wp-json\/wp\/v2\/pages"}],"about":[{"href":"https:\/\/businessschool.luiss.it\/marketing-management-retailing-ecommerce\/wp-json\/wp\/v2\/types\/page"}],"author":[{"embeddable":true,"href":"https:\/\/businessschool.luiss.it\/marketing-management-retailing-ecommerce\/wp-json\/wp\/v2\/users\/5"}],"replies":[{"embeddable":true,"href":"https:\/\/businessschool.luiss.it\/marketing-management-retailing-ecommerce\/wp-json\/wp\/v2\/comments?post=808"}],"version-history":[{"count":6,"href":"https:\/\/businessschool.luiss.it\/marketing-management-retailing-ecommerce\/wp-json\/wp\/v2\/pages\/808\/revisions"}],"predecessor-version":[{"id":1230,"href":"https:\/\/businessschool.luiss.it\/marketing-management-retailing-ecommerce\/wp-json\/wp\/v2\/pages\/808\/revisions\/1230"}],"wp:attachment":[{"href":"https:\/\/businessschool.luiss.it\/marketing-management-retailing-ecommerce\/wp-json\/wp\/v2\/media?parent=808"}],"wp:term":[{"taxonomy":"category","embeddable":true,"href":"https:\/\/businessschool.luiss.it\/marketing-management-retailing-ecommerce\/wp-json\/wp\/v2\/categories?post=808"},{"taxonomy":"post_tag","embeddable":true,"href":"https:\/\/businessschool.luiss.it\/marketing-management-retailing-ecommerce\/wp-json\/wp\/v2\/tags?post=808"},{"taxonomy":"docenti_teaching_area","embeddable":true,"href":"https:\/\/businessschool.luiss.it\/marketing-management-retailing-ecommerce\/wp-json\/wp\/v2\/docenti_teaching_area?post=808"},{"taxonomy":"docenti_research_area","embeddable":true,"href":"https:\/\/businessschool.luiss.it\/marketing-management-retailing-ecommerce\/wp-json\/wp\/v2\/docenti_research_area?post=808"},{"taxonomy":"tematiche","embeddable":true,"href":"https:\/\/businessschool.luiss.it\/marketing-management-retailing-ecommerce\/wp-json\/wp\/v2\/tematiche?post=808"},{"taxonomy":"lingue","embeddable":true,"href":"https:\/\/businessschool.luiss.it\/marketing-management-retailing-ecommerce\/wp-json\/wp\/v2\/lingue?post=808"},{"taxonomy":"lunghezza_corsi","embeddable":true,"href":"https:\/\/businessschool.luiss.it\/marketing-management-retailing-ecommerce\/wp-json\/wp\/v2\/lunghezza_corsi?post=808"}],"curies":[{"name":"wp","href":"https:\/\/api.w.org\/{rel}","templated":true}]}}