{"id":244,"date":"2018-05-15T13:49:10","date_gmt":"2018-05-15T13:49:10","guid":{"rendered":"https:\/\/businessschool.luiss.it\/master-digital-export\/?page_id=244"},"modified":"2026-03-04T09:19:55","modified_gmt":"2026-03-04T09:19:55","slug":"curriculum","status":"publish","type":"page","link":"https:\/\/businessschool.luiss.it\/master-export-management\/curriculum\/","title":{"rendered":"Curriculum"},"content":{"rendered":"\n<p>Il curriculum del Major in Export Management per il Made in Italy, del Master in Marketing Management, \u00e8 disegnato con l\u2019obiettivo di assicurare e supportare in maniera progressiva la crescita professionale e personale dei partecipanti. L\u2019esperienza formativa \u00e8 composta da lezioni, casi studio, sessioni di lavoro di gruppo. Prevede inoltre il coinvolgimento di una faculty di alto livello, composta da accademici e professionisti.<\/p>\n\n\n\n<p>Per tutta la durata del Programma, gli studenti riceveranno dal Career Service un supporto costante che li aiuti ad acquisire e sviluppare competenze utili a incrementare la propria spendibilit\u00e0 nel mercato del lavoro. Il Career Service offrir\u00e0 anche supporto diretto nella ricerca di un tirocinio curriculare.<\/p>\n\n\n\n<h3 class=\"wp-block-heading\">Induction week<\/h3>\n\n\n\n<p>L\u2019induction week \u00e8 la settimana introduttiva al Programma, durante la quale gli studenti potranno ambientarsi e prendere confidenza con la vita del campus. Verranno organizzati laboratori di ice-breaking, seminari, workshop e presentazioni. Gli studenti avranno l\u2019occasione di conoscere i propri compagni di corso, i servizi e le attivit\u00e0 curriculari ed extra-curriculari previste dal Programma.<\/p>\n\n\n\n<h3 class=\"wp-block-heading\">General management<\/h3>\n\n\n\n<p>I corsi in general management mirano a fornire a tutti gli studenti le basi di Business e Management necessarie per comprendere i concetti che verranno introdotti durante i corsi core e di specializzazione di ciascun master.<\/p>\n\n\n\n<ul class=\"wp-block-list\">\n<li>Strategia<\/li>\n\n\n\n<li>Contabilit\u00e0 e Bilancio<\/li>\n\n\n\n<li>Finanza<\/li>\n\n\n\n<li>Diritto d\u2019Impresa<\/li>\n\n\n\n<li>Organizzazione e People Management<\/li>\n\n\n\n<li>Fondamenti di Marketing<\/li>\n\n\n\n<li>Marketing Metrics<\/li>\n\n\n\n<li>Economics of Strategy<\/li>\n<\/ul>\n\n\n\n<h3 class=\"wp-block-heading\">Corsi core<\/h3>\n\n\n\n<p>I corsi core hanno lo scopo di introdurre agli studenti i concetti chiave legati alla industry del Master. Tali corsi forniscono i principi e le competenze necessari per acquisire una conoscenza pi\u00f9 completa del settore.<\/p>\n\n\n\n<ul class=\"wp-block-list\">\n<li>Advanced Marketing Management<\/li>\n\n\n\n<li>Export Management Process<\/li>\n\n\n\n<li>Contrattualistica e pagamenti internazionali<\/li>\n\n\n\n<li>Risk Assessment<\/li>\n\n\n\n<li>Export Business Plan<\/li>\n<\/ul>\n\n\n\n<h3 class=\"wp-block-heading\">Corsi di specializzazione<\/h3>\n\n\n\n<p>I corsi di specializzazione offrono una prospettiva approfondita degli aspetti specifici legati alla industry del Master e forniscono un approccio prettamente pratico.<\/p>\n\n\n\n<ul class=\"wp-block-list\">\n<li>E-Export<\/li>\n\n\n\n<li>Strategie di Selezione e Ingresso sui Mercati Esteri<\/li>\n\n\n\n<li>Strategie di Product Offering (Product System e Branding)<\/li>\n\n\n\n<li>Social Media Communication per il Made in Italy<\/li>\n\n\n\n<li>Customer Service<\/li>\n\n\n\n<li>Export Management del Made in Italy: la sfida del B2B<\/li>\n\n\n\n<li>Export Management del Made in Italy: la sfida del B2C<\/li>\n\n\n\n<li>Lo scouting dei mercati per il Made in Italy<\/li>\n\n\n\n<li>Interculturalit\u00e0 delle negoziazioni commerciali<\/li>\n\n\n\n<li>La sostenibilit\u00e0 come leva competitiva<\/li>\n\n\n\n<li>Tutela e Valore del Made in Italy<\/li>\n<\/ul>\n\n\n\n<h3 class=\"wp-block-heading\">Project work<\/h3>\n\n\n\n<p>Durante le lezioni in aula, gli studenti saranno coinvolti in un project work, finalizzato a trovare soluzioni innovative a reali esigenze di business. Tale attivit\u00e0 prevedr\u00e0 la supervisione di un tutor e consentir\u00e0 agli allievi di sviluppare competenze trasversali, mettendo in pratica gli insegnamenti appresi.<\/p>\n\n\n\n<h3 class=\"wp-block-heading\">Learning lab<\/h3>\n\n\n\n<p>I laboratori favoriscono la crescita personale dei partecipanti, guidandoli nello sviluppo di abilit\u00e0 trasversali e soft skill. Gli allievi prenderanno parte a sessioni pratiche, durante le quali potranno coltivare la flessibilit\u00e0 intellettuale, accrescere la capacit\u00e0 di problem solving e imparare ad adattarsi a situazioni diverse, perfezionando la propria sensibilit\u00e0 interculturale.<\/p>\n\n\n\n<h3 class=\"wp-block-heading\">Tirocinio<\/h3>\n\n\n\n<p>Il tirocinio curriculare \u00e8 generalmente svolto al termine del Major in Export Management per il Made in Italy e rappresenta per gli studenti l\u2019opportunit\u00e0 di combinare teoria e pratica, entrando in contatto diretto con figure professionali di settore. Il Career Service fornisce supporto nella ricerca delle opportunit\u00e0 di tirocinio, contribuendo cos\u00ec a espandere le prospettive di carriera dei partecipanti, offrendo loro la possibilit\u00e0 di acquisire l\u2019esperienza lavorativa necessaria per incrementare e migliorare le proprie abilit\u00e0, ed estendere il proprio business network.<\/p>\n\n\n\n<h3 class=\"wp-block-heading\">Calendario Accademico<\/h3>\n\n\n\n<p>Il Master in Marketing Management \u2013 Major in Export Management per il Made in Italy ha una durata di 12 mesi ed \u00e8 suddiviso in&nbsp;4 term.<\/p>\n\n\n\n<p><strong>Term 1:&nbsp;<\/strong>ottobre \u2013 dicembre 2026<\/p>\n\n\n\n<p><strong>Term 2:&nbsp;<\/strong>gennaio \u2013 marzo 2027<\/p>\n\n\n\n<p><strong>Term 3:&nbsp;<\/strong>aprile \u2013 maggio 2027<\/p>\n\n\n\n<p><strong>Term 4:&nbsp;<\/strong>maggio \u2013 giugno 2027 fino alla conclusione del tirocinio<\/p>\n\n\n\n<p>Il calendario accademico potrebbe subire variazioni durante l\u2019anno. Per ricevere maggiori informazioni \u00e8 possibile inviare un\u2019e-mail all\u2019indirizzo&nbsp;<strong><a href=\"mailto:master@luissbusinessschool.it\">master@luissbusinessschool.it<\/a>&nbsp;<\/strong>.<\/p>\n","protected":false},"excerpt":{"rendered":"<p>Il curriculum del Major in Export Management per il Made in Italy, del Master in Marketing Management, \u00e8 disegnato con [&hellip;]<\/p>\n","protected":false},"author":5,"featured_media":0,"parent":0,"menu_order":0,"comment_status":"closed","ping_status":"closed","template":"page-default.php","meta":{"_acf_changed":false,"footnotes":""},"categories":[],"tags":[],"docenti_teaching_area":[],"docenti_research_area":[],"tematiche":[],"lingue":[],"lunghezza_corsi":[],"class_list":["post-244","page","type-page","status-publish","hentry"],"acf":[],"aioseo_notices":[],"_links":{"self":[{"href":"https:\/\/businessschool.luiss.it\/master-export-management\/wp-json\/wp\/v2\/pages\/244","targetHints":{"allow":["GET"]}}],"collection":[{"href":"https:\/\/businessschool.luiss.it\/master-export-management\/wp-json\/wp\/v2\/pages"}],"about":[{"href":"https:\/\/businessschool.luiss.it\/master-export-management\/wp-json\/wp\/v2\/types\/page"}],"author":[{"embeddable":true,"href":"https:\/\/businessschool.luiss.it\/master-export-management\/wp-json\/wp\/v2\/users\/5"}],"replies":[{"embeddable":true,"href":"https:\/\/businessschool.luiss.it\/master-export-management\/wp-json\/wp\/v2\/comments?post=244"}],"version-history":[{"count":5,"href":"https:\/\/businessschool.luiss.it\/master-export-management\/wp-json\/wp\/v2\/pages\/244\/revisions"}],"predecessor-version":[{"id":858,"href":"https:\/\/businessschool.luiss.it\/master-export-management\/wp-json\/wp\/v2\/pages\/244\/revisions\/858"}],"wp:attachment":[{"href":"https:\/\/businessschool.luiss.it\/master-export-management\/wp-json\/wp\/v2\/media?parent=244"}],"wp:term":[{"taxonomy":"category","embeddable":true,"href":"https:\/\/businessschool.luiss.it\/master-export-management\/wp-json\/wp\/v2\/categories?post=244"},{"taxonomy":"post_tag","embeddable":true,"href":"https:\/\/businessschool.luiss.it\/master-export-management\/wp-json\/wp\/v2\/tags?post=244"},{"taxonomy":"docenti_teaching_area","embeddable":true,"href":"https:\/\/businessschool.luiss.it\/master-export-management\/wp-json\/wp\/v2\/docenti_teaching_area?post=244"},{"taxonomy":"docenti_research_area","embeddable":true,"href":"https:\/\/businessschool.luiss.it\/master-export-management\/wp-json\/wp\/v2\/docenti_research_area?post=244"},{"taxonomy":"tematiche","embeddable":true,"href":"https:\/\/businessschool.luiss.it\/master-export-management\/wp-json\/wp\/v2\/tematiche?post=244"},{"taxonomy":"lingue","embeddable":true,"href":"https:\/\/businessschool.luiss.it\/master-export-management\/wp-json\/wp\/v2\/lingue?post=244"},{"taxonomy":"lunghezza_corsi","embeddable":true,"href":"https:\/\/businessschool.luiss.it\/master-export-management\/wp-json\/wp\/v2\/lunghezza_corsi?post=244"}],"curies":[{"name":"wp","href":"https:\/\/api.w.org\/{rel}","templated":true}]}}