{"id":250,"date":"2018-05-15T14:10:11","date_gmt":"2018-05-15T14:10:11","guid":{"rendered":"https:\/\/businessschool.luiss.it\/master-digital-export\/?page_id=250"},"modified":"2024-01-05T13:44:26","modified_gmt":"2024-01-05T13:44:26","slug":"soft-skills-lab","status":"publish","type":"page","link":"https:\/\/businessschool.luiss.it\/master-export-management\/soft-skills-lab\/","title":{"rendered":"Soft Skills Lab"},"content":{"rendered":"\n<p>Le soft skill sono considerate fondamentali secondo il World Economic Forum (WEF).<\/p>\n\n\n\n<p>I leader aziendali devono possedere una combinazione di competenze tecniche e soft skill per gestire con successo le sfide complesse del mondo del lavoro.<\/p>\n\n\n\n<p>I Soft Skills Lab sono, pertanto, finalizzati alla crescita personale e permettono agli studenti di sviluppare abilit\u00e0 trasversali attraverso attivit\u00e0 pratiche, strutturate in modo da consentire un\u2019effettiva personalizzazione del percorso didattico con il supporto e l\u2019orientamento del nostro staff.<\/p>\n\n\n\n<p>I nostri laboratori:<\/p>\n\n\n\n<h4 class=\"wp-block-heading\"><strong>Obiettivi di occupabilit\u00e0 \u2013 Employability Lab<\/strong><\/h4>\n\n\n\n<p>L\u2019obiettivo del laboratorio \u00e8 quello di contribuire al miglioramento dell\u2019employability degli studenti lavorando assieme a Coach certificati. Il laboratorio \u00e8 condotto in collaborazione con l\u2019Ufficio Career Service.<\/p>\n\n\n\n<h4 class=\"wp-block-heading\"><strong>Comunicazione efficace \u2013 How-to-Present Lab<\/strong><\/h4>\n\n\n\n<p>L\u2019obiettivo \u00e8 fornire allo studente gli strumenti per valorizzare il proprio profilo professionale e avere uno standing unico e d\u2019impatto, acquisendo gli strumenti per comunicare in modo efficace sia per iscritto che oralmente, e preparare un pitch efficace<\/p>\n\n\n\n<h4 class=\"wp-block-heading\"><strong>Pensiero strategico \u2013 Design Thinking<\/strong><\/h4>\n\n\n\n<p>La partecipazione a questo workshop permetter\u00e0 di comprendere l\u2019approccio metodologico del design thinking, di approfondire dove, quando e come svilupparlo nelle aziende e familiarizzare con il vocabolario e gli strumenti del design thinking<\/p>\n\n\n\n<h4 class=\"wp-block-heading\"><strong>Gestione del tempo e delle risorse \u2013 Project Management<\/strong><\/h4>\n\n\n\n<p>Il laboratorio ha l\u2019obiettivo di mettere gli studenti nella condizione di poter contribuire efficacemente alla pianificazione e all\u2019esecuzione di un progetto, comprendendone e valutandone i fattori critici di successo. Il laboratorio fornisce la definizione di concetti base di Project Management, approfondendo le differenze fondamentali tra \u201cprogetto\u201d e \u201cprogramma\u201d e soffermandosi sui cinque gruppi di processo per la gestione di un progetto.<\/p>\n\n\n\n<h4 class=\"wp-block-heading\"><strong>Gestione del tempo e delle risorse \u2013 People Management<\/strong><\/h4>\n\n\n\n<p>Il workshop mira a trasferire ai partecipanti le conoscenze necessarie per la progettazione ed implementazione di sistemi e processi di gestione e sviluppo delle risorse umane unitamente alla capacit\u00e0 di sviluppare le migliori pratiche gestionali ed organizzative<\/p>\n\n\n\n<h4 class=\"wp-block-heading\"><strong>Pensiero analitico \u2013 Digital Transformation<\/strong><\/h4>\n\n\n\n<p>Questo laboratorio offre la possibilit\u00e0 agli studenti di chiarire cosa si intenda per \u201cTrasformazione digitale\u201d acquisendo, al tempo stesso, i concetti e i principali \u201cdriver\u201d della trasformazione digitale. Permette, inoltre, l\u2019assimilazione di \u201ccomportamenti digitali\u201d per l\u2019organizzazione e l\u2019ecosistema di riferimento.<\/p>\n\n\n\n<h4 class=\"wp-block-heading\"><strong>Negoziazione e risoluzione dei conflitti \u2013 Negoziazione e Gestione dei Conflitti<\/strong><\/h4>\n\n\n\n<p>L\u2019obiettivo sar\u00e0 approfondire strategie e approcci alla negoziazione, in ambito sia interno che esterno all\u2019Azienda, con particolare riferimento alla definizione di accordi che soddisfino gli interessi di entrambe le parti trasferendo ai partecipanti le principali tecniche per gestire una trattativa.<\/p>\n\n\n\n<h4 class=\"wp-block-heading\"><strong>Adattabilit\u00e0 e flessibilit\u00e0 \u2013 Complex Problem Solving<\/strong><\/h4>\n\n\n\n<p>Gli studenti acquisiranno la capacit\u00e0 di risolvere problemi considerando l\u2019impatto economico, ambientale e sociale, consolidando abilit\u00e0 di analisi sviluppando il pensiero laterale. Si lavorer\u00e0 anche sul potenziamento della velocit\u00e0 decisionale, bilanciando rischi e guadagni nella soluzione.<\/p>\n\n\n\n<h4 class=\"wp-block-heading\"><strong>Empatia \u2013 Creativity<\/strong><\/h4>\n\n\n\n<p>Il laboratorio consente di sviluppare e acquisire nuove competenze sfruttando la creativit\u00e0. Il fine ultimo \u00e8 quello di aiutare i partecipanti a creare un ambiente di lavoro che valorizzi i singoli individui, aumentando la motivazione personale e favorendo l\u2019integrazione con gli altri componenti del gruppo, cos\u00ec da migliorare i risultati di business.<\/p>\n\n\n\n<h4 class=\"wp-block-heading\"><strong>Empatia<\/strong>&nbsp;\u2013&nbsp;<strong>Sustainability<\/strong><\/h4>\n\n\n\n<p>Lo scopo del laboratorio \u00e8 quello di sensibilizzare gli studenti su problematiche attuali relative alla sostenibilit\u00e0. Durante il laboratorio, gli studenti hanno modo di mettersi alla prova in un\u2019attivit\u00e0 pratica e quindi comprendere logiche e dinamiche di un business etico, responsabile e sostenibile<\/p>\n\n\n\n<p>Accanto a queste attivit\u00e0 si offrono anche corsi di&nbsp;<strong>Excel<\/strong>&nbsp;e&nbsp;<strong>Coding<\/strong>&nbsp;per migliorare la capacit\u00e0 degli studenti nel trattamento ed elaborazione dei dati.<\/p>\n","protected":false},"excerpt":{"rendered":"<p>Le soft skill sono considerate fondamentali secondo il World Economic Forum (WEF). I leader aziendali devono possedere una combinazione di [&hellip;]<\/p>\n","protected":false},"author":5,"featured_media":0,"parent":0,"menu_order":0,"comment_status":"closed","ping_status":"closed","template":"page-default.php","meta":{"_acf_changed":false,"footnotes":""},"categories":[],"tags":[],"docenti_teaching_area":[],"docenti_research_area":[],"tematiche":[],"lingue":[],"lunghezza_corsi":[],"class_list":["post-250","page","type-page","status-publish","hentry"],"acf":[],"aioseo_notices":[],"_links":{"self":[{"href":"https:\/\/businessschool.luiss.it\/master-export-management\/wp-json\/wp\/v2\/pages\/250","targetHints":{"allow":["GET"]}}],"collection":[{"href":"https:\/\/businessschool.luiss.it\/master-export-management\/wp-json\/wp\/v2\/pages"}],"about":[{"href":"https:\/\/businessschool.luiss.it\/master-export-management\/wp-json\/wp\/v2\/types\/page"}],"author":[{"embeddable":true,"href":"https:\/\/businessschool.luiss.it\/master-export-management\/wp-json\/wp\/v2\/users\/5"}],"replies":[{"embeddable":true,"href":"https:\/\/businessschool.luiss.it\/master-export-management\/wp-json\/wp\/v2\/comments?post=250"}],"version-history":[{"count":5,"href":"https:\/\/businessschool.luiss.it\/master-export-management\/wp-json\/wp\/v2\/pages\/250\/revisions"}],"predecessor-version":[{"id":729,"href":"https:\/\/businessschool.luiss.it\/master-export-management\/wp-json\/wp\/v2\/pages\/250\/revisions\/729"}],"wp:attachment":[{"href":"https:\/\/businessschool.luiss.it\/master-export-management\/wp-json\/wp\/v2\/media?parent=250"}],"wp:term":[{"taxonomy":"category","embeddable":true,"href":"https:\/\/businessschool.luiss.it\/master-export-management\/wp-json\/wp\/v2\/categories?post=250"},{"taxonomy":"post_tag","embeddable":true,"href":"https:\/\/businessschool.luiss.it\/master-export-management\/wp-json\/wp\/v2\/tags?post=250"},{"taxonomy":"docenti_teaching_area","embeddable":true,"href":"https:\/\/businessschool.luiss.it\/master-export-management\/wp-json\/wp\/v2\/docenti_teaching_area?post=250"},{"taxonomy":"docenti_research_area","embeddable":true,"href":"https:\/\/businessschool.luiss.it\/master-export-management\/wp-json\/wp\/v2\/docenti_research_area?post=250"},{"taxonomy":"tematiche","embeddable":true,"href":"https:\/\/businessschool.luiss.it\/master-export-management\/wp-json\/wp\/v2\/tematiche?post=250"},{"taxonomy":"lingue","embeddable":true,"href":"https:\/\/businessschool.luiss.it\/master-export-management\/wp-json\/wp\/v2\/lingue?post=250"},{"taxonomy":"lunghezza_corsi","embeddable":true,"href":"https:\/\/businessschool.luiss.it\/master-export-management\/wp-json\/wp\/v2\/lunghezza_corsi?post=250"}],"curies":[{"name":"wp","href":"https:\/\/api.w.org\/{rel}","templated":true}]}}