{"id":248,"date":"2017-06-14T10:27:42","date_gmt":"2017-06-14T10:27:42","guid":{"rendered":"https:\/\/businessschool.luiss.it\/master-food-wine\/?page_id=248"},"modified":"2026-03-09T11:31:26","modified_gmt":"2026-03-09T11:31:26","slug":"cirriculum","status":"publish","type":"page","link":"https:\/\/businessschool.luiss.it\/master-food-wine\/cirriculum\/","title":{"rendered":"Curriculum"},"content":{"rendered":"\n<p>Il curriculum del Master in Food and Wine Business \u00e8 disegnato con l\u2019obiettivo di assicurare e supportare in maniera progressiva la crescita professionale e personale dei partecipanti. L\u2019esperienza formativa \u00e8 composta da lezioni, casi studio, sessioni di lavoro di gruppo. Prevede inoltre il coinvolgimento di una faculty di alto livello, composta da accademici e professionisti.<\/p>\n\n\n\n<p>Per tutta la durata del Programma, gli studenti riceveranno dal Career Service un supporto costante che li aiuti ad acquisire e sviluppare competenze utili a incrementare la propria spendibilit\u00e0 nel mercato del lavoro. Il Career Service offrir\u00e0 anche supporto diretto nella ricerca di un tirocinio curriculare.<\/p>\n\n\n\n<h3 class=\"wp-block-heading\">Induction week<\/h3>\n\n\n\n<p>L\u2019induction week \u00e8 la settimana introduttiva al Programma, durante la quale gli studenti potranno ambientarsi e prendere confidenza con la vita del campus. Verranno organizzati laboratori di ice-breaking, seminari, workshop e presentazioni. Gli studenti avranno l\u2019occasione di conoscere i propri compagni di corso, i servizi e le attivit\u00e0 curriculari ed extra-curriculari previste dal Programma.<\/p>\n\n\n\n<h3 class=\"wp-block-heading\">General management<\/h3>\n\n\n\n<p>I corsi in general management mirano a fornire a tutti gli studenti le basi di Business e Management necessarie per comprendere i concetti che verranno introdotti durante i corsi core e di specializzazione di ciascun master.<\/p>\n\n\n\n<ul class=\"wp-block-list\">\n<li>Business Modelling &amp; Planning<\/li>\n\n\n\n<li>Fondamenti di Marketing<\/li>\n\n\n\n<li>Economia delle imprese creative e culturali<\/li>\n\n\n\n<li>Strategia<\/li>\n\n\n\n<li>Performace Measurement<\/li>\n\n\n\n<li>Organizzazione e gestione risorse umane<\/li>\n<\/ul>\n\n\n\n<h3 class=\"wp-block-heading\">Corsi core<\/h3>\n\n\n\n<p>I corsi core hanno lo scopo di introdurre agli studenti i concetti chiave legati alla industry del Master. Tali corsi forniscono i principi e le competenze necessari per acquisire una conoscenza pi\u00f9 completa del settore.<\/p>\n\n\n\n<ul class=\"wp-block-list\">\n<li>Gestione della Marca e del Prezzo<\/li>\n\n\n\n<li>Strategia di Comunicazione<\/li>\n\n\n\n<li>Gestione Finanziaria<\/li>\n\n\n\n<li>Budget e Controllo di Gestione<\/li>\n\n\n\n<li>Food Cost &amp; Wine Cost Control<\/li>\n\n\n\n<li>Gestione degli Approvvigionamenti<\/li>\n\n\n\n<li>Restaurant, Kitchen &amp; Wine Cellar Layout<\/li>\n\n\n\n<li>Gestione dei Mercati Internazionali<\/li>\n<\/ul>\n\n\n\n<h3 class=\"wp-block-heading\">Corsi di specializzazione<\/h3>\n\n\n\n<p>I corsi di specializzazione offrono una prospettiva approfondita degli aspetti specifici legati alla industry del Master e forniscono un approccio prettamente pratico. Alcuni corsi si svolgono presso Gambero Rosso Academy.<\/p>\n\n\n\n<ul class=\"wp-block-list\">\n<li>Tecniche e Strategie Digitali per il Food &amp; Wine<\/li>\n\n\n\n<li>Comportamento del Consumatore<\/li>\n\n\n\n<li>Retail &amp; Sales Management nel Food &amp; Wine<\/li>\n\n\n\n<li>Elementi di diritto nel settore alimentare<\/li>\n\n\n\n<li>Analisi delle Filiere Produttive<\/li>\n<\/ul>\n\n\n\n<h3 class=\"wp-block-heading\">Altre attivit\u00e0 formative<\/h3>\n\n\n\n<ul class=\"wp-block-list\">\n<li>HACCP<\/li>\n\n\n\n<li>Menu\/Wine List Engineering<\/li>\n\n\n\n<li>Laboratorio di Enologia<\/li>\n\n\n\n<li>Analisi Sensoriale e Wine Tasting<\/li>\n<\/ul>\n\n\n\n<h3 class=\"wp-block-heading\">Challenge<\/h3>\n\n\n\n<p>Durante le lezioni in aula, gli studenti saranno coinvolti in una challenge commissionata dalle aziende partner del Master, finalizzata a trovare soluzioni innovative a reali esigenze di business. Tale attivit\u00e0 prevedr\u00e0 la supervisione di un tutor aziendale e consentir\u00e0 agli allievi di sviluppare competenze trasversali, mettendo in pratica gli insegnamenti appresi.<\/p>\n\n\n\n<h3 class=\"wp-block-heading\">Learning lab<\/h3>\n\n\n\n<p>I laboratori favoriscono la crescita personale dei partecipanti, guidandoli nello sviluppo di abilit\u00e0 trasversali e soft skill. Gli allievi prenderanno parte a sessioni pratiche, durante le quali potranno coltivare la flessibilit\u00e0 intellettuale, accrescere la capacit\u00e0 di problem solving e imparare ad adattarsi a situazioni diverse, perfezionando la propria sensibilit\u00e0 interculturale.<\/p>\n\n\n\n<h3 class=\"wp-block-heading\">Tirocinio<\/h3>\n\n\n\n<p>Il tirocinio curriculare \u00e8 generalmente svolto al termine del Master in Food and Wine Business e rappresenta per gli studenti l\u2019opportunit\u00e0 di combinare teoria e pratica, entrando in contatto diretto con figure professionali di settore. Il Career Service fornisce supporto nella ricerca delle opportunit\u00e0 di tirocinio, contribuendo cos\u00ec a espandere le prospettive di carriera&nbsp;dei partecipanti, offrendo loro la possibilit\u00e0 di acquisire l\u2019esperienza lavorativa necessaria per incrementare e migliorare le proprie abilit\u00e0, ed estendere il proprio business network.<\/p>\n\n\n\n<h3 class=\"wp-block-heading\">Calendario Accademico<\/h3>\n\n\n\n<p>l Master in Food and Wine Business ha una durata di 12 mesi ed \u00e8 suddiviso in 4 term.<\/p>\n\n\n\n<p>Term I: Gennaio-Aprile 2027<br>Term II: Maggio-Luglio 2027<br>Term III: Settembre-Novembre 2027<br>Term IV: Dicembre 2027<\/p>\n\n\n\n<p><em>Il calendario accademico potrebbe subire variazioni durante l\u2019anno. Per ricevere maggiori informazioni \u00e8 possibile inviare un\u2019e-mail all\u2019indirizzo <a href=\"mailto:master@luissbusinessschool.it\">master@luissbusinessschool.it<\/a>.<\/em><\/p>\n","protected":false},"excerpt":{"rendered":"<p>Il curriculum del Master in Food and Wine Business \u00e8 disegnato con l\u2019obiettivo di assicurare e supportare in maniera progressiva [&hellip;]<\/p>\n","protected":false},"author":5,"featured_media":0,"parent":0,"menu_order":0,"comment_status":"closed","ping_status":"closed","template":"","meta":{"_acf_changed":false,"footnotes":""},"categories":[],"tags":[],"docenti_teaching_area":[],"docenti_research_area":[],"tematiche":[],"lingue":[],"lunghezza_corsi":[],"class_list":["post-248","page","type-page","status-publish","hentry"],"acf":[],"aioseo_notices":[],"_links":{"self":[{"href":"https:\/\/businessschool.luiss.it\/master-food-wine\/wp-json\/wp\/v2\/pages\/248","targetHints":{"allow":["GET"]}}],"collection":[{"href":"https:\/\/businessschool.luiss.it\/master-food-wine\/wp-json\/wp\/v2\/pages"}],"about":[{"href":"https:\/\/businessschool.luiss.it\/master-food-wine\/wp-json\/wp\/v2\/types\/page"}],"author":[{"embeddable":true,"href":"https:\/\/businessschool.luiss.it\/master-food-wine\/wp-json\/wp\/v2\/users\/5"}],"replies":[{"embeddable":true,"href":"https:\/\/businessschool.luiss.it\/master-food-wine\/wp-json\/wp\/v2\/comments?post=248"}],"version-history":[{"count":6,"href":"https:\/\/businessschool.luiss.it\/master-food-wine\/wp-json\/wp\/v2\/pages\/248\/revisions"}],"predecessor-version":[{"id":737,"href":"https:\/\/businessschool.luiss.it\/master-food-wine\/wp-json\/wp\/v2\/pages\/248\/revisions\/737"}],"wp:attachment":[{"href":"https:\/\/businessschool.luiss.it\/master-food-wine\/wp-json\/wp\/v2\/media?parent=248"}],"wp:term":[{"taxonomy":"category","embeddable":true,"href":"https:\/\/businessschool.luiss.it\/master-food-wine\/wp-json\/wp\/v2\/categories?post=248"},{"taxonomy":"post_tag","embeddable":true,"href":"https:\/\/businessschool.luiss.it\/master-food-wine\/wp-json\/wp\/v2\/tags?post=248"},{"taxonomy":"docenti_teaching_area","embeddable":true,"href":"https:\/\/businessschool.luiss.it\/master-food-wine\/wp-json\/wp\/v2\/docenti_teaching_area?post=248"},{"taxonomy":"docenti_research_area","embeddable":true,"href":"https:\/\/businessschool.luiss.it\/master-food-wine\/wp-json\/wp\/v2\/docenti_research_area?post=248"},{"taxonomy":"tematiche","embeddable":true,"href":"https:\/\/businessschool.luiss.it\/master-food-wine\/wp-json\/wp\/v2\/tematiche?post=248"},{"taxonomy":"lingue","embeddable":true,"href":"https:\/\/businessschool.luiss.it\/master-food-wine\/wp-json\/wp\/v2\/lingue?post=248"},{"taxonomy":"lunghezza_corsi","embeddable":true,"href":"https:\/\/businessschool.luiss.it\/master-food-wine\/wp-json\/wp\/v2\/lunghezza_corsi?post=248"}],"curies":[{"name":"wp","href":"https:\/\/api.w.org\/{rel}","templated":true}]}}