{"id":246,"date":"2017-06-14T10:09:14","date_gmt":"2017-06-14T10:09:14","guid":{"rendered":"https:\/\/businessschool.luiss.it\/master-of-art\/?page_id=246"},"modified":"2026-03-10T14:12:20","modified_gmt":"2026-03-10T14:12:20","slug":"curriculum","status":"publish","type":"page","link":"https:\/\/businessschool.luiss.it\/master-of-art\/curriculum\/","title":{"rendered":"Curriculum"},"content":{"rendered":"\n<p>Il curriculum del Master in Art Management \u00e8 disegnato con l\u2019obiettivo di assicurare e supportare in maniera progressiva la crescita professionale e personale dei partecipanti. L\u2019esperienza formativa \u00e8 composta da lezioni, casi studio, sessioni di lavoro di gruppo. Prevede inoltre il coinvolgimento di una faculty di alto livello, composta da accademici e professionisti.<\/p>\n\n\n\n<p>Per tutta la durata del Programma, gli studenti riceveranno dal Career Service un supporto costante che li aiuti ad acquisire e sviluppare competenze utili a incrementare la propria spendibilit\u00e0 nel mercato del lavoro. Il Career Service offrir\u00e0 anche supporto diretto nella ricerca di un tirocinio curriculare.<\/p>\n\n\n\n<h3 class=\"wp-block-heading\">Induction week<\/h3>\n\n\n\n<p>L&#8217;induction week \u00e8 la settimana introduttiva al Programma, durante la quale gli studenti potranno ambientarsi e prendere confidenza con la vita del campus. Verranno organizzati laboratori di ice-breaking, seminari, workshop e presentazioni. Gli studenti avranno l&#8217;occasione di conoscere i propri compagni di corso, i servizi e le attivit\u00e0 curriculari ed extra-curriculari previste dal Programma.<\/p>\n\n\n\n<h3 class=\"wp-block-heading\">General management<\/h3>\n\n\n\n<ul class=\"wp-block-list\">\n<li>Business Modelling &amp; Planning<\/li>\n\n\n\n<li>Fondamenti di Marketing<\/li>\n\n\n\n<li>Economia delle imprese creative e culturali<\/li>\n\n\n\n<li>Strategia<\/li>\n\n\n\n<li>Performance Measurement<\/li>\n\n\n\n<li>Organizzazione e People Management<\/li>\n<\/ul>\n\n\n\n<h3 class=\"wp-block-heading\">Corsi core<\/h3>\n\n\n\n<p>I corsi core hanno lo scopo di introdurre agli studenti i concetti chiave legati alla industry del Master. Tali corsi forniscono i principi e le competenze necessari per acquisire una conoscenza pi\u00f9 completa del settore.<\/p>\n\n\n\n<ul class=\"wp-block-list\">\n<li>Storia dell\u2019Arte Contemporanea<\/li>\n\n\n\n<li>Semiotica dell\u2019Arte<\/li>\n\n\n\n<li>Teorie e Tecniche della Comunicazione\u00a0Estetica<strong>\u00a0<\/strong>Museale<\/li>\n\n\n\n<li>Gestione Gallerie d\u2019Arte<\/li>\n\n\n\n<li>Progettazione e Allestimento Museale<\/li>\n\n\n\n<li>Gestione di Musei e del Patrimonio Culturale<\/li>\n\n\n\n<li>Diritto per il Patrimonio Culturale<\/li>\n<\/ul>\n\n\n\n<h3 class=\"wp-block-heading\">Corsi di specializzazione<\/h3>\n\n\n\n<p>I corsi di specializzazione offrono una prospettiva approfondita degli aspetti specifici legati alla industry del Master e forniscono un approccio prettamente pratico.<\/p>\n\n\n\n<ul class=\"wp-block-list\">\n<li>Curatela Museale<\/li>\n\n\n\n<li>Progettazione e Allestimento Mostre<\/li>\n\n\n\n<li>Architettura di Mostre<\/li>\n\n\n\n<li>Comunicazione e Informazione<\/li>\n\n\n\n<li>Laboratorio Progettazione, Budgeting e promozione Mostra<\/li>\n<\/ul>\n\n\n\n<h3 class=\"wp-block-heading\">Project work<\/h3>\n\n\n\n<p><strong>&nbsp;<\/strong>Al termine del Master gli studenti avranno l\u2019occasione di organizzare e curare, in tutti i suoi aspetti, una mostra d\u2019arte contemporanea: dall\u2019identificazione del concept fino al disallestimento.<\/p>\n\n\n\n<h3 class=\"wp-block-heading\">Learning lab<\/h3>\n\n\n\n<p>I laboratori favoriscono la crescita personale dei partecipanti, guidandoli nello sviluppo di abilit\u00e0 trasversali e soft skill. Gli allievi prenderanno parte a sessioni pratiche, durante le quali potranno coltivare la flessibilit\u00e0 intellettuale, accrescere la capacit\u00e0 di problem solving e imparare ad adattarsi a situazioni diverse, perfezionando la propria sensibilit\u00e0 interculturale.<\/p>\n\n\n\n<h3 class=\"wp-block-heading\">Tirocinio<\/h3>\n\n\n\n<p>Il tirocinio curriculare \u00e8 generalmente svolto al termine del Master in Art Management e rappresenta per gli studenti l\u2019opportunit\u00e0 di combinare teoria e pratica, entrando in contatto diretto con figure professionali di settore. Il Career Service fornisce supporto nella ricerca delle opportunit\u00e0 di tirocinio, contribuendo cos\u00ec a espandere le prospettive di carriera dei partecipanti, offrendo loro la possibilit\u00e0 di acquisire l\u2019esperienza lavorativa necessaria per incrementare e migliorare le proprie abilit\u00e0, ed estendere il proprio business network.<\/p>\n\n\n\n<h3 class=\"wp-block-heading\">Field project<\/h3>\n\n\n\n<p>Il Field project \u00e8 la parte conclusiva del Master e rappresenta per gli studenti l\u2019opportunit\u00e0 di mettere in pratica le competenze acquisite durante il programma. A seguito della formazione in aula gli allievi avranno la possibilit\u00e0 di&nbsp;combinare teoria e pratica&nbsp;ed entreranno in contatto diretto con figure professionali di settore.<\/p>\n\n\n\n<h3 class=\"wp-block-heading\">Calendario Accademico<\/h3>\n\n\n\n<p>Il Master in Art Management ha una durata di 12 mesi ed \u00e8 suddiviso in 4 term.<\/p>\n\n\n\n<p><strong><strong>Term 1<\/strong>:&nbsp;<\/strong>gennaio-aprile 2027<strong><br><strong>Term 2<\/strong>:&nbsp;<\/strong>maggio-luglio 2027<strong><br><strong>Term 3<\/strong>:&nbsp;<\/strong>settembre-novembre 2027<br><strong>Term 4<\/strong>:&nbsp;dicembre 2027 fino alla conclusione del field project<\/p>\n\n\n\n<p>Il calendario accademico potrebbe subire variazioni durante l\u2019anno. Per ricevere maggiori informazioni \u00e8 possibile inviare un\u2019e-mail all\u2019indirizzo <a style=\"font-size: inherit;\" href=\"mailto:master@luissbusinessschool.it\">master@luissbusinessschool.it<\/a><span style=\"font-size: inherit;\">.<\/span><\/p>\n","protected":false},"excerpt":{"rendered":"<p>Il curriculum del Master in Art Management \u00e8 disegnato con l\u2019obiettivo di assicurare e supportare in maniera progressiva la crescita [&hellip;]<\/p>\n","protected":false},"author":5,"featured_media":0,"parent":0,"menu_order":0,"comment_status":"closed","ping_status":"closed","template":"page-curriculum.php","meta":{"_acf_changed":false,"footnotes":""},"categories":[],"tags":[],"docenti_teaching_area":[],"docenti_research_area":[],"tematiche":[],"lingue":[],"lunghezza_corsi":[],"class_list":["post-246","page","type-page","status-publish","hentry"],"acf":[],"aioseo_notices":[],"_links":{"self":[{"href":"https:\/\/businessschool.luiss.it\/master-of-art\/wp-json\/wp\/v2\/pages\/246","targetHints":{"allow":["GET"]}}],"collection":[{"href":"https:\/\/businessschool.luiss.it\/master-of-art\/wp-json\/wp\/v2\/pages"}],"about":[{"href":"https:\/\/businessschool.luiss.it\/master-of-art\/wp-json\/wp\/v2\/types\/page"}],"author":[{"embeddable":true,"href":"https:\/\/businessschool.luiss.it\/master-of-art\/wp-json\/wp\/v2\/users\/5"}],"replies":[{"embeddable":true,"href":"https:\/\/businessschool.luiss.it\/master-of-art\/wp-json\/wp\/v2\/comments?post=246"}],"version-history":[{"count":6,"href":"https:\/\/businessschool.luiss.it\/master-of-art\/wp-json\/wp\/v2\/pages\/246\/revisions"}],"predecessor-version":[{"id":757,"href":"https:\/\/businessschool.luiss.it\/master-of-art\/wp-json\/wp\/v2\/pages\/246\/revisions\/757"}],"wp:attachment":[{"href":"https:\/\/businessschool.luiss.it\/master-of-art\/wp-json\/wp\/v2\/media?parent=246"}],"wp:term":[{"taxonomy":"category","embeddable":true,"href":"https:\/\/businessschool.luiss.it\/master-of-art\/wp-json\/wp\/v2\/categories?post=246"},{"taxonomy":"post_tag","embeddable":true,"href":"https:\/\/businessschool.luiss.it\/master-of-art\/wp-json\/wp\/v2\/tags?post=246"},{"taxonomy":"docenti_teaching_area","embeddable":true,"href":"https:\/\/businessschool.luiss.it\/master-of-art\/wp-json\/wp\/v2\/docenti_teaching_area?post=246"},{"taxonomy":"docenti_research_area","embeddable":true,"href":"https:\/\/businessschool.luiss.it\/master-of-art\/wp-json\/wp\/v2\/docenti_research_area?post=246"},{"taxonomy":"tematiche","embeddable":true,"href":"https:\/\/businessschool.luiss.it\/master-of-art\/wp-json\/wp\/v2\/tematiche?post=246"},{"taxonomy":"lingue","embeddable":true,"href":"https:\/\/businessschool.luiss.it\/master-of-art\/wp-json\/wp\/v2\/lingue?post=246"},{"taxonomy":"lunghezza_corsi","embeddable":true,"href":"https:\/\/businessschool.luiss.it\/master-of-art\/wp-json\/wp\/v2\/lunghezza_corsi?post=246"}],"curies":[{"name":"wp","href":"https:\/\/api.w.org\/{rel}","templated":true}]}}