{"id":247,"date":"2017-06-13T07:27:07","date_gmt":"2017-06-13T07:27:07","guid":{"rendered":"https:\/\/businessschool.luiss.it\/master-of-music\/?page_id=247"},"modified":"2026-03-11T14:34:28","modified_gmt":"2026-03-11T14:34:28","slug":"curriculum","status":"publish","type":"page","link":"https:\/\/businessschool.luiss.it\/master-of-music\/curriculum\/","title":{"rendered":"Curriculum"},"content":{"rendered":"\n<p>Il curriculum del Major in Music Business, del Master in Master in Management delle Imprese Creative e Culturali, \u00e8 disegnato con l\u2019obiettivo di assicurare e supportare in maniera progressiva la crescita professionale e personale dei partecipanti. L\u2019esperienza formativa \u00e8 composta da lezioni, casi studio, sessioni di lavoro di gruppo. Prevede inoltre il coinvolgimento di una faculty di alto livello, composta da accademici e professionisti.<\/p>\n\n\n\n<p>Per tutta la durata del Programma, gli studenti riceveranno dal Career Service un supporto costante che li aiuti ad acquisire e sviluppare competenze utili a incrementare la propria spendibilit\u00e0 nel mercato del lavoro. Il Career Service offrir\u00e0 anche supporto diretto nella ricerca di un tirocinio curriculare.<\/p>\n\n\n\n<h3 class=\"wp-block-heading\">Induction week<\/h3>\n\n\n\n<p>L&#8217;induction week \u00e8 la settimana introduttiva al Programma, durante la quale gli studenti potranno ambientarsi e prendere confidenza con la vita del campus. Verranno organizzati laboratori di ice-breaking, seminari, workshop e presentazioni. Gli studenti avranno l&#8217;occasione di conoscere i propri compagni di corso, i servizi e le attivit\u00e0 curriculari ed extra-curriculari previste dal Programma.<\/p>\n\n\n\n<h3 class=\"wp-block-heading\">General management<\/h3>\n\n\n\n<p>I corsi in general management mirano a fornire a tutti gli studenti le basi di Business e Management necessarie per comprendere i concetti che verranno introdotti durante i corsi core e di specializzazione di ciascun master.<\/p>\n\n\n\n<ul class=\"wp-block-list\">\n<li><span lang=\"IT\">Business Modelling &amp; Planning<\/span><\/li>\n\n\n\n<li>Fondamenti di <span lang=\"IT\">Marketing<\/span><\/li>\n\n\n\n<li><span lang=\"IT\">Economia delle imprese creative e culturali<\/span><\/li>\n\n\n\n<li><span lang=\"IT\">Strategia<\/span><\/li>\n\n\n\n<li><span lang=\"IT\">Performance Measurement<\/span><\/li>\n\n\n\n<li><span lang=\"IT\">Organizzazione e People Management<\/span><\/li>\n<\/ul>\n\n\n\n<h3 class=\"wp-block-heading\">Corsi core<\/h3>\n\n\n\n<p>I corsi core hanno lo scopo di introdurre agli studenti i concetti chiave legati alla industry del Master. Tali corsi forniscono i principi e le competenze necessari per acquisire una conoscenza pi\u00f9 completa del settore.<\/p>\n\n\n\n<ul class=\"wp-block-list\">\n<li>Artist &amp; Repertoire<\/li>\n\n\n\n<li>Gestione degli Eventi Musicali<\/li>\n\n\n\n<li>La comunicazione nella musica: i media e l\u2019informazione<\/li>\n\n\n\n<li>Management dell\u2019Artista<\/li>\n\n\n\n<li>Management del Music Business<\/li>\n\n\n\n<li>Editoria Distribuzione e Branding dell\u2019Industria Musicale<\/li>\n\n\n\n<li>Marketing e Promozione Musicale<\/li>\n\n\n\n<li>Ufficio Stampa per la Musica<\/li>\n\n\n\n<li><span lang=\"IT\">Sviluppo progetti per il settore musicale<\/span><\/li>\n\n\n\n<li><span lang=\"IT\">Diritto d\u2019autore<\/span><\/li>\n<\/ul>\n\n\n\n<h3 class=\"wp-block-heading\">Corsi di specializzazione<\/h3>\n\n\n\n<p>I corsi di specializzazione offrono una prospettiva approfondita degli aspetti specifici legati alla industry del Master e forniscono un approccio prettamente pratico.<\/p>\n\n\n\n<ul class=\"wp-block-list\">\n<li>Sound Engineering<\/li>\n\n\n\n<li>La gestione dello studio di registrazione (Luiss Record)<\/li>\n<\/ul>\n\n\n\n<h3 class=\"wp-block-heading\">Project work<\/h3>\n\n\n\n<p><strong>&nbsp;<\/strong>Al termine delle lezioni gli studenti avranno la possibilit\u00e0 di cimentarsi nell\u2019ideazione e organizzazione di un evento musicale o nella produzione di un EP.<\/p>\n\n\n\n<h3 class=\"wp-block-heading\">Learning lab<\/h3>\n\n\n\n<p>I laboratori favoriscono la crescita personale dei partecipanti, guidandoli nello sviluppo di abilit\u00e0 trasversali e soft skill. Gli allievi prenderanno parte a sessioni pratiche, durante le quali potranno coltivare la flessibilit\u00e0 intellettuale, accrescere la capacit\u00e0 di problem solving e imparare ad adattarsi a situazioni diverse, perfezionando la propria sensibilit\u00e0 interculturale.<\/p>\n\n\n\n<h3 class=\"wp-block-heading\">Tirocinio<\/h3>\n\n\n\n<p>Il tirocinio curriculare \u00e8 generalmente svolto al termine del Major in Music Business e rappresenta per gli studenti l\u2019opportunit\u00e0 di combinare teoria e pratica, entrando in contatto diretto con figure professionali di settore. Il Career Service fornisce supporto nella ricerca delle opportunit\u00e0 di tirocinio, contribuendo cos\u00ec a espandere le prospettive di carriera dei partecipanti, offrendo loro la possibilit\u00e0 di acquisire l\u2019esperienza lavorativa necessaria per incrementare e migliorare le proprie abilit\u00e0, ed estendere il proprio business network.<\/p>\n\n\n\n<h3 class=\"wp-block-heading\">Calendario Accademico<\/h3>\n\n\n\n<p>La Major in Music Business del Master in Management delle Imprese Creative e Culturali ha una durata di 12 mesi ed \u00e8 suddiviso in 4 term.<\/p>\n\n\n\n<p><strong>Term 1:\u00a0<\/strong>Gennaio-Aprile 2027<br><strong>Term 2:\u00a0<\/strong>Maggio-Luglio 2027<br><strong>Term 3:\u00a0<\/strong>Settembre-Novembre 2027<br><strong>Term 4:\u00a0<\/strong>Dicembre 2027 <\/p>\n\n\n\n<p>Il calendario accademico potrebbe subire variazioni durante l\u2019anno. Per ricevere maggiori informazioni \u00e8 possibile inviare un\u2019e-mail all\u2019indirizzo&nbsp;<a href=\"mailto:master@luissbusinessschool.it\">master@luissbusinessschool.it<\/a>.<\/p>\n","protected":false},"excerpt":{"rendered":"<p>Il curriculum del Major in Music Business, del Master in Master in Management delle Imprese Creative e Culturali, \u00e8 disegnato [&hellip;]<\/p>\n","protected":false},"author":5,"featured_media":0,"parent":0,"menu_order":0,"comment_status":"closed","ping_status":"closed","template":"page-curriculum.php","meta":{"_acf_changed":false,"footnotes":""},"categories":[],"tags":[],"docenti_teaching_area":[],"docenti_research_area":[],"tematiche":[],"lingue":[],"lunghezza_corsi":[],"class_list":["post-247","page","type-page","status-publish","hentry"],"acf":[],"aioseo_notices":[],"_links":{"self":[{"href":"https:\/\/businessschool.luiss.it\/master-of-music\/wp-json\/wp\/v2\/pages\/247","targetHints":{"allow":["GET"]}}],"collection":[{"href":"https:\/\/businessschool.luiss.it\/master-of-music\/wp-json\/wp\/v2\/pages"}],"about":[{"href":"https:\/\/businessschool.luiss.it\/master-of-music\/wp-json\/wp\/v2\/types\/page"}],"author":[{"embeddable":true,"href":"https:\/\/businessschool.luiss.it\/master-of-music\/wp-json\/wp\/v2\/users\/5"}],"replies":[{"embeddable":true,"href":"https:\/\/businessschool.luiss.it\/master-of-music\/wp-json\/wp\/v2\/comments?post=247"}],"version-history":[{"count":6,"href":"https:\/\/businessschool.luiss.it\/master-of-music\/wp-json\/wp\/v2\/pages\/247\/revisions"}],"predecessor-version":[{"id":689,"href":"https:\/\/businessschool.luiss.it\/master-of-music\/wp-json\/wp\/v2\/pages\/247\/revisions\/689"}],"wp:attachment":[{"href":"https:\/\/businessschool.luiss.it\/master-of-music\/wp-json\/wp\/v2\/media?parent=247"}],"wp:term":[{"taxonomy":"category","embeddable":true,"href":"https:\/\/businessschool.luiss.it\/master-of-music\/wp-json\/wp\/v2\/categories?post=247"},{"taxonomy":"post_tag","embeddable":true,"href":"https:\/\/businessschool.luiss.it\/master-of-music\/wp-json\/wp\/v2\/tags?post=247"},{"taxonomy":"docenti_teaching_area","embeddable":true,"href":"https:\/\/businessschool.luiss.it\/master-of-music\/wp-json\/wp\/v2\/docenti_teaching_area?post=247"},{"taxonomy":"docenti_research_area","embeddable":true,"href":"https:\/\/businessschool.luiss.it\/master-of-music\/wp-json\/wp\/v2\/docenti_research_area?post=247"},{"taxonomy":"tematiche","embeddable":true,"href":"https:\/\/businessschool.luiss.it\/master-of-music\/wp-json\/wp\/v2\/tematiche?post=247"},{"taxonomy":"lingue","embeddable":true,"href":"https:\/\/businessschool.luiss.it\/master-of-music\/wp-json\/wp\/v2\/lingue?post=247"},{"taxonomy":"lunghezza_corsi","embeddable":true,"href":"https:\/\/businessschool.luiss.it\/master-of-music\/wp-json\/wp\/v2\/lunghezza_corsi?post=247"}],"curies":[{"name":"wp","href":"https:\/\/api.w.org\/{rel}","templated":true}]}}