{"id":21,"date":"2023-11-20T15:54:23","date_gmt":"2023-11-20T14:54:23","guid":{"rendered":"https:\/\/businessschool.luiss.it\/space-economy-executive-advanced-management\/?page_id=21"},"modified":"2026-02-23T21:36:51","modified_gmt":"2026-02-23T20:36:51","slug":"faculty","status":"publish","type":"page","link":"https:\/\/businessschool.luiss.it\/master-space-economy\/faculty\/","title":{"rendered":"Faculty"},"content":{"rendered":"\n<p>La Faculty \u00e8 composta da accademici dell\u2019Universit\u00e0 Luiss Guido Carli e di altri prestigiosi atenei, oltre che da professionisti e manager con consolidata esperienza aziendale e didattica.<\/p>\n\n\n\n<h3 class=\"wp-block-heading\">Direzione del Master<\/h3>\n\n\n\n<h4 class=\"wp-block-heading\"><strong>Ezio Bussoletti<\/strong><\/h4>\n\n\n\n<p>Prof. Ordinario Scienze e Tecnologie Spaziali, Universit\u00e0 Parthenope, ex Vice Presidente ASI &#8211; Agenzia Spaziale Italiana<\/p>\n\n\n\n<h4 class=\"wp-block-heading\"><strong>Mauro Messerotti<\/strong><\/h4>\n\n\n\n<figure class=\"wp-block-image size-full is-resized\"><img loading=\"lazy\" decoding=\"async\" width=\"657\" height=\"661\" src=\"https:\/\/businessschool.luiss.it\/master-space-economy\/wp-content\/uploads\/sites\/279\/2025\/10\/Messerotti.jpg\" alt=\"Messerotti\n\" class=\"wp-image-190\" style=\"width:237px;height:auto\" srcset=\"https:\/\/businessschool.luiss.it\/master-space-economy\/wp-content\/uploads\/sites\/279\/2025\/10\/Messerotti.jpg 657w, https:\/\/businessschool.luiss.it\/master-space-economy\/wp-content\/uploads\/sites\/279\/2025\/10\/Messerotti-298x300.jpg 298w, https:\/\/businessschool.luiss.it\/master-space-economy\/wp-content\/uploads\/sites\/279\/2025\/10\/Messerotti-150x150.jpg 150w\" sizes=\"auto, (max-width: 657px) 100vw, 657px\" \/><\/figure>\n\n\n\n<p><strong>Mauro Messerotti<\/strong> \u00e8 un fisico e ricercatore senior presso l&#8217;<strong>INAF Osservatorio Astronomico di Trieste<\/strong>, specializzato in meteorologia spaziale (<em>space weather<\/em>) e radiofisica solare. Insegna all&#8217;Universit\u00e0 di Trieste e ha contribuito a numerosi progetti di ricerca internazionali, incluse iniziative dell&#8217;ESA e della NATO. \u00c8 co-fondatore di <strong>PicoSaTs<\/strong> e editore del <em>Journal of Space Weather and Space Climate<\/em>. Con oltre 200 pubblicazioni scientifiche e un&#8217;ampia attivit\u00e0 di divulgazione, \u00e8 una figura di spicco nel campo delle scienze dell&#8217;ambiente spaziale. \u00c8 un membro cooptato di diversi comitati internazionali, come l&#8217;<strong>European Space Sciences Committee<\/strong> dell&#8217;ESF e lo <strong>Space Weather Working Team<\/strong> dell&#8217;ESA.<\/p>\n\n\n\n<h4 class=\"wp-block-heading\"><strong>Denis <\/strong><strong>Mour\u00e0<\/strong><\/h4>\n\n\n\n<figure class=\"wp-block-image size-full is-resized\"><img loading=\"lazy\" decoding=\"async\" width=\"259\" height=\"259\" src=\"https:\/\/businessschool.luiss.it\/master-space-economy\/wp-content\/uploads\/sites\/279\/2025\/10\/Moura.jpg\" alt=\"Denis Moura\" class=\"wp-image-193\" style=\"width:239px;height:auto\" srcset=\"https:\/\/businessschool.luiss.it\/master-space-economy\/wp-content\/uploads\/sites\/279\/2025\/10\/Moura.jpg 259w, https:\/\/businessschool.luiss.it\/master-space-economy\/wp-content\/uploads\/sites\/279\/2025\/10\/Moura-150x150.jpg 150w\" sizes=\"auto, (max-width: 259px) 100vw, 259px\" \/><\/figure>\n\n\n\n<p>Denis Mour\u00e0 \u00e8 un consulente spaziale francese ed ex consigliere senior presso il <strong>CNES<\/strong>, l&#8217;<strong>Agenzia Europea per la Difesa<\/strong> e il <strong>Centro Satellitare dell&#8217;UE<\/strong>. Attualmente dirige <strong>Space: Quo <\/strong><strong>Vadis<\/strong><strong>?<\/strong>, offrendo competenza in spazio, sicurezza e difesa. Con un <em>background<\/em> in ingegneria e diplomazia, ha contribuito ai maggiori programmi spaziali europei e insegna in universit\u00e0 in tutta Europa e Africa.<\/p>\n\n\n\n<h4 class=\"wp-block-heading\"><strong>Gaetano <\/strong><strong>Telesio<\/strong><strong><\/strong><\/h4>\n\n\n\n<figure class=\"wp-block-image size-full is-resized\"><img loading=\"lazy\" decoding=\"async\" width=\"250\" height=\"251\" src=\"https:\/\/businessschool.luiss.it\/master-space-economy\/wp-content\/uploads\/sites\/279\/2025\/10\/Telesio.jpg\" alt=\"Gaetano Telesio\" class=\"wp-image-194\" style=\"width:248px;height:auto\" srcset=\"https:\/\/businessschool.luiss.it\/master-space-economy\/wp-content\/uploads\/sites\/279\/2025\/10\/Telesio.jpg 250w, https:\/\/businessschool.luiss.it\/master-space-economy\/wp-content\/uploads\/sites\/279\/2025\/10\/Telesio-150x150.jpg 150w\" sizes=\"auto, (max-width: 250px) 100vw, 250px\" \/><\/figure>\n\n\n\n<p><strong>Direttore Generale<\/strong> dell&#8217;<strong>Istituto Nazionale di Astrofisica (INAF)<\/strong>, il principale ente di ricerca astrofisica in Italia. In precedenza, ha anche ricoperto il ruolo di Direttore Generale presso l&#8217;<strong>Universit\u00e0 del Sannio<\/strong>, con sede a Benevento. Ha oltre 20 anni di esperienza nella gestione scientifica e nel coordinamento della ricerca. Telesio supervisiona progetti strategici, inclusi quelli finanziati dal <strong>Piano Nazionale di Ripresa e Resilienza (PNRR)<\/strong> italiano. Sostiene attivamente le collaborazioni internazionali per promuovere il ruolo dell&#8217;Italia nell&#8217;astrofisica globale. \u00c8 anche responsabile per la <strong>sicurezza organizzativa<\/strong> e il <strong>benessere del personale<\/strong> dell&#8217;INAF. \u00c8 anche <strong>Coordinatore Scientifico<\/strong> della <strong>Professional Community UNIAMM<\/strong> all&#8217;interno del <strong>Consorzio Interuniversitario per la Formazione (COINFO)<\/strong>, il che gli permette di organizzare corsi di formazione e sviluppo professionale in <strong>Diritto Amministrativo<\/strong> per dipendenti e dirigenti di tutte le universit\u00e0 italiane, e di insegnare questa materia\u2014sia da una prospettiva teorica che pratica\u2014al suddetto pubblico.<\/p>\n\n\n\n<h4 class=\"wp-block-heading\"><strong>Stefania Cantoni<\/strong><\/h4>\n\n\n\n<figure class=\"wp-block-image size-full is-resized\"><img loading=\"lazy\" decoding=\"async\" width=\"270\" height=\"269\" src=\"https:\/\/businessschool.luiss.it\/master-space-economy\/wp-content\/uploads\/sites\/279\/2025\/10\/Cantoni.jpg\" alt=\"Stefania Cantoni\" class=\"wp-image-195\" style=\"width:258px;height:auto\" srcset=\"https:\/\/businessschool.luiss.it\/master-space-economy\/wp-content\/uploads\/sites\/279\/2025\/10\/Cantoni.jpg 270w, https:\/\/businessschool.luiss.it\/master-space-economy\/wp-content\/uploads\/sites\/279\/2025\/10\/Cantoni-150x150.jpg 150w\" sizes=\"auto, (max-width: 270px) 100vw, 270px\" \/><\/figure>\n\n\n\n<p><strong>Direttore Generale ad interim<\/strong> e <strong>Direttore &#8220;Strutture e Infrastrutture di Ricerca&#8221;<\/strong> presso il <strong>Centro Italiano Ricerche Aerospaziali (CIRA)<\/strong> a Capua. Stefania \u00e8 laureata in <strong>Ingegneria Aeronautica<\/strong>, ha un <strong>PhD<\/strong> in Ingegneria dei Materiali e un <strong>MBA<\/strong> da <strong>ISVOR-FIAT Torino<\/strong>. Con oltre due decenni al CIRA, ha dedicato gran parte delle sue attivit\u00e0 scientifiche a <strong>materiali avanzati per sistemi spaziali<\/strong> e <strong>tecnologie di rientro<\/strong>. Il suo lavoro si \u00e8 concentrato sulle <strong>strutture in fibra di carbonio<\/strong> e sui <strong>compositi ceramici<\/strong> per applicazioni aerospaziali. Cantoni \u00e8 una figura di spicco nell&#8217;innovazione aerospaziale italiana e nell&#8217;ingegneria dei materiali.<\/p>\n\n\n\n<h4 class=\"wp-block-heading\"><strong>Alessandra Rotundi<\/strong><\/h4>\n\n\n\n<figure class=\"wp-block-image size-full is-resized\"><img loading=\"lazy\" decoding=\"async\" width=\"270\" height=\"269\" src=\"https:\/\/businessschool.luiss.it\/master-space-economy\/wp-content\/uploads\/sites\/279\/2025\/10\/Rotundi.jpg\" alt=\"Alessandra Rotundi\" class=\"wp-image-196\" style=\"width:257px;height:auto\" srcset=\"https:\/\/businessschool.luiss.it\/master-space-economy\/wp-content\/uploads\/sites\/279\/2025\/10\/Rotundi.jpg 270w, https:\/\/businessschool.luiss.it\/master-space-economy\/wp-content\/uploads\/sites\/279\/2025\/10\/Rotundi-150x150.jpg 150w\" sizes=\"auto, (max-width: 270px) 100vw, 270px\" \/><\/figure>\n\n\n\n<p><strong>Professore Ordinario<\/strong> e <strong>Direttore del Laboratorio di Fisica Cosmica, Planetologia e Astrobiologia<\/strong> presso il Dipartimento di Scienza e Tecnologia dell&#8217;Universit\u00e0 di Napoli Parthenope. \u00c8 la <strong>Principal<\/strong><strong> Investigator<\/strong> dello strumento <strong>GIADA<\/strong> a bordo della missione spaziale <strong>ESA Rosetta<\/strong> e <strong>Co-PI<\/strong> dello strumento <strong>DISC<\/strong> a bordo della missione spaziale <strong>ESA <\/strong><strong>Comet<\/strong><strong> <\/strong><strong>Interceptor<\/strong>. Ha contribuito, come l&#8217;<strong>unico coordinatore italiano<\/strong>, alla missione spaziale <strong>NASA Stardust<\/strong> e fa parte di numerosi comitati internazionali di scienza spaziale. La Prof. Rotundi \u00e8 una <strong>massima esperta<\/strong> nella scienza cometaria e nell&#8217;esplorazione planetaria; la sua ricerca si concentra su <strong>polvere cosmica<\/strong>, <strong>formazione planetaria<\/strong> e <strong>astrobiologia<\/strong>.<\/p>\n","protected":false},"excerpt":{"rendered":"<p>La Faculty \u00e8 composta da accademici dell\u2019Universit\u00e0 Luiss Guido Carli e di altri prestigiosi atenei, oltre che da professionisti e [&hellip;]<\/p>\n","protected":false},"author":13,"featured_media":0,"parent":0,"menu_order":0,"comment_status":"closed","ping_status":"closed","template":"","meta":{"_acf_changed":false,"footnotes":""},"categories":[],"tags":[],"docenti_teaching_area":[],"docenti_research_area":[],"tematiche":[],"lingue":[],"lunghezza_corsi":[],"class_list":["post-21","page","type-page","status-publish","hentry"],"acf":[],"aioseo_notices":[],"_links":{"self":[{"href":"https:\/\/businessschool.luiss.it\/master-space-economy\/wp-json\/wp\/v2\/pages\/21","targetHints":{"allow":["GET"]}}],"collection":[{"href":"https:\/\/businessschool.luiss.it\/master-space-economy\/wp-json\/wp\/v2\/pages"}],"about":[{"href":"https:\/\/businessschool.luiss.it\/master-space-economy\/wp-json\/wp\/v2\/types\/page"}],"author":[{"embeddable":true,"href":"https:\/\/businessschool.luiss.it\/master-space-economy\/wp-json\/wp\/v2\/users\/13"}],"replies":[{"embeddable":true,"href":"https:\/\/businessschool.luiss.it\/master-space-economy\/wp-json\/wp\/v2\/comments?post=21"}],"version-history":[{"count":7,"href":"https:\/\/businessschool.luiss.it\/master-space-economy\/wp-json\/wp\/v2\/pages\/21\/revisions"}],"predecessor-version":[{"id":233,"href":"https:\/\/businessschool.luiss.it\/master-space-economy\/wp-json\/wp\/v2\/pages\/21\/revisions\/233"}],"wp:attachment":[{"href":"https:\/\/businessschool.luiss.it\/master-space-economy\/wp-json\/wp\/v2\/media?parent=21"}],"wp:term":[{"taxonomy":"category","embeddable":true,"href":"https:\/\/businessschool.luiss.it\/master-space-economy\/wp-json\/wp\/v2\/categories?post=21"},{"taxonomy":"post_tag","embeddable":true,"href":"https:\/\/businessschool.luiss.it\/master-space-economy\/wp-json\/wp\/v2\/tags?post=21"},{"taxonomy":"docenti_teaching_area","embeddable":true,"href":"https:\/\/businessschool.luiss.it\/master-space-economy\/wp-json\/wp\/v2\/docenti_teaching_area?post=21"},{"taxonomy":"docenti_research_area","embeddable":true,"href":"https:\/\/businessschool.luiss.it\/master-space-economy\/wp-json\/wp\/v2\/docenti_research_area?post=21"},{"taxonomy":"tematiche","embeddable":true,"href":"https:\/\/businessschool.luiss.it\/master-space-economy\/wp-json\/wp\/v2\/tematiche?post=21"},{"taxonomy":"lingue","embeddable":true,"href":"https:\/\/businessschool.luiss.it\/master-space-economy\/wp-json\/wp\/v2\/lingue?post=21"},{"taxonomy":"lunghezza_corsi","embeddable":true,"href":"https:\/\/businessschool.luiss.it\/master-space-economy\/wp-json\/wp\/v2\/lunghezza_corsi?post=21"}],"curies":[{"name":"wp","href":"https:\/\/api.w.org\/{rel}","templated":true}]}}