{"id":534,"date":"2020-12-04T17:05:14","date_gmt":"2020-12-04T17:05:14","guid":{"rendered":"https:\/\/businessschool.luiss.it\/master-sperimentazione-clinica\/?page_id=534"},"modified":"2024-06-07T08:15:54","modified_gmt":"2024-06-07T08:15:54","slug":"corporate-partner","status":"publish","type":"page","link":"https:\/\/businessschool.luiss.it\/master-sperimentazione-clinica\/corporate-partner\/","title":{"rendered":"Partner"},"content":{"rendered":"\n<h3 class=\"wp-block-heading\"><strong>Partner Scientifici<\/strong><\/h3>\n\n\n\n<figure class=\"wp-block-image\"><img decoding=\"async\" src=\"https:\/\/businessschool.luiss.it\/master-sperimentazione-clinica\/wp-content\/uploads\/sites\/72\/2018\/06\/logo_pascale_trasparente.png\" alt=\"\"\/><\/figure>\n\n\n\n<p><strong>L\u2019Istituto Nazionale per lo Studio e la Cura dei Tumori \u201cFondazione Giovanni Pascale\u201d<\/strong>, fondato nel 1933 ad opera del Senatore Giovanni Pascale; \u00e8 oggi un Istituto di Ricovero e Cura a Carattere Scientifico (IRCCS) di diritto pubblico che, coniugando attivit\u00e0 di ricerca (sperimentale e clinica) e prestazioni assistenziali di elevata complessit\u00e0 e qualit\u00e0, costituisce una tra le pi\u00f9 significative realt\u00e0 sanitarie del Sud d\u2019Italia in campo oncologico.<\/p>\n\n\n\n<h3 class=\"wp-block-heading\"><strong>Partner<\/strong><\/h3>\n\n\n\n<figure class=\"wp-block-image\"><img decoding=\"async\" src=\"https:\/\/businessschool.luiss.it\/master-sperimentazione-clinica\/wp-content\/uploads\/sites\/72\/2021\/11\/OPIS_LOGO-300x148.jpg\" alt=\"\"\/><\/figure>\n\n\n\n<p><strong>OPIS<\/strong> \u00e8 un\u2019organizzazione europea di ricerca a contratto (Contract Research Organization \u2013 CRO) full-service che fornisce da oltre vent\u2019anni servizi di elevata qualit\u00e0 per la gestione di studi clinici internazionali, comprese soluzioni tecnologiche all\u2019avanguardia e approcci innovativi alla crescente complessit\u00e0 e variet\u00e0 degli attuali progetti. La vasta esperienza di OPIS consente di coprire tutte le fasi degli studi clinici con farmaco, senza limitazioni relative all\u2019area terapeutica di interesse, e indagini cliniche per dispositivi medici e diagnostici.<\/p>\n","protected":false},"excerpt":{"rendered":"<p>Partner Scientifici L\u2019Istituto Nazionale per lo Studio e la Cura dei Tumori \u201cFondazione Giovanni Pascale\u201d, fondato nel 1933 ad opera [&hellip;]<\/p>\n","protected":false},"author":13,"featured_media":0,"parent":0,"menu_order":0,"comment_status":"closed","ping_status":"closed","template":"","meta":{"_acf_changed":false,"footnotes":""},"categories":[],"tags":[],"docenti_teaching_area":[],"docenti_research_area":[],"tematiche":[],"lingue":[],"lunghezza_corsi":[],"class_list":["post-534","page","type-page","status-publish","hentry"],"acf":[],"aioseo_notices":[],"_links":{"self":[{"href":"https:\/\/businessschool.luiss.it\/master-sperimentazione-clinica\/wp-json\/wp\/v2\/pages\/534","targetHints":{"allow":["GET"]}}],"collection":[{"href":"https:\/\/businessschool.luiss.it\/master-sperimentazione-clinica\/wp-json\/wp\/v2\/pages"}],"about":[{"href":"https:\/\/businessschool.luiss.it\/master-sperimentazione-clinica\/wp-json\/wp\/v2\/types\/page"}],"author":[{"embeddable":true,"href":"https:\/\/businessschool.luiss.it\/master-sperimentazione-clinica\/wp-json\/wp\/v2\/users\/13"}],"replies":[{"embeddable":true,"href":"https:\/\/businessschool.luiss.it\/master-sperimentazione-clinica\/wp-json\/wp\/v2\/comments?post=534"}],"version-history":[{"count":6,"href":"https:\/\/businessschool.luiss.it\/master-sperimentazione-clinica\/wp-json\/wp\/v2\/pages\/534\/revisions"}],"predecessor-version":[{"id":861,"href":"https:\/\/businessschool.luiss.it\/master-sperimentazione-clinica\/wp-json\/wp\/v2\/pages\/534\/revisions\/861"}],"wp:attachment":[{"href":"https:\/\/businessschool.luiss.it\/master-sperimentazione-clinica\/wp-json\/wp\/v2\/media?parent=534"}],"wp:term":[{"taxonomy":"category","embeddable":true,"href":"https:\/\/businessschool.luiss.it\/master-sperimentazione-clinica\/wp-json\/wp\/v2\/categories?post=534"},{"taxonomy":"post_tag","embeddable":true,"href":"https:\/\/businessschool.luiss.it\/master-sperimentazione-clinica\/wp-json\/wp\/v2\/tags?post=534"},{"taxonomy":"docenti_teaching_area","embeddable":true,"href":"https:\/\/businessschool.luiss.it\/master-sperimentazione-clinica\/wp-json\/wp\/v2\/docenti_teaching_area?post=534"},{"taxonomy":"docenti_research_area","embeddable":true,"href":"https:\/\/businessschool.luiss.it\/master-sperimentazione-clinica\/wp-json\/wp\/v2\/docenti_research_area?post=534"},{"taxonomy":"tematiche","embeddable":true,"href":"https:\/\/businessschool.luiss.it\/master-sperimentazione-clinica\/wp-json\/wp\/v2\/tematiche?post=534"},{"taxonomy":"lingue","embeddable":true,"href":"https:\/\/businessschool.luiss.it\/master-sperimentazione-clinica\/wp-json\/wp\/v2\/lingue?post=534"},{"taxonomy":"lunghezza_corsi","embeddable":true,"href":"https:\/\/businessschool.luiss.it\/master-sperimentazione-clinica\/wp-json\/wp\/v2\/lunghezza_corsi?post=534"}],"curies":[{"name":"wp","href":"https:\/\/api.w.org\/{rel}","templated":true}]}}