{"id":180,"date":"2020-08-31T17:56:15","date_gmt":"2020-08-31T15:56:15","guid":{"rendered":"https:\/\/businessschool.luiss.it\/master-sport-management\/?page_id=180"},"modified":"2026-01-26T12:26:49","modified_gmt":"2026-01-26T11:26:49","slug":"partner","status":"publish","type":"page","link":"https:\/\/businessschool.luiss.it\/master-sport-management\/partner\/","title":{"rendered":"Partner"},"content":{"rendered":"\n<ul class=\"wp-block-list\">\n<li><a href=\"#asroma\">Associazione Sportiva Roma<\/a><\/li>\n\n\n\n<li><a href=\"#italiacamp\" title=\"\">Italiacamp<\/a><\/li>\n\n\n\n<li><a href=\"https:\/\/www.corrieredellosport.it\/\" title=\"\">Corriere dello Sport<\/a><\/li>\n<\/ul>\n\n\n\n<p><a class=\"mt-80\" name=\"asroma\"><\/a><\/p>\n\n\n\n<h4 class=\"wp-block-heading\"><strong>Associazione Sportiva Roma<\/strong><\/h4>\n\n\n\n<figure class=\"wp-block-image is-resized\"><img decoding=\"async\" src=\"https:\/\/businessschool.luiss.it\/master-sport-management\/wp-content\/uploads\/sites\/141\/2020\/07\/ASROMA_CREST_COLOR_RGB-e1599651428746-234x300.png\" alt=\"\" style=\"width:202px;height:auto\"\/><\/figure>\n\n\n\n<p>L&#8217;Associazione Sportiva Roma \u00e8 una societ\u00e0 calcistica costituita nel 1927 con la missione di rappresentare in campo sportivo la citt\u00e0 di Roma.<br>L\u2019intento dei&nbsp; padri fondatori era quello di dare alla tifoseria locale una squadra che portasse il nome, i colori e il leggendario simbolo della Citt\u00e0 Eterna: Roma, il giallo e il rosso, la lupa con i gemelli.<\/p>\n\n\n\n<p>A partire dal 23 maggio del 2000, la AS Roma \u00e8 quotata alla Borsa di Milano.<\/p>\n\n\n\n<p>Si tratta della prima societ\u00e0 in Italia che, in virt\u00f9 di una lunga tradizione, ha fondato nel 2012 una propria Hall of Fame, della quale fanno parte numerosi campioni<span style=\"text-decoration: line-through;\">.<br><\/span>Nell\u2019estate del 2013, per volere del presidente James Pallotta, \u00e8 stata costituita la Fondazione Roma Cares, l\u2019organizzazione impegnata in iniziative socialmente rilevanti.<br>Negli anni sono state numerose le attivit\u00e0 sviluppate a beneficio della Citt\u00e0 di Roma e pi\u00f9 in generale a sostegno delle persone bisognose. Restituire alla propria Comunit\u00e0 di riferimento l\u2019affetto ricevuto dai tifosi \u00e8 una delle missioni del club \u2013 in questo senso una vera e propria piattaforma sociale &#8211; e dei calciatori della AS Roma.<\/p>\n\n\n\n<p>Il club, dal 1953, disputa le sue partite casalinghe allo Stadio Olimpico, che pu\u00f2 ospitare 70.000 spettatori.<span style=\"text-decoration: line-through;\"><br><\/span>Nel corso degli ultimi anni, le amministrazioni locali hanno approvato il progetto di uno stadio di propriet\u00e0 della societ\u00e0: l\u2019iter amministrativo \u00e8 concluso e nelle prossime settimane \u00e8 atteso l\u2019ultimo via libera da parte di Roma Capitale, che permetter\u00e0 di dare inizio ai lavori di realizzazione del nuovo stadio nell\u2019area di Tor di Valle, in un impianto all\u2019avanguardia, adeguato agli standard dei pi\u00f9 moderni stadi europei.<\/p>\n\n\n\n<p>A seguito del percorso di ammodernamento e crescita sviluppato negli ultimi anni, oggi la AS Roma si \u00e8 trasformata anche in una media company, con un centro di produzione di contenuti che si trova all\u2019interno del centro sportivo.<br>L\u2019AS Roma comunica ai propri tifosi in 16 lingue diverse, attraverso le proprie piattaforme digitali, seguite da oltre 17 milioni di follower, tra Facebook, Twitter, Instagram e gli altri account social media ufficiali.<\/p>\n\n\n\n<p>Roma TV \u00e8&nbsp;l\u2019unico canale tematico calcistico offerto gratuitamente ai clienti Sky, con un potenziale di circa cinque milioni di telespettatori.<br>La Roma \u00e8 stata la prima societ\u00e0 in Italia a dotarsi di una radio di propriet\u00e0, che trasmette in fm e sul web, con una sua applicazione. Ogni giorno \u00e8 in onda dalle 07.00 alle 20.00, con sette ore di diretta live in simulcast su Roma TV.<\/p>\n\n\n\n<p>Inoltre viene prodotto un magazine internazionale, distribuito su scala mondiale&nbsp;da IMG, che veicola i contenuti del club in tutti i continenti.<\/p>\n\n\n\n<p><a class=\"mt-80\" name=\"italiacamp\"><\/a><\/p>\n\n\n\n<h4 class=\"wp-block-heading\"><strong>ItaliaCamp<\/strong><\/h4>\n\n\n\n<figure class=\"wp-block-image is-resized\"><img decoding=\"async\" src=\"https:\/\/businessschool.luiss.it\/master-sport-management\/wp-content\/uploads\/sites\/141\/2020\/10\/Italiacamp_logo_VERT_COL_RGB.png\" alt=\"\" style=\"width:261px;height:auto\"\/><\/figure>\n\n\n\n<p>Italiacamp \u00e8 un&#8217;organizzazione che sviluppa processi di&nbsp;innovazione sociale ad impatto positivo per il Paese, creando&nbsp;connessioni tra Istituzioni, Aziende, Associazioni e Universit\u00e0.&nbsp;Da 10 anni rispondiamo ai fabbisogni di innovazione e di&nbsp;trasformazione di Istituzioni, imprese, persone e comunit\u00e0.&nbsp;La capacit\u00e0 di lettura del contesto, di anticipare nuovi trend e di&nbsp;abilitare lo sviluppo di relazioni anche complesse, sono elementi&nbsp;caratterizzanti della nostra identit\u00e0. Per questo &#8211; negli anni &#8211; abbiamo dato vita a una Impact&nbsp;Organization in cui obiettivi di business e impatti sociali, ambientali&nbsp;e culturali generati sono coerenti e complementari.<\/p>\n\n\n\n<h4 class=\"wp-block-heading\">Perch\u00e9 siamo partner<\/h4>\n\n\n\n<p>Nata all&#8217;interno di un contesto universitario, Italiacamp ha sviluppato negli anni molteplici attivit\u00e0 formative e di ricerca sui linguaggi dell&#8217;innovazione e sui modelli di generazione di nuova conoscenza, coinvolgendo un network eterogeneo di attori del panorama istituzionale e imprenditoriale.&nbsp; Unitamente ai percorsi di education per i ragazzi under-18, Italiacamp collabora con l&#8217;Universit\u00e0 Luiss Guido Carli, promuovendo percorsi accademici e di ricerca sui temi dell&#8217;impact evaluation &amp; management. Si tratta di un tema chiave nell&#8217;agire dell&#8217;organizzazione, che si declina in percorsi accademici e di ricerca e, congiuntamente, in attivit\u00e0 di consulenza strategica per Organizzazioni pubbliche e private appartenenti a diverse industries, prima tra tutti quella sportiva. Italiacamp \u00e8, infatti, impact partner di AS Roma, con cui realizza attivit\u00e0 di valutazione e pianificazione d&#8217;impatto per far emergere il valore economico e sociale generato dal calcio e dall&#8217;intero ecosistema sportivo. In tale contesto, education, sport e impatto sociale, rappresentano quindi i tre elementi di connessione e di valore che hanno portato Italiacamp a sostenere il Master in Management dello Sport.<\/p>\n\n\n\n<h4 class=\"wp-block-heading\"><strong>Corriere dello Sport<\/strong><\/h4>\n\n\n\n<figure class=\"wp-block-image size-full is-resized\"><img decoding=\"async\" src=\"https:\/\/businessschool.luiss.it\/master-sport-management\/wp-content\/uploads\/sites\/141\/2026\/01\/Logo-CMYK-Corriere-dello-Sport-2025-1.png\" alt=\"Corriere dello Sport STADIO\" class=\"wp-image-497\" style=\"width:338px;height:auto\"\/><\/figure>\n\n\n\n<p>Il Corriere dello Sport \u00e8 un quotidiano sportivo italiano di diffusione nazionale con sede a Roma fondato nel 1924 a Bologna. Il nostro quotidiano copre tutti gli aspetti del panorama sportivo nazionale e internazionale, offrendo notizie, approfondimenti, interviste e analisi esclusive.&nbsp;<\/p>\n\n\n\n<p>Siamo una fonte autorevole e appassionata, sempre vicini ai tifosi e agli appassionati di sport. Con una redazione altamente specializzata e un impegno costante nella qualit\u00e0 dell&#8217;informazione, rappresentiamo un punto di riferimento per il settore sportivo.<\/p>\n\n\n\n<p>La partnership con la Luiss Business School nasce dalla volont\u00e0 di promuovere una cultura sportiva avanzata e di alta qualit\u00e0, che rispecchi le esigenze di un mercato in continua evoluzione. Il Corriere dello Sport supporta il Master in Management &nbsp;dello Sport per offrire ai professionisti del settore le competenze necessarie a gestire e innovare nell&#8217;ambito sportivo.&nbsp;<\/p>\n","protected":false},"excerpt":{"rendered":"<p>Associazione Sportiva Roma L&#8217;Associazione Sportiva Roma \u00e8 una societ\u00e0 calcistica costituita nel 1927 con la missione di rappresentare in campo [&hellip;]<\/p>\n","protected":false},"author":13,"featured_media":0,"parent":0,"menu_order":0,"comment_status":"closed","ping_status":"closed","template":"","meta":{"_acf_changed":false,"footnotes":""},"categories":[],"tags":[],"docenti_teaching_area":[],"docenti_research_area":[],"tematiche":[],"lingue":[],"lunghezza_corsi":[],"class_list":["post-180","page","type-page","status-publish","hentry"],"acf":[],"aioseo_notices":[],"_links":{"self":[{"href":"https:\/\/businessschool.luiss.it\/master-sport-management\/wp-json\/wp\/v2\/pages\/180","targetHints":{"allow":["GET"]}}],"collection":[{"href":"https:\/\/businessschool.luiss.it\/master-sport-management\/wp-json\/wp\/v2\/pages"}],"about":[{"href":"https:\/\/businessschool.luiss.it\/master-sport-management\/wp-json\/wp\/v2\/types\/page"}],"author":[{"embeddable":true,"href":"https:\/\/businessschool.luiss.it\/master-sport-management\/wp-json\/wp\/v2\/users\/13"}],"replies":[{"embeddable":true,"href":"https:\/\/businessschool.luiss.it\/master-sport-management\/wp-json\/wp\/v2\/comments?post=180"}],"version-history":[{"count":6,"href":"https:\/\/businessschool.luiss.it\/master-sport-management\/wp-json\/wp\/v2\/pages\/180\/revisions"}],"predecessor-version":[{"id":498,"href":"https:\/\/businessschool.luiss.it\/master-sport-management\/wp-json\/wp\/v2\/pages\/180\/revisions\/498"}],"wp:attachment":[{"href":"https:\/\/businessschool.luiss.it\/master-sport-management\/wp-json\/wp\/v2\/media?parent=180"}],"wp:term":[{"taxonomy":"category","embeddable":true,"href":"https:\/\/businessschool.luiss.it\/master-sport-management\/wp-json\/wp\/v2\/categories?post=180"},{"taxonomy":"post_tag","embeddable":true,"href":"https:\/\/businessschool.luiss.it\/master-sport-management\/wp-json\/wp\/v2\/tags?post=180"},{"taxonomy":"docenti_teaching_area","embeddable":true,"href":"https:\/\/businessschool.luiss.it\/master-sport-management\/wp-json\/wp\/v2\/docenti_teaching_area?post=180"},{"taxonomy":"docenti_research_area","embeddable":true,"href":"https:\/\/businessschool.luiss.it\/master-sport-management\/wp-json\/wp\/v2\/docenti_research_area?post=180"},{"taxonomy":"tematiche","embeddable":true,"href":"https:\/\/businessschool.luiss.it\/master-sport-management\/wp-json\/wp\/v2\/tematiche?post=180"},{"taxonomy":"lingue","embeddable":true,"href":"https:\/\/businessschool.luiss.it\/master-sport-management\/wp-json\/wp\/v2\/lingue?post=180"},{"taxonomy":"lunghezza_corsi","embeddable":true,"href":"https:\/\/businessschool.luiss.it\/master-sport-management\/wp-json\/wp\/v2\/lunghezza_corsi?post=180"}],"curies":[{"name":"wp","href":"https:\/\/api.w.org\/{rel}","templated":true}]}}