{"id":81,"date":"2020-07-08T17:43:07","date_gmt":"2020-07-08T15:43:07","guid":{"rendered":"https:\/\/businessschool.luiss.it\/master-sport-management\/?page_id=81"},"modified":"2026-02-27T12:34:11","modified_gmt":"2026-02-27T11:34:11","slug":"curriculu","status":"publish","type":"page","link":"https:\/\/businessschool.luiss.it\/master-sport-management\/curriculu\/","title":{"rendered":"Curriculum"},"content":{"rendered":"\n<p>Il curriculum del Major in Management dello Sport, del Master in Management delle Imprese Creative e Culturali, \u00e8 disegnato con l\u2019obiettivo di assicurare e supportare in maniera progressiva la crescita professionale e personale dei partecipanti. L\u2019esperienza formativa \u00e8 composta da lezioni, casi studio, sessioni di lavoro di gruppo. Prevede inoltre il coinvolgimento di una faculty di alto livello, composta da accademici e professionisti.<\/p>\n\n\n\n<p>Per tutta la durata del Programma, gli studenti riceveranno dal Career Service un supporto costante che li aiuti ad acquisire e sviluppare competenze utili a incrementare la propria spendibilit\u00e0 nel mercato del lavoro. Il Career Service offrir\u00e0 anche supporto diretto nella ricerca di un tirocinio curriculare.<\/p>\n\n\n\n<h3 class=\"wp-block-heading\">Induction week<\/h3>\n\n\n\n<p>L&#8217;induction week \u00e8 la settimana introduttiva al Programma, durante la quale gli studenti potranno ambientarsi e prendere confidenza con la vita del campus. Verranno organizzati laboratori di ice-breaking, seminari, workshop e presentazioni. Gli studenti avranno l&#8217;occasione di conoscere i propri compagni di corso, i servizi e le attivit\u00e0 curriculari ed extra-curriculari previste dal Programma.<\/p>\n\n\n\n<h3 class=\"wp-block-heading\">General management<\/h3>\n\n\n\n<p>I corsi del general management mirano a fornire a tutti gli studenti le basi di Business e Management necessarie per comprendere i concetti che verranno introdotti durante i corsi core e di specializzazione di ciascun master.<\/p>\n\n\n\n<ul class=\"wp-block-list\">\n<li>Business Modelling &amp; Planning<\/li>\n\n\n\n<li>Fondamenti di marketing<\/li>\n\n\n\n<li>Economia delle imprese creative e culturali<\/li>\n\n\n\n<li>Strategia<\/li>\n\n\n\n<li>Performance Measurement<\/li>\n\n\n\n<li>Organizzazione e People Management<\/li>\n<\/ul>\n\n\n\n<h3 class=\"wp-block-heading\">Corsi core<\/h3>\n\n\n\n<p>I corsi core hanno lo scopo di introdurre agli studenti i concetti chiave legati alla industry del Master. Tali corsi forniscono i principi e le competenze necessari per acquisire una conoscenza pi\u00f9 completa del settore.<\/p>\n\n\n\n<ul class=\"wp-block-list\">\n<li>Organizzazione e Leadership nel settore dello sport<\/li>\n\n\n\n<li>Customer Experience e Marketing Digitale<\/li>\n\n\n\n<li>E-Sports<\/li>\n\n\n\n<li>Gestione degli eventi sportivi<\/li>\n\n\n\n<li>Marketing e Branding nel settore sportivo<\/li>\n\n\n\n<li>Gestione stadi e delle infrastrutture sportive<\/li>\n\n\n\n<li>Financial Management nel settore dello sport<\/li>\n\n\n\n<li>Filiera e sistema del valore del settore sportivo<\/li>\n\n\n\n<li>Strategia e business planning applicata al settore dello sport<\/li>\n\n\n\n<li>Contabilit\u00e0 delle societ\u00e0 sportive<\/li>\n\n\n\n<li>Retail e merchandising nel settore sportivo<\/li>\n\n\n\n<li>Sponsorship e partnership<\/li>\n\n\n\n<li>Fan Management<\/li>\n\n\n\n<li>Social Media Management<\/li>\n\n\n\n<li>Media Rights<\/li>\n<\/ul>\n\n\n\n<p><span style=\"color: inherit; font-size: 1.56em; font-weight: 600;\">Corsi di specializzazione<\/span><\/p>\n\n\n\n<p>I corsi di specializzazione offrono una prospettiva approfondita degli aspetti specifici legati alla industry del Master e forniscono un approccio prettamente pratico.<\/p>\n\n\n\n<ul class=\"wp-block-list\">\n<li>Strumenti di diritto nel mercato dello sport<\/li>\n\n\n\n<li>Sostenibilit\u00e0 e impatto nell\u2019industria sportiva<\/li>\n<\/ul>\n\n\n\n<p><strong>Altre attivit\u00e0<\/strong><\/p>\n\n\n\n<ul class=\"wp-block-list\">\n<li>Processi di sviluppo organizzativo (talent acquisition, management e retention)<\/li>\n\n\n\n<li>Investimenti e sviluppo nel settore sportivo<\/li>\n\n\n\n<li>Organizzazione degli aspetti tecnici e sportivi: analisi e valutazione<\/li>\n\n\n\n<li>Gestione del Settore Giovanile<\/li>\n\n\n\n<li>Focus area: Federazioni e Istituzioni<\/li>\n\n\n\n<li>Focus area: Club<\/li>\n\n\n\n<li>Focus area: Stakeholders e aziende<\/li>\n<\/ul>\n\n\n\n<p><span style=\"color: inherit; font-size: 1.56em; font-weight: 600;\">Project work<\/span><\/p>\n\n\n\n<p><strong>&nbsp;<\/strong>Al termine delle lezioni gli studenti avranno la possibilit\u00e0 di cimentarsi nella realizzazione di una challenge commissionata da organizzazioni e societ\u00e0 sportive, partner del Master.<\/p>\n\n\n\n<h3 class=\"wp-block-heading\">Learning lab<\/h3>\n\n\n\n<p>I laboratori favoriscono la crescita personale dei partecipanti, guidandoli nello sviluppo di abilit\u00e0 trasversali e soft skill. Gli allievi prenderanno parte a sessioni pratiche, durante le quali potranno coltivare la flessibilit\u00e0 intellettuale, accrescere la capacit\u00e0 di problem solving e imparare ad adattarsi a situazioni diverse, perfezionando la propria sensibilit\u00e0 interculturale.<\/p>\n\n\n\n<h3 class=\"wp-block-heading\">Tirocinio<\/h3>\n\n\n\n<p>Il tirocinio curricolare \u00e8 generalmente svolto al termine del Major in Management dello Sport e rappresenta per gli studenti l\u2019opportunit\u00e0 di combinare teoria e pratica, entrando in contatto diretto con figure professionali di settore. Il Career Service fornisce supporto nella ricerca delle opportunit\u00e0 di tirocinio, contribuendo cos\u00ec a espandere le prospettive di carriera&nbsp;dei partecipanti, offrendo loro la possibilit\u00e0 di acquisire l\u2019esperienza lavorativa necessaria per incrementare e migliorare le proprie abilit\u00e0, ed estendere il proprio business network.<\/p>\n\n\n\n<h3 class=\"wp-block-heading\">Calendario Accademico<\/h3>\n\n\n\n<p>Il Master in Management delle Imprese Creative e Culturali \u2013 Major in Management dello Sport ha una durata di 12 mesi ed \u00e8 suddiviso in 4 term.<\/p>\n\n\n\n<p>Term 1:&nbsp;gennaio-aprile 2027<br>Term 2:&nbsp;maggio-luglio 2027<br>Term 3:&nbsp;settembre-novembre 2027<br>Term 4:&nbsp;dicembre 2027 fino alla conclusione del field project<\/p>\n\n\n\n<p><em>Il calendario accademico potrebbe subire variazioni durante l\u2019anno. Per ricevere maggiori informazioni \u00e8 possibile inviare un\u2019e-mail all\u2019indirizzo&nbsp;<\/em><a href=\"mailto:master@luissbusinessschool.it\"><em>master@luissbusinessschool.it<\/em><\/a><em>.<\/em><\/p>\n","protected":false},"excerpt":{"rendered":"<p>Il curriculum del Major in Management dello Sport, del Master in Management delle Imprese Creative e Culturali, \u00e8 disegnato con [&hellip;]<\/p>\n","protected":false},"author":5,"featured_media":0,"parent":0,"menu_order":0,"comment_status":"closed","ping_status":"closed","template":"","meta":{"_acf_changed":false,"footnotes":""},"categories":[],"tags":[],"docenti_teaching_area":[],"docenti_research_area":[],"tematiche":[],"lingue":[],"lunghezza_corsi":[],"class_list":["post-81","page","type-page","status-publish","hentry"],"acf":[],"aioseo_notices":[],"_links":{"self":[{"href":"https:\/\/businessschool.luiss.it\/master-sport-management\/wp-json\/wp\/v2\/pages\/81","targetHints":{"allow":["GET"]}}],"collection":[{"href":"https:\/\/businessschool.luiss.it\/master-sport-management\/wp-json\/wp\/v2\/pages"}],"about":[{"href":"https:\/\/businessschool.luiss.it\/master-sport-management\/wp-json\/wp\/v2\/types\/page"}],"author":[{"embeddable":true,"href":"https:\/\/businessschool.luiss.it\/master-sport-management\/wp-json\/wp\/v2\/users\/5"}],"replies":[{"embeddable":true,"href":"https:\/\/businessschool.luiss.it\/master-sport-management\/wp-json\/wp\/v2\/comments?post=81"}],"version-history":[{"count":6,"href":"https:\/\/businessschool.luiss.it\/master-sport-management\/wp-json\/wp\/v2\/pages\/81\/revisions"}],"predecessor-version":[{"id":512,"href":"https:\/\/businessschool.luiss.it\/master-sport-management\/wp-json\/wp\/v2\/pages\/81\/revisions\/512"}],"wp:attachment":[{"href":"https:\/\/businessschool.luiss.it\/master-sport-management\/wp-json\/wp\/v2\/media?parent=81"}],"wp:term":[{"taxonomy":"category","embeddable":true,"href":"https:\/\/businessschool.luiss.it\/master-sport-management\/wp-json\/wp\/v2\/categories?post=81"},{"taxonomy":"post_tag","embeddable":true,"href":"https:\/\/businessschool.luiss.it\/master-sport-management\/wp-json\/wp\/v2\/tags?post=81"},{"taxonomy":"docenti_teaching_area","embeddable":true,"href":"https:\/\/businessschool.luiss.it\/master-sport-management\/wp-json\/wp\/v2\/docenti_teaching_area?post=81"},{"taxonomy":"docenti_research_area","embeddable":true,"href":"https:\/\/businessschool.luiss.it\/master-sport-management\/wp-json\/wp\/v2\/docenti_research_area?post=81"},{"taxonomy":"tematiche","embeddable":true,"href":"https:\/\/businessschool.luiss.it\/master-sport-management\/wp-json\/wp\/v2\/tematiche?post=81"},{"taxonomy":"lingue","embeddable":true,"href":"https:\/\/businessschool.luiss.it\/master-sport-management\/wp-json\/wp\/v2\/lingue?post=81"},{"taxonomy":"lunghezza_corsi","embeddable":true,"href":"https:\/\/businessschool.luiss.it\/master-sport-management\/wp-json\/wp\/v2\/lunghezza_corsi?post=81"}],"curies":[{"name":"wp","href":"https:\/\/api.w.org\/{rel}","templated":true}]}}