{"id":111,"date":"2016-05-19T07:13:59","date_gmt":"2016-05-19T07:13:59","guid":{"rendered":"https:\/\/businessschool.luiss.it\/probiomed\/?page_id=111"},"modified":"2018-05-31T10:47:12","modified_gmt":"2018-05-31T10:47:12","slug":"career-service-2","status":"publish","type":"page","link":"https:\/\/businessschool.luiss.it\/medtech\/career-service-2\/","title":{"rendered":"CARRIERA"},"content":{"rendered":"<h3>Prospettive di carriera<\/h3>\n<p>Il Master si propone di formare la figura professionale del\u00a0<strong>\u201cProduct Specialist\u201d<\/strong>, esperto di prodotti ad alta tecnologia, ampiamente diffusa nel settore biomedicale.<\/p>\n<p>Il mercato di riferimento per il progetto formativo PROBIOMED \u00e8 costituito dalle industrie della filiera della salute (farmaceutiche, biomedicali, biotech) e dalle aziende e istituzioni della sanit\u00e0 pubblica e privata.<\/p>\n<h3>Career Service<\/h3>\n<p>Il Career Service si pone come alleato degli allievi nella definizione delle strategie di carriera e favorisce l\u2019incontro tra studenti e aziende o istituzioni, sia pubbliche che private, ai fini dell\u2019attivazione del Field Project. Durante tutto il programma il Career Service offre:<\/p>\n<ul>\n<li><strong>Counseling individuale<\/strong>, con focus mirato su preparazione di CV e lettera di presentazione e negoziazione del contratto.<\/li>\n<li><strong>Ecareer book<\/strong>, che raccoglie tutti i curricula degli studenti in una piattaforma online disponibile ad aziende e istituzioni per la ricerca di figure professionali.<\/li>\n<li><strong>Presentazioni aziendali<\/strong>, in occasioni di conferenze, testimonianze e altri meeting per conoscere le aziende e i settori in cui operano.<\/li>\n<li><strong>Simulazione di colloqui di lavoro<\/strong>, organizzate per acquisire familiarit\u00e0 con i colloqui e consapevolezza delle proprie potenzialit\u00e0.<\/li>\n<li><strong>Field Project<\/strong>, che rappresenta un\u2019opportunit\u00e0 per gli studenti per mettere in pratica le competenze acquisite durante il corso ed \u00e8 parte essenziale del programma formativo. Il Field Project pu\u00f2 assumere diverse forme:\n<ul>\n<li>Project work in azienda: gli allievi vengono seguiti da un tutor aziendale nello svolgimento di task relativi a specifici ambiti di business.<\/li>\n<li>Progetto imprenditoriale: sviluppo delle loro idee di business con la creazione di un business plan.<\/li>\n<li>Progetto di ricerca: sviluppo di un progetto di ricerca su argomenti concordati con i docenti.<\/li>\n<\/ul>\n<\/li>\n<\/ul>\n","protected":false},"excerpt":{"rendered":"<p>Prospettive di carriera Il Master si propone di formare la figura professionale del\u00a0\u201cProduct Specialist\u201d, esperto di prodotti ad alta tecnologia, [&hellip;]<\/p>\n","protected":false},"author":1,"featured_media":0,"parent":0,"menu_order":0,"comment_status":"closed","ping_status":"closed","template":"","meta":{"_acf_changed":false,"footnotes":""},"categories":[],"tags":[],"docenti_teaching_area":[],"docenti_research_area":[],"tematiche":[],"lingue":[],"lunghezza_corsi":[],"class_list":["post-111","page","type-page","status-publish","hentry"],"acf":[],"aioseo_notices":[],"_links":{"self":[{"href":"https:\/\/businessschool.luiss.it\/medtech\/wp-json\/wp\/v2\/pages\/111","targetHints":{"allow":["GET"]}}],"collection":[{"href":"https:\/\/businessschool.luiss.it\/medtech\/wp-json\/wp\/v2\/pages"}],"about":[{"href":"https:\/\/businessschool.luiss.it\/medtech\/wp-json\/wp\/v2\/types\/page"}],"author":[{"embeddable":true,"href":"https:\/\/businessschool.luiss.it\/medtech\/wp-json\/wp\/v2\/users\/1"}],"replies":[{"embeddable":true,"href":"https:\/\/businessschool.luiss.it\/medtech\/wp-json\/wp\/v2\/comments?post=111"}],"version-history":[{"count":3,"href":"https:\/\/businessschool.luiss.it\/medtech\/wp-json\/wp\/v2\/pages\/111\/revisions"}],"predecessor-version":[{"id":313,"href":"https:\/\/businessschool.luiss.it\/medtech\/wp-json\/wp\/v2\/pages\/111\/revisions\/313"}],"wp:attachment":[{"href":"https:\/\/businessschool.luiss.it\/medtech\/wp-json\/wp\/v2\/media?parent=111"}],"wp:term":[{"taxonomy":"category","embeddable":true,"href":"https:\/\/businessschool.luiss.it\/medtech\/wp-json\/wp\/v2\/categories?post=111"},{"taxonomy":"post_tag","embeddable":true,"href":"https:\/\/businessschool.luiss.it\/medtech\/wp-json\/wp\/v2\/tags?post=111"},{"taxonomy":"docenti_teaching_area","embeddable":true,"href":"https:\/\/businessschool.luiss.it\/medtech\/wp-json\/wp\/v2\/docenti_teaching_area?post=111"},{"taxonomy":"docenti_research_area","embeddable":true,"href":"https:\/\/businessschool.luiss.it\/medtech\/wp-json\/wp\/v2\/docenti_research_area?post=111"},{"taxonomy":"tematiche","embeddable":true,"href":"https:\/\/businessschool.luiss.it\/medtech\/wp-json\/wp\/v2\/tematiche?post=111"},{"taxonomy":"lingue","embeddable":true,"href":"https:\/\/businessschool.luiss.it\/medtech\/wp-json\/wp\/v2\/lingue?post=111"},{"taxonomy":"lunghezza_corsi","embeddable":true,"href":"https:\/\/businessschool.luiss.it\/medtech\/wp-json\/wp\/v2\/lunghezza_corsi?post=111"}],"curies":[{"name":"wp","href":"https:\/\/api.w.org\/{rel}","templated":true}]}}