{"id":192,"date":"2020-08-03T12:01:18","date_gmt":"2020-08-03T10:01:18","guid":{"rendered":"https:\/\/businessschool.luiss.it\/open-consulting\/eventi\/"},"modified":"2021-07-28T16:31:17","modified_gmt":"2021-07-28T14:31:17","slug":"eventi","status":"publish","type":"page","link":"https:\/\/businessschool.luiss.it\/open-consulting\/en\/eventi\/","title":{"rendered":"Events"},"content":{"rendered":"<h3 class=\"title style-scope ytd-video-primary-info-renderer\">Nuovi confini: le opportunit\u00e0 di sviluppo internazionale abilitate dalla trasformazione digitale<\/h3>\n<p>15 ottobre 2020 |&nbsp;Webinar organizzato in collaborazione con <strong>Confindustria Centro Adriatico<\/strong>. Un\u2019occasione di analisi e confronto sulle modalit\u00e0 con le quali le aziende possono cogliere opportunit\u00e0 di crescita e sviluppo a livello corporate attraverso la resilienza e la capacit\u00e0 di gestione del cambiamento.<\/p>\n<div id=\"info\" class=\"style-scope ytd-video-primary-info-renderer\"><\/div>\n<div class=\" vid\"><iframe loading=\"lazy\" src=\"https:\/\/www.youtube.com\/embed\/uJj97BqlEdw\" width=\"560\" height=\"315\" frameborder=\"0\" allowfullscreen=\"allowfullscreen\"><\/iframe><\/div>\n<hr>\n<h3>Verso l\u2019espansione dei confini aziendali tramite partnership, aggregazione e internazionalizzazione<\/h3>\n<p>3 luglio 2020 | Webinar in collaborazione con Confindustria Belluno Dolomiti con&nbsp;<strong>Stefano Santini<\/strong>, Business Consulting Area, Luiss Business School,&nbsp;<strong>Giovanni Gajo<\/strong>, Partner fondatore e Presidente onorario, Alcedo SGR Spa,&nbsp;<strong>Luca Olivari<\/strong><strong>,&nbsp;<\/strong>Adjunct Professor e Project Leader Business Consulting Area, Luiss Business School,&nbsp;<strong>Emiliano Finocchi<\/strong>, Business Consulting Area, Luiss Business School, e moderato da&nbsp;<strong>Andrea Ferrazzi<\/strong>, Direttore Generale, Confindustria Belluno Dolomiti.<\/p>\n<div class=\"vid\"><iframe loading=\"lazy\" src=\"https:\/\/www.youtube.com\/embed\/yGfGM4AyNEs\" width=\"560\" height=\"315\" frameborder=\"0\" allowfullscreen=\"allowfullscreen\"><\/iframe><\/div>\n<p>&nbsp;<\/p>\n<p><a class=\"button featured-links\" href=\"https:\/\/businessschool.luiss.it\/wp-content\/uploads\/2020\/08\/200723_Workshop-Alleanze-a-Partnership_Belluno.pdf\">SCARICA LE SLIDE<\/a><\/p>\n<hr>\n<h3>Il Piano Transizione 4.0: le nuove agevolazioni fiscali<\/h3>\n<p>20 luglio 2020 | Un webinar con <strong>Marco Calabr\u00f2<\/strong>, Dirigente Divisione IV \u2013 Politiche per l\u2019innovazione e per la riqualificazione dei territori in crisi, Direzione Generale per la politica industriale&nbsp;l\u2019innovazione e le PMI, Ministero dello Sviluppo Economico<strong>, Luca Olivari<\/strong>, Adjunct Professor e Project Leader Business Consulting Area, Luiss Business School, <strong>Luca Fioravanti<\/strong>, Dottore Commercialista, Business Consulting Area, Luiss Business School, e <strong>Luca Romanelli<\/strong>, Dottore Commercialista, Studio Puri Bracco Lenzi e Associati.<\/p>\n<div class=\"vid\"><iframe loading=\"lazy\" src=\"https:\/\/www.youtube.com\/embed\/wLPduv-yn7M\" width=\"560\" height=\"315\" frameborder=\"0\" allowfullscreen=\"allowfullscreen\"><\/iframe><\/div>\n<p>&nbsp;<\/p>\n<p><a class=\"button featured-links\" href=\"https:\/\/businessschool.luiss.it\/open-consulting\/wp-content\/uploads\/sites\/137\/2020\/09\/1_Calabro.pdf\">SCARICA LE SLIDE 1\/3<\/a><\/p>\n<p><a class=\"button featured-links\" href=\"https:\/\/businessschool.luiss.it\/open-consulting\/wp-content\/uploads\/sites\/137\/2020\/09\/2_Romanelli.pdf\">SCARICA LE SLIDE 2\/3<\/a><\/p>\n<p><a class=\"button featured-links\" href=\"https:\/\/businessschool.luiss.it\/open-consulting\/wp-content\/uploads\/sites\/137\/2020\/09\/3_Fioravanti.pdf\">SCARICA LE SLIDE 3\/3&nbsp;<\/a><\/p>\n","protected":false},"excerpt":{"rendered":"<p>Nuovi confini: le opportunit\u00e0 di sviluppo internazionale abilitate dalla trasformazione digitale 15 ottobre 2020 |&nbsp;Webinar organizzato in collaborazione con Confindustria [&hellip;]<\/p>\n","protected":false},"author":5,"featured_media":0,"parent":0,"menu_order":0,"comment_status":"closed","ping_status":"closed","template":"","meta":{"_acf_changed":false,"footnotes":""},"categories":[],"tags":[],"docenti_teaching_area":[],"docenti_research_area":[],"tematiche":[],"lingue":[],"lunghezza_corsi":[],"class_list":["post-192","page","type-page","status-publish","hentry"],"acf":[],"aioseo_notices":[],"_links":{"self":[{"href":"https:\/\/businessschool.luiss.it\/open-consulting\/en\/wp-json\/wp\/v2\/pages\/192","targetHints":{"allow":["GET"]}}],"collection":[{"href":"https:\/\/businessschool.luiss.it\/open-consulting\/en\/wp-json\/wp\/v2\/pages"}],"about":[{"href":"https:\/\/businessschool.luiss.it\/open-consulting\/en\/wp-json\/wp\/v2\/types\/page"}],"author":[{"embeddable":true,"href":"https:\/\/businessschool.luiss.it\/open-consulting\/en\/wp-json\/wp\/v2\/users\/5"}],"replies":[{"embeddable":true,"href":"https:\/\/businessschool.luiss.it\/open-consulting\/en\/wp-json\/wp\/v2\/comments?post=192"}],"version-history":[{"count":2,"href":"https:\/\/businessschool.luiss.it\/open-consulting\/en\/wp-json\/wp\/v2\/pages\/192\/revisions"}],"predecessor-version":[{"id":195,"href":"https:\/\/businessschool.luiss.it\/open-consulting\/en\/wp-json\/wp\/v2\/pages\/192\/revisions\/195"}],"wp:attachment":[{"href":"https:\/\/businessschool.luiss.it\/open-consulting\/en\/wp-json\/wp\/v2\/media?parent=192"}],"wp:term":[{"taxonomy":"category","embeddable":true,"href":"https:\/\/businessschool.luiss.it\/open-consulting\/en\/wp-json\/wp\/v2\/categories?post=192"},{"taxonomy":"post_tag","embeddable":true,"href":"https:\/\/businessschool.luiss.it\/open-consulting\/en\/wp-json\/wp\/v2\/tags?post=192"},{"taxonomy":"docenti_teaching_area","embeddable":true,"href":"https:\/\/businessschool.luiss.it\/open-consulting\/en\/wp-json\/wp\/v2\/docenti_teaching_area?post=192"},{"taxonomy":"docenti_research_area","embeddable":true,"href":"https:\/\/businessschool.luiss.it\/open-consulting\/en\/wp-json\/wp\/v2\/docenti_research_area?post=192"},{"taxonomy":"tematiche","embeddable":true,"href":"https:\/\/businessschool.luiss.it\/open-consulting\/en\/wp-json\/wp\/v2\/tematiche?post=192"},{"taxonomy":"lingue","embeddable":true,"href":"https:\/\/businessschool.luiss.it\/open-consulting\/en\/wp-json\/wp\/v2\/lingue?post=192"},{"taxonomy":"lunghezza_corsi","embeddable":true,"href":"https:\/\/businessschool.luiss.it\/open-consulting\/en\/wp-json\/wp\/v2\/lunghezza_corsi?post=192"}],"curies":[{"name":"wp","href":"https:\/\/api.w.org\/{rel}","templated":true}]}}