{"id":2,"date":"2019-10-07T10:18:04","date_gmt":"2019-10-07T08:18:04","guid":{"rendered":"https:\/\/businessschool.luiss.it\/osservatorio-ethos\/?page_id=2"},"modified":"2023-09-29T12:04:31","modified_gmt":"2023-09-29T10:04:31","slug":"pagina-di-esempio","status":"publish","type":"page","link":"https:\/\/businessschool.luiss.it\/osservatorio-ethos\/","title":{"rendered":"Home"},"content":{"rendered":"\n<div class=\" vid\"><iframe loading=\"lazy\" src=\"https:\/\/www.youtube.com\/embed\/LCu2-dL80jg\" width=\"560\" height=\"315\" frameborder=\"0\" allowfullscreen=\"allowfullscreen\"><\/iframe><\/div>\n\n\n\n<p><b>Ethos<\/b>&nbsp;\u00e8 un Osservatorio di etica pubblica diretto da Sebastiano Maffettone.<br>L\u2019Osservatorio, istituito nel 2019 presso la Luiss Business School, svolge attivit\u00e0&nbsp;di&nbsp;<b>ricerca<\/b>,&nbsp;<b>consulenza<\/b>&nbsp;e&nbsp;<b>formazione<\/b>&nbsp;nell\u2019ambito di diversi settori dell\u2019<b>etica pubblica<\/b>. I risvolti etico-politici di business, medicina, sostenibilit\u00e0 e intelligenza artificiale sono tra i settori in cui Ethos opera, coinvolgendo alcune delle personalit\u00e0 pi\u00f9 influenti del panorama accademico nazionale e internazionale.<br>Di Ethos fanno parte personalit\u00e0 di spicco della cultura italiana, studiosi e professionisti nei vari settori di ricerca e studenti. Lo scopo principale \u00e8 quello di <strong>esaminare grandi questioni della societ\u00e0 contemporanea in una prospettiva etica<\/strong>. Ethos nasce a Roma in Italia ma ha gi\u00e0 diramazioni in varie citt\u00e0 italiane e ha preso contatti per svariati documenti di intesa con gruppi che operano in altri paesi. La prospettiva etica prescelta implica una visione esterna e valutativa di diverse attivit\u00e0 ed \u00e8 svolta di norma assieme a quanti sono impegnati nei settori delle attivit\u00e0 in questione e sentono l\u2019urgenza di interrogarsi sul rapporto tra il loro impegno professionale e fini pi\u00f9 ampi di natura sociale e morale. Le ragioni per la creazione di Ethos sono svariate e vanno dalla necessit\u00e0 di trattare temi e problemi simili in un tempo come il nostro, all\u2019esigenza di seriet\u00e0 che impone di farlo in maniera consapevole alla luce di un\u2019adeguata conoscenza della riflessione etica.<\/p>\n\n\n\n<h3 class=\"wp-block-heading\">Finalit\u00e0<\/h3>\n\n\n\n<p>L\u2019Osservatorio Ethos \u00e8 stato<strong> ideato dal professore Sebastiano Maffettone<\/strong> allo scopo di elaborare un progetto-Etica specifico per la Luiss Business School, da indirizzare comunque, a tutte le strutture dell\u2019Universit\u00e0. Il progetto in questione include corsi, programmi formativi, seminari, convegni, moduli di ricerca e proposte per le imprese.<\/p>\n\n\n\n<p>In particolare <b>Ethos&nbsp;<\/b>persegue le seguenti finalit\u00e0:<\/p>\n\n\n\n<ol class=\"wp-block-list\">\n<li>effettuare studi e ricerca nei principali settori dell\u2019etica pubblica: etica generale, business ethics, etica del digitale, etica e arte, etica medica, etica della migrazione, etica della disabilit\u00e0, etica e politica, etica della globalizzazione, spiritualit\u00e0, etica dell\u2019identit\u00e0 (cultura, genere, religione, etnia), etica ambientale, sostenibilit\u00e0, etica e cibo, etica della ricerca, etica e sport, etica della pena, volontariato;<\/li>\n\n\n\n<li>organizzare convegni, workshop, attivit\u00e0 culturali e seminari scientifici sulle materie di cui al punto precedente;<\/li>\n\n\n\n<li>promuovere una collana di pubblicazioni, working paper e note tematiche;<\/li>\n\n\n\n<li>aumentare la conoscenza su queste materie e migliorare la diffusione delle informazioni anche tramite un sito web dedicato dell\u2019osservatorio;<\/li>\n\n\n\n<li>Interagire con tutte le aree di Luiss Business School che possano trarre vantaggio dalle competenze e le attivit\u00e0 di Ethos.<\/li>\n<\/ol>\n\n\n\n<p>Quattro sono le macro aree individuate che corrispondono alle tematiche oggetto di studio:<\/p>\n\n\n\n<ol class=\"wp-block-list\" start=\"3\">\n<li><strong>ETICA e Il mondo sociale<\/strong>: <em>Business ethics<\/em>, <em>Digital ethics<\/em>, <em>Art-etica<\/em> (il dominio in questa prima fase verter\u00e0 principalmente sull\u2019arte contemporanea, si \u00e8 ipotizzato un modello storico-critico su scala mondiale, visto in una prospettiva inter-culturale),&nbsp;<em>Etica pubblica e Mezzogiorno<\/em>, <em>Etica e informazione, <\/em>che prende sul serio la questione della disinformazione e delle fake news<\/li>\n\n\n\n<li><strong>ETICA e La vita con gli altri<\/strong>: <em>Etica della Globalizzazione, multiculturalismo, migrazioni, etica di genere, etica delle carceri<\/em>, <em>etica e non-umani, la funzione sociale del Teatro&nbsp;<\/em><\/li>\n\n\n\n<li><strong>ETICA e La cura di noi<\/strong>: <em>Bioetica o etica medica<\/em> e <em>etica della disabilit\u00e0<\/em>, <em>dipendenza,<\/em> <em>volontariato, meditazione<\/em> o mindfulness, <em>agricoltura ed alimentazione, etica e sport&nbsp;<\/em><\/li>\n\n\n\n<li><strong>ETICA e La morale delle Humanities<\/strong>: la sezione pi\u00f9 innovativa,&nbsp; che intende promuovere il sapere umanistico nelle facolt\u00e0 ad indirizzo scientifico (<em>Arte visuale, Musealit\u00e0, Cultura del mondo greco-romano e del Mediterraneo, Teatro, Cinema, Musica, Letteratura<\/em>)<\/li>\n<\/ol>\n","protected":false},"excerpt":{"rendered":"<p>Ethos&nbsp;\u00e8 un Osservatorio di etica pubblica diretto da Sebastiano Maffettone.L\u2019Osservatorio, istituito nel 2019 presso la Luiss Business School, svolge attivit\u00e0&nbsp;di&nbsp;ricerca,&nbsp;consulenza&nbsp;e&nbsp;formazione&nbsp;nell\u2019ambito [&hellip;]<\/p>\n","protected":false},"author":1,"featured_media":0,"parent":0,"menu_order":0,"comment_status":"closed","ping_status":"open","template":"","meta":{"_acf_changed":false,"footnotes":""},"categories":[],"tags":[],"docenti_teaching_area":[],"docenti_research_area":[],"tematiche":[],"lingue":[],"lunghezza_corsi":[],"class_list":["post-2","page","type-page","status-publish","hentry"],"acf":[],"aioseo_notices":[],"_links":{"self":[{"href":"https:\/\/businessschool.luiss.it\/osservatorio-ethos\/wp-json\/wp\/v2\/pages\/2","targetHints":{"allow":["GET"]}}],"collection":[{"href":"https:\/\/businessschool.luiss.it\/osservatorio-ethos\/wp-json\/wp\/v2\/pages"}],"about":[{"href":"https:\/\/businessschool.luiss.it\/osservatorio-ethos\/wp-json\/wp\/v2\/types\/page"}],"author":[{"embeddable":true,"href":"https:\/\/businessschool.luiss.it\/osservatorio-ethos\/wp-json\/wp\/v2\/users\/1"}],"replies":[{"embeddable":true,"href":"https:\/\/businessschool.luiss.it\/osservatorio-ethos\/wp-json\/wp\/v2\/comments?post=2"}],"version-history":[{"count":6,"href":"https:\/\/businessschool.luiss.it\/osservatorio-ethos\/wp-json\/wp\/v2\/pages\/2\/revisions"}],"predecessor-version":[{"id":681,"href":"https:\/\/businessschool.luiss.it\/osservatorio-ethos\/wp-json\/wp\/v2\/pages\/2\/revisions\/681"}],"wp:attachment":[{"href":"https:\/\/businessschool.luiss.it\/osservatorio-ethos\/wp-json\/wp\/v2\/media?parent=2"}],"wp:term":[{"taxonomy":"category","embeddable":true,"href":"https:\/\/businessschool.luiss.it\/osservatorio-ethos\/wp-json\/wp\/v2\/categories?post=2"},{"taxonomy":"post_tag","embeddable":true,"href":"https:\/\/businessschool.luiss.it\/osservatorio-ethos\/wp-json\/wp\/v2\/tags?post=2"},{"taxonomy":"docenti_teaching_area","embeddable":true,"href":"https:\/\/businessschool.luiss.it\/osservatorio-ethos\/wp-json\/wp\/v2\/docenti_teaching_area?post=2"},{"taxonomy":"docenti_research_area","embeddable":true,"href":"https:\/\/businessschool.luiss.it\/osservatorio-ethos\/wp-json\/wp\/v2\/docenti_research_area?post=2"},{"taxonomy":"tematiche","embeddable":true,"href":"https:\/\/businessschool.luiss.it\/osservatorio-ethos\/wp-json\/wp\/v2\/tematiche?post=2"},{"taxonomy":"lingue","embeddable":true,"href":"https:\/\/businessschool.luiss.it\/osservatorio-ethos\/wp-json\/wp\/v2\/lingue?post=2"},{"taxonomy":"lunghezza_corsi","embeddable":true,"href":"https:\/\/businessschool.luiss.it\/osservatorio-ethos\/wp-json\/wp\/v2\/lunghezza_corsi?post=2"}],"curies":[{"name":"wp","href":"https:\/\/api.w.org\/{rel}","templated":true}]}}