{"id":84,"date":"2019-10-07T10:27:45","date_gmt":"2019-10-07T08:27:45","guid":{"rendered":"https:\/\/businessschool.luiss.it\/osservatorio-ethos\/?page_id=84"},"modified":"2022-03-10T11:24:06","modified_gmt":"2022-03-10T10:24:06","slug":"progetti-ethos","status":"publish","type":"page","link":"https:\/\/businessschool.luiss.it\/osservatorio-ethos\/progetti-ethos\/","title":{"rendered":"Progetti Ethos"},"content":{"rendered":"<p>Sulla base delle finalit\u00e0 dell\u2019Osservatorio Ethos Luiss Business School, si stanno attivando progetti in diversi settori.\u00a0<strong>\u00a0\u00a0\u00a0\u00a0\u00a0\u00a0\u00a0\u00a0<\/strong><\/p>\n<hr \/>\n<p>Per la formazione sono in partenza i seguenti programmi:<\/p>\n<ul>\n<li>Organizzazione del I Festival dell&#8217;Etica pubblica sul tema del rapporto tra etica e intelligenza artificiale. Il Festival si svolger\u00e0 nel mese di Maggio 2022 presso l&#8217;Auditorium Parco della Musica di Roma, e ospiter\u00e0 i protagonisti della scena nazionale e internazionale nel dibattito tra etica e IA.<\/li>\n<li>\u201cUlysses &#8211; Il Club del libro Luiss\u201d: ciclo di incontri coordinato da D. Melidoro e da R. Cotroneo che si pone l\u2019obiettivo di instaurare un dibattito intergenerazionale grazie alla presenza di autori, editori, professori e studenti con l\u2019intento di diffondere la curiosit\u00e0 verso la lettura. Il Club del libro Luiss \u00e8 organizzato in collaborazione con la Biblioteca Luiss. Il primo incontro \u00e8\u00a0 previsto per marted\u00ec 29 marzo 2022, ore 20. Presente l\u2019autrice del libro \u201cCaro Pier Paolo\u201d Dacia Maraini.<\/li>\n<li>Programma executive in <strong>Business Ethics<\/strong> presso Luiss Business School. Lo studio della sostenibilit\u00e0 sta diventando una sfida sempre pi\u00f9 attuale, evidenziando l&#8217;urgenza di adottare nuovi modelli di condotta basati su regole di responsabilit\u00e0 sociale, trasparenza e sostenibilit\u00e0 ambientale condivisi su scala globale.<br \/>\nEthos organizza l\u2019Executive Skill Lab in Business Ethics. Il master parte ad aprile 202. <a href=\"https:\/\/businessschool.luiss.it\/brochure-business-ethics-lab\/\">Scarica la brochure del programma<\/a>.<\/li>\n<li>Religione e politica (Master in collaborazione con Universit\u00e0 Urbaniana di Roma): in fase di progetto<\/li>\n<li>Letteratura e business: i classici della letteratura e i dilemmi dell\u2019impresa (in fase di progetto; \u00e8 stato coinvolto il poeta Valerio Magrelli, ricerca di partner industriali)<\/li>\n<li>Laboratorio su questioni di genere e impresa: \u00e8 allo studio la realizzazione di attivit\u00e0 formative sulle questioni di genere (didattica frontale tradizionale, attivit\u00e0 performative, attivit\u00e0 laboratoriali) da proporre a realt\u00e0 imprenditoriali<\/li>\n<li>Officina dell\u2019immagine: un laboratorio interattivo sulla gestione dell\u2019immagine individuale nel mondo digitale in collaborazione con la Summer School Luiss<\/li>\n<\/ul>\n<p>Presso la LUISS<\/p>\n<p>Corso di Filosofia generale del prof. Sebastiano Maffettone per tutti gli studenti dell&#8217;Ateneo. L&#8217;intenzione principale del corso consiste nel promuovere la riflessione sistematica e il <em>critical thinking.<\/em><\/p>\n<hr \/>\n<h4>&#8220;Verso&#8221;<\/h4>\n<p>Gruppo costituitosi nel 2020, comprende docenti universitari di diverse discipline, il cui focus \u00e8 dato dall&#8217;analisi dell&#8217;impatto delle nuove tecnologie e dell&#8217;IA sulla societ\u00e0 contemporanea.<br \/>\nL\u2019innovazione tecnologica digitale e i processi automatizzati (IA e Machine Learning) che questa comporta hanno la capacit\u00e0 di trasformare profondamente il modo con cui prendono forma e si attuano le decisioni aziendali. In particolare, la cultura organizzativa e l\u2019etica aziendale sono particolarmente sfidate da processi che potrebbero cambiarla o stravolgerla secondo criteri non voluti o non desiderati. Verso \u00e8 un Think Tank e un istituto di supporto. Elabora una visione e una comprensione teorica dei processi di trasformazione innovativi e accompagna le organizzazioni, con adeguati strumenti formativi, a innovare secondo le line della propria cultura ed etica aziendale. Verso accompagna le organizzazioni perch\u00e9 il risultato dell\u2019innovazione non diverga dalle intenzioni proposte generando trasformazioni non desiderate.<\/p>\n<p>Partecipano ai lavori insieme al Prof. <strong>Maffettone<\/strong>, al Prof. <strong>Benanti<\/strong> e al Dott. <strong>Giovanni Lo Storto<\/strong>:<\/p>\n<p>Prof. <strong>Maurizio Bellacosa<\/strong>, <em>Luiss<\/em>;\u00a0Prof.ssa <strong>Marta Bertolaso<\/strong>, <em>Campus bio-Medico<\/em>; Prof. <strong>Patrizio Bianchi<\/strong>, <em>Universit\u00e0 Ferrara; <\/em>Prof. <strong>Mirko Garasic<\/strong>, Ethos; Prof. <strong>Giuseppe Italiano<\/strong>, <em>Luiss; <\/em>Dott.ssa <strong>Maria Laudiero<\/strong>, <em>Ethos, <\/em>Prof.ssa <strong>Francesca Marzo,<\/strong> <em>Luiss; <\/em>Prof. <strong>Domenico Melidoro<\/strong>, <em>Ethos; <\/em>Prof. <strong>Mario Rasetti<\/strong>, <em>Presidente Fondazione ISI<\/em>; Prof. <strong>Gianluca Riccio<\/strong>, <em>Ethos; <\/em>Prof. <strong>Bruno Siciliano, <\/strong><em>Universit\u00e0 Federico II; <\/em>Prof. <strong>Paolo Spagnoletti<\/strong>, <em>Luiss; <\/em>Prof. <strong>Guglielmo Tamburrini<\/strong>, <em>Universit\u00e0 Federico II<\/em>; Prof. <strong>Giorgio Ventre<\/strong>, <em>Universit\u00e0 Federico II; <\/em><strong>Lorenzo Ancona,<\/strong><em> Young Ethos<\/em><\/p>\n<hr \/>\n<h4>ETHOS- Lega Pro<\/h4>\n<p>L&#8217;Osservatorio Ethos, nel corso del 2021, ha ricevuto un mandato dalla Lega Pro di Calcio per realizzare iniziative di ricerca e formazione nell&#8217;ambito dell&#8217;etica dello sport. E&#8217; in corso di elaborazione un programma custom finalizzato alla formazione professionale di ethical manager delle societ\u00e0 sportive.<\/p>\n<hr \/>\n<h4>ETHOS &#8211; ASL Roma 6<\/h4>\n<p>Ethos sta predisponendo un accordo con ASL Roma 6 per l\u2019istituzione di un Comitato etico e per realizzare iniziative artistico-culturali in ambito di sanit\u00e0 pubblica (Ethos ha inviato proposta a ALS Roma 6).<br \/>\nIn accordo con ASL Roma 6, Ethos bandir\u00e0 un concorso per la premiazione di tesi di laurea aventi come oggetto le relazioni tra scienze umane e medicina.<\/p>\n<hr \/>\n<h3><strong>Art-Etica <\/strong><\/h3>\n<p>ETHOS Luiss Business School ha al momento in corso due progetti importanti che indagano la relazione fra etica e arte contemporanea. Si tratta di operazioni eticamente significative in un ambito in cui il rapporto con il mercato \u00e8 quantomeno controverso<\/p>\n<h4>ETHOS &#8211; Museo Madre<\/h4>\n<p>Protocollo stipulato fra l\u2019Osservatorio e il Museo Madre di Napoli sul tema della interculturalit\u00e0 e\u00a0arte contemporanea volto ad attivare un modello di collaborazione virtuoso tra universit\u00e0 e museo, per dare vita a un programma d\u2019iniziative comuni (residenze artistiche, workshop con artisti internazionali, seminari di approfondimento, installazioni <em>site specific<\/em>) legate ai temi dell\u2019inter-cultura e pi\u00f9 in generale ai temi che investono il rapporto tra arte e responsabilit\u00e0 etica e sociale. La prima fase del progetto <strong><em>Art-Etica<\/em><\/strong> (2019 \u2013 2021), sar\u00e0 volta a realizzare un progetto triennale sul tema della <strong>multiculturalit\u00e0<\/strong> nell\u2019ambito della sperimentazione artistica contemporanea. Punto di partenza \u00e8 l\u2019analisi del progressivo spostamento, avvenuto nell\u2019arco degli ultimi decenni, del centro della ricerca artistica mondiale, dal cuore dell\u2019Occidente verso aree storicamente considerate periferiche (dall\u2019Africa all\u2019Estremo Oriente).<\/p>\n<h4>Intesa ETHOS \u2013 Do ut do<\/h4>\n<p>Iniziative in comune con il gruppo Do ut do di Bologna, fra cui l\u2019organizzazione dell\u2019esposizione delle opere donate da artisti significativi nell\u2019ambito della Biennale d\u2019arte organizzata da Do ut do, che si occupa di raccogliere fondi per la Fondazione Hospice Ser\u00e0gnoli Onlus.<\/p>\n<hr \/>\n<h4>ETHOS &#8211; Centro\u00a0di Gravit\u00e0<\/h4>\n<p>Su iniziativa del DG della Luiss Giovanni Lo Storto \u00e8 stato istituito il &#8220;<em>Centro di Gravit\u00e0&#8221; <\/em>che opera in coordinazione con Ethos. Il Centro \u00e8 uno spazio che si pone come fucina di idee, in cui personalit\u00e0 del mondo accademico e non, provenienti da differenti ambienti culturali e professionali, mettono a disposizione le proprie competenze specifiche per ideare programmi insieme a giovani studenti, in modo da favorire l&#8217;interazione fra vari saperi umanistici, scientifici e della vita pratica.<\/p>\n<hr \/>\n<h4>ETHOS &#8211; Fondazione Italia Sociale<\/h4>\n<p><em>Educazione Civica Reloaded <\/em><\/p>\n<p>Si sta procedendo alla definizione di programmi di formazione innovativi incentrati sull\u2019educazione civica.<\/p>\n<hr \/>\n<h4>ETHOS &#8211; Devital Srl<\/h4>\n<p>Programma di formazione\/ricerca in materia di comunicazione medicale, welfare aziendale e benessere. Accordo siglato (Ethos far\u00e0 attivit\u00e0 di consulenza scientifica per Devital).<br \/>\nEthos,nel corso del 2021, ha continuato nell&#8217;attivit\u00e0 di consulenza all&#8217;azienda Devital SPA. Tra le attivit\u00e0 principali, Ethos ha contribuito alla creazione e allo sviluppo di Active Living, un progetto sul benessere a cura di Devital SPA.<\/p>\n<hr \/>\n<h4>ETHOS in collaborazione con Fondazione Giordano Bruno di Nola, Campus Bio-medico di Roma, ASL Salerno, Gruppo Devital<\/h4>\n<p>Nel mese di settembre 2020 Ethos, in partnership con ASL di Salerno, e la consulenza del Campus Bio-medico di Roma e della Fondazione Giordano Bruno, ha partecipato ad un bando sull\u2019innovazione digitale della Regione Campania Start Up 2020. Il progetto verte sull\u2019importanza che riveste l\u2019Home Care (in esame i protocolli strutturati per i pazienti affetti da demenza), non soltanto per migliorare le condizioni generali del paziente ma anche per far fronte all\u2019emergenza sanitaria dovuta al Covid-19. Il progetto prevede la digitalizzazione dell\u2019intero sistema di cure domiciliari laddove per digitalizzazione si intende non solo la sperimentazione e la messa in opera di tutte le tecnologie utili ad una innovativa telemedicina, ma anche la necessit\u00e0 di mettere in continuit\u00e0 le azioni degli operatori con i bisogni dei familiari, Questa ultima \u00e8 la sfida che rende la traiettoria di ricerca verso la realizzazione del progetto efficiente, efficace e accettabile da parte di tutti i portatori di interesse.<\/p>\n<hr \/>\n<h4>ETHOS &#8211; Chic Investment<\/h4>\n<p>Ethos sta predisponendo un programma di scambi culturali ed educativi fra Italia e Cina, con lo scopo di contribuire a creare una nuova classe dirigente. A tale scopo \u00e8 stato progettato <strong>Young Talent Platform Program<\/strong><\/p>\n<hr \/>\n<h4>ETHOS &#8211; LUISS<\/h4>\n<p>Revisione Codice Etico della Luiss<br \/>\nLa Luiss promuove i principi di Etica, Responsabilit\u00e0 e Sostenibilit\u00e0.<br \/>\nNella revisione del Codice Etico della Luiss da parte di Ethos Luiss Business School, sono stati tenuti in alta considerazione alcuni degli obiettivi per lo sviluppo sostenibile, i cosiddetti SDGs -Sustainable Development Goals in ottemperanza anche ai traguardi prefissati dall\u2019Agenda 2030 per la coesione internazionale sulla sostenibilit\u00e0 in modo da poter favorire una adeguata crescita culturale dell\u2019essere umano.<\/p>\n<hr \/>\n<h4>ETHOS &#8211; Garante per la protezione dei dati personali<\/h4>\n<p>E\u2019 allo studio la possibilit\u00e0 di stabilire una partnership volta ad approfondire la relazione tra etica e sviluppo dell\u2019intelligenza artificiale con particolare riferimento alla tutela dei dati personali.<\/p>\n<hr \/>\n<h4>ETHOS &#8211; Fondazione Giordano Bruno<\/h4>\n<p><em><strong>Renovatio Mundi<\/strong>.<\/em> Da un&#8217;idea di Gianluca Riccio un progetto dedicato alla scoperta di giovani artisti partendo dall&#8217;impatto della figura di <strong>Giordano Bruno <\/strong>nell&#8217;arte contemporanea<\/p>\n<hr \/>\n<h4>ETHOS &#8211; Branca &#8211; Devital<\/h4>\n<p>Capitale Culturale e Etica Pubblica<br \/>\nStrutturare un nuovo modello di welfare aziendale basato sulla consapevolezza di s\u00e9 ottenuta sviluppando il Capitale Culturale. Il progetto si inserisce in un quadro pi\u00f9 complesso in cui l\u2019azienda nella sua totalit\u00e0 si ripensa alla luce del contesto attuale di trasformazione socio-economica. Questa attivit\u00e0 di ripensamento deve essere condotta in riferimento a schemi di pensiero innovativi e inediti. Partendo dall\u2019arte (e il modo in cui la si vive, interpreta, esperisce) non sia una questione intuitiva, ma richieda uno sforzo conoscitivo ed epistemologico. Ethos, grazie all\u2019ausilio di esperti del settore (arte visuale, musica, cinema, teatro, letteratura) si propone di diffondere la consapevolezza nella vita delle persone, sul lavoro e nel tempo libero.<\/p>\n<hr \/>\n<p>Nel settore della ricerca si sta procedendo sui seguenti temi:<\/p>\n<h4><strong>\u00a0<\/strong>Progetto di ricerca ETHOS-Lega COOP (HODA)<\/h4>\n<p>Progetto di ricerca su intelligenza artificiale e utilizzo\/gestione dei dati da una prospettiva integrata tra mondo accademico e della cooperazione. Accordo siglato.<\/p>\n<hr \/>\n<h4>ETHOS\u00a0&#8211;\u00a0Carabinieri &#8211; SNA\u00a0Scuola\u00a0della Pubblica Amministrazione\u00a0&#8211; ISI Foundation Torino<\/h4>\n<p>Ethos ha avviato una collaborazione per realizzare dei progetti di ricerca sull\u2019intelligenza artificiale in supporto al Law Enforcement.<\/p>\n<hr \/>\n<h4>\u00a0In collaborazione con University of Western Ontario (Canada) e Universit\u00e0 di Bologna:<\/h4>\n<p>Creazione di partnership e elaborazione di progetti di ricerca interdisciplinare nell&#8217;ambito di <strong><em>Health Equity<\/em><\/strong><em>.<\/em><\/p>\n<hr \/>\n<h4>Proposta di ricerca sulla dipendenza dai videogame<\/h4>\n<p>Un approccio neuro scientifico e socio-cognitivo alla dipendenza dai videogiochi per lo sviluppo di strategie di contrasto e prevenzione.<\/p>\n<p>Il progetto vuole sviluppare metodi sperimentali ed innovativi per l\u2019implementazione di pratiche virtuose di promozione di stili di vita sani e responsabili e di contrasto alla diffusione della ludopatia legata ai videogiochi, che si manifesta soprattutto in et\u00e0 pre-adolescenziale e che ha caratteristiche riconducibili ad una vera e propria dipendenza.<\/p>\n<p><a class=\"button featured-links\" href=\"https:\/\/businessschool.luiss.it\/osservatorio-ethos\/wp-content\/uploads\/sites\/116\/2019\/12\/Progetto-ASCOLTA.pdf\">SCOPRI LA RICERCA\u00a0\u00a0<\/a><\/p>\n<hr \/>\n<h4>ETHOS \u2013 Federazione Nazionale dei Cavalieri del Lavoro<\/h4>\n<p>L\u2019Osservatorio sta predisponendo un programma di ricerca e monitoraggio sui codici etici e sul rispetto dei principi di sostenibilit\u00e0 e trasparenza da parte delle imprese dei Cavalieri del Lavoro.<\/p>\n<hr \/>\n<h4><\/h4>\n<h4>ETHOS\u2013 Napoli<\/h4>\n<p>Incontro con personalit\u00e0 del mondo imprenditoriale, accademico e culturale per avviare attivit\u00e0 di collaborazione ad hoc con le principali realt\u00e0 partenopee.<\/p>\n<hr \/>\n<h4>ETHOS \u2013 Rapporti internazionali<\/h4>\n<p>Ethos ha gi\u00e0 stabilito rapporti con istituzioni accademiche internazionali (University of Jordan). Sono in via di definizione partnership con istituzioni indiane, statunitensi (Stanford), europee (Uppsala).<br \/>\nEthos ha stabilito una partnership con l\u2019Universit\u00e0 di Bologna e con la Universit\u00e0 West Ontario (Canada) per progetti di ricerca interdisciplinari nell\u2019ambito della health justice.<\/p>\n<hr \/>\n<h4>ETHOS\u2013 Ambasciata del Giappone in Italia<\/h4>\n<p>Realizzazione di una conferenza sull\u2019impatto socio-politico delle questioni demografiche in Italia e Giappone (Primavera 2020 \u2013 realizzazione posticipata al 2021 a causa dell\u2019emergenza Covid19).<br \/>\nLa conferenza avvenuta e molto partecipata, \u00e8 stata trasmessa anche sui canali LUISS. A Marzo 2022 sar\u00e0 pubblicato un volume a cura di S. Maffettone e M.V. Lo Prete che raccoglie i testi degli interventi della conferenza.<\/p>\n<hr \/>\n<h4>Comunicazione &amp; Editoria<\/h4>\n<p>Apertura di un blog sul sito dell\u2019Osservatorio che avr\u00e0 come tema la declinazione dell\u2019Etica pubblica nelle varie discipline. In collaborazione con il dott. Bruno Manfellotto gi\u00e0 direttore de L\u2019Espresso e il Prof. Gianfranco Pellegrino.<\/p>\n<p>Si segnala la pubblicazione de Il Quarto Shock- Come un virus ha cambiato il mondo di Sebastiano Maffettone edito dalla Luiss University Press. Il testo, vincitore del Premio Capalbio 2020, rappresenta il primo tentativo nel suo genere di fornire risposte e ipotesi programmatiche con gli strumenti della filosofia politica e dell\u2019etica, affronta problemi cruciali, come la protesta sociale che potrebbe montare e come affrontarla, la crescente disuguaglianza di reddito (ad esempio tra il Nord e il Sud del nostro Paese), i rapporti tra Stati che dovranno basarsi non pi\u00f9 sulla sola competizione, il green new deal da consolidare, la scuola e l\u2019universit\u00e0 da ripensare e il modo pi\u00f9 equo di gestire la crescita prevedibile delle multinazionali del web.<\/p>\n<p>Collana editoriale con Luiss University Press. Nel mese di Ottobre 2020 \u00e8 stato approvato un progetto editoriale frutto della collaborazione tra Ethos e la Luiss University Press. E\u2019 prevista la creazione di una collana editoriale sulle diverse dimensioni di etica pubblica. Il progetto editoriale coinvolger\u00e0 studiosi italiani e stranieri.<\/p>\n<hr \/>\n<h4>Etica e Mezzogiorno<\/h4>\n<p>Puntare sul Sud. Analisi approfondita sulla questione mai risolta del Mezzogiorno e proposte per diminuire il divario nord-sud.<\/p>\n<h4>\u00a0ETHOS YOUNG<\/h4>\n<p>Progetto sulla sostenibilit\u00e0 da attivare in Luiss.<\/p>\n<p>Il progetto, ideato da un gruppo di studenti della Luiss, intende realizzare operazioni concrete per diffondere il valore della sostenibilit\u00e0 all\u2019interno dell\u2019Ateneo. Lo scopo consiste nel mantenere la Luiss nei primi trenta atenei pi\u00f9 sostenibili al mondo in base al ranking \u201cUI Green Metric\u201d, avendo collaborato, nei precedenti anni, alla conquista di questo traguardo. I ragazzi sono impegnati in molte attivit\u00e0 ed iniziative soprattutto a sostegno della sostenibilit\u00e0. Anche durante il lockdown hanno strutturato iniziative online per rendere partecipe il mondo studentesco e non solo.<\/p>\n<p>Il gruppo sta valutando quale costituzione formale assumere (associarsi a Ethos, costituire una associazione esterna all\u2019universit\u00e0, associazione studentesca, ecc.) e ha ottenuto uno spazio presso la sede LUISS di Viale Romania<\/p>\n<p>Attivit\u00e0-progetti:<br \/>\n&#8211; iniziativa artistico-culturale sulla condizione giovanile (Ottobre 2021). \u00c9\u00a0stata organizzata una serata al Maxxi di Roma con performance artistiche e musica. E\u2019 stato coinvolto il Prof. Riccio per una consulenza sulle arti performative<br \/>\n&#8211; Dicembre 2019: partecipazione al mercatino di Natale della LUISS (raccolta di indumenti a scopo benefico)<br \/>\n&#8211; Collaborazione con il Museo Madre: iniziative sulla sostenibilit\u00e0. Sono stati presi contatti con Laura Valente (Direttrice del Museo)<br \/>\n&#8211; Collaborazione con gli uffici LUISS in materia di green ranking e iniziative a favore della sostenibilit\u00e0 ambientale<br \/>\n&#8211; Collaborazione con Asvis per l\u2019evento sulla sostenibilit\u00e0 che si svolger\u00e0 in LUISS a maggio\/giugno 2020 (rimandato causa Covid19)<br \/>\n&#8211; Altre attivit\u00e0 su sostenibilit\u00e0 e inclusione in collaborazione la Direzione Generale LUISS<br \/>\n&#8211; TED x LUISS Countdown (Ottobre 2020) fa parte di una iniziativa TED del circuito internazionale. Per l\u2019appuntamento della Luiss \u00e8 stato organizzato un webinar di approfondimento sul Climate Change<br \/>\n&#8211; Progetto Climathon (Novembre 2020\/Aprile 2021): iniziativa di sensibilizzazione al contrasto del fenomeno del cambiamento climatico da realizzare in collaborazione con Italian Climate Network in alcune scuole superiori di secondo grado.<\/p>\n","protected":false},"excerpt":{"rendered":"<p>Sulla base delle finalit\u00e0 dell\u2019Osservatorio Ethos Luiss Business School, si stanno attivando progetti in diversi settori.\u00a0\u00a0\u00a0\u00a0\u00a0\u00a0\u00a0\u00a0\u00a0 Per la formazione sono [&hellip;]<\/p>\n","protected":false},"author":1,"featured_media":0,"parent":0,"menu_order":0,"comment_status":"closed","ping_status":"closed","template":"","meta":{"_acf_changed":false,"footnotes":""},"categories":[],"tags":[],"docenti_teaching_area":[],"docenti_research_area":[],"tematiche":[],"lingue":[],"lunghezza_corsi":[],"class_list":["post-84","page","type-page","status-publish","hentry"],"acf":[],"aioseo_notices":[],"_links":{"self":[{"href":"https:\/\/businessschool.luiss.it\/osservatorio-ethos\/wp-json\/wp\/v2\/pages\/84","targetHints":{"allow":["GET"]}}],"collection":[{"href":"https:\/\/businessschool.luiss.it\/osservatorio-ethos\/wp-json\/wp\/v2\/pages"}],"about":[{"href":"https:\/\/businessschool.luiss.it\/osservatorio-ethos\/wp-json\/wp\/v2\/types\/page"}],"author":[{"embeddable":true,"href":"https:\/\/businessschool.luiss.it\/osservatorio-ethos\/wp-json\/wp\/v2\/users\/1"}],"replies":[{"embeddable":true,"href":"https:\/\/businessschool.luiss.it\/osservatorio-ethos\/wp-json\/wp\/v2\/comments?post=84"}],"version-history":[{"count":5,"href":"https:\/\/businessschool.luiss.it\/osservatorio-ethos\/wp-json\/wp\/v2\/pages\/84\/revisions"}],"predecessor-version":[{"id":664,"href":"https:\/\/businessschool.luiss.it\/osservatorio-ethos\/wp-json\/wp\/v2\/pages\/84\/revisions\/664"}],"wp:attachment":[{"href":"https:\/\/businessschool.luiss.it\/osservatorio-ethos\/wp-json\/wp\/v2\/media?parent=84"}],"wp:term":[{"taxonomy":"category","embeddable":true,"href":"https:\/\/businessschool.luiss.it\/osservatorio-ethos\/wp-json\/wp\/v2\/categories?post=84"},{"taxonomy":"post_tag","embeddable":true,"href":"https:\/\/businessschool.luiss.it\/osservatorio-ethos\/wp-json\/wp\/v2\/tags?post=84"},{"taxonomy":"docenti_teaching_area","embeddable":true,"href":"https:\/\/businessschool.luiss.it\/osservatorio-ethos\/wp-json\/wp\/v2\/docenti_teaching_area?post=84"},{"taxonomy":"docenti_research_area","embeddable":true,"href":"https:\/\/businessschool.luiss.it\/osservatorio-ethos\/wp-json\/wp\/v2\/docenti_research_area?post=84"},{"taxonomy":"tematiche","embeddable":true,"href":"https:\/\/businessschool.luiss.it\/osservatorio-ethos\/wp-json\/wp\/v2\/tematiche?post=84"},{"taxonomy":"lingue","embeddable":true,"href":"https:\/\/businessschool.luiss.it\/osservatorio-ethos\/wp-json\/wp\/v2\/lingue?post=84"},{"taxonomy":"lunghezza_corsi","embeddable":true,"href":"https:\/\/businessschool.luiss.it\/osservatorio-ethos\/wp-json\/wp\/v2\/lunghezza_corsi?post=84"}],"curies":[{"name":"wp","href":"https:\/\/api.w.org\/{rel}","templated":true}]}}