{"id":2,"date":"2020-02-21T10:55:26","date_gmt":"2020-02-21T09:55:26","guid":{"rendered":"https:\/\/businessschool.luiss.it\/pr-communication-event-management-milano\/?page_id=2"},"modified":"2025-11-05T13:03:02","modified_gmt":"2025-11-05T12:03:02","slug":"pagina-di-esempio","status":"publish","type":"page","link":"https:\/\/businessschool.luiss.it\/pr-communication-event-management\/","title":{"rendered":"Overview"},"content":{"rendered":"\n<p>Il&nbsp;<strong>Master in Marketing Management<\/strong>&nbsp;persegue l\u2019obiettivo di formare profili professionali in grado di operare con know-how, intelligenza e versatilit\u00e0 nel marketing di aziende e organizzazioni operanti nei pi\u00f9 svariati settori di attivit\u00e0. L\u2019obiettivo \u00e8 di cogliere al meglio la crescente necessit\u00e0 del mondo del lavoro e delle professioni di figure in grado di capire e gestire la complessit\u00e0 dell\u2019intero processo di marketing analitico, strategico e operativo.<\/p>\n\n\n\n<p>Il Master in Marketing Management \u00e8 caratterizzato dalla presenza di&nbsp;<strong>5&nbsp;Major<\/strong>, ovvero 5 macro-aree di specializzazione:<\/p>\n\n\n\n<ul class=\"wp-block-list\">\n<li>Major in Export Management per il Made in Italy<\/li>\n\n\n\n<li>Major in Digital Marketing<\/li>\n\n\n\n<li>Major in Sales &amp; Account Management<\/li>\n\n\n\n<li>Major in Omnichannel Distribution Strategy<\/li>\n\n\n\n<li>Major in Corporate Event: Management, PR and Communication<\/li>\n<\/ul>\n\n\n\n<p>La major in <strong>Corporate Event: Management, PR and Communication<\/strong>&nbsp;ha l&#8217;obiettivo di fornire agli allievi le competenze necessarie a comprendere e gestire le dinamiche e l\u2019importanza di molteplici strumenti di comunicazione: pubbliche relazioni, advertising ed eventi. Il Master intende offrire una formazione manageriale generale combinata allo sviluppo di competenze specifiche tecniche e gestionali orientate al cambiamento, per preparare figure professionali in grado di gestire il mutevole contesto di riferimento e di pianificare, eseguire e monitorare campagne di comunicazione integrate pi\u00f9 efficaci.<\/p>\n\n\n\n<h3 class=\"wp-block-heading\">Partner<\/h3>\n\n\n\n<figure class=\"wp-block-image size-large is-resized\"><img loading=\"lazy\" decoding=\"async\" width=\"1024\" height=\"352\" src=\"https:\/\/businessschool.luiss.it\/pr-communication-event-management\/wp-content\/uploads\/sites\/131\/2023\/10\/logo-MM-vettoriale-1024x352.png\" alt=\"\" class=\"wp-image-266\" style=\"width:386px;height:132px\" srcset=\"https:\/\/businessschool.luiss.it\/pr-communication-event-management\/wp-content\/uploads\/sites\/131\/2023\/10\/logo-MM-vettoriale-1024x352.png 1024w, https:\/\/businessschool.luiss.it\/pr-communication-event-management\/wp-content\/uploads\/sites\/131\/2023\/10\/logo-MM-vettoriale-300x103.png 300w, https:\/\/businessschool.luiss.it\/pr-communication-event-management\/wp-content\/uploads\/sites\/131\/2023\/10\/logo-MM-vettoriale-768x264.png 768w, https:\/\/businessschool.luiss.it\/pr-communication-event-management\/wp-content\/uploads\/sites\/131\/2023\/10\/logo-MM-vettoriale.png 1133w\" sizes=\"auto, (max-width: 1024px) 100vw, 1024px\" \/><\/figure>\n\n\n\n<p>Il Master in Marketing Management- Major in Corporate Event, PR and Communication \u00e8 realizzato da Luiss Business School in partnership con Micromegas Communication, azienda che opera con successo da molti anni nelle aree dell\u2019Event Management, prestando il suo know how a clienti di alto profilo internazionale e organizzando manifestazioni di vario carattere \u2013 istituzionali, corporate, finanziarie, marketing, concerti \u2013 nelle principali citt\u00e0 del mondo.<\/p>\n\n\n\n<h3 class=\"wp-block-heading\">Obiettivi<\/h3>\n\n\n\n<p>Il programma si pone i seguenti obiettivi:<\/p>\n\n\n\n<ul class=\"wp-block-list\">\n<li>Comprendere i valori fondamentali di un brand;<\/li>\n\n\n\n<li>Approfondire le logiche e gli strumenti della comunicazione creativa;<\/li>\n\n\n\n<li>Apprendere le dinamiche e l\u2019importanza degli eventi quale strumento di comunicazione BTL;<\/li>\n\n\n\n<li>Definire ed attuare efficace strategie di PR.<\/li>\n\n\n\n<li>Imparare a gestire il budget a supporto delle iniziative di comunicazione;<\/li>\n<\/ul>\n\n\n\n<h3 class=\"wp-block-heading\">A chi \u00e8 rivolto<\/h3>\n\n\n\n<p>Il Master \u00e8 indirizzato a neolaureati&nbsp;e laureandi di I\u00b0, II\u00b0 livello o con ordinamento a ciclo unico in qualsiasi disciplina che abbiano un profilo proattivo, flessibile, dinamico, protesi ad un approccio interculturale e multidisciplinare al business.<\/p>\n\n\n\n<h3 class=\"wp-block-heading\">Direzione e Coordinamento<\/h3>\n\n\n\n<h4 class=\"wp-block-heading\"><strong>Direttore del Master<\/strong><\/h4>\n\n\n\n<p><strong>Luca Pirolo<\/strong>, Direttore Area Master, Luiss Business School<br><strong>Francesca Mastrogiacomi, <\/strong>Esperta in digital trasformation, innovazione, gestione del cambiamento, strategia, sales e operations<\/p>\n\n\n\n<h4 class=\"wp-block-heading x_MsoNormal\"><strong>Comitato Scientifico<\/strong><\/h4>\n\n\n\n<p><strong>Romano Cappellari<\/strong>, Docente di Marketing e Retailing, Universit\u00e0 di Padova<br><strong>Pier Paolo Bucalo<\/strong>, Managing Director A12Lab<br><strong>Alberto Mattiacci<\/strong>, Professore Ordinario di Economia e Gestione delle Imprese, Sapienza Universit\u00e0 di Roma<br><strong>Marco Francesco Mazz\u00f9<\/strong>, Professor of Practice, Marketing e Digital, e Senior Advisor per International Marketing, Universit\u00e0 Luiss Guido Carli, Luiss Business School<br><strong>Luca Pirolo<\/strong>, Direttore Area Master, Luiss Business School<br><strong>Rumen Pozharliev<\/strong>, Ricercatore di Neuroscienza dei Consumatori, Centro di Ricerca X.ITE<br><strong>Luca Gatto, <\/strong>Senior Large Relationship Manager \u2013 SACE<br><strong>Matteo De Angelis<\/strong>, Professore ordinario di Marketing, Universit\u00e0 Luiss Guido Carli<\/p>\n","protected":false},"excerpt":{"rendered":"<p>Il&nbsp;Master in Marketing Management&nbsp;persegue l\u2019obiettivo di formare profili professionali in grado di operare con know-how, intelligenza e versatilit\u00e0 nel marketing [&hellip;]<\/p>\n","protected":false},"author":1,"featured_media":0,"parent":0,"menu_order":0,"comment_status":"closed","ping_status":"closed","template":"page-default.php","meta":{"_acf_changed":false,"footnotes":""},"categories":[],"tags":[],"docenti_teaching_area":[],"docenti_research_area":[],"tematiche":[],"lingue":[],"lunghezza_corsi":[],"class_list":["post-2","page","type-page","status-publish","hentry"],"acf":[],"aioseo_notices":[],"_links":{"self":[{"href":"https:\/\/businessschool.luiss.it\/pr-communication-event-management\/wp-json\/wp\/v2\/pages\/2","targetHints":{"allow":["GET"]}}],"collection":[{"href":"https:\/\/businessschool.luiss.it\/pr-communication-event-management\/wp-json\/wp\/v2\/pages"}],"about":[{"href":"https:\/\/businessschool.luiss.it\/pr-communication-event-management\/wp-json\/wp\/v2\/types\/page"}],"author":[{"embeddable":true,"href":"https:\/\/businessschool.luiss.it\/pr-communication-event-management\/wp-json\/wp\/v2\/users\/1"}],"replies":[{"embeddable":true,"href":"https:\/\/businessschool.luiss.it\/pr-communication-event-management\/wp-json\/wp\/v2\/comments?post=2"}],"version-history":[{"count":6,"href":"https:\/\/businessschool.luiss.it\/pr-communication-event-management\/wp-json\/wp\/v2\/pages\/2\/revisions"}],"predecessor-version":[{"id":372,"href":"https:\/\/businessschool.luiss.it\/pr-communication-event-management\/wp-json\/wp\/v2\/pages\/2\/revisions\/372"}],"wp:attachment":[{"href":"https:\/\/businessschool.luiss.it\/pr-communication-event-management\/wp-json\/wp\/v2\/media?parent=2"}],"wp:term":[{"taxonomy":"category","embeddable":true,"href":"https:\/\/businessschool.luiss.it\/pr-communication-event-management\/wp-json\/wp\/v2\/categories?post=2"},{"taxonomy":"post_tag","embeddable":true,"href":"https:\/\/businessschool.luiss.it\/pr-communication-event-management\/wp-json\/wp\/v2\/tags?post=2"},{"taxonomy":"docenti_teaching_area","embeddable":true,"href":"https:\/\/businessschool.luiss.it\/pr-communication-event-management\/wp-json\/wp\/v2\/docenti_teaching_area?post=2"},{"taxonomy":"docenti_research_area","embeddable":true,"href":"https:\/\/businessschool.luiss.it\/pr-communication-event-management\/wp-json\/wp\/v2\/docenti_research_area?post=2"},{"taxonomy":"tematiche","embeddable":true,"href":"https:\/\/businessschool.luiss.it\/pr-communication-event-management\/wp-json\/wp\/v2\/tematiche?post=2"},{"taxonomy":"lingue","embeddable":true,"href":"https:\/\/businessschool.luiss.it\/pr-communication-event-management\/wp-json\/wp\/v2\/lingue?post=2"},{"taxonomy":"lunghezza_corsi","embeddable":true,"href":"https:\/\/businessschool.luiss.it\/pr-communication-event-management\/wp-json\/wp\/v2\/lunghezza_corsi?post=2"}],"curies":[{"name":"wp","href":"https:\/\/api.w.org\/{rel}","templated":true}]}}