{"id":88,"date":"2020-02-27T09:47:05","date_gmt":"2020-02-27T08:47:05","guid":{"rendered":"https:\/\/businessschool.luiss.it\/pr-communication-event-management-milano\/?page_id=88"},"modified":"2026-03-23T16:20:56","modified_gmt":"2026-03-23T15:20:56","slug":"partner","status":"publish","type":"page","link":"https:\/\/businessschool.luiss.it\/pr-communication-event-management\/partner\/","title":{"rendered":"Partner"},"content":{"rendered":"\n<figure class=\"wp-block-image size-large is-resized\"><img loading=\"lazy\" decoding=\"async\" width=\"1024\" height=\"352\" src=\"https:\/\/businessschool.luiss.it\/pr-communication-event-management\/wp-content\/uploads\/sites\/131\/2023\/10\/logo-MM-vettoriale-1024x352.png\" alt=\"\" class=\"wp-image-266\" style=\"width:333px;height:114px\" srcset=\"https:\/\/businessschool.luiss.it\/pr-communication-event-management\/wp-content\/uploads\/sites\/131\/2023\/10\/logo-MM-vettoriale-1024x352.png 1024w, https:\/\/businessschool.luiss.it\/pr-communication-event-management\/wp-content\/uploads\/sites\/131\/2023\/10\/logo-MM-vettoriale-300x103.png 300w, https:\/\/businessschool.luiss.it\/pr-communication-event-management\/wp-content\/uploads\/sites\/131\/2023\/10\/logo-MM-vettoriale-768x264.png 768w, https:\/\/businessschool.luiss.it\/pr-communication-event-management\/wp-content\/uploads\/sites\/131\/2023\/10\/logo-MM-vettoriale.png 1133w\" sizes=\"auto, (max-width: 1024px) 100vw, 1024px\" \/><\/figure>\n\n\n\n<p><strong>Micromegas<\/strong> \u00e8 un operatore indipendente, leader&nbsp; nel settore della comunicazione avanzata. Produce servizi e interfacce ad alto valore aggiunto, offrendo ai propri clienti internazionali e al mercato worldwide lo sviluppo di contenuti e tecnologie innovative di alta qualit\u00e0, in tutti gli ambiti della comunicazione multicanale. Opera con successo da molti anni nelle aree dell\u2019Event Management, prestando il suo know how a clienti di alto profilo internazionale e organizzando manifestazioni di vario carattere \u2013 istituzionali, corporate, finanziarie, marketing, concerti \u2013 nelle principali citt\u00e0 del mondo. A questa lunga esperienza organizzativa, Micromegas affianca una consolidata capacit\u00e0 di ricerca e sviluppo nel campo informatico, al fine di creare strumenti digitali che possano dialogare direttamente con i sistemi informatici dei propri clienti, offrendo cos\u00ec la possibilit\u00e0 di monitorare in tempo reale tutte le attivit\u00e0 di gestione e fornendo un supporto fondamentale per l\u2019ottimizzazione dei servizi previsti nella programmazione degli eventi. Altre aree di eccellenza sono la Produzione Video e la Post Produzione, l \u2019Edutainment, l\u2019Entertainment e il Business Travel.<\/p>\n\n\n\n<h3 class=\"wp-block-heading\">Corporate Advisory Board<\/h3>\n\n\n\n<p>Il&nbsp;<strong>Corporate Advisory Board<\/strong>&nbsp;rappresenta un importante organo collegiale costituito dal Comitato Scientifico del Master e da esponenti di spicco del mondo aziendale.<\/p>\n\n\n\n<p>L\u2019obiettivo dell\u2019incontro \u00e8&nbsp;<strong>condividere interventi e nuove idee<\/strong>&nbsp;affinch\u00e9 possano essere realizzati nuovi progetti formativi condivisi che assicurino maggiormente&nbsp;<strong>l\u2019<em>employability<\/em><\/strong>&nbsp;degli allievi e la soddisfazione dei nostri Partners Aziendali.<\/p>\n\n\n\n<p>Durante il&nbsp;<strong>CAB<\/strong>&nbsp;i nostri Corporate Partners:<\/p>\n\n\n\n<ul class=\"wp-block-list\">\n<li><strong>Collaborano nella definizione del programma<\/strong>: condividono gli obiettivi, il curriculum, i processi e percorsi di formazione.<\/li>\n\n\n\n<li><strong>Partecipano all\u2019insegnamento e alle attivit\u00e0 di coordinamento<\/strong>: insieme ai responsabili aziendali, contribuiscono all\u2019esperienza professionale.<\/li>\n\n\n\n<li><strong>Sostengono il team del Career Service<\/strong>: attraverso il Field Project, un\u2019occasione fondamentale per coinvolgere gli studenti in un\u2019esperienza di formazione professionale in azienda.<\/li>\n<\/ul>\n","protected":false},"excerpt":{"rendered":"<p>Micromegas \u00e8 un operatore indipendente, leader&nbsp; nel settore della comunicazione avanzata. Produce servizi e interfacce ad alto valore aggiunto, offrendo [&hellip;]<\/p>\n","protected":false},"author":5,"featured_media":0,"parent":0,"menu_order":0,"comment_status":"closed","ping_status":"closed","template":"page-default.php","meta":{"_acf_changed":false,"footnotes":""},"categories":[],"tags":[],"docenti_teaching_area":[],"docenti_research_area":[],"tematiche":[],"lingue":[],"lunghezza_corsi":[],"class_list":["post-88","page","type-page","status-publish","hentry"],"acf":[],"aioseo_notices":[],"_links":{"self":[{"href":"https:\/\/businessschool.luiss.it\/pr-communication-event-management\/wp-json\/wp\/v2\/pages\/88","targetHints":{"allow":["GET"]}}],"collection":[{"href":"https:\/\/businessschool.luiss.it\/pr-communication-event-management\/wp-json\/wp\/v2\/pages"}],"about":[{"href":"https:\/\/businessschool.luiss.it\/pr-communication-event-management\/wp-json\/wp\/v2\/types\/page"}],"author":[{"embeddable":true,"href":"https:\/\/businessschool.luiss.it\/pr-communication-event-management\/wp-json\/wp\/v2\/users\/5"}],"replies":[{"embeddable":true,"href":"https:\/\/businessschool.luiss.it\/pr-communication-event-management\/wp-json\/wp\/v2\/comments?post=88"}],"version-history":[{"count":6,"href":"https:\/\/businessschool.luiss.it\/pr-communication-event-management\/wp-json\/wp\/v2\/pages\/88\/revisions"}],"predecessor-version":[{"id":400,"href":"https:\/\/businessschool.luiss.it\/pr-communication-event-management\/wp-json\/wp\/v2\/pages\/88\/revisions\/400"}],"wp:attachment":[{"href":"https:\/\/businessschool.luiss.it\/pr-communication-event-management\/wp-json\/wp\/v2\/media?parent=88"}],"wp:term":[{"taxonomy":"category","embeddable":true,"href":"https:\/\/businessschool.luiss.it\/pr-communication-event-management\/wp-json\/wp\/v2\/categories?post=88"},{"taxonomy":"post_tag","embeddable":true,"href":"https:\/\/businessschool.luiss.it\/pr-communication-event-management\/wp-json\/wp\/v2\/tags?post=88"},{"taxonomy":"docenti_teaching_area","embeddable":true,"href":"https:\/\/businessschool.luiss.it\/pr-communication-event-management\/wp-json\/wp\/v2\/docenti_teaching_area?post=88"},{"taxonomy":"docenti_research_area","embeddable":true,"href":"https:\/\/businessschool.luiss.it\/pr-communication-event-management\/wp-json\/wp\/v2\/docenti_research_area?post=88"},{"taxonomy":"tematiche","embeddable":true,"href":"https:\/\/businessschool.luiss.it\/pr-communication-event-management\/wp-json\/wp\/v2\/tematiche?post=88"},{"taxonomy":"lingue","embeddable":true,"href":"https:\/\/businessschool.luiss.it\/pr-communication-event-management\/wp-json\/wp\/v2\/lingue?post=88"},{"taxonomy":"lunghezza_corsi","embeddable":true,"href":"https:\/\/businessschool.luiss.it\/pr-communication-event-management\/wp-json\/wp\/v2\/lunghezza_corsi?post=88"}],"curies":[{"name":"wp","href":"https:\/\/api.w.org\/{rel}","templated":true}]}}