{"id":10,"date":"2025-11-18T11:06:41","date_gmt":"2025-11-18T10:06:41","guid":{"rendered":"https:\/\/businessschool.luiss.it\/progetti-internazionali\/?page_id=10"},"modified":"2025-12-09T17:02:00","modified_gmt":"2025-12-09T16:02:00","slug":"overview","status":"publish","type":"page","link":"https:\/\/businessschool.luiss.it\/progetti-internazionali\/","title":{"rendered":"Overview"},"content":{"rendered":"\n<p>Progetti di ricerca pluriennali finanziati dall&#8217;UE o da altri organismi internazionali su tematiche di interesse generale e con elevato impatto sociale ed economico. Sono realizzate in partnership internazionali con altre universit\u00e0, imprese, strutture di ricerca e stakeholders. In attuazione delle finalit\u00e0 dei finanziatori, viene svolta anche una rilevante attivit\u00e0 di divulgazione dei risultati delle ricerche.<\/p>\n","protected":false},"excerpt":{"rendered":"<p>Progetti di ricerca pluriennali finanziati dall&#8217;UE o da altri organismi internazionali su tematiche di interesse generale e con elevato impatto [&hellip;]<\/p>\n","protected":false},"author":5,"featured_media":0,"parent":0,"menu_order":0,"comment_status":"closed","ping_status":"closed","template":"page-share-image.php","meta":{"_acf_changed":false,"footnotes":""},"categories":[],"tags":[],"docenti_teaching_area":[],"docenti_research_area":[],"tematiche":[],"lingue":[],"lunghezza_corsi":[],"class_list":["post-10","page","type-page","status-publish","hentry"],"acf":[],"aioseo_notices":[],"_links":{"self":[{"href":"https:\/\/businessschool.luiss.it\/progetti-internazionali\/wp-json\/wp\/v2\/pages\/10","targetHints":{"allow":["GET"]}}],"collection":[{"href":"https:\/\/businessschool.luiss.it\/progetti-internazionali\/wp-json\/wp\/v2\/pages"}],"about":[{"href":"https:\/\/businessschool.luiss.it\/progetti-internazionali\/wp-json\/wp\/v2\/types\/page"}],"author":[{"embeddable":true,"href":"https:\/\/businessschool.luiss.it\/progetti-internazionali\/wp-json\/wp\/v2\/users\/5"}],"replies":[{"embeddable":true,"href":"https:\/\/businessschool.luiss.it\/progetti-internazionali\/wp-json\/wp\/v2\/comments?post=10"}],"version-history":[{"count":4,"href":"https:\/\/businessschool.luiss.it\/progetti-internazionali\/wp-json\/wp\/v2\/pages\/10\/revisions"}],"predecessor-version":[{"id":61,"href":"https:\/\/businessschool.luiss.it\/progetti-internazionali\/wp-json\/wp\/v2\/pages\/10\/revisions\/61"}],"wp:attachment":[{"href":"https:\/\/businessschool.luiss.it\/progetti-internazionali\/wp-json\/wp\/v2\/media?parent=10"}],"wp:term":[{"taxonomy":"category","embeddable":true,"href":"https:\/\/businessschool.luiss.it\/progetti-internazionali\/wp-json\/wp\/v2\/categories?post=10"},{"taxonomy":"post_tag","embeddable":true,"href":"https:\/\/businessschool.luiss.it\/progetti-internazionali\/wp-json\/wp\/v2\/tags?post=10"},{"taxonomy":"docenti_teaching_area","embeddable":true,"href":"https:\/\/businessschool.luiss.it\/progetti-internazionali\/wp-json\/wp\/v2\/docenti_teaching_area?post=10"},{"taxonomy":"docenti_research_area","embeddable":true,"href":"https:\/\/businessschool.luiss.it\/progetti-internazionali\/wp-json\/wp\/v2\/docenti_research_area?post=10"},{"taxonomy":"tematiche","embeddable":true,"href":"https:\/\/businessschool.luiss.it\/progetti-internazionali\/wp-json\/wp\/v2\/tematiche?post=10"},{"taxonomy":"lingue","embeddable":true,"href":"https:\/\/businessschool.luiss.it\/progetti-internazionali\/wp-json\/wp\/v2\/lingue?post=10"},{"taxonomy":"lunghezza_corsi","embeddable":true,"href":"https:\/\/businessschool.luiss.it\/progetti-internazionali\/wp-json\/wp\/v2\/lunghezza_corsi?post=10"}],"curies":[{"name":"wp","href":"https:\/\/api.w.org\/{rel}","templated":true}]}}