{"id":2,"date":"2021-07-29T18:02:43","date_gmt":"2021-07-29T16:02:43","guid":{"rendered":"https:\/\/businessschool.luiss.it\/programmi-custom\/?page_id=2"},"modified":"2021-07-30T16:12:49","modified_gmt":"2021-07-30T14:12:49","slug":"programmi-custom","status":"publish","type":"page","link":"https:\/\/businessschool.luiss.it\/programmi-custom\/programmi-custom\/","title":{"rendered":"Programmi Custom"},"content":{"rendered":"\n<p>Luiss BS cerca di anticipare e stimolare le esigenze delle organizzazioni, proponendo contenuti e formati adatti a supportare i clienti nella loro crescita e trasformazione, potenziando comportamenti proattivi verso le organizzazioni.<\/p>\n\n\n\n<p>Nella realizzazione di programmi personalizzati, la Scuola persegue e combina i seguenti tre approcci:<\/p>\n\n\n\n<ol class=\"wp-block-list\"><li>Research-based: i membri della Faculty sono esperti e attivamente impegnati nelle loro aree di ricerca.<\/li><li>Experience-based: un gruppo selezionato di manager e consulenti insegna argomenti relativi alle proprie attivit\u00e0 professionali.<\/li><li>Problem-based: i partecipanti prendono parte a progetti e laboratori, nei quali si prevede che sviluppino soluzioni a problemi di management reali.<\/li><\/ol>\n\n\n\n<p>Progettiamo programmi personalizzati che forniscono un\u2019esperienza di apprendimento efficace, adatta alla cultura e alle esigenze di sviluppo di ogni cliente aziendale. Le caratteristiche principali dei programmi Custom includono:<\/p>\n\n\n\n<ul class=\"wp-block-list\"><li>Un campus per l\u2019apprendimento che:<\/li><li>Consente ai dirigenti di allontanarsi dalle loro attivit\u00e0 quotidiane per facilitare lo sviluppo di nuove competenze e idee;<\/li><li>Offre ai clienti aziendali la possibilit\u00e0 di controllare l\u2019efficacia dell\u2019intera esperienza di apprendimento per i propri dipendenti;<\/li><li>Integra un\u2019assistenza a 360 gradi ai clienti, che comprende percorsi di formazione personalizzati, attivit\u00e0 di coaching per migliorare l\u2019esperienza di apprendimento, progetti di consulenza per sostenere la crescita e la trasformazione e la sistematizzazione dei punti chiave con lo sviluppo di casi-studio, sfide aziendali o eventi di divulgazione.<\/li><li>Un team di docenti e membri dello staff con esperienza nella progettazione, gestione e controllo dei programmi personalizzati.<\/li><li>Personale amministrativo e accademico con competenze e una profonda esperienza in materia di formazione per adulti, metodi di insegnamento e progettazione di programmi.<\/li><\/ul>\n\n\n\n<p>Sebbene ogni programma Custom abbia caratteristiche uniche, la Scuola ha sviluppato e definito alcuni format (personalizzabili in base alle esigenze formative dei partner e al target dei partecipanti coinvolti) per supportare le aziende nell\u2019articolazione iniziale del progetto formativo personalizzato. I format sono stati raggruppati secondo le&nbsp;<strong>metodologie e le tecniche di erogazione<\/strong>:<\/p>\n\n\n\n<ul class=\"wp-block-list\"><li><strong>Programma Core<\/strong>: Corso di formazione interamente co-progettato e sviluppato con l\u2019organizzazione per garantire interventi di formazione ad hoc. Il programma analizza concetti tipici del mondo organizzativo attraverso metodi scientifici e obiettivi di pratica aziendale. Un\u2019innovativa modalit\u00e0 di insegnamento \u201cblended\u201d viene applicata con prevalenza di apprendimento \u201cdal vivo\u201d o in modalit\u00e0 \u201csincrona\u201d con integrazione d\u2019aula e tecniche di formazione esperienziale.<\/li><li><strong>Programma EMP Executive Management<\/strong>: Un programma di gestione completo ed esteso. \u00c8 un percorso che intende rafforzare la capacit\u00e0 di visione strategica, trasferire competenze trasversali, conoscenze e strumenti manageriali per migliorare il profilo professionale dei partecipanti, aumentando la loro consapevolezza e la capacit\u00e0 di \u201cguidare\u201d il proprio percorso di crescita e quello dei collaboratori.<\/li><li><strong>Programma Flex<\/strong>: Format con rilevante utilizzo di moduli digitali asincroni, integrati con verticalizzazioni sul settore in momenti \u201cLive\u201d (in presenza o virtuali), all\u2019interno di un framework flessibile e coinvolgente. \u00c8 ideale per il rafforzamento delle competenze \u201cchiave\u201d del middle e top management aziendale.<\/li><li><strong>Programma Experience<\/strong>: Format basato su una tecnica altamente esperienziale (70% di didattica interattiva) grazie all\u2019ampio utilizzo di laboratori, simulazioni e Business Case. Si tratta di un percorso volto a massimizzare l\u2019impatto dell\u2019intervento formativo, incidendo significativamente sulle capacit\u00e0 operative dei partecipanti coinvolti.<\/li><li><strong>Coaching &amp; Formazione individuale<\/strong>: Nei programmi di coaching (coaching individuale e di gruppo) Luiss BS collabora con i clienti in un processo di trasformazione che li abilita e li ispira a raggiungere il loro massimo potenziale. Il coach fornisce un riferimento emotivo e allo stesso tempo sostiene il cliente in un percorso di sviluppo personale. I programmi di formazione individuali sono sviluppati per rispondere alle esigenze specifiche dei top manager delle organizzazioni che richiedono servizi \u201cboutique\u201d.<\/li><\/ul>\n\n\n\n<p>Inoltre, in base ai&nbsp;<strong>contenuti e al pubblico di riferimento<\/strong>, i seguenti programmi sono quelli pi\u00f9 comunemente richiesti ed erogati ai clienti:<\/p>\n\n\n\n<ul class=\"wp-block-list\"><li><strong>Programmi Functional<\/strong>: Questi programmi sono progettati per soddisfare una specifica richiesta da parte di un\u2019organizzazione. I programmi sono in genere innovativi e interamente adattati alle esigenze di ciascun cliente (compresi durata, contenuti e metodi di insegnamento).<\/li><li><strong>Programmi Talent Development<\/strong>: Rivolti ad un pubblico specifico (giovani dipendenti con alte prestazioni), questi programmi mirano a sviluppare una conoscenza pi\u00f9 profonda del business dell\u2019azienda, nonch\u00e9 delle minacce e delle opportunit\u00e0 di mercato. Spesso, questi programmi offrono significative opportunit\u00e0 di impatto sul business, chiedendo ai partecipanti di applicare nuovi concetti e strumenti discussi durante le lezioni, a temi\/sfide proposti dai loro senior manager. I progetti sul campo vengono eseguiti sotto la supervisione di un membro della Faculty che agisce da consulente per i partecipanti che lavorano in team.<\/li><li><strong>Technical executive coaching<\/strong>: Questo tipo di coaching \u00e8 utile quando un\u2019azienda affronta circostanze nuove o insolite, o quando una nuova strategia deve essere sviluppata. Il Technical executive coaching consiste generalmente in 10-12 incontri di circa 2-3 ore ciascuno, ma pu\u00f2 durare pi\u00f9 a lungo.<\/li><li><strong>Catalogo Internal corporate<\/strong>: Tipicamente, si tratta di un gruppo di programmi a breve termine progettati per soddisfare le diverse esigenze della funzione HR di un cliente e forniti ai dipendenti interni. I programmi sono co-progettati con il cliente e generalmente si concentrano sullo sviluppo di competenze professionali, competenze trasversali, strumenti di base, ecc.<\/li><li><strong>Programmi di certificazione<\/strong>: La Scuola eroga corsi di formazione strutturati in conformit\u00e0 agli standard del PMI \u2013 Project Management Institute e ha competenze approfondite nella gestione dei progetti. In questo settore, la Scuola progetta programmi personalizzati per preparare i partecipanti a conseguire certificazioni PMI.<\/li><li><strong>Workshop<\/strong>: workshop su una variet\u00e0 di argomenti e con formati diversi, ovvero incontri di una giornata con un\u2019elevata presenza di manager o senior manager. Questi eventi in genere iniziano con un convegno rivolto a una platea ampia, per poi suddividere i partecipanti in diversi workshop pi\u00f9 piccoli incentrati su argomenti specifici.<\/li><li><strong>Progetti per sostenere le organizzazioni nello sviluppo di Corporate Academies<\/strong>: Questi programmi sono pensati per supportare i partner nello sviluppo di accademie aziendali finalizzate allo sviluppo di abilit\u00e0 e competenze interne per stabilire il proprio percorso di apprendimento implementando cos\u00ec l\u2019approccio \u201ctrain the trainer\u201d.<\/li><\/ul>\n\n\n\n<p><strong>I Principali settori di competenza sono:<\/strong><\/p>\n\n\n\n<p><strong>1) Area General Management:&nbsp;<\/strong>ad es. Strategia, Leadership, Modelli di business, Innovazione, Organizzazione &amp; people management, Finanza per la non finanza ecc.<\/p>\n\n\n\n<p><strong>2) Specializzazione:&nbsp;<\/strong>ad es. Project Management, Contabilit\u00e0 Avanzata, Finanza e Controllo; Finanza per la non finanza; Marketing, Governance, Compliance &amp; Risk Management, Procurement &amp; contract law ecc.<\/p>\n\n\n\n<p><strong>3) Soft skills:&nbsp;<\/strong>ad es. Public speaking, Teamworking, Self-efficacy, Time management &amp; priority setting, Decision making &amp; Problem Solving, Big Data &amp; Machine learning etc.<\/p>\n\n\n\n<p><strong>4) Guidare le trasformazioni&nbsp;<\/strong>(con particolare attenzione al digitale e al nuovo modo di lavorare): ad es. Digital transformation, Agile resilience, organizzazione Data driven, Change Management etc.<\/p>\n\n\n\n<p>Tutte le aree sono&nbsp;<strong>applicate al settore specifico dell\u2019organizzazione<\/strong>&nbsp;del cliente, al fine di contestualizzare e fornire esempi, casi, esercizi focalizzati sull\u2019organizzazione specifica e sull\u2019ambiente settoriale.<\/p>\n","protected":false},"excerpt":{"rendered":"<p>Luiss BS cerca di anticipare e stimolare le esigenze delle organizzazioni, proponendo contenuti e formati adatti a supportare i clienti [&hellip;]<\/p>\n","protected":false},"author":1,"featured_media":0,"parent":0,"menu_order":0,"comment_status":"closed","ping_status":"closed","template":"","meta":{"_acf_changed":false,"footnotes":""},"categories":[2],"tags":[],"docenti_teaching_area":[],"docenti_research_area":[],"tematiche":[],"lingue":[],"lunghezza_corsi":[],"class_list":["post-2","page","type-page","status-publish","hentry","category-no_dati_header"],"acf":[],"aioseo_notices":[],"_links":{"self":[{"href":"https:\/\/businessschool.luiss.it\/programmi-custom\/wp-json\/wp\/v2\/pages\/2","targetHints":{"allow":["GET"]}}],"collection":[{"href":"https:\/\/businessschool.luiss.it\/programmi-custom\/wp-json\/wp\/v2\/pages"}],"about":[{"href":"https:\/\/businessschool.luiss.it\/programmi-custom\/wp-json\/wp\/v2\/types\/page"}],"author":[{"embeddable":true,"href":"https:\/\/businessschool.luiss.it\/programmi-custom\/wp-json\/wp\/v2\/users\/1"}],"replies":[{"embeddable":true,"href":"https:\/\/businessschool.luiss.it\/programmi-custom\/wp-json\/wp\/v2\/comments?post=2"}],"version-history":[{"count":3,"href":"https:\/\/businessschool.luiss.it\/programmi-custom\/wp-json\/wp\/v2\/pages\/2\/revisions"}],"predecessor-version":[{"id":108,"href":"https:\/\/businessschool.luiss.it\/programmi-custom\/wp-json\/wp\/v2\/pages\/2\/revisions\/108"}],"wp:attachment":[{"href":"https:\/\/businessschool.luiss.it\/programmi-custom\/wp-json\/wp\/v2\/media?parent=2"}],"wp:term":[{"taxonomy":"category","embeddable":true,"href":"https:\/\/businessschool.luiss.it\/programmi-custom\/wp-json\/wp\/v2\/categories?post=2"},{"taxonomy":"post_tag","embeddable":true,"href":"https:\/\/businessschool.luiss.it\/programmi-custom\/wp-json\/wp\/v2\/tags?post=2"},{"taxonomy":"docenti_teaching_area","embeddable":true,"href":"https:\/\/businessschool.luiss.it\/programmi-custom\/wp-json\/wp\/v2\/docenti_teaching_area?post=2"},{"taxonomy":"docenti_research_area","embeddable":true,"href":"https:\/\/businessschool.luiss.it\/programmi-custom\/wp-json\/wp\/v2\/docenti_research_area?post=2"},{"taxonomy":"tematiche","embeddable":true,"href":"https:\/\/businessschool.luiss.it\/programmi-custom\/wp-json\/wp\/v2\/tematiche?post=2"},{"taxonomy":"lingue","embeddable":true,"href":"https:\/\/businessschool.luiss.it\/programmi-custom\/wp-json\/wp\/v2\/lingue?post=2"},{"taxonomy":"lunghezza_corsi","embeddable":true,"href":"https:\/\/businessschool.luiss.it\/programmi-custom\/wp-json\/wp\/v2\/lunghezza_corsi?post=2"}],"curies":[{"name":"wp","href":"https:\/\/api.w.org\/{rel}","templated":true}]}}