{"id":2,"date":"2015-04-08T10:07:06","date_gmt":"2015-04-08T10:07:06","guid":{"rendered":"https:\/\/businessschool.luiss.it\/project-management\/?page_id=2"},"modified":"2025-11-03T21:58:33","modified_gmt":"2025-11-03T21:58:33","slug":"sample-page","status":"publish","type":"page","link":"https:\/\/businessschool.luiss.it\/project-management\/","title":{"rendered":"Overview"},"content":{"rendered":"\n<h3 class=\"wp-block-heading\">Obiettivi<\/h3>\n\n\n\n<p>Il Major in Project Management forma figure professionali in grado di operare in contesti pubblici o privati, assumendo compiti di gestione e coordinamento di iniziative progettuali.<\/p>\n\n\n\n<p>Oggi, i progetti sono trasversali rispetto alle ordinarie strutture organizzative e la loro natura rappresenta un elemento di notevole complessit\u00e0. Per poter essere gestiti in maniera efficace, rispettando i vincoli dettati da qualit\u00e0, tempi e budget, \u00e8 necessaria la conoscenza di un insieme di metodologie e tecniche specifiche, racchiuse sotto al nome di Project Management.<\/p>\n\n\n\n<p>Il Major consente anche di sviluppare le conoscenze e le abilit\u00e0 tecnico-specialistiche per prepararsi a sostenere l\u2019esame di certificazione ISIPM.<\/p>\n\n\n\n<h3 class=\"wp-block-heading\">CFU<\/h3>\n\n\n\n<p>Il Master in Project Management \u00e8 un Master Universitario di I livello che conferisce almeno 60 Crediti Formativi Universitari (CFU).<\/p>\n\n\n\n<h3 class=\"wp-block-heading\">A chi \u00e8 rivolto il Master in Project Management<\/h3>\n\n\n\n<p>Grazie alla trasversalit\u00e0 della disciplina di Project Management, il Master \u00e8 indirizzato a laureandi e neolaureati &nbsp;di I e II livello, o con ordinamento a ciclo unico. La laurea in una disciplina tecnica, ingegneristica o economica, costituisce titolo preferenziale per l\u2019ammissione.<\/p>\n\n\n\n<h3 class=\"wp-block-heading\">Prospettive di carriera<\/h3>\n\n\n\n<p>In questo contesto, le opportunit\u00e0 di inserimento nel mondo del lavoro per chi possiede competenze di Project Management si sono moltiplicate negli ultimi anni. In particolare, le aziende oggi ricercano figure come:<\/p>\n\n\n\n<ul class=\"wp-block-list\">\n<li>Project Manager<\/li>\n\n\n\n<li>Componenti di team di progetto<\/li>\n\n\n\n<li>Manager funzionali coinvolti nel raggiungimento di obiettivi di progetto e consulenti di progetto<\/li>\n\n\n\n<li>Project Account Manager<\/li>\n\n\n\n<li>Planner<\/li>\n\n\n\n<li>Project Quality Manager<\/li>\n\n\n\n<li>Addetto al Project Management Office<\/li>\n\n\n\n<li>Project Risk Manager<\/li>\n<\/ul>\n\n\n\n<h3 class=\"wp-block-heading\">Direzione e Coordinamento<\/h3>\n\n\n\n<h4 class=\"wp-block-heading\"><strong>Direttore&nbsp;scientifico Major<\/strong><\/h4>\n\n\n\n<p><strong><strong><strong><strong>Paolo Spagnoletti<\/strong>, <\/strong><\/strong><\/strong>Associate Professor&nbsp;<em>Luiss University<\/em><\/p>\n\n\n\n<h4 class=\"wp-block-heading\"><strong>Comitato Scientifico<\/strong><\/h4>\n\n\n\n<p><strong>Roberto Maglione<\/strong>, Professor of Practice in Risorse Umane e Organizzazione presso la <em>Luiss Business School<\/em> E Direttore del Major in Gestione delle Risorse Umane e Organizzazione<br><strong>Luca Pirolo<\/strong><em>,<\/em>\u00a0Head of Master Programmes\u00a0<em>Luiss\u00a0Business School<\/em><br><strong>Paolo Spagnoletti,\u00a0<\/strong>Associate Professor\u00a0Luiss University<br><strong>Biagio Tramontana<\/strong>, PMP\u00ae, ISIPM-Av, Membro del Comitato Scientifico e Docente Master Accreditato da ISIPM, Project Manager certificato (Registro Figure Professionali: PROJECT MANAGER UNI 11648), Membro del Comitato Tecnico Scientifico sul Project Management in AICQ SICEV E TUV NORD ITALIA<br><strong>Felice Valente<\/strong><em>,\u00a0<\/em>Founder and CEO Human\u00a0<em>Reload<\/em><\/p>\n","protected":false},"excerpt":{"rendered":"<p>Obiettivi Il Major in Project Management forma figure professionali in grado di operare in contesti pubblici o privati, assumendo compiti [&hellip;]<\/p>\n","protected":false},"author":1,"featured_media":0,"parent":0,"menu_order":0,"comment_status":"open","ping_status":"closed","template":"page-default.php","meta":{"_acf_changed":false,"footnotes":""},"categories":[],"tags":[3],"docenti_teaching_area":[],"docenti_research_area":[],"tematiche":[],"lingue":[],"lunghezza_corsi":[],"class_list":["post-2","page","type-page","status-publish","hentry","tag-roberto"],"acf":[],"aioseo_notices":[],"_links":{"self":[{"href":"https:\/\/businessschool.luiss.it\/project-management\/wp-json\/wp\/v2\/pages\/2","targetHints":{"allow":["GET"]}}],"collection":[{"href":"https:\/\/businessschool.luiss.it\/project-management\/wp-json\/wp\/v2\/pages"}],"about":[{"href":"https:\/\/businessschool.luiss.it\/project-management\/wp-json\/wp\/v2\/types\/page"}],"author":[{"embeddable":true,"href":"https:\/\/businessschool.luiss.it\/project-management\/wp-json\/wp\/v2\/users\/1"}],"replies":[{"embeddable":true,"href":"https:\/\/businessschool.luiss.it\/project-management\/wp-json\/wp\/v2\/comments?post=2"}],"version-history":[{"count":6,"href":"https:\/\/businessschool.luiss.it\/project-management\/wp-json\/wp\/v2\/pages\/2\/revisions"}],"predecessor-version":[{"id":825,"href":"https:\/\/businessschool.luiss.it\/project-management\/wp-json\/wp\/v2\/pages\/2\/revisions\/825"}],"wp:attachment":[{"href":"https:\/\/businessschool.luiss.it\/project-management\/wp-json\/wp\/v2\/media?parent=2"}],"wp:term":[{"taxonomy":"category","embeddable":true,"href":"https:\/\/businessschool.luiss.it\/project-management\/wp-json\/wp\/v2\/categories?post=2"},{"taxonomy":"post_tag","embeddable":true,"href":"https:\/\/businessschool.luiss.it\/project-management\/wp-json\/wp\/v2\/tags?post=2"},{"taxonomy":"docenti_teaching_area","embeddable":true,"href":"https:\/\/businessschool.luiss.it\/project-management\/wp-json\/wp\/v2\/docenti_teaching_area?post=2"},{"taxonomy":"docenti_research_area","embeddable":true,"href":"https:\/\/businessschool.luiss.it\/project-management\/wp-json\/wp\/v2\/docenti_research_area?post=2"},{"taxonomy":"tematiche","embeddable":true,"href":"https:\/\/businessschool.luiss.it\/project-management\/wp-json\/wp\/v2\/tematiche?post=2"},{"taxonomy":"lingue","embeddable":true,"href":"https:\/\/businessschool.luiss.it\/project-management\/wp-json\/wp\/v2\/lingue?post=2"},{"taxonomy":"lunghezza_corsi","embeddable":true,"href":"https:\/\/businessschool.luiss.it\/project-management\/wp-json\/wp\/v2\/lunghezza_corsi?post=2"}],"curies":[{"name":"wp","href":"https:\/\/api.w.org\/{rel}","templated":true}]}}