{"id":43,"date":"2021-07-01T12:11:20","date_gmt":"2021-07-01T10:11:20","guid":{"rendered":"https:\/\/businessschool.luiss.it\/real-estate-finance\/?page_id=43"},"modified":"2026-04-29T18:34:10","modified_gmt":"2026-04-29T16:34:10","slug":"curriculum","status":"publish","type":"page","link":"https:\/\/businessschool.luiss.it\/real-estate-finance\/curriculum\/","title":{"rendered":"Curriculum"},"content":{"rendered":"\n<p>Il curriculum del Major in&nbsp;Real Estate &amp; Finance, del Master in Financial Management \u00e8 disegnato con l\u2019obiettivo di assicurare e supportare in maniera progressiva la crescita professionale e personale dei partecipanti. L\u2019esperienza formativa \u00e8 composta da lezioni, casi studio, sessioni di lavoro di gruppo. Prevede inoltre il coinvolgimento di una faculty di alto livello, composta da accademici e professionisti.<\/p>\n\n\n\n<p>Per tutta la durata del Master, gli studenti riceveranno dal Career Service un supporto costante che li aiuti ad acquisire e sviluppare competenze utili a incrementare la propria spendibilit\u00e0 nel mercato del lavoro. Il Career Service offrir\u00e0 anche supporto diretto nella ricerca di un tirocinio curriculare.<\/p>\n\n\n\n<h3 class=\"wp-block-heading\">Induction week<\/h3>\n\n\n\n<p>L\u2019induction week \u00e8 la settimana introduttiva al Programma, durante la quale gli studenti potranno ambientarsi e prendere confidenza con la vita del campus. Verranno organizzati laboratori di ice-breaking, seminari, workshop e presentazioni. Gli studenti avranno l\u2019occasione di conoscere i propri compagni di corso, i servizi e le attivit\u00e0 curriculari ed extra-curriculari previste dal Programma.<\/p>\n\n\n\n<h3 class=\"wp-block-heading\">General management<\/h3>\n\n\n\n<p>I corsi in general management mirano a fornire a tutti gli studenti le basi di Business e Management necessarie per comprendere i concetti che verranno introdotti durante i corsi core e di specializzazione di ciascun master.<\/p>\n\n\n\n<ul class=\"wp-block-list\">\n<li>Contabilit\u00e0 e bilancio<\/li>\n\n\n\n<li>Strategia<\/li>\n\n\n\n<li>Compliance and Risk Management<\/li>\n\n\n\n<li>Metodi quantitativi per la finanza<\/li>\n\n\n\n<li>Financial Management<\/li>\n<\/ul>\n\n\n\n<h3 class=\"wp-block-heading\">Corsi core<\/h3>\n\n\n\n<p>I corsi core hanno lo scopo di introdurre agli studenti i concetti chiave legati alla industry del Master. Tali corsi forniscono i principi e le competenze necessari per acquisire una conoscenza pi\u00f9 completa del settore.<\/p>\n\n\n\n<ul class=\"wp-block-list\">\n<li>Urbanistica e Pianificazione del Territorio<\/li>\n\n\n\n<li>Basic of Real Estate Finance<\/li>\n\n\n\n<li>Real Estate Finance I<\/li>\n\n\n\n<li>Elementi di Fiscalit\u00e0 Immobiliare<\/li>\n\n\n\n<li>Elementi di Diritto commerciale<\/li>\n<\/ul>\n\n\n\n<h3 class=\"wp-block-heading\">Corsi di specializzazione<\/h3>\n\n\n\n<p>I corsi di specializzazione offrono una prospettiva approfondita degli aspetti specifici legati alla industry del Master e forniscono un approccio prettamente pratico.<\/p>\n\n\n\n<ul class=\"wp-block-list\">\n<li>Property Management<\/li>\n\n\n\n<li>Project Finance<\/li>\n\n\n\n<li>Real Estate Finance II<\/li>\n\n\n\n<li>Due Diligence Finanziaria<\/li>\n\n\n\n<li>Business Planning<\/li>\n\n\n\n<li>Real Estate Marketing and Advisoring<\/li>\n\n\n\n<li>Operazioni di Real Estate Development<\/li>\n\n\n\n<li>Green Building &amp; Smart City<\/li>\n\n\n\n<li>Real Estate Investment Strategy<\/li>\n\n\n\n<li>Due Diligence Tecnica e Ambientale<\/li>\n<\/ul>\n\n\n\n<h3 class=\"wp-block-heading\">Altre attivit\u00e0 formative<\/h3>\n\n\n\n<ul class=\"wp-block-list\">\n<li>Diritto Urbanistico<\/li>\n\n\n\n<li>Project and Construction Management<\/li>\n\n\n\n<li>Real Estate Sales Management<\/li>\n<\/ul>\n\n\n\n<h3 class=\"wp-block-heading\">Experience<\/h3>\n\n\n\n<p>Le Experience sono attivit\u00e0 \u201cesperienziali\u201d, strutturate in una sola giornata o pi\u00f9 giornate, che consentono agli studenti di migliorare il pensiero analitico abbinato ad una reale attitudine pratica.<\/p>\n\n\n\n<ul class=\"wp-block-list\">\n<li>Real Estate Investment Advisory<\/li>\n<\/ul>\n\n\n\n<p>I partecipanti, divisi in gruppi, saranno coinvolti nell\u2019attivit\u00e0 di valutazione e scelta di investimenti immobiliari diretti, da parte di un investitore istituzionale, e dovranno elaborare un business plan immobiliare su progetti di investimento.<\/p>\n\n\n\n<p>L\u2019attivit\u00e0 \u00e8 articolata in una settimana e prevede seminari svolti dal management della societ\u00e0 ospitante, per spiegare gli obiettivi di investimento, e da docenti della Business School.<\/p>\n\n\n\n<h3 class=\"wp-block-heading\">Challenge<\/h3>\n\n\n\n<p>Durante le lezioni in aula, gli studenti saranno coinvolti in una challenge commissionata dalle aziende partner del Master, finalizzata a trovare soluzioni innovative a reali esigenze di business. Tale attivit\u00e0 prevedr\u00e0 la supervisione di un tutor aziendale e consentir\u00e0 agli allievi di sviluppare competenze trasversali, mettendo in pratica gli insegnamenti appresi.<\/p>\n\n\n\n<h3 class=\"wp-block-heading\">Learning lab<\/h3>\n\n\n\n<p>I laboratori favoriscono la crescita personale dei partecipanti, guidandoli nello sviluppo di abilit\u00e0 trasversali e soft skill. Gli allievi prenderanno parte a sessioni pratiche, durante le quali potranno coltivare la flessibilit\u00e0 intellettuale, accrescere la capacit\u00e0 di problem solving e imparare ad adattarsi a situazioni diverse, perfezionando la propria sensibilit\u00e0 interculturale.<\/p>\n\n\n\n<h3 class=\"wp-block-heading\">Calendario Accademico<\/h3>\n\n\n\n<p>Il Master in Financial Management \u2013 Major in Real Estate &amp; Finance ha una durata di 12 mesi ed \u00e8 suddiviso in 4 term.<\/p>\n\n\n\n<p>Term 1: ottobre-dicembre 2026<br>Term 2: gennaio-marzo 2027<br>Term 3: aprile-giugno 2027<br>Term 4: giugno 2027 fino alla conclusione del tirocinio<\/p>\n\n\n\n<p>Il calendario accademico potrebbe subire variazioni durante l\u2019anno. Per ricevere maggiori informazioni \u00e8 possibile inviare un\u2019e-mail all\u2019indirizzo <a href=\"mailto:master@luissbusinessschool.it\">master@luissbusinessschool.it<\/a><\/p>\n","protected":false},"excerpt":{"rendered":"<p>Il curriculum del Major in&nbsp;Real Estate &amp; Finance, del Master in Financial Management \u00e8 disegnato con l\u2019obiettivo di assicurare e [&hellip;]<\/p>\n","protected":false},"author":13,"featured_media":0,"parent":0,"menu_order":0,"comment_status":"closed","ping_status":"closed","template":"page-default.php","meta":{"_acf_changed":false,"footnotes":""},"categories":[],"tags":[],"docenti_teaching_area":[],"docenti_research_area":[],"tematiche":[],"lingue":[],"lunghezza_corsi":[],"class_list":["post-43","page","type-page","status-publish","hentry"],"acf":[],"aioseo_notices":[],"_links":{"self":[{"href":"https:\/\/businessschool.luiss.it\/real-estate-finance\/wp-json\/wp\/v2\/pages\/43","targetHints":{"allow":["GET"]}}],"collection":[{"href":"https:\/\/businessschool.luiss.it\/real-estate-finance\/wp-json\/wp\/v2\/pages"}],"about":[{"href":"https:\/\/businessschool.luiss.it\/real-estate-finance\/wp-json\/wp\/v2\/types\/page"}],"author":[{"embeddable":true,"href":"https:\/\/businessschool.luiss.it\/real-estate-finance\/wp-json\/wp\/v2\/users\/13"}],"replies":[{"embeddable":true,"href":"https:\/\/businessschool.luiss.it\/real-estate-finance\/wp-json\/wp\/v2\/comments?post=43"}],"version-history":[{"count":6,"href":"https:\/\/businessschool.luiss.it\/real-estate-finance\/wp-json\/wp\/v2\/pages\/43\/revisions"}],"predecessor-version":[{"id":268,"href":"https:\/\/businessschool.luiss.it\/real-estate-finance\/wp-json\/wp\/v2\/pages\/43\/revisions\/268"}],"wp:attachment":[{"href":"https:\/\/businessschool.luiss.it\/real-estate-finance\/wp-json\/wp\/v2\/media?parent=43"}],"wp:term":[{"taxonomy":"category","embeddable":true,"href":"https:\/\/businessschool.luiss.it\/real-estate-finance\/wp-json\/wp\/v2\/categories?post=43"},{"taxonomy":"post_tag","embeddable":true,"href":"https:\/\/businessschool.luiss.it\/real-estate-finance\/wp-json\/wp\/v2\/tags?post=43"},{"taxonomy":"docenti_teaching_area","embeddable":true,"href":"https:\/\/businessschool.luiss.it\/real-estate-finance\/wp-json\/wp\/v2\/docenti_teaching_area?post=43"},{"taxonomy":"docenti_research_area","embeddable":true,"href":"https:\/\/businessschool.luiss.it\/real-estate-finance\/wp-json\/wp\/v2\/docenti_research_area?post=43"},{"taxonomy":"tematiche","embeddable":true,"href":"https:\/\/businessschool.luiss.it\/real-estate-finance\/wp-json\/wp\/v2\/tematiche?post=43"},{"taxonomy":"lingue","embeddable":true,"href":"https:\/\/businessschool.luiss.it\/real-estate-finance\/wp-json\/wp\/v2\/lingue?post=43"},{"taxonomy":"lunghezza_corsi","embeddable":true,"href":"https:\/\/businessschool.luiss.it\/real-estate-finance\/wp-json\/wp\/v2\/lunghezza_corsi?post=43"}],"curies":[{"name":"wp","href":"https:\/\/api.w.org\/{rel}","templated":true}]}}