{"id":2,"date":"2015-07-08T07:34:59","date_gmt":"2015-07-08T07:34:59","guid":{"rendered":"https:\/\/businessschool.luiss.it\/relazioni-istituzionali-lobby-comunicazione-impresa\/?page_id=2"},"modified":"2026-04-14T21:36:58","modified_gmt":"2026-04-14T21:36:58","slug":"sample-page","status":"publish","type":"page","link":"https:\/\/businessschool.luiss.it\/relazioni-istituzionali-lobby-comunicazione-impresa\/","title":{"rendered":"Overview"},"content":{"rendered":"\n<h5 class=\"wp-block-heading\"><strong><em>Prenota un incontro con il Condirettore Francesco Delzio<\/em><\/strong><\/h5>\n\n\n\n<p>Compila il form e prenota una call individuale con il Condirettore del Master, Francesco Delzio. Un\u2019occasione per approfondire il programma, gli sbocchi professionali e capire se il percorso \u00e8 in linea con i tuoi obiettivi.<\/p>\n\n\n\n<a class=\"button arr featured-links\" href=\"https:\/\/tally.so\/r\/XxW4Rj\"> Prenota uno slot <\/a>\n\n\n\n<hr class=\"wp-block-separator has-alpha-channel-opacity\"\/>\n\n\n\n<p>La gestione delle attivit\u00e0 di lobbying e di public affairs \u00e8 diventata negli ultimi anni una funzione strategica nel mondo delle imprese e delle organizzazioni. La conoscenza dei processi che presiedono alla legiferazione e alle attivit\u00e0 decisionali delle istituzioni e dei soggetti pubblici, la comprensione dei meccanismi alla base della costruzione del consenso, la capacit\u00e0 di definire e mettere in atto le pi\u00f9 efficaci strategie di comunicazione d\u2019impresa sono oggi fattori indispensabili per il successo di un\u2019azienda e per il suo posizionamento.<\/p>\n\n\n\n<p>Da questa domanda di mercato nasce l\u2019esigenza di formare esperti di meccanismi di pressione, di difesa degli interessi e di comunicazione esterna per imprese industriali grandi e medie, aziende di servizi, grandi organizzazioni e agenzie specializzate. Attraverso il Master gli allievi acquisiscono il know-how giuridico, economico e di comunicazione indispensabile per gestire in modo innovativo ed efficace il rapporto tra interessi di parte e decisori pubblici.<\/p>\n\n\n\n<p><strong>Alberto Petrucci<\/strong>, Direttore del Master<br><strong>Francesco Delzio<\/strong>, Condirettore del Master<\/p>\n\n\n\n<h3 class=\"wp-block-heading\">Obiettivi&nbsp;<\/h3>\n\n\n\n<p>Il Master forma esperti di relazioni istituzionali, della rappresentanza degli interessi e della comunicazione esterna di imprese, organizzazioni private e pubbliche, agenzie di lobby, ONG ed enti no profit.<\/p>\n\n\n\n<p>Il corso intende abbinare ad una formazione manageriale generale, specifici percorsi elettivi&nbsp;<\/p>\n\n\n\n<ul class=\"wp-block-list\">\n<li>Public Affairs, che mira a sviluppare una conoscenza approfondita dei processi che presiedono alle attivit\u00e0 decisionali delle istituzioni, alla comprensione dei meccanismi alla base della costruzione del consenso e alla capacit\u00e0 di definire e mettere in atto le pi\u00f9 efficaci strategie di lobbying e public affairs;<\/li>\n\n\n\n<li>External Relations, il cui obiettivo \u00e8 fornire competenze strategiche per la figura manageriale responsabile delle relazioni esterne di aziende, enti pubblici e organizzazioni. Il corso mette a fuoco le attivit\u00e0 di comunicazione corporate che hanno per oggetto l\u2019impresa e la sua reputazione, le attivit\u00e0 di marketing, le strategie di sostenibilit\u00e0 e di stakeholders engagement, la comunicazione istituzionale, pubblica e finanziaria.<\/li>\n<\/ul>\n\n\n\n<h3 class=\"wp-block-heading\">A chi \u00e8 rivolto<\/h3>\n\n\n\n<p>Neolaureati magistrali di qualsiasi disciplina o a ciclo unico; giovani professionisti.<\/p>\n\n\n\n<h3 class=\"wp-block-heading\">Profilo in uscita<\/h3>\n\n\n\n<ul class=\"wp-block-list\">\n<li>L\u2019ampia gamma di conoscenze e competenze acquisite durante il percorso formativo consentir\u00e0 ai partecipanti di ricoprire le posizioni di:<\/li>\n\n\n\n<li>Manager delle relazioni esterne;<\/li>\n\n\n\n<li>Responsabile Public Affairs e relazioni istituzionali;<\/li>\n\n\n\n<li>Esperto di comunicazione d\u2019impresa;<\/li>\n\n\n\n<li>Consulente di agenzie specializzate in lobbying e comunicazione;<\/li>\n\n\n\n<li>Dirigente delle relazioni istituzionali in enti nazionali ed europei.<\/li>\n<\/ul>\n\n\n\n<h3 class=\"wp-block-heading\"><strong>Diploma e CFU<\/strong><\/h3>\n\n\n\n<p>L\u2019Executive Master in Lobby, Relazioni Istituzionali &amp; Human Capital \u2013 Major in <strong>Public Affairs e External Relations\u00a0<\/strong>\u00e8 un\u00a0<strong>Master Universitario di II livello<\/strong>. Il superamento di verifiche periodiche e la valutazione della prova finale, consentiranno ai partecipanti di ottenere il Diploma di Master Universitario di Secondo Livello con riconoscimento dei relativi\u00a0<strong>60 Crediti Formativi<\/strong> <strong>Universitari (CFU)<\/strong>.<\/p>\n","protected":false},"excerpt":{"rendered":"<p>Prenota un incontro con il Condirettore Francesco Delzio Compila il form e prenota una call individuale con il Condirettore del [&hellip;]<\/p>\n","protected":false},"author":1,"featured_media":0,"parent":0,"menu_order":0,"comment_status":"closed","ping_status":"closed","template":"page-default.php","meta":{"_acf_changed":false,"footnotes":""},"categories":[],"tags":[8,7,6,5,9,10,11,4],"docenti_teaching_area":[],"docenti_research_area":[],"tematiche":[],"lingue":[],"lunghezza_corsi":[],"class_list":["post-2","page","type-page","status-publish","hentry","tag-__conf_ex_0001001001030000300000000","tag-__conf_ex_0001001100030000300000000","tag-__conf_ex_0001010001030000300000000","tag-__conf_ex_0001010100030000300000000","tag-__conf_ex_1000001001030000300000000","tag-__conf_ex_1000001100030000300000000","tag-__conf_ex_1000010001030000300000000","tag-__conf_ex_1000010100030000300000000"],"acf":[],"aioseo_notices":[],"_links":{"self":[{"href":"https:\/\/businessschool.luiss.it\/relazioni-istituzionali-lobby-comunicazione-impresa\/wp-json\/wp\/v2\/pages\/2","targetHints":{"allow":["GET"]}}],"collection":[{"href":"https:\/\/businessschool.luiss.it\/relazioni-istituzionali-lobby-comunicazione-impresa\/wp-json\/wp\/v2\/pages"}],"about":[{"href":"https:\/\/businessschool.luiss.it\/relazioni-istituzionali-lobby-comunicazione-impresa\/wp-json\/wp\/v2\/types\/page"}],"author":[{"embeddable":true,"href":"https:\/\/businessschool.luiss.it\/relazioni-istituzionali-lobby-comunicazione-impresa\/wp-json\/wp\/v2\/users\/1"}],"replies":[{"embeddable":true,"href":"https:\/\/businessschool.luiss.it\/relazioni-istituzionali-lobby-comunicazione-impresa\/wp-json\/wp\/v2\/comments?post=2"}],"version-history":[{"count":6,"href":"https:\/\/businessschool.luiss.it\/relazioni-istituzionali-lobby-comunicazione-impresa\/wp-json\/wp\/v2\/pages\/2\/revisions"}],"predecessor-version":[{"id":717,"href":"https:\/\/businessschool.luiss.it\/relazioni-istituzionali-lobby-comunicazione-impresa\/wp-json\/wp\/v2\/pages\/2\/revisions\/717"}],"wp:attachment":[{"href":"https:\/\/businessschool.luiss.it\/relazioni-istituzionali-lobby-comunicazione-impresa\/wp-json\/wp\/v2\/media?parent=2"}],"wp:term":[{"taxonomy":"category","embeddable":true,"href":"https:\/\/businessschool.luiss.it\/relazioni-istituzionali-lobby-comunicazione-impresa\/wp-json\/wp\/v2\/categories?post=2"},{"taxonomy":"post_tag","embeddable":true,"href":"https:\/\/businessschool.luiss.it\/relazioni-istituzionali-lobby-comunicazione-impresa\/wp-json\/wp\/v2\/tags?post=2"},{"taxonomy":"docenti_teaching_area","embeddable":true,"href":"https:\/\/businessschool.luiss.it\/relazioni-istituzionali-lobby-comunicazione-impresa\/wp-json\/wp\/v2\/docenti_teaching_area?post=2"},{"taxonomy":"docenti_research_area","embeddable":true,"href":"https:\/\/businessschool.luiss.it\/relazioni-istituzionali-lobby-comunicazione-impresa\/wp-json\/wp\/v2\/docenti_research_area?post=2"},{"taxonomy":"tematiche","embeddable":true,"href":"https:\/\/businessschool.luiss.it\/relazioni-istituzionali-lobby-comunicazione-impresa\/wp-json\/wp\/v2\/tematiche?post=2"},{"taxonomy":"lingue","embeddable":true,"href":"https:\/\/businessschool.luiss.it\/relazioni-istituzionali-lobby-comunicazione-impresa\/wp-json\/wp\/v2\/lingue?post=2"},{"taxonomy":"lunghezza_corsi","embeddable":true,"href":"https:\/\/businessschool.luiss.it\/relazioni-istituzionali-lobby-comunicazione-impresa\/wp-json\/wp\/v2\/lunghezza_corsi?post=2"}],"curies":[{"name":"wp","href":"https:\/\/api.w.org\/{rel}","templated":true}]}}