{"id":308,"date":"2018-01-05T08:30:42","date_gmt":"2018-01-05T08:30:42","guid":{"rendered":"https:\/\/businessschool.luiss.it\/relazioni-istituzionali-lobby-comunicazione-impresa\/?page_id=308"},"modified":"2024-09-30T10:17:45","modified_gmt":"2024-09-30T10:17:45","slug":"come-iscriversi","status":"publish","type":"page","link":"https:\/\/businessschool.luiss.it\/relazioni-istituzionali-lobby-comunicazione-impresa\/come-iscriversi\/","title":{"rendered":"Come iscriversi"},"content":{"rendered":"\n<h3 class=\"wp-block-heading\">Ammissione e iscrizione<\/h3>\n\n\n\n<p><span data-contrast=\"none\">Per iscriversi all\u2019Executive Master \u00e8 necessario superare il test di ammissione che valuta le capacit\u00e0, la motivazione e il potenziale dei candidati. Il test sar\u00e0 sostenuto da remoto.<\/span><\/p>\n\n\n\n<h3 class=\"wp-block-heading\">Requisiti di ammissione<\/h3>\n\n\n\n<ul class=\"wp-block-list\">\n<li><span data-contrast=\"none\">Laurea&nbsp;<\/span><span data-contrast=\"none\">di II livello<\/span><span data-contrast=\"none\">&nbsp;o<\/span><span data-contrast=\"none\">&nbsp;<\/span><span data-contrast=\"none\">a ciclo unico<\/span><span data-contrast=\"none\">&nbsp;<\/span><span data-ccp-props=\"{&quot;201341983&quot;:1,&quot;335551550&quot;:6,&quot;335551620&quot;:6,&quot;335559739&quot;:120,&quot;335559740&quot;:360}\">&nbsp;<\/span><\/li>\n<\/ul>\n\n\n\n<h3 class=\"wp-block-heading\">Test di ammissione<\/h3>\n\n\n\n<p><span data-contrast=\"none\">Il test di ammissione \u00e8 composto da:&nbsp;<\/span><span data-ccp-props=\"{&quot;201341983&quot;:1,&quot;335551550&quot;:6,&quot;335551620&quot;:6,&quot;335559685&quot;:1134,&quot;335559739&quot;:120,&quot;335559740&quot;:360}\">&nbsp;<\/span><\/p>\n\n\n\n<ul class=\"wp-block-list\">\n<li><b><span data-contrast=\"none\">test di lingua inglese<\/span><\/b><span data-contrast=\"none\">: un test scritto con domande a risposta multipla (i candidati in possesso di un certificato TOEFL\/IELTS con elevato punteggio e in corso di validit\u00e0, possono essere esonerati dal test d\u2019inglese)<\/span><span data-ccp-props=\"{&quot;201341983&quot;:1,&quot;335551550&quot;:6,&quot;335551620&quot;:6,&quot;335559739&quot;:120,&quot;335559740&quot;:360}\">&nbsp;<\/span><\/li>\n\n\n\n<li><b><span data-contrast=\"none\">test di logica induttiva, numerica e deduttiva<\/span><\/b><span data-contrast=\"none\">: un test scritto con domande a risposta multipla (i candidati in possesso di un certificato GMAT\/GRE con elevato punteggio e in corso di validit\u00e0, possono essere esonerati dal test di logica)<\/span><span data-ccp-props=\"{&quot;201341983&quot;:1,&quot;335551550&quot;:6,&quot;335551620&quot;:6,&quot;335559739&quot;:120,&quot;335559740&quot;:360}\">&nbsp;<\/span><\/li>\n\n\n\n<li><b><span data-contrast=\"none\">colloquio motivazionale&nbsp;<\/span><\/b><span data-ccp-props=\"{&quot;201341983&quot;:1,&quot;335551550&quot;:6,&quot;335551620&quot;:6,&quot;335559739&quot;:120,&quot;335559740&quot;:360}\">&nbsp;<\/span><\/li>\n<\/ul>\n\n\n\n<h3 class=\"wp-block-heading\">Esonero dal Test di Ammissione<\/h3>\n\n\n\n<ul class=\"wp-block-list\">\n<li><strong>GMAT\/GRE per il Test di Logica<\/strong><\/li>\n<\/ul>\n\n\n\n<p>Non \u00e8 richiesto un punteggio minimo. Gli score GMAT e GRE dei candidati ammessi variano a seconda delle classi, tuttavia, \u00e8 insolito ammettere candidati con un punteggio complessivo inferiore a 515 per il GMAT e 145 per il GRE.<\/p>\n\n\n\n<ul class=\"wp-block-list\">\n<li><strong>IELTS\/TOEFL per il Test di lingua inglese<\/strong><\/li>\n<\/ul>\n\n\n\n<p>\u00c8 richiesto un punteggio minimo di 7.0 per l\u2019IELTS e 100 per il TOEFL che attesti il livello avanzato di conoscenza della lingua inglese.<\/p>\n\n\n\n<h3 class=\"wp-block-heading\">Documentazione richiesta<\/h3>\n\n\n\n<p>Per partecipare al test di ammissione \u00e8 necessario <a href=\"https:\/\/businessschool.luiss.it\/application\/?pid=P-000164\" title=\"\"><strong>compilare il form<\/strong><\/a> e sar\u00e0 richiesta&nbsp;la seguente documentazione:<\/p>\n\n\n\n<ul class=\"wp-block-list\">\n<li>copia del certificato di laurea o certificato di diploma*<\/li>\n\n\n\n<li>CV<\/li>\n\n\n\n<li>copia di un documento di identit\u00e0<\/li>\n\n\n\n<li>fototessera digitale<\/li>\n\n\n\n<li>ricevuta di versamento della quota di partecipazione alle selezioni pari a \u20ac 100 (non rimborsabile)<\/li>\n\n\n\n<li>eventuale Certificato TOEFL\/IELTS (opzionale)<\/li>\n\n\n\n<li>eventuale Certificato GMAT\/GRE (opzionale)<\/li>\n<\/ul>\n\n\n\n<p>I candidati con un <strong>titolo estero<\/strong> dovranno anche inviare la seguente documentazione aggiuntiva per la valutazione:<\/p>\n\n\n\n<ul class=\"wp-block-list\">\n<li>copia del certificato di laurea sia in lingua originale che in lingua inglese*<\/li>\n\n\n\n<li>transcript dei voti in lingua inglese<\/li>\n\n\n\n<li>diploma supplement (opzionale)<\/li>\n<\/ul>\n\n\n\n<p>* i candidati non ancora in possesso del certificato di laurea potranno fornire l\u2019autocertificazione utilizzando il format Luiss Business School disponibile <a href=\"https:\/\/businessschool.luiss.it\/wp-content\/uploads\/2024\/07\/Autocertificazione-2024_202567.pdf\" title=\"\">QUI<\/a>.<\/p>\n\n\n\n<h3 class=\"wp-block-heading\">Pagamento della quota d\u2019accesso alle selezioni<\/h3>\n\n\n\n<p>Il pagamento della quota d\u2019accesso alle selezioni pu\u00f2 essere effettuato&nbsp;<strong>online<\/strong>&nbsp;contestualmente all\u2019application.<\/p>\n","protected":false},"excerpt":{"rendered":"<p>Ammissione e iscrizione Per iscriversi all\u2019Executive Master \u00e8 necessario superare il test di ammissione che valuta le capacit\u00e0, la motivazione [&hellip;]<\/p>\n","protected":false},"author":1,"featured_media":0,"parent":0,"menu_order":0,"comment_status":"closed","ping_status":"closed","template":"page-default.php","meta":{"_acf_changed":false,"footnotes":""},"categories":[],"tags":[],"docenti_teaching_area":[],"docenti_research_area":[],"tematiche":[],"lingue":[],"lunghezza_corsi":[],"class_list":["post-308","page","type-page","status-publish","hentry"],"acf":[],"aioseo_notices":[],"_links":{"self":[{"href":"https:\/\/businessschool.luiss.it\/relazioni-istituzionali-lobby-comunicazione-impresa\/wp-json\/wp\/v2\/pages\/308","targetHints":{"allow":["GET"]}}],"collection":[{"href":"https:\/\/businessschool.luiss.it\/relazioni-istituzionali-lobby-comunicazione-impresa\/wp-json\/wp\/v2\/pages"}],"about":[{"href":"https:\/\/businessschool.luiss.it\/relazioni-istituzionali-lobby-comunicazione-impresa\/wp-json\/wp\/v2\/types\/page"}],"author":[{"embeddable":true,"href":"https:\/\/businessschool.luiss.it\/relazioni-istituzionali-lobby-comunicazione-impresa\/wp-json\/wp\/v2\/users\/1"}],"replies":[{"embeddable":true,"href":"https:\/\/businessschool.luiss.it\/relazioni-istituzionali-lobby-comunicazione-impresa\/wp-json\/wp\/v2\/comments?post=308"}],"version-history":[{"count":6,"href":"https:\/\/businessschool.luiss.it\/relazioni-istituzionali-lobby-comunicazione-impresa\/wp-json\/wp\/v2\/pages\/308\/revisions"}],"predecessor-version":[{"id":617,"href":"https:\/\/businessschool.luiss.it\/relazioni-istituzionali-lobby-comunicazione-impresa\/wp-json\/wp\/v2\/pages\/308\/revisions\/617"}],"wp:attachment":[{"href":"https:\/\/businessschool.luiss.it\/relazioni-istituzionali-lobby-comunicazione-impresa\/wp-json\/wp\/v2\/media?parent=308"}],"wp:term":[{"taxonomy":"category","embeddable":true,"href":"https:\/\/businessschool.luiss.it\/relazioni-istituzionali-lobby-comunicazione-impresa\/wp-json\/wp\/v2\/categories?post=308"},{"taxonomy":"post_tag","embeddable":true,"href":"https:\/\/businessschool.luiss.it\/relazioni-istituzionali-lobby-comunicazione-impresa\/wp-json\/wp\/v2\/tags?post=308"},{"taxonomy":"docenti_teaching_area","embeddable":true,"href":"https:\/\/businessschool.luiss.it\/relazioni-istituzionali-lobby-comunicazione-impresa\/wp-json\/wp\/v2\/docenti_teaching_area?post=308"},{"taxonomy":"docenti_research_area","embeddable":true,"href":"https:\/\/businessschool.luiss.it\/relazioni-istituzionali-lobby-comunicazione-impresa\/wp-json\/wp\/v2\/docenti_research_area?post=308"},{"taxonomy":"tematiche","embeddable":true,"href":"https:\/\/businessschool.luiss.it\/relazioni-istituzionali-lobby-comunicazione-impresa\/wp-json\/wp\/v2\/tematiche?post=308"},{"taxonomy":"lingue","embeddable":true,"href":"https:\/\/businessschool.luiss.it\/relazioni-istituzionali-lobby-comunicazione-impresa\/wp-json\/wp\/v2\/lingue?post=308"},{"taxonomy":"lunghezza_corsi","embeddable":true,"href":"https:\/\/businessschool.luiss.it\/relazioni-istituzionali-lobby-comunicazione-impresa\/wp-json\/wp\/v2\/lunghezza_corsi?post=308"}],"curies":[{"name":"wp","href":"https:\/\/api.w.org\/{rel}","templated":true}]}}