{"id":360,"date":"2018-09-03T10:42:18","date_gmt":"2018-09-03T10:42:18","guid":{"rendered":"https:\/\/businessschool.luiss.it\/relazioni-istituzionali-lobby-comunicazione-impresa\/?page_id=360"},"modified":"2021-10-01T12:41:36","modified_gmt":"2021-10-01T12:41:36","slug":"career-service-2","status":"publish","type":"page","link":"https:\/\/businessschool.luiss.it\/relazioni-istituzionali-lobby-comunicazione-impresa\/career-service-2\/","title":{"rendered":"Career Service"},"content":{"rendered":"<p>L\u2019ufficio Career Service offre <strong>servizi personalizzati<\/strong> per supportare lo sviluppo delle competenze necessarie a intraprendere un percorso professionale in linea con le aspirazioni degli allievi. Sar\u00e0 inoltre di supporto nel definire gli obiettivi di carriera e ampliare il network professionale. Gli studenti entreranno in contatto con aziende e istituzioni per approfondire la conoscenza di vari settori industriali ed eventuali posizioni aperte.<\/p>\n<p>L&#8217;ufficio Career Service \u00e8 anche responsabile dell\u2019<strong>Employability Lab<\/strong>, che ha l&#8217;obiettivo di sviluppare autoconsapevolezza attraverso un modello di Soft Skill e di costruire un piano d&#8217;azione personale che massimizzi le proprie performance nel contesto lavorativo.<\/p>\n<h3>Attivit\u00e0 del Career Service<\/h3>\n<p>Lo staff del Career Service organizza numerose attivit\u00e0 in momenti diversi dell\u2019anno accademico al fine di approfondire la conoscenza dei profili degli studenti e indirizzarli verso le opportunit\u00e0 e le aziende pi\u00f9 in linea con le loro aspirazioni.<\/p>\n<p>I servizi e le iniziative includono:<\/p>\n<ul>\n<li><strong>career counselling<\/strong>: supporto nella costruzione del proprio profilo professionale<\/li>\n<li><strong>orientamento al mercato del lavoro<\/strong>: definizione del proprio percorso professionale e del proprio \u201conline personal brand\u201d, simulazioni di colloqui, negoziazione dell\u2019offerta<\/li>\n<li><strong>presentazioni aziendali<\/strong>: conferenze, testimonianze e meeting con manager ed executive per conoscere le aziende e i settori in cui operano<\/li>\n<li><strong>employer engagement<\/strong>: sviluppo di partnership strategiche con le aziende attraverso attivit\u00e0 ad hoc di Talent Acquisition, Employer Branding e Networking<\/li>\n<li><strong>e-career book:<\/strong> curricula degli studenti disponibili online per aziende e istituzioni alla ricerca di nuovi talenti<\/li>\n<li><strong>tirocini<\/strong>: dall\u2019aula all\u2019inserimento nel mondo del lavoro. Il Career Service supporta gli studenti nell\u2019identificazione di opportunit\u00e0 di tirocinio da svolgersi alla fine della fase d\u2019aula del Master<\/li>\n<\/ul>\n<h3>Career development e network con aziende<\/h3>\n<p>Il Career Service \u00e8 presente a tutti i Corporate Advisory Board dei master full time, ponendosi come ufficio di business intelligence interno e fornendo feedback ai direttori e ai coordinatori dei master su quelli che sono i bisogni degli employer in termini di competenze e abilit\u00e0, per poter aggiornare il programma formativo in conformit\u00e0 alle esigenze del mercato del lavoro.<\/p>\n<p>Inoltre, ogni anno vengono organizzati presso la Luiss Business School centinaia di eventi e seminari con l\u2019obiettivo di mettere in contatto gli studenti dei master con alumni, recruiter e manager di numerose organizzazioni.<\/p>\n<p>Queste attivit\u00e0 mirano a creare un link tra studenti, recruiter e manager, fornendo informazioni sui processi di selezione e sui possibili percorsi di carriera. Inoltre, alcuni di questi eventi sono pensati per favorire la crescita personale degli allievi.<\/p>\n<h3>Progetti di supporto alla carriera<\/h3>\n<h4>Simulazioni di competency-based interview<\/h4>\n<p>Uno step importante nella preparazione degli studenti al mondo del lavoro sono le simulazioni dei colloqui di selezione.<\/p>\n<h4>CV e-Book<\/h4>\n<p>I curricula di tutti gli studenti saranno presenti all\u2019interno del Career e-Book inviato periodicamente ad aziende e organizzazioni interessate a entrare in contatto con potenziali candidati. Allo stesso tempo, il Career Service cerca in modo proattivo ulteriori opportunit\u00e0 lavorative che possano soddisfare le aspettative professionali degli allievi.<\/p>\n<h4>JobTeaser<\/h4>\n<p>Uno strumento essenziale per mettere in contatto studenti e aziende \u00e8 JobTeaser, una piattaforma digitale utilizzata da universit\u00e0 e organizzazioni in tutto il mondo che offre la possibilit\u00e0 di avere accesso ai singoli profili degli studenti, analizzare trend ed evoluzioni di ciascuna aula e pubblicare offerte di lavoro di aziende partner.<\/p>\n<h4>Sessioni di feedback<\/h4>\n<p>Durante le sessioni di feedback il Career Service si concentra sulle competenze e sui fattori predittivi della riuscita di un colloquio di selezione. Un focus particolare viene riservato al miglioramento delle soft skills.<\/p>\n<h4>Tirocinio<\/h4>\n<p>Il tirocinio curriculare rappresenta la parte conclusiva del Master e offre agli studenti l\u2019opportunit\u00e0 di mettere in pratica le competenze acquisite durante il programma. A seguito della formazione in aula gli allievi avranno la possibilit\u00e0 di combinare teoria e pratica ed entreranno in contatto diretto con figure professionali di settore.<\/p>\n","protected":false},"excerpt":{"rendered":"<p>L\u2019ufficio Career Service offre servizi personalizzati per supportare lo sviluppo delle competenze necessarie a intraprendere un percorso professionale in linea [&hellip;]<\/p>\n","protected":false},"author":5,"featured_media":0,"parent":0,"menu_order":0,"comment_status":"closed","ping_status":"closed","template":"page-default.php","meta":{"_acf_changed":false,"footnotes":""},"categories":[],"tags":[],"docenti_teaching_area":[],"docenti_research_area":[],"tematiche":[],"lingue":[],"lunghezza_corsi":[],"class_list":["post-360","page","type-page","status-publish","hentry"],"acf":[],"aioseo_notices":[],"_links":{"self":[{"href":"https:\/\/businessschool.luiss.it\/relazioni-istituzionali-lobby-comunicazione-impresa\/wp-json\/wp\/v2\/pages\/360","targetHints":{"allow":["GET"]}}],"collection":[{"href":"https:\/\/businessschool.luiss.it\/relazioni-istituzionali-lobby-comunicazione-impresa\/wp-json\/wp\/v2\/pages"}],"about":[{"href":"https:\/\/businessschool.luiss.it\/relazioni-istituzionali-lobby-comunicazione-impresa\/wp-json\/wp\/v2\/types\/page"}],"author":[{"embeddable":true,"href":"https:\/\/businessschool.luiss.it\/relazioni-istituzionali-lobby-comunicazione-impresa\/wp-json\/wp\/v2\/users\/5"}],"replies":[{"embeddable":true,"href":"https:\/\/businessschool.luiss.it\/relazioni-istituzionali-lobby-comunicazione-impresa\/wp-json\/wp\/v2\/comments?post=360"}],"version-history":[{"count":4,"href":"https:\/\/businessschool.luiss.it\/relazioni-istituzionali-lobby-comunicazione-impresa\/wp-json\/wp\/v2\/pages\/360\/revisions"}],"predecessor-version":[{"id":550,"href":"https:\/\/businessschool.luiss.it\/relazioni-istituzionali-lobby-comunicazione-impresa\/wp-json\/wp\/v2\/pages\/360\/revisions\/550"}],"wp:attachment":[{"href":"https:\/\/businessschool.luiss.it\/relazioni-istituzionali-lobby-comunicazione-impresa\/wp-json\/wp\/v2\/media?parent=360"}],"wp:term":[{"taxonomy":"category","embeddable":true,"href":"https:\/\/businessschool.luiss.it\/relazioni-istituzionali-lobby-comunicazione-impresa\/wp-json\/wp\/v2\/categories?post=360"},{"taxonomy":"post_tag","embeddable":true,"href":"https:\/\/businessschool.luiss.it\/relazioni-istituzionali-lobby-comunicazione-impresa\/wp-json\/wp\/v2\/tags?post=360"},{"taxonomy":"docenti_teaching_area","embeddable":true,"href":"https:\/\/businessschool.luiss.it\/relazioni-istituzionali-lobby-comunicazione-impresa\/wp-json\/wp\/v2\/docenti_teaching_area?post=360"},{"taxonomy":"docenti_research_area","embeddable":true,"href":"https:\/\/businessschool.luiss.it\/relazioni-istituzionali-lobby-comunicazione-impresa\/wp-json\/wp\/v2\/docenti_research_area?post=360"},{"taxonomy":"tematiche","embeddable":true,"href":"https:\/\/businessschool.luiss.it\/relazioni-istituzionali-lobby-comunicazione-impresa\/wp-json\/wp\/v2\/tematiche?post=360"},{"taxonomy":"lingue","embeddable":true,"href":"https:\/\/businessschool.luiss.it\/relazioni-istituzionali-lobby-comunicazione-impresa\/wp-json\/wp\/v2\/lingue?post=360"},{"taxonomy":"lunghezza_corsi","embeddable":true,"href":"https:\/\/businessschool.luiss.it\/relazioni-istituzionali-lobby-comunicazione-impresa\/wp-json\/wp\/v2\/lunghezza_corsi?post=360"}],"curies":[{"name":"wp","href":"https:\/\/api.w.org\/{rel}","templated":true}]}}