{"id":2,"date":"2022-03-21T12:44:13","date_gmt":"2022-03-21T11:44:13","guid":{"rendered":"https:\/\/businessschool.luiss.it\/scuola-imprenditori-confindustria\/?page_id=2"},"modified":"2024-02-06T16:57:53","modified_gmt":"2024-02-06T15:57:53","slug":"overview","status":"publish","type":"page","link":"https:\/\/businessschool.luiss.it\/scuola-imprenditori-confindustria\/","title":{"rendered":"Overview"},"content":{"rendered":"\n<p>La Scuola per Imprenditori, promossa da Confindustria, 4.Manager, Sistemi Formativi Confindustria e Luiss Business School ha l\u2019obiettivo di alimentare e far ripartire la creazione e lo sviluppo di nuove imprese grazie alla nascita di nuovi imprenditori, alla valorizzazione di Manager attraverso l&#8217;autoimprenditorialit\u00e0.<\/p>\n\n\n\n<p>Il corso fornir\u00e0 le conoscenze, gli strumenti e il background necessari, ponendo grande enfasi sulla dimensione culturale del fare impresa con la finalit\u00e0, di far nascere nuove opportunit\u00e0 di sviluppo per il sistema Paese.<\/p>\n\n\n\n<h3 class=\"wp-block-heading\">Obiettivi<\/h3>\n\n\n\n<p>Attraverso un approccio didattico innovativo e multidisciplinare, il programma si pone l\u2019obiettivo di alimentare la vocazione imprenditoriale nell\u2019ambito del tessuto produttivo italiano, stimolando soprattutto coloro che, senza avere alle spalle una tradizione familiare, sono pronti ad accettare la sfida della creazione di una nuova impresa.<\/p>\n\n\n\n<p>Con questo obiettivo il programma si propone di:<\/p>\n\n\n\n<ul class=\"wp-block-list\">\n<li><strong>Riconoscere<\/strong> la centralit\u00e0 del ruolo dell\u2019imprenditore e dell\u2019importanza di fare impresa<\/li>\n\n\n\n<li><strong>Evidenziare <\/strong>la dimensione culturale e valoriale del fare impresa<\/li>\n\n\n\n<li><strong>Favorire <\/strong>la nascita di nuovi imprenditori e collocare Manager inoccupati<\/li>\n<\/ul>\n\n\n\n<h3 class=\"wp-block-heading\">A chi \u00e8 rivolto<\/h3>\n\n\n\n<p>Il programma si rivolge a <strong>manager<\/strong>, <strong>dipendenti<\/strong>, <strong>giovani professionisti, <\/strong>dirigenti non occupatiche operano nelle imprese italiane e, in generale, a <strong>tutti coloro che desiderano mettersi in gioco nel fare impresa<\/strong> e sviluppare concretamente un\u2019idea di business. I partecipanti potranno acquisire le competenze e le conoscenze necessarie per sviluppare la propria organizzazione nell\u2019attuale sistema competitivo.<\/p>\n\n\n\n<p><strong>Non costituiscono requisiti preferenziali il titolo di studio, l\u2019et\u00e0 o l\u2019esperienza lavorativa.<\/strong><\/p>\n\n\n\n<h3 class=\"wp-block-heading\">Attestato di partecipazione<\/h3>\n\n\n\n<p>Al termine delle attivit\u00e0 didattiche verr\u00e0 rilasciato un attestato di partecipazione a coloro che avranno frequentato almeno il 70% delle attivit\u00e0 di formazione previste dal programma.<\/p>\n","protected":false},"excerpt":{"rendered":"<p>La Scuola per Imprenditori, promossa da Confindustria, 4.Manager, Sistemi Formativi Confindustria e Luiss Business School ha l\u2019obiettivo di alimentare e [&hellip;]<\/p>\n","protected":false},"author":1,"featured_media":0,"parent":0,"menu_order":0,"comment_status":"closed","ping_status":"closed","template":"","meta":{"_acf_changed":false,"footnotes":""},"categories":[],"tags":[],"docenti_teaching_area":[],"docenti_research_area":[],"tematiche":[],"lingue":[],"lunghezza_corsi":[],"class_list":["post-2","page","type-page","status-publish","hentry"],"acf":[],"aioseo_notices":[],"_links":{"self":[{"href":"https:\/\/businessschool.luiss.it\/scuola-imprenditori-confindustria\/wp-json\/wp\/v2\/pages\/2","targetHints":{"allow":["GET"]}}],"collection":[{"href":"https:\/\/businessschool.luiss.it\/scuola-imprenditori-confindustria\/wp-json\/wp\/v2\/pages"}],"about":[{"href":"https:\/\/businessschool.luiss.it\/scuola-imprenditori-confindustria\/wp-json\/wp\/v2\/types\/page"}],"author":[{"embeddable":true,"href":"https:\/\/businessschool.luiss.it\/scuola-imprenditori-confindustria\/wp-json\/wp\/v2\/users\/1"}],"replies":[{"embeddable":true,"href":"https:\/\/businessschool.luiss.it\/scuola-imprenditori-confindustria\/wp-json\/wp\/v2\/comments?post=2"}],"version-history":[{"count":5,"href":"https:\/\/businessschool.luiss.it\/scuola-imprenditori-confindustria\/wp-json\/wp\/v2\/pages\/2\/revisions"}],"predecessor-version":[{"id":97,"href":"https:\/\/businessschool.luiss.it\/scuola-imprenditori-confindustria\/wp-json\/wp\/v2\/pages\/2\/revisions\/97"}],"wp:attachment":[{"href":"https:\/\/businessschool.luiss.it\/scuola-imprenditori-confindustria\/wp-json\/wp\/v2\/media?parent=2"}],"wp:term":[{"taxonomy":"category","embeddable":true,"href":"https:\/\/businessschool.luiss.it\/scuola-imprenditori-confindustria\/wp-json\/wp\/v2\/categories?post=2"},{"taxonomy":"post_tag","embeddable":true,"href":"https:\/\/businessschool.luiss.it\/scuola-imprenditori-confindustria\/wp-json\/wp\/v2\/tags?post=2"},{"taxonomy":"docenti_teaching_area","embeddable":true,"href":"https:\/\/businessschool.luiss.it\/scuola-imprenditori-confindustria\/wp-json\/wp\/v2\/docenti_teaching_area?post=2"},{"taxonomy":"docenti_research_area","embeddable":true,"href":"https:\/\/businessschool.luiss.it\/scuola-imprenditori-confindustria\/wp-json\/wp\/v2\/docenti_research_area?post=2"},{"taxonomy":"tematiche","embeddable":true,"href":"https:\/\/businessschool.luiss.it\/scuola-imprenditori-confindustria\/wp-json\/wp\/v2\/tematiche?post=2"},{"taxonomy":"lingue","embeddable":true,"href":"https:\/\/businessschool.luiss.it\/scuola-imprenditori-confindustria\/wp-json\/wp\/v2\/lingue?post=2"},{"taxonomy":"lunghezza_corsi","embeddable":true,"href":"https:\/\/businessschool.luiss.it\/scuola-imprenditori-confindustria\/wp-json\/wp\/v2\/lunghezza_corsi?post=2"}],"curies":[{"name":"wp","href":"https:\/\/api.w.org\/{rel}","templated":true}]}}