{"id":37,"date":"2022-03-23T09:47:27","date_gmt":"2022-03-23T08:47:27","guid":{"rendered":"https:\/\/businessschool.luiss.it\/scuola-imprenditori-confindustria\/?page_id=37"},"modified":"2022-03-23T16:04:15","modified_gmt":"2022-03-23T15:04:15","slug":"partner","status":"publish","type":"page","link":"https:\/\/businessschool.luiss.it\/scuola-imprenditori-confindustria\/partner\/","title":{"rendered":"Partner"},"content":{"rendered":"\n<h4 class=\"wp-block-heading\"><strong>Sistemi Formativi Confindustria<\/strong><\/h4>\n\n\n\n<figure class=\"wp-block-image size-large is-resized\"><img loading=\"lazy\" decoding=\"async\" src=\"https:\/\/businessschool.luiss.it\/scuola-imprenditori-confindustria\/wp-content\/uploads\/sites\/225\/2022\/03\/Logo_SFC.jpeg\" alt=\"\" class=\"wp-image-68\" width=\"285\" height=\"117\" srcset=\"https:\/\/businessschool.luiss.it\/scuola-imprenditori-confindustria\/wp-content\/uploads\/sites\/225\/2022\/03\/Logo_SFC.jpeg 655w, https:\/\/businessschool.luiss.it\/scuola-imprenditori-confindustria\/wp-content\/uploads\/sites\/225\/2022\/03\/Logo_SFC-300x123.jpeg 300w\" sizes=\"auto, (max-width: 285px) 100vw, 285px\" \/><\/figure>\n\n\n\n<p>SFC &#8211; Sistemi Formativi Confindustria \u00e8 una societ\u00e0 consortile per azioni che progetta e coordina iniziative di formazione, ricerca e sviluppo ed assistenza tecnica &#8211; sia a livello nazionale che locale &#8211; finalizzate a supportare lo sviluppo del Sistema associativo Confindustria, sostenere la crescita competitiva delle PMI e favorire la modernizzazione della Pubblica Amministrazione.<\/p>\n\n\n\n<p>Al consorzio di SFC attualmente aderiscono oltre 80 Soci che costituiscono una rete capillare sull\u2019intero territorio nazionale. <\/p>\n\n\n\n<h4 class=\"wp-block-heading\"><strong>4 Manager<\/strong><\/h4>\n\n\n\n<figure class=\"wp-block-image size-large is-resized\"><img loading=\"lazy\" decoding=\"async\" src=\"https:\/\/businessschool.luiss.it\/scuola-imprenditori-confindustria\/wp-content\/uploads\/sites\/225\/2022\/03\/download.jpeg\" alt=\"\" class=\"wp-image-69\" width=\"280\" height=\"130\" srcset=\"https:\/\/businessschool.luiss.it\/scuola-imprenditori-confindustria\/wp-content\/uploads\/sites\/225\/2022\/03\/download.jpeg 329w, https:\/\/businessschool.luiss.it\/scuola-imprenditori-confindustria\/wp-content\/uploads\/sites\/225\/2022\/03\/download-300x140.jpeg 300w\" sizes=\"auto, (max-width: 280px) 100vw, 280px\" \/><\/figure>\n\n\n\n<p>L\u2019associazione 4.Manager, nata da Confindustria e Federmanager, persegue l\u2019obiettivo di progettare e realizzare iniziative ad alto valore aggiunto per rispondere ai fabbisogni emergenti per la crescita complessiva dei manager industriali e degli imprenditori.<\/p>\n\n\n\n<p>4.Manager aiuta il Sistema nel percorso di diffusione e crescita qualitativa della managerialit\u00e0 nelle imprese italiane, nella convinzione che solo sostenendo manager e imprenditori ad essere pi\u00f9 consapevoli, strutturati e aggiornati avremo imprese pi\u00f9 competitive e filiere pi\u00f9 strutturate<strong>.<\/strong><\/p>\n","protected":false},"excerpt":{"rendered":"<p>Sistemi Formativi Confindustria SFC &#8211; Sistemi Formativi Confindustria \u00e8 una societ\u00e0 consortile per azioni che progetta e coordina iniziative di [&hellip;]<\/p>\n","protected":false},"author":13,"featured_media":0,"parent":0,"menu_order":0,"comment_status":"closed","ping_status":"closed","template":"","meta":{"_acf_changed":false,"footnotes":""},"categories":[],"tags":[],"docenti_teaching_area":[],"docenti_research_area":[],"tematiche":[],"lingue":[],"lunghezza_corsi":[],"class_list":["post-37","page","type-page","status-publish","hentry"],"acf":[],"aioseo_notices":[],"_links":{"self":[{"href":"https:\/\/businessschool.luiss.it\/scuola-imprenditori-confindustria\/wp-json\/wp\/v2\/pages\/37","targetHints":{"allow":["GET"]}}],"collection":[{"href":"https:\/\/businessschool.luiss.it\/scuola-imprenditori-confindustria\/wp-json\/wp\/v2\/pages"}],"about":[{"href":"https:\/\/businessschool.luiss.it\/scuola-imprenditori-confindustria\/wp-json\/wp\/v2\/types\/page"}],"author":[{"embeddable":true,"href":"https:\/\/businessschool.luiss.it\/scuola-imprenditori-confindustria\/wp-json\/wp\/v2\/users\/13"}],"replies":[{"embeddable":true,"href":"https:\/\/businessschool.luiss.it\/scuola-imprenditori-confindustria\/wp-json\/wp\/v2\/comments?post=37"}],"version-history":[{"count":4,"href":"https:\/\/businessschool.luiss.it\/scuola-imprenditori-confindustria\/wp-json\/wp\/v2\/pages\/37\/revisions"}],"predecessor-version":[{"id":85,"href":"https:\/\/businessschool.luiss.it\/scuola-imprenditori-confindustria\/wp-json\/wp\/v2\/pages\/37\/revisions\/85"}],"wp:attachment":[{"href":"https:\/\/businessschool.luiss.it\/scuola-imprenditori-confindustria\/wp-json\/wp\/v2\/media?parent=37"}],"wp:term":[{"taxonomy":"category","embeddable":true,"href":"https:\/\/businessschool.luiss.it\/scuola-imprenditori-confindustria\/wp-json\/wp\/v2\/categories?post=37"},{"taxonomy":"post_tag","embeddable":true,"href":"https:\/\/businessschool.luiss.it\/scuola-imprenditori-confindustria\/wp-json\/wp\/v2\/tags?post=37"},{"taxonomy":"docenti_teaching_area","embeddable":true,"href":"https:\/\/businessschool.luiss.it\/scuola-imprenditori-confindustria\/wp-json\/wp\/v2\/docenti_teaching_area?post=37"},{"taxonomy":"docenti_research_area","embeddable":true,"href":"https:\/\/businessschool.luiss.it\/scuola-imprenditori-confindustria\/wp-json\/wp\/v2\/docenti_research_area?post=37"},{"taxonomy":"tematiche","embeddable":true,"href":"https:\/\/businessschool.luiss.it\/scuola-imprenditori-confindustria\/wp-json\/wp\/v2\/tematiche?post=37"},{"taxonomy":"lingue","embeddable":true,"href":"https:\/\/businessschool.luiss.it\/scuola-imprenditori-confindustria\/wp-json\/wp\/v2\/lingue?post=37"},{"taxonomy":"lunghezza_corsi","embeddable":true,"href":"https:\/\/businessschool.luiss.it\/scuola-imprenditori-confindustria\/wp-json\/wp\/v2\/lunghezza_corsi?post=37"}],"curies":[{"name":"wp","href":"https:\/\/api.w.org\/{rel}","templated":true}]}}