{"id":46,"date":"2022-03-23T09:53:33","date_gmt":"2022-03-23T08:53:33","guid":{"rendered":"https:\/\/businessschool.luiss.it\/scuola-imprenditori-confindustria\/?page_id=46"},"modified":"2022-03-23T09:53:33","modified_gmt":"2022-03-23T08:53:33","slug":"educare","status":"publish","type":"page","link":"https:\/\/businessschool.luiss.it\/scuola-imprenditori-confindustria\/educare\/","title":{"rendered":"EduCare"},"content":{"rendered":"\n<p>L\u2019esperienza di apprendimento \u00e8 costruita intorno alla persona e ad ogni percorso sono associate attivit\u00e0 e servizi che si sviluppano durante e dopo la fase di aula e completano il percorso formativo scelto. Le sessioni EduCare sono studiate promuovere lo sviluppo professionale e personale e generare un impatto immediato sul business e sul contesto organizzativo di riferimento.<\/p>\n\n\n\n<h3 class=\"wp-block-heading\">Sviluppo Personale<\/h3>\n\n\n\n<h4 class=\"wp-block-heading\"><strong>Assessment Individuale<\/strong><\/h4>\n\n\n\n<p>Attraverso la compilazione di un questionario online e successiva restituzione individuale da parte di un Assessor qualificato, i Personality Assessment forniscono un quadro approfondito delle caratteristiche personali e del potenziale. Questi strumenti, scientificamente validati e utilizzati a livello internazionale, accrescono la consapevolezza dei punti di forza e delle possibili aree di sviluppo a livello personale e nel proprio contesto organizzativo, oltre a favorire l\u2019integrazione operativa dei contenuti discussi in aula, aumentandone l\u2019impatto.<\/p>\n\n\n\n<h3 class=\"wp-block-heading\">Sviluppo Professionale<\/h3>\n\n\n\n<h4 class=\"wp-block-heading\"><strong>Project Mentoring<\/strong><\/h4>\n\n\n\n<p>Una volta definite le necessit\u00e0 del proprio progetto imprenditoriale, il partecipante sar\u00e0 guidato da un Mentor attraverso sessioni individuali, durante le quale si confronter\u00e0 sullo stato dell\u2019arte e sui progressi nello sviluppo del piano. I Mentorsono imprenditori e leader di comprovato spessore provenienti da imprese territoriali, che sostengono i partecipanti guidandoli nell\u2019 affrontare le principali sfide del loro percorso imprenditoriale e contribuendo a fornire leve strategiche e prospettive innovative, che derivano dall\u2019esperienza sul campo, per costruire competenze specifiche e distintive.<\/p>\n\n\n\n<h3 class=\"wp-block-heading\">Business Impact<\/h3>\n\n\n\n<h4 class=\"wp-block-heading\"><strong>Idea di Business<\/strong><\/h4>\n\n\n\n<p>I partecipanti avranno la possibilit\u00e0 di presentare la propria idea di business alla faculty per un confronto costruttivo.<\/p>\n\n\n\n<h4 class=\"wp-block-heading\"><strong>Progetto Imprenditoriale<\/strong><\/h4>\n\n\n\n<p>I partecipanti che presenteranno i progetti migliori saranno supportati nello sviluppo concreto dell\u2019idea imprenditoriale. Avranno inoltre l\u2019opportunit\u00e0 di un successivo momento di confronto con la faculty per verificare l\u2019apprendimento e discutere come le conoscenze acquisite in aula vengono applicate e in che modo influenzano le azioni e i comportamenti nel contesto di riferimento.<\/p>\n","protected":false},"excerpt":{"rendered":"<p>L\u2019esperienza di apprendimento \u00e8 costruita intorno alla persona e ad ogni percorso sono associate attivit\u00e0 e servizi che si sviluppano [&hellip;]<\/p>\n","protected":false},"author":13,"featured_media":0,"parent":0,"menu_order":0,"comment_status":"closed","ping_status":"closed","template":"","meta":{"_acf_changed":false,"footnotes":""},"categories":[],"tags":[],"docenti_teaching_area":[],"docenti_research_area":[],"tematiche":[],"lingue":[],"lunghezza_corsi":[],"class_list":["post-46","page","type-page","status-publish","hentry"],"acf":[],"aioseo_notices":[],"_links":{"self":[{"href":"https:\/\/businessschool.luiss.it\/scuola-imprenditori-confindustria\/wp-json\/wp\/v2\/pages\/46","targetHints":{"allow":["GET"]}}],"collection":[{"href":"https:\/\/businessschool.luiss.it\/scuola-imprenditori-confindustria\/wp-json\/wp\/v2\/pages"}],"about":[{"href":"https:\/\/businessschool.luiss.it\/scuola-imprenditori-confindustria\/wp-json\/wp\/v2\/types\/page"}],"author":[{"embeddable":true,"href":"https:\/\/businessschool.luiss.it\/scuola-imprenditori-confindustria\/wp-json\/wp\/v2\/users\/13"}],"replies":[{"embeddable":true,"href":"https:\/\/businessschool.luiss.it\/scuola-imprenditori-confindustria\/wp-json\/wp\/v2\/comments?post=46"}],"version-history":[{"count":2,"href":"https:\/\/businessschool.luiss.it\/scuola-imprenditori-confindustria\/wp-json\/wp\/v2\/pages\/46\/revisions"}],"predecessor-version":[{"id":48,"href":"https:\/\/businessschool.luiss.it\/scuola-imprenditori-confindustria\/wp-json\/wp\/v2\/pages\/46\/revisions\/48"}],"wp:attachment":[{"href":"https:\/\/businessschool.luiss.it\/scuola-imprenditori-confindustria\/wp-json\/wp\/v2\/media?parent=46"}],"wp:term":[{"taxonomy":"category","embeddable":true,"href":"https:\/\/businessschool.luiss.it\/scuola-imprenditori-confindustria\/wp-json\/wp\/v2\/categories?post=46"},{"taxonomy":"post_tag","embeddable":true,"href":"https:\/\/businessschool.luiss.it\/scuola-imprenditori-confindustria\/wp-json\/wp\/v2\/tags?post=46"},{"taxonomy":"docenti_teaching_area","embeddable":true,"href":"https:\/\/businessschool.luiss.it\/scuola-imprenditori-confindustria\/wp-json\/wp\/v2\/docenti_teaching_area?post=46"},{"taxonomy":"docenti_research_area","embeddable":true,"href":"https:\/\/businessschool.luiss.it\/scuola-imprenditori-confindustria\/wp-json\/wp\/v2\/docenti_research_area?post=46"},{"taxonomy":"tematiche","embeddable":true,"href":"https:\/\/businessschool.luiss.it\/scuola-imprenditori-confindustria\/wp-json\/wp\/v2\/tematiche?post=46"},{"taxonomy":"lingue","embeddable":true,"href":"https:\/\/businessschool.luiss.it\/scuola-imprenditori-confindustria\/wp-json\/wp\/v2\/lingue?post=46"},{"taxonomy":"lunghezza_corsi","embeddable":true,"href":"https:\/\/businessschool.luiss.it\/scuola-imprenditori-confindustria\/wp-json\/wp\/v2\/lunghezza_corsi?post=46"}],"curies":[{"name":"wp","href":"https:\/\/api.w.org\/{rel}","templated":true}]}}