{"id":32,"date":"2021-09-02T12:42:12","date_gmt":"2021-09-02T10:42:12","guid":{"rendered":"https:\/\/businessschool.luiss.it\/shipping-logistics-management\/?page_id=32"},"modified":"2023-10-16T16:02:37","modified_gmt":"2023-10-16T14:02:37","slug":"partner","status":"publish","type":"page","link":"https:\/\/businessschool.luiss.it\/shipping-logistics-management\/partner\/","title":{"rendered":"Partner"},"content":{"rendered":"\n<figure class=\"wp-block-image size-large is-resized\"><img loading=\"lazy\" decoding=\"async\" src=\"https:\/\/businessschool.luiss.it\/shipping-logistics-management\/wp-content\/uploads\/sites\/190\/2022\/10\/LOGO-CONFITARMA-ORIGINAL-1024x489.jpg\" alt=\"\" class=\"wp-image-178\" width=\"300\" height=\"142\" srcset=\"https:\/\/businessschool.luiss.it\/shipping-logistics-management\/wp-content\/uploads\/sites\/190\/2022\/10\/LOGO-CONFITARMA-ORIGINAL-1024x489.jpg 1024w, https:\/\/businessschool.luiss.it\/shipping-logistics-management\/wp-content\/uploads\/sites\/190\/2022\/10\/LOGO-CONFITARMA-ORIGINAL-300x143.jpg 300w, https:\/\/businessschool.luiss.it\/shipping-logistics-management\/wp-content\/uploads\/sites\/190\/2022\/10\/LOGO-CONFITARMA-ORIGINAL-768x367.jpg 768w, https:\/\/businessschool.luiss.it\/shipping-logistics-management\/wp-content\/uploads\/sites\/190\/2022\/10\/LOGO-CONFITARMA-ORIGINAL.jpg 1214w\" sizes=\"auto, (max-width: 300px) 100vw, 300px\" \/><\/figure>\n\n\n\n<p><strong>Confitarma (Confederazione Italiana Armatori)<\/strong> \u00e8 la principale espressione associativa dell&#8217;industria italiana della navigazione. Raggruppa imprese di navigazione e gruppi armatoriali italiani che operano in tutti i settori del trasporto merci e passeggeri, nelle crociere e nei servizi ausiliari dei traffici.<\/p>\n\n\n\n<p>Promuove lo sviluppo della marina mercantile italiana, nel quadro di una politica che valorizzi il trasporto marittimo.<\/p>\n\n\n\n<p>Tutela le imprese armatoriali nazionali nei rapporti con le istituzioni e le amministrazioni, nonch\u00e9 con le organizzazioni economiche, politiche, sociali e sindacali a livello nazionale, comunitario e internazionale.<\/p>\n\n\n\n<p>Stipula accordi in ambito sindacale ed economico, nonch\u00e9 contratti collettivi di lavoro.<\/p>\n\n\n\n<p>Assiste gli associati su questioni normative, economiche, fiscali e sociali in particolare in materia di sviluppo, ambiente e energia, infrastrutture e logistica, turismo, cultura d\u2019impresa, mercato del lavoro e formazione.<\/p>\n\n\n\n<figure class=\"wp-block-image is-resized\"><img loading=\"lazy\" decoding=\"async\" src=\"https:\/\/businessschool.luiss.it\/shipping-logistics-management\/wp-content\/uploads\/sites\/190\/2021\/09\/NUOVO-LOGO-ALIS-VETTORIALE-e1630586787546.jpg\" alt=\"\" class=\"wp-image-62\" width=\"270\" height=\"173\"\/><\/figure>\n\n\n\n<p><strong>ALIS<\/strong> &#8211; Associazione Logistica dell\u2019Intermodalit\u00e0 Sostenibile \u00e8 un punto riferimento nel comparto del trasporto e della logistica. L\u2019organizzazione \u00e8 fortemente rappresentativa e conta pi\u00f9 di 1.600 aziende associate, per un totale di oltre 196.000 unit\u00e0 di forza lavoro, un parco veicolare di oltre 134.000 mezzi,<\/p>\n\n\n\n<p>pi\u00f9 di 140.500 collegamenti marittimi annuali, pi\u00f9 di 130 linee di Autostrade del Mare, 200.000 collegamenti ferroviari annuali, oltre 160 linee ferroviarie e 32 mld \u20ac di fatturato aggregato. ALIS si prefigge il raggiungimento dei seguenti macro obiettivi: sviluppo della sostenibilit\u00e0 e riduzione di emissioni inquinanti; internazionalizzazione del settore; sviluppo del Mezzogiorno e riduzione del gap infrastrutturale; continuit\u00e0 territoriale con le grandi isole; sburocratizzazione, semplificazione e digitalizzazione; formazione e crescita occupazionale.<\/p>\n\n\n\n<p>L\u2019associazione, mediante un costante dialogo con istituzioni e decisori pubblici, punta alla diminuzione dei carichi fiscali che gravano su aziende e lavoratori, a misure incentivanti strutturali in favore dell\u2019intermodalit\u00e0, alla costruzione di infrastrutture efficienti e l&#8217;utilizzo di mezzi green, moderni e tecnologicamente avanzati.<\/p>\n\n\n\n<h4 class=\"wp-block-heading\"><strong>Manfredi Lefebvre d\u2019Ovidio De Cluni\u00e8res di Balsorano<\/strong><\/h4>\n\n\n\n<p>Nato a Roma nel 1953, Manfredi Lefebvre \u00e8 figlio di Antonio Lefebvre d\u2019Ovidio de Cluni\u00e8res di Balsorano, illustre giurista ed avvocato, professore universitario di diritto della navigazione e imprenditore italiano.<\/p>\n\n\n\n<p>Ha lavorato nell\u2019azienda di famiglia sin dalla giovane et\u00e0 mentre ha anche avviato le proprie iniziative imprenditoriali. Nel 1987 la famiglia ha acquistato Sitmar Cruises poi fusa con PO Princess. All\u2019inizio degli anni \u201990 Silversea Cruises \u00e8 stata fondata dalla famiglia Lefebvre come compagnia di crociere pionieristica che offre uno stile personale di viaggio ultra-lusso, senza rivali al mondo.<\/p>\n\n\n\n<p>Manfredi Lefebvre ha ricoperto la carico di Presidente Esecutivo del Gruppo Silversea Cruises dal 2001 al 2020.<\/p>\n\n\n\n<p>Nel giugno 2018, due terzi di Silversea, oggi una delle societ\u00e0 leader nel modo delle crociere extra lusso, sono stati ceduti a Royal Caribbean Cruises Limited per un importo superiore a 1 miliardo di dollari di equity value. La restante terza quota \u00e8 stata trasferita a Royal Caribbean Cruises Limited nel luglio 2020 in considerazione di una quota che rappresenta il 2,5% di Royal Caribbean Cruises Limited.<\/p>\n\n\n\n<p>Attualmente, Manfredi Lefebvre \u00e8 Presidente di Heritage Group, un gruppo diversificato che investe nel turismo di alta gamma e nei settori finanziario e immobiliare.<\/p>\n\n\n\n<p>A&amp;K Travel Group Ltd, holding del comparto turistico, \u00e8 attiva nel settore dei viaggi e nel febbraio 2019 ha acquistato la societ\u00e0 di viaggi di lusso Abercrombie &amp; Kent di cui oggi possiede il 100%. Nel giugno 2022 A&amp;K Travel Group Ltd ha acquistato il brand di Crystal e due navi della stessa Crystal : la Crystal Symphony e la Crystal Serenity. Le due navi hanno terminato nel luglio 2023 il refitting e sono operative dall\u2019inizio dell\u2019estate.<\/p>\n\n\n\n<p>Ulteriori incarichi :<\/p>\n\n\n\n<ul class=\"wp-block-list\">\n<li>Presidente Esecutivo del Consiglio di Abercrombie &amp; Kent Travel Group<\/li>\n\n\n\n<li>Vice Presidente e Membro del Comitato Esecutivo del World Travel and Tourism Council, un forum che riunisce i maggiori operatori del settore turistico<\/li>\n\n\n\n<li>Vice Presidente della Chambre Mon\u00e9gasque de Shipping<\/li>\n\n\n\n<li>Membro del Consiglio di Amministrazione del Centro di Analisi e Consulenza Strategica su mare \u201c Giuseppe Bono\u201d<\/li>\n<\/ul>\n\n\n\n<p>E\u2019 stato insignito del titolo di Chevalier de l\u2019Ordre de Saint Charles &amp; Grimaldi da S.A.S. il Principe Alberto II di Monaco nel 2007 ed \u00e8 stato nominato Console Onorario della Repubblica dell\u2019Ecuador a Monaco nell\u2019aprile 2019.<\/p>\n","protected":false},"excerpt":{"rendered":"<p>Confitarma (Confederazione Italiana Armatori) \u00e8 la principale espressione associativa dell&#8217;industria italiana della navigazione. Raggruppa imprese di navigazione e gruppi armatoriali [&hellip;]<\/p>\n","protected":false},"author":13,"featured_media":0,"parent":0,"menu_order":0,"comment_status":"closed","ping_status":"closed","template":"","meta":{"_acf_changed":false,"footnotes":""},"categories":[],"tags":[],"docenti_teaching_area":[],"docenti_research_area":[],"tematiche":[],"lingue":[],"lunghezza_corsi":[],"class_list":["post-32","page","type-page","status-publish","hentry"],"acf":[],"aioseo_notices":[],"_links":{"self":[{"href":"https:\/\/businessschool.luiss.it\/shipping-logistics-management\/wp-json\/wp\/v2\/pages\/32","targetHints":{"allow":["GET"]}}],"collection":[{"href":"https:\/\/businessschool.luiss.it\/shipping-logistics-management\/wp-json\/wp\/v2\/pages"}],"about":[{"href":"https:\/\/businessschool.luiss.it\/shipping-logistics-management\/wp-json\/wp\/v2\/types\/page"}],"author":[{"embeddable":true,"href":"https:\/\/businessschool.luiss.it\/shipping-logistics-management\/wp-json\/wp\/v2\/users\/13"}],"replies":[{"embeddable":true,"href":"https:\/\/businessschool.luiss.it\/shipping-logistics-management\/wp-json\/wp\/v2\/comments?post=32"}],"version-history":[{"count":6,"href":"https:\/\/businessschool.luiss.it\/shipping-logistics-management\/wp-json\/wp\/v2\/pages\/32\/revisions"}],"predecessor-version":[{"id":196,"href":"https:\/\/businessschool.luiss.it\/shipping-logistics-management\/wp-json\/wp\/v2\/pages\/32\/revisions\/196"}],"wp:attachment":[{"href":"https:\/\/businessschool.luiss.it\/shipping-logistics-management\/wp-json\/wp\/v2\/media?parent=32"}],"wp:term":[{"taxonomy":"category","embeddable":true,"href":"https:\/\/businessschool.luiss.it\/shipping-logistics-management\/wp-json\/wp\/v2\/categories?post=32"},{"taxonomy":"post_tag","embeddable":true,"href":"https:\/\/businessschool.luiss.it\/shipping-logistics-management\/wp-json\/wp\/v2\/tags?post=32"},{"taxonomy":"docenti_teaching_area","embeddable":true,"href":"https:\/\/businessschool.luiss.it\/shipping-logistics-management\/wp-json\/wp\/v2\/docenti_teaching_area?post=32"},{"taxonomy":"docenti_research_area","embeddable":true,"href":"https:\/\/businessschool.luiss.it\/shipping-logistics-management\/wp-json\/wp\/v2\/docenti_research_area?post=32"},{"taxonomy":"tematiche","embeddable":true,"href":"https:\/\/businessschool.luiss.it\/shipping-logistics-management\/wp-json\/wp\/v2\/tematiche?post=32"},{"taxonomy":"lingue","embeddable":true,"href":"https:\/\/businessschool.luiss.it\/shipping-logistics-management\/wp-json\/wp\/v2\/lingue?post=32"},{"taxonomy":"lunghezza_corsi","embeddable":true,"href":"https:\/\/businessschool.luiss.it\/shipping-logistics-management\/wp-json\/wp\/v2\/lunghezza_corsi?post=32"}],"curies":[{"name":"wp","href":"https:\/\/api.w.org\/{rel}","templated":true}]}}