{"id":2,"date":"2017-06-09T16:54:11","date_gmt":"2017-06-09T16:54:11","guid":{"rendered":"https:\/\/businessschool.luiss.it\/sviluppo-manageriale\/?page_id=2"},"modified":"2025-06-24T08:22:08","modified_gmt":"2025-06-24T08:22:08","slug":"home","status":"publish","type":"page","link":"https:\/\/businessschool.luiss.it\/sviluppo-manageriale\/","title":{"rendered":"Overview"},"content":{"rendered":"\n<figure class=\"wp-block-embed is-type-video is-provider-youtube wp-block-embed-youtube wp-embed-aspect-16-9 wp-has-aspect-ratio\"><div class=\"wp-block-embed__wrapper\">\n<iframe loading=\"lazy\" title=\"Executive Programme in Sviluppo Manageriale\" width=\"500\" height=\"281\" src=\"https:\/\/www.youtube.com\/embed\/pLnVjx52xDM?feature=oembed\" frameborder=\"0\" allow=\"accelerometer; autoplay; clipboard-write; encrypted-media; gyroscope; picture-in-picture; web-share\" referrerpolicy=\"strict-origin-when-cross-origin\" allowfullscreen><\/iframe>\n<\/div><\/figure>\n\n\n\n<p><\/p>\n\n\n<p>Sviluppo Manageriale \u00e8 un programma intensivo di General Management pensato per coloro che vogliono sviluppare la propria professionalit\u00e0 e fare un salto di qualit\u00e0 nella gestione della propria Impresa, Team, Divisione d\u2019Azienda, Area progettuale.<\/p>\n<p>\u00c8 un percorso volto a formare leader innovativi, che abbiano un impatto duraturo all\u2019interno delle organizzazioni in cui operano. Attraverso un\u2019esperienza di apprendimento agile e immersiva, il Corso fornisce le competenze e gli strumenti di management strategico necessari per affrontare la crescente complessit\u00e0 del mondo imprenditoriale in continua evoluzione.<\/p>\n<p>Il Programma consente ai partecipanti di mettere alla prova le proprie competenze e di rafforzare il proprio stile di leadership, esponendoli a diverse esperienze, prospettive e intuizioni per esplorare nuovi modi di pensare, acquisire un mindset innovativo e proporre soluzioni non convenzionali e creative.<\/p>\n<h3>Obiettivi<\/h3>\n<p>Al termine del Corso i partecipanti acquisiranno gli strumenti necessari per:<\/p>\n<ul>\n<li>sviluppare un\u2019ampia comprensione e una visione globale dell\u2019organizzazione, imparando a prevedere le sfide dettate dal contesto competitivo in cui si opera<\/li>\n<li>identificare le opportunit\u00e0 di crescita, progettare e implementare una struttura organizzativa efficace per guidare il cambiamento e l\u2019innovazione<\/li>\n<li>acquisire le competenze strategiche necessarie per essere leader determinati, capaci di fornire feedback efficaci e di costruire team collaborativi<\/li>\n<li>ottenere una visione a 360\u00b0 su tutte le funzioni aziendali dalla pianificazione strategica a quella finanziaria, amministrativa e commerciale<\/li>\n<li>acquisire conoscenze e competenze specifiche di pianificazione, gestione e organizzazione delle risorse aziendali<\/li>\n<li>ampliamento della rete professionale e supporto alla carriera: continui stimoli e riflessioni per l\u2019accrescimento delle potenzialit\u00e0 manageriali del singolo e l\u2019inserimento nel network dei partecipanti, docenti e alunni<\/li>\n<li>trarre spunti da best practice internazionali attraverso la condivisione con imprese e professionisti che testimoniano i loro casi aziendali.<\/li>\n<\/ul>\n<h3>A chi \u00e8 rivolto<\/h3>\n<p>Il Programma \u00e8 diretto ad imprenditori, manager e professionisti che vogliano valorizzare il proprio ruolo e la propria esperienza e che desiderino ampliare le proprie competenze per una gestione innovativa e inter-funzionale dell\u2019azienda.<\/p>\n<p>Il Corso si rivolge a partecipanti, in possesso di un titolo di studio tecnico o umanistico, o in generale non manageriale, che desiderano crescere all\u2019interno della propria azienda o ripensare la propria carriera per assumere un ruolo di migliore e crescente visibilit\u00e0:<\/p>\n<ul>\n<li>Professionisti con expertise tecniche che sono in procinto di raggiungere un ruolo manageriale<\/li>\n<li>Responsabili di processi o progetti aziendali in procinto di fare un salto di carriera<\/li>\n<li>Quadri e manageri di grandi o medie aziende italiane e straniere<\/li>\n<li>Responsabili di business unit, di funzione, di divisione di prodotto o paese<\/li>\n<li>Imprenditori and CEO di imprese di medie dimensioni che vogliono consolidare le proprie conoscenze e pratiche manageriali.<\/li>\n<\/ul>\n<h3>Attestato di partecipazione<\/h3>\n<p>Al termine del corso verr\u00e0 rilasciato un attestato di partecipazione a coloro che avranno frequentato almeno l\u201980% delle attivit\u00e0 di formazione previste dal programma.<\/p>","protected":false},"excerpt":{"rendered":"<p>Sviluppo Manageriale \u00e8 un programma intensivo di General Management pensato per coloro che vogliono sviluppare la propria professionalit\u00e0 e fare [&hellip;]<\/p>\n","protected":false},"author":1,"featured_media":0,"parent":0,"menu_order":0,"comment_status":"closed","ping_status":"closed","template":"page-default.php","meta":{"_acf_changed":false,"footnotes":""},"categories":[],"tags":[],"docenti_teaching_area":[],"docenti_research_area":[],"tematiche":[],"lingue":[],"lunghezza_corsi":[],"class_list":["post-2","page","type-page","status-publish","hentry"],"acf":[],"aioseo_notices":[],"_links":{"self":[{"href":"https:\/\/businessschool.luiss.it\/sviluppo-manageriale\/wp-json\/wp\/v2\/pages\/2","targetHints":{"allow":["GET"]}}],"collection":[{"href":"https:\/\/businessschool.luiss.it\/sviluppo-manageriale\/wp-json\/wp\/v2\/pages"}],"about":[{"href":"https:\/\/businessschool.luiss.it\/sviluppo-manageriale\/wp-json\/wp\/v2\/types\/page"}],"author":[{"embeddable":true,"href":"https:\/\/businessschool.luiss.it\/sviluppo-manageriale\/wp-json\/wp\/v2\/users\/1"}],"replies":[{"embeddable":true,"href":"https:\/\/businessschool.luiss.it\/sviluppo-manageriale\/wp-json\/wp\/v2\/comments?post=2"}],"version-history":[{"count":5,"href":"https:\/\/businessschool.luiss.it\/sviluppo-manageriale\/wp-json\/wp\/v2\/pages\/2\/revisions"}],"predecessor-version":[{"id":658,"href":"https:\/\/businessschool.luiss.it\/sviluppo-manageriale\/wp-json\/wp\/v2\/pages\/2\/revisions\/658"}],"wp:attachment":[{"href":"https:\/\/businessschool.luiss.it\/sviluppo-manageriale\/wp-json\/wp\/v2\/media?parent=2"}],"wp:term":[{"taxonomy":"category","embeddable":true,"href":"https:\/\/businessschool.luiss.it\/sviluppo-manageriale\/wp-json\/wp\/v2\/categories?post=2"},{"taxonomy":"post_tag","embeddable":true,"href":"https:\/\/businessschool.luiss.it\/sviluppo-manageriale\/wp-json\/wp\/v2\/tags?post=2"},{"taxonomy":"docenti_teaching_area","embeddable":true,"href":"https:\/\/businessschool.luiss.it\/sviluppo-manageriale\/wp-json\/wp\/v2\/docenti_teaching_area?post=2"},{"taxonomy":"docenti_research_area","embeddable":true,"href":"https:\/\/businessschool.luiss.it\/sviluppo-manageriale\/wp-json\/wp\/v2\/docenti_research_area?post=2"},{"taxonomy":"tematiche","embeddable":true,"href":"https:\/\/businessschool.luiss.it\/sviluppo-manageriale\/wp-json\/wp\/v2\/tematiche?post=2"},{"taxonomy":"lingue","embeddable":true,"href":"https:\/\/businessschool.luiss.it\/sviluppo-manageriale\/wp-json\/wp\/v2\/lingue?post=2"},{"taxonomy":"lunghezza_corsi","embeddable":true,"href":"https:\/\/businessschool.luiss.it\/sviluppo-manageriale\/wp-json\/wp\/v2\/lunghezza_corsi?post=2"}],"curies":[{"name":"wp","href":"https:\/\/api.w.org\/{rel}","templated":true}]}}