{"id":2,"date":"2019-11-07T17:57:26","date_gmt":"2019-11-07T16:57:26","guid":{"rendered":"https:\/\/businessschool.luiss.it\/tourism-management-belluno\/?page_id=2"},"modified":"2026-04-17T10:47:45","modified_gmt":"2026-04-17T08:47:45","slug":"pagina-di-esempio","status":"publish","type":"page","link":"https:\/\/businessschool.luiss.it\/tourism-management-belluno\/","title":{"rendered":"Overview"},"content":{"rendered":"\n<h3 class=\"wp-block-heading\">Obiettivi del Major in Strategia e Management del turismo&nbsp;<\/h3>\n\n\n\n<p>Almeno per le prossime due decadi si prevede che il mercato del turismo continuer\u00e0 ad accrescere la sua rilevanza socio-economica. Questa significativa crescita, insieme alla disponibilit\u00e0 di nuove tecnologie, determiner\u00e0 profondi cambiamenti nell\u2019industria del turismo e intensificher\u00e0 la competizione tra societ\u00e0 che adotteranno modelli di business differenti. Inoltre, la cooperazione tra istituzioni pubbliche e private, come anche tra societ\u00e0 che operano in diverse aree del turismo, potrebbe aumentare in maniera significativa. Di conseguenza, la qualit\u00e0 delle risorse umane sta diventando sempre pi\u00f9 cruciale per il successo delle aziende. Oggi le aziende ricercano figure che abbiano un mix di competenze manageriali e tecniche, un\u2019attitudine imprenditoriale e soft skill, per poter comprendere quali sono le nuove forze trainanti del turismo e sfruttare le nuove opportunit\u00e0 tecnologiche.<\/p>\n\n\n\n<p>Il Major in Strategia e Management del turismo offre ai partecipanti una formazione fatta di lezioni frontali, case analysis, seminari tenuti da manager e imprenditori di spicco del settore, e progetti di gruppo.<\/p>\n\n\n\n<p>Al termine del Programma, gli studenti avranno acquisito le conoscenze fondamentali del general management (accounting, finanza, strategia, organizzazione e service marketing), oltre che gli strumenti e le esperienze pratiche in tutti gli ambiti connessi al settore.<\/p>\n\n\n\n<h3 class=\"wp-block-heading\">CFU<\/h3>\n\n\n\n<p>Il Master in International Management&nbsp;&nbsp;\u2013 Major in Strategia e Management del turismo&nbsp;\u00e8 un Master Universitario di I livello che conferisce 60 Crediti Formativi Universitari (CFU).<\/p>\n\n\n\n<h3 class=\"wp-block-heading\">A chi \u00e8 rivolto il Major in Strategia e Management del turismo<\/h3>\n\n\n\n<p>Il Major in Strategia e Management del turismo&nbsp;\u00e8 indirizzato a laureandi e neolaureati di I e II livello, o con ordinamento a ciclo unico.<\/p>\n\n\n\n<h3 class=\"wp-block-heading\">Prospettive di carriera<\/h3>\n\n\n\n<p>Il Major in Strategia e Management del turismo forma manager del turismo e dell\u2019hospitality, dando spazio all\u2019acquisizione di competenze economiche, gestionali e organizzative.<\/p>\n\n\n\n<p>In particolare, i possibili sbocchi professionali per i partecipanti al Major Strategia e Management del turismo sono:<\/p>\n\n\n\n<ul class=\"wp-block-list\">\n<li>Destination Manager<\/li>\n\n\n\n<li>Hotel Manager<\/li>\n\n\n\n<li>Tour Operator Manager<\/li>\n\n\n\n<li>Imprenditore turistico<\/li>\n\n\n\n<li>Tourist Experience Manager<\/li>\n\n\n\n<li>Tourist Web Marketing Manager<\/li>\n\n\n\n<li>Tourist Services Manager<\/li>\n<\/ul>\n\n\n\n<h3 class=\"wp-block-heading\">Direzione e Coordinamento<\/h3>\n\n\n\n<h4 class=\"wp-block-heading\">Direttore del Master<\/h4>\n\n\n\n<p><strong>Matteo Giuliano Caroli<\/strong>, Professore Ordinario di International Business, Universit\u00e0 Luiss Guido Carli<\/p>\n","protected":false},"excerpt":{"rendered":"<p>Obiettivi del Major in Strategia e Management del turismo&nbsp; Almeno per le prossime due decadi si prevede che il mercato [&hellip;]<\/p>\n","protected":false},"author":1,"featured_media":0,"parent":0,"menu_order":0,"comment_status":"closed","ping_status":"open","template":"","meta":{"_acf_changed":false,"footnotes":""},"categories":[],"tags":[],"docenti_teaching_area":[],"docenti_research_area":[],"tematiche":[],"lingue":[],"lunghezza_corsi":[],"class_list":["post-2","page","type-page","status-publish","hentry"],"acf":[],"aioseo_notices":[],"_links":{"self":[{"href":"https:\/\/businessschool.luiss.it\/tourism-management-belluno\/wp-json\/wp\/v2\/pages\/2","targetHints":{"allow":["GET"]}}],"collection":[{"href":"https:\/\/businessschool.luiss.it\/tourism-management-belluno\/wp-json\/wp\/v2\/pages"}],"about":[{"href":"https:\/\/businessschool.luiss.it\/tourism-management-belluno\/wp-json\/wp\/v2\/types\/page"}],"author":[{"embeddable":true,"href":"https:\/\/businessschool.luiss.it\/tourism-management-belluno\/wp-json\/wp\/v2\/users\/1"}],"replies":[{"embeddable":true,"href":"https:\/\/businessschool.luiss.it\/tourism-management-belluno\/wp-json\/wp\/v2\/comments?post=2"}],"version-history":[{"count":6,"href":"https:\/\/businessschool.luiss.it\/tourism-management-belluno\/wp-json\/wp\/v2\/pages\/2\/revisions"}],"predecessor-version":[{"id":357,"href":"https:\/\/businessschool.luiss.it\/tourism-management-belluno\/wp-json\/wp\/v2\/pages\/2\/revisions\/357"}],"wp:attachment":[{"href":"https:\/\/businessschool.luiss.it\/tourism-management-belluno\/wp-json\/wp\/v2\/media?parent=2"}],"wp:term":[{"taxonomy":"category","embeddable":true,"href":"https:\/\/businessschool.luiss.it\/tourism-management-belluno\/wp-json\/wp\/v2\/categories?post=2"},{"taxonomy":"post_tag","embeddable":true,"href":"https:\/\/businessschool.luiss.it\/tourism-management-belluno\/wp-json\/wp\/v2\/tags?post=2"},{"taxonomy":"docenti_teaching_area","embeddable":true,"href":"https:\/\/businessschool.luiss.it\/tourism-management-belluno\/wp-json\/wp\/v2\/docenti_teaching_area?post=2"},{"taxonomy":"docenti_research_area","embeddable":true,"href":"https:\/\/businessschool.luiss.it\/tourism-management-belluno\/wp-json\/wp\/v2\/docenti_research_area?post=2"},{"taxonomy":"tematiche","embeddable":true,"href":"https:\/\/businessschool.luiss.it\/tourism-management-belluno\/wp-json\/wp\/v2\/tematiche?post=2"},{"taxonomy":"lingue","embeddable":true,"href":"https:\/\/businessschool.luiss.it\/tourism-management-belluno\/wp-json\/wp\/v2\/lingue?post=2"},{"taxonomy":"lunghezza_corsi","embeddable":true,"href":"https:\/\/businessschool.luiss.it\/tourism-management-belluno\/wp-json\/wp\/v2\/lunghezza_corsi?post=2"}],"curies":[{"name":"wp","href":"https:\/\/api.w.org\/{rel}","templated":true}]}}