{"id":78,"date":"2019-11-07T18:40:12","date_gmt":"2019-11-07T17:40:12","guid":{"rendered":"https:\/\/businessschool.luiss.it\/tourism-management-belluno\/?page_id=78"},"modified":"2025-11-19T16:00:45","modified_gmt":"2025-11-19T15:00:45","slug":"curriculu","status":"publish","type":"page","link":"https:\/\/businessschool.luiss.it\/tourism-management-belluno\/curriculu\/","title":{"rendered":"Curriculum"},"content":{"rendered":"\n<p>Il curriculum del Major in Tourism Management \u00e8 disegnato con l\u2019obiettivo di assicurare e supportare in maniera progressiva la crescita professionale e personale degli allievi. L\u2019esperienza formativa \u00e8 composta da lezioni, casi studio, sessioni di lavoro di gruppo. Prevede inoltre il coinvolgimento di una faculty di alto livello, composta da accademici e professionisti.<\/p>\n\n\n\n<p>Per tutta la durata del Master, i partecipanti riceveranno dal Career Service un supporto costante che li aiuter\u00e0 ad acquisire e sviluppare competenze utili a incrementare la propria spendibilit\u00e0 nel mercato del lavoro. Il Career Service offrir\u00e0 anche supporto diretto nella ricerca di un tirocinio curriculare.<\/p>\n\n\n\n<h3 class=\"wp-block-heading\">Induction week<\/h3>\n\n\n\n<p>L\u2019induction week \u00e8 la settimana introduttiva durante la quale gli studenti potranno ambientarsi e prendere confidenza con la vita del campus. Verranno organizzati laboratori di ice-breaking, seminari, workshop e presentazioni. Gli studenti avranno l\u2019occasione di conoscere i propri compagni di corso, i servizi e le attivit\u00e0 curriculari ed extra-curriculari previste dal Programma.<\/p>\n\n\n\n<h3 class=\"wp-block-heading\">General management<\/h3>\n\n\n\n<p>I corsi di general management mirano a fornire a tutti gli studenti le basi di Business e Management necessarie per comprendere i concetti che verranno introdotti durante i corsi core e di specializzazione di ciascun master.<\/p>\n\n\n\n<ul class=\"wp-block-list\">\n<li>Accounting<\/li>\n\n\n\n<li>Financial management<\/li>\n\n\n\n<li>International Economics<\/li>\n\n\n\n<li>Strategic Management<\/li>\n\n\n\n<li>Organization &amp; People Management<\/li>\n\n\n\n<li>Corporate Sustainability<\/li>\n\n\n\n<li>Marketing<\/li>\n\n\n\n<li>Planning and control for Internationalization<\/li>\n<\/ul>\n\n\n\n<h3 class=\"wp-block-heading\">Corsi core<\/h3>\n\n\n\n<p>I corsi core hanno lo scopo di introdurre agli studenti i concetti chiave legati alla industry del Master. Tali corsi forniscono i principi e le competenze necessari per acquisire una conoscenza pi\u00f9 completa del settore.<\/p>\n\n\n\n<ul class=\"wp-block-list\">\n<li>Legislazione Turistica<\/li>\n\n\n\n<li>Economia del Turismo<\/li>\n\n\n\n<li>Management delle Destinazioni Turistiche<\/li>\n\n\n\n<li>Data Management nel Turismo<\/li>\n\n\n\n<li>Management degli Eventi Turistici<\/li>\n\n\n\n<li>Hospitality Management<\/li>\n\n\n\n<li>Revenue e Yield Management<\/li>\n<\/ul>\n\n\n\n<h3 class=\"wp-block-heading\">Corsi di specializzazione<\/h3>\n\n\n\n<p>I corsi di specializzazione offrono una prospettiva approfondita degli aspetti specifici legati alla industry del Master e forniscono un approccio prettamente pratico.<\/p>\n\n\n\n<ul class=\"wp-block-list\">\n<li>Hotel Strategic Management<\/li>\n\n\n\n<li>E-Business in Tourism<\/li>\n\n\n\n<li>Channel &amp; Distribution management<\/li>\n\n\n\n<li>Turismo Sostenibile<\/li>\n\n\n\n<li>Sport Tourism<\/li>\n\n\n\n<li>Management degli eventi<\/li>\n<\/ul>\n\n\n\n<h3 class=\"wp-block-heading\">Experience&nbsp;<\/h3>\n\n\n\n<p>Le Experience sono attivit\u00e0 \u201cesperienziali\u201d, strutturate in una sola giornata o pi\u00f9 giornate, che consentono agli studenti di migliorare il pensiero analitico abbinato ad una reale attitudine pratica<\/p>\n\n\n\n<ul class=\"wp-block-list\">\n<li>Hotel Strategic Management<\/li>\n\n\n\n<li>E-Business in Tourism<\/li>\n\n\n\n<li>Channel &amp; Distribution management<\/li>\n\n\n\n<li>Turismo Sostenibile<\/li>\n\n\n\n<li>Sport Tourism<\/li>\n<\/ul>\n\n\n\n<h3 class=\"wp-block-heading\">Challenge<\/h3>\n\n\n\n<p>Durante le lezioni in aula, gli studenti saranno coinvolti in una challenge commissionata dalle aziende partner del master, finalizzata a trovare soluzioni innovative a reali esigenze di business. Tale attivit\u00e0 prevedr\u00e0 la supervisione di un tutor aziendale e consentir\u00e0 agli allievi di sviluppare competenze trasversali, mettendo in pratica gli insegnamenti appresi.<\/p>\n\n\n\n<h3 class=\"wp-block-heading\">Learning lab<\/h3>\n\n\n\n<p>I laboratori favoriscono la crescita personale dei partecipanti, guidandoli nello sviluppo di abilit\u00e0 trasversali e soft skills. Gli allievi prenderanno parte a sessioni pratiche, durante le quali potranno coltivare la flessibilit\u00e0 intellettuale, accrescere la capacit\u00e0 di problem solving e imparare ad adattarsi a situazioni diverse, perfezionando la propria sensibilit\u00e0 interculturale.<\/p>\n\n\n\n<h3 class=\"wp-block-heading\">Tirocinio<\/h3>\n\n\n\n<p>Il tirocinio curriculare \u00e8 generalmente svolto al termine del Master e rappresenta per gli studenti l\u2019opportunit\u00e0 di combinare teoria e pratica, entrando in contatto diretto con figure professionali di settore. Il Career Service fornisce supporto nella ricerca delle opportunit\u00e0 di tirocinio, contribuendo cos\u00ec a espandere le prospettive di carriera&nbsp;degli allievi, offrendo loro la possibilit\u00e0 di acquisire l\u2019esperienza lavorativa necessaria per incrementare e migliorare le proprie abilit\u00e0, ed estendere il proprio business network.<\/p>\n\n\n\n<h3 class=\"wp-block-heading\">Calendario Accademico<\/h3>\n\n\n\n<p>Il Major in Tourism Management ha una durata di 12 mesi ed \u00e8 suddiviso in 4 term.<\/p>\n\n\n\n<p><strong>Term 1:<\/strong> ottobre-dicembre 2026<br><strong>Term 2<\/strong>: gennaio-marzo 2027<br><strong>Term 3<\/strong>: aprile-maggio 2027<br><strong>Term 4<\/strong>: maggio-giugno 2027 fino alla conclusione del tirocinio<\/p>\n\n\n\n<p>Il calendario accademico potrebbe subire variazioni durante l\u2019anno. Per ricevere maggiori informazioni \u00e8 possibile inviare un\u2019e-mail all\u2019indirizzo <a href=\"mailto:master@luissbusinessschool.it\">master@luissbusinessschool.it<\/a>.<\/p>\n","protected":false},"excerpt":{"rendered":"<p>Il curriculum del Major in Tourism Management \u00e8 disegnato con l\u2019obiettivo di assicurare e supportare in maniera progressiva la crescita [&hellip;]<\/p>\n","protected":false},"author":5,"featured_media":0,"parent":0,"menu_order":0,"comment_status":"closed","ping_status":"closed","template":"","meta":{"_acf_changed":false,"footnotes":""},"categories":[],"tags":[],"docenti_teaching_area":[],"docenti_research_area":[],"tematiche":[],"lingue":[],"lunghezza_corsi":[],"class_list":["post-78","page","type-page","status-publish","hentry"],"acf":[],"aioseo_notices":[],"_links":{"self":[{"href":"https:\/\/businessschool.luiss.it\/tourism-management-belluno\/wp-json\/wp\/v2\/pages\/78","targetHints":{"allow":["GET"]}}],"collection":[{"href":"https:\/\/businessschool.luiss.it\/tourism-management-belluno\/wp-json\/wp\/v2\/pages"}],"about":[{"href":"https:\/\/businessschool.luiss.it\/tourism-management-belluno\/wp-json\/wp\/v2\/types\/page"}],"author":[{"embeddable":true,"href":"https:\/\/businessschool.luiss.it\/tourism-management-belluno\/wp-json\/wp\/v2\/users\/5"}],"replies":[{"embeddable":true,"href":"https:\/\/businessschool.luiss.it\/tourism-management-belluno\/wp-json\/wp\/v2\/comments?post=78"}],"version-history":[{"count":6,"href":"https:\/\/businessschool.luiss.it\/tourism-management-belluno\/wp-json\/wp\/v2\/pages\/78\/revisions"}],"predecessor-version":[{"id":387,"href":"https:\/\/businessschool.luiss.it\/tourism-management-belluno\/wp-json\/wp\/v2\/pages\/78\/revisions\/387"}],"wp:attachment":[{"href":"https:\/\/businessschool.luiss.it\/tourism-management-belluno\/wp-json\/wp\/v2\/media?parent=78"}],"wp:term":[{"taxonomy":"category","embeddable":true,"href":"https:\/\/businessschool.luiss.it\/tourism-management-belluno\/wp-json\/wp\/v2\/categories?post=78"},{"taxonomy":"post_tag","embeddable":true,"href":"https:\/\/businessschool.luiss.it\/tourism-management-belluno\/wp-json\/wp\/v2\/tags?post=78"},{"taxonomy":"docenti_teaching_area","embeddable":true,"href":"https:\/\/businessschool.luiss.it\/tourism-management-belluno\/wp-json\/wp\/v2\/docenti_teaching_area?post=78"},{"taxonomy":"docenti_research_area","embeddable":true,"href":"https:\/\/businessschool.luiss.it\/tourism-management-belluno\/wp-json\/wp\/v2\/docenti_research_area?post=78"},{"taxonomy":"tematiche","embeddable":true,"href":"https:\/\/businessschool.luiss.it\/tourism-management-belluno\/wp-json\/wp\/v2\/tematiche?post=78"},{"taxonomy":"lingue","embeddable":true,"href":"https:\/\/businessschool.luiss.it\/tourism-management-belluno\/wp-json\/wp\/v2\/lingue?post=78"},{"taxonomy":"lunghezza_corsi","embeddable":true,"href":"https:\/\/businessschool.luiss.it\/tourism-management-belluno\/wp-json\/wp\/v2\/lunghezza_corsi?post=78"}],"curies":[{"name":"wp","href":"https:\/\/api.w.org\/{rel}","templated":true}]}}