{"id":12,"date":"2015-04-26T12:38:22","date_gmt":"2015-04-26T12:38:22","guid":{"rendered":"https:\/\/businessschool.luiss.it\/tourism-management\/?page_id=12"},"modified":"2025-11-05T13:34:10","modified_gmt":"2025-11-05T13:34:10","slug":"curriculum","status":"publish","type":"page","link":"https:\/\/businessschool.luiss.it\/tourism-management\/curriculum\/","title":{"rendered":"Curriculum"},"content":{"rendered":"\n<p>Il&nbsp;curriculum di Strategia e Management del Turismo&nbsp;\u00e8 progettato per garantire e sostenere la progressiva crescita professionale e personale degli studenti che beneficiano di un&#8217;esperienza di apprendimento produttiva: lezioni, casi di studio, sessioni di lavoro di gruppo e un corpo docente di alto livello composto sia da accademici che da professionisti.&nbsp;Durante il Master, gli studenti ricevono un supporto costante dall&#8217;Ufficio Career Service che li aiuta ad aumentare la loro&nbsp;spendibilit\u00e0 nel mercato del lavoro&nbsp;e a trovare un tirocinio curriculare.<\/p>\n\n\n\n<h3 class=\"wp-block-heading\"><strong>Induction Week<\/strong><strong><\/strong><\/h3>\n\n\n\n<p>L\u2019induction week \u00e8 una settimana introduttiva durante la quale&nbsp;gli studenti possono ambientarsi e familiarizzare con la vita del campus.&nbsp;Verranno organizzati laboratori&nbsp;di ice-breaking, seminari, workshop e presentazioni. Gli studenti avranno occasione&nbsp;di conoscere i loro compagni di classe e di farsi un&#8217;idea pi\u00f9 precisa dei servizi offerti dalla Luiss Business School, nonch\u00e9 delle attivit\u00e0 curriculari ed extracurriculari.<\/p>\n\n\n\n<h3 class=\"wp-block-heading\"><strong>General Management<\/strong><\/h3>\n\n\n\n<p>I corsi di general management mirano a fornire a tutti gli studenti le basi di Business e Management necessarie per comprendere i concetti che verranno introdotti durante i corsi core e di specializzazione di ciascun master.<\/p>\n\n\n\n<ul class=\"wp-block-list\">\n<li><strong>Contabilit\u00e0 e bilancio<\/strong><strong><\/strong><\/li>\n\n\n\n<li><strong>Finanza<\/strong><strong><\/strong><\/li>\n\n\n\n<li><strong>International Economics<\/strong><strong><\/strong><\/li>\n\n\n\n<li><strong>Strategia<\/strong><strong><\/strong><\/li>\n\n\n\n<li><strong>Organizzazione e People Management<\/strong><\/li>\n\n\n\n<li><strong>Corporate Sustainability<\/strong><strong><\/strong><\/li>\n\n\n\n<li><strong>Fondamenti di Marketing<\/strong><\/li>\n<\/ul>\n\n\n\n<h3 class=\"wp-block-heading\"><strong>Corsi Core<\/strong><strong><\/strong><\/h3>\n\n\n\n<p>I corsi&nbsp;core&nbsp;introducono gli studenti ai concetti specifici del settore. Questi corsi forniscono agli studenti i principi chiave e le competenze necessarie per comprendere meglio il settore scelto.<\/p>\n\n\n\n<ul class=\"wp-block-list\">\n<li><strong>HR Management in Tourism<\/strong><strong><\/strong><\/li>\n\n\n\n<li><strong>Legislazione turistica<\/strong><strong><\/strong><\/li>\n\n\n\n<li><strong>Management delle destinazioni turistiche<\/strong><strong><\/strong><\/li>\n\n\n\n<li><strong>Channel &amp; Distribution management<\/strong><strong><\/strong><\/li>\n\n\n\n<li><strong>Economia del turismo<\/strong><strong><\/strong><\/li>\n\n\n\n<li><strong>Revenue e Yield Management<\/strong><\/li>\n\n\n\n<li><strong>Hospitality Management<\/strong><\/li>\n<\/ul>\n\n\n\n<h3 class=\"wp-block-heading\"><strong>Corsi di specializzazione&nbsp;<\/strong><strong><\/strong><\/h3>\n\n\n\n<p>I corsi di specializzazione offrono una prospettiva approfondita degli aspetti specifici legati alla industry del Master e forniscono un approccio prettamente pratico.<\/p>\n\n\n\n<ul class=\"wp-block-list\">\n<li><strong>Hotel strategic management&nbsp;<\/strong><strong><\/strong><\/li>\n\n\n\n<li><strong><strong>Data Management del Turismo<\/strong><\/strong><\/li>\n\n\n\n<li><strong><strong>E-Business in tourism<\/strong><\/strong><\/li>\n\n\n\n<li><strong>Turismo sostenibile<\/strong><\/li>\n<\/ul>\n\n\n\n<h3 class=\"wp-block-heading\">Attivit\u00e0 formative<\/h3>\n\n\n\n<ul class=\"wp-block-list\">\n<li><strong>Focus HR &amp; Tour Operator Managament<\/strong>: Capire come funziona un tour operator, quali sono i vantaggi rispetto a un\u2019agenzia di viaggi e quali sono le procedure e gli accordi sottostanti. L\u2019attenzione sar\u00e0 specificamente rivolta ai tour operator specializzati in viaggi di lusso.<\/li>\n\n\n\n<li><strong>HR Management in Tourism<\/strong>: Gestione del processo di selezione, formazione e sviluppo, valutazione delle prestazioni e motivazione dei dipendenti.<\/li>\n\n\n\n<li><strong>Transportation Management<\/strong>: L\u2019industria dei trasporti&nbsp;: struttura, dinamiche competitive, attori chiave. L\u2019interazione tra il sistema di trasporto e le offerte turistiche; l\u2019impatto del sistema di trasporto sullo sviluppo dell\u2019offerta turistica; marketing degli areoporti.<\/li>\n<\/ul>\n\n\n\n<h3 class=\"wp-block-heading\"><strong>Experience<\/strong><strong><\/strong><\/h3>\n\n\n\n<p>Le Experience sono attivit\u00e0 \u201cesperienziali\u201d, strutturate in una sola giornata o pi\u00f9 giornate, che consentono agli studenti di migliorare il pensiero analitico abbinato ad una reale attitudine pratica.<\/p>\n\n\n\n<ul class=\"wp-block-list\">\n<li>Revealed mistery shopper<\/li>\n\n\n\n<li>Advanced hotel management<\/li>\n<\/ul>\n\n\n\n<h3 class=\"wp-block-heading\"><strong>Challenge<\/strong><\/h3>\n\n\n\n<h4 class=\"wp-block-heading\"><strong>&nbsp;Learning lab<\/strong><\/h4>\n\n\n\n<p>I laboratori favoriscono la crescita personale dei partecipanti, guidandoli nello sviluppo di abilit\u00e0 trasversali e soft skills. Gli allievi prenderanno parte a sessioni pratiche, durante le quali potranno coltivare la flessibilit\u00e0 intellettuale, accrescere la capacit\u00e0 di problem solving e imparare ad adattarsi a situazioni diverse, perfezionando la propria sensibilit\u00e0 interculturale.<\/p>\n\n\n\n<h4 class=\"wp-block-heading\"><strong>Tirocinio<\/strong><\/h4>\n\n\n\n<p>Il tirocinio curriculare \u00e8 generalmente svolto al termine del Master e rappresenta per gli studenti l\u2019opportunit\u00e0 di combinare teoria e pratica, entrando in contatto diretto con figure professionali di settore. Il Career Service fornisce supporto nella ricerca delle opportunit\u00e0 di tirocinio, contribuendo cos\u00ec a espandere le prospettive di carriera&nbsp;degli allievi, offrendo loro la possibilit\u00e0&nbsp;di acquisire l\u2019esperienza lavorativa necessaria per incrementare e migliorare le proprie abilit\u00e0, ed estendere il proprio business network.<\/p>\n\n\n\n<h3 class=\"wp-block-heading\"><strong>Calendario Accademico<\/strong><\/h3>\n\n\n\n<p>Il Major in Tourism Management ha una durata di 12 mesi ed \u00e8 suddiviso in 4 term:<\/p>\n\n\n\n<ul class=\"wp-block-list\">\n<li><strong>Term 1:<\/strong> settembre-dicembre 2026<\/li>\n\n\n\n<li><strong>Term 2<\/strong>: gennaio-marzo 2027<\/li>\n\n\n\n<li><strong>Term 3:<\/strong> aprile- giugno 2027<\/li>\n\n\n\n<li><strong>Term 4<\/strong>: giugno-luglio 2027 fino alla conclusione del tirocinio<\/li>\n<\/ul>\n\n\n\n<p>Si prega di notare che il calendario accademico \u00e8 soggetto a modifiche, per ulteriori informazioni e dettagli si prega di inviare un&#8217;e-mail a&nbsp;<a href=\"mailto:master@luissbusinessschool.it\">master@luissbusinessschool.it<\/a>.<\/p>\n","protected":false},"excerpt":{"rendered":"<p>Il&nbsp;curriculum di Strategia e Management del Turismo&nbsp;\u00e8 progettato per garantire e sostenere la progressiva crescita professionale e personale degli studenti [&hellip;]<\/p>\n","protected":false},"author":1,"featured_media":0,"parent":0,"menu_order":0,"comment_status":"closed","ping_status":"closed","template":"page-default.php","meta":{"_acf_changed":false,"footnotes":""},"categories":[],"tags":[3],"docenti_teaching_area":[],"docenti_research_area":[],"tematiche":[],"lingue":[],"lunghezza_corsi":[],"class_list":["post-12","page","type-page","status-publish","hentry","tag-roberto"],"acf":[],"aioseo_notices":[],"_links":{"self":[{"href":"https:\/\/businessschool.luiss.it\/tourism-management\/wp-json\/wp\/v2\/pages\/12","targetHints":{"allow":["GET"]}}],"collection":[{"href":"https:\/\/businessschool.luiss.it\/tourism-management\/wp-json\/wp\/v2\/pages"}],"about":[{"href":"https:\/\/businessschool.luiss.it\/tourism-management\/wp-json\/wp\/v2\/types\/page"}],"author":[{"embeddable":true,"href":"https:\/\/businessschool.luiss.it\/tourism-management\/wp-json\/wp\/v2\/users\/1"}],"replies":[{"embeddable":true,"href":"https:\/\/businessschool.luiss.it\/tourism-management\/wp-json\/wp\/v2\/comments?post=12"}],"version-history":[{"count":6,"href":"https:\/\/businessschool.luiss.it\/tourism-management\/wp-json\/wp\/v2\/pages\/12\/revisions"}],"predecessor-version":[{"id":890,"href":"https:\/\/businessschool.luiss.it\/tourism-management\/wp-json\/wp\/v2\/pages\/12\/revisions\/890"}],"wp:attachment":[{"href":"https:\/\/businessschool.luiss.it\/tourism-management\/wp-json\/wp\/v2\/media?parent=12"}],"wp:term":[{"taxonomy":"category","embeddable":true,"href":"https:\/\/businessschool.luiss.it\/tourism-management\/wp-json\/wp\/v2\/categories?post=12"},{"taxonomy":"post_tag","embeddable":true,"href":"https:\/\/businessschool.luiss.it\/tourism-management\/wp-json\/wp\/v2\/tags?post=12"},{"taxonomy":"docenti_teaching_area","embeddable":true,"href":"https:\/\/businessschool.luiss.it\/tourism-management\/wp-json\/wp\/v2\/docenti_teaching_area?post=12"},{"taxonomy":"docenti_research_area","embeddable":true,"href":"https:\/\/businessschool.luiss.it\/tourism-management\/wp-json\/wp\/v2\/docenti_research_area?post=12"},{"taxonomy":"tematiche","embeddable":true,"href":"https:\/\/businessschool.luiss.it\/tourism-management\/wp-json\/wp\/v2\/tematiche?post=12"},{"taxonomy":"lingue","embeddable":true,"href":"https:\/\/businessschool.luiss.it\/tourism-management\/wp-json\/wp\/v2\/lingue?post=12"},{"taxonomy":"lunghezza_corsi","embeddable":true,"href":"https:\/\/businessschool.luiss.it\/tourism-management\/wp-json\/wp\/v2\/lunghezza_corsi?post=12"}],"curies":[{"name":"wp","href":"https:\/\/api.w.org\/{rel}","templated":true}]}}