{"id":2,"date":"2015-04-22T07:05:05","date_gmt":"2015-04-22T07:05:05","guid":{"rendered":"https:\/\/businessschool.luiss.it\/tourism-management\/?page_id=2"},"modified":"2025-11-05T17:07:30","modified_gmt":"2025-11-05T17:07:30","slug":"sample-page","status":"publish","type":"page","link":"https:\/\/businessschool.luiss.it\/tourism-management\/","title":{"rendered":"Overview"},"content":{"rendered":"\n<p>Strategia e Management del Turismo \u00e8 uno degli indirizzi del Master in International Management della Luiss Business School ed \u00e8 un&#8217;esperienza di apprendimento unica rivolta a giovani laureati motivati a diventare manager del turismo.&nbsp;<\/p>\n\n\n\n<p>La significativa crescita del mercato del turismo,&nbsp;insieme alla disponibilit\u00e0 di nuove tecnologie, determiner\u00e0 profondi cambiamenti nell\u2019industria del turismo e intensificher\u00e0 la competizione tra societ\u00e0 che adotteranno modelli di business differenti. Inoltre, la cooperazione tra istituzioni pubbliche e private, come anche tra societ\u00e0 che operano in diverse aree del turismo, potrebbe aumentare in maniera significativa.&nbsp;<\/p>\n\n\n\n<p>Il programma consente agli studenti di ricevere una formazione manageriale generale abbinata ai percorsi specialistici di ogni specializzazione. Tutti i corsi di laurea iniziano con le basi e i concetti fondamentali di Management, Economia, Marketing e Branding, con un focus particolare sul mercato italiano.<\/p>\n\n\n\n<p>La qualit\u00e0 delle risorse umane sar\u00e0 ancora pi\u00f9 importante per il successo di un&#8217;azienda. Sar\u00e0 necessaria una variet\u00e0 di competenze per sfruttare tutte le opportunit\u00e0 offerte dalle nuove tecnologie, costruire reti tra diversi attori e asset e creare prodotti complessi. Il corso di laurea in Management del turismo fornisce agli studenti gli strumenti per distinguersi nel settore.<\/p>\n\n\n\n<p>Il Major in Strategia e Management del Turismo offre ai partecipanti una formazione fatta di lezioni frontali, case analysis, seminari tenuti da manager e imprenditori di spicco del settore, e progetti di gruppo.&nbsp;<\/p>\n\n\n\n<p>Il corso si svolge a Roma, presso il Campus Villa Blanc della Luiss Business School.<\/p>\n\n\n\n<h3 class=\"wp-block-heading\">CFU<\/h3>\n\n\n\n<p>Il Master in International Management&nbsp;\u2013&nbsp;Major in Strategia e Management del Turismo&nbsp;\u00e8&nbsp;un Master Universitario di I livello che conferisce 65 Crediti Formativi Universitari (CFU).<\/p>\n\n\n\n<h3 class=\"wp-block-heading\">A chi \u00e8 rivolto il Major in Strategia e Management del Turismo<\/h3>\n\n\n\n<p>Il corso \u00e8 rivolto a tutti i neolaureati &#8211; o a coloro che si laureeranno a breve &#8211; interessati a sviluppare le competenze richieste dall&#8217;industria del turismo.<\/p>\n\n\n\n<h3 class=\"wp-block-heading\">Prospettive di carriera<\/h3>\n\n\n\n<p>Il Major in Strategia e Management del Turismo forma manager del turismo e dell\u2019hospitality, dando spazio all\u2019acquisizione di competenze economiche, gestionali e organizzative.<\/p>\n\n\n\n<p>In particolare, i possibili sbocchi professionali per i partecipanti al Major in Strategia e Management del Turismo sono:<\/p>\n\n\n\n<ul class=\"wp-block-list\">\n<li>International sales manager<\/li>\n\n\n\n<li>Events manager&nbsp;<\/li>\n\n\n\n<li>Digital content manager<\/li>\n\n\n\n<li>Revenue strategy manager<\/li>\n\n\n\n<li>F&amp;b manager<\/li>\n\n\n\n<li>Quality assurance manager<\/li>\n\n\n\n<li>Marketing and PR manager&nbsp;<\/li>\n\n\n\n<li>Learning &amp; Development manager&nbsp;<\/li>\n\n\n\n<li>Guest experience manager&nbsp;<\/li>\n<\/ul>\n\n\n\n<h3 class=\"wp-block-heading\"><strong>Direttore del Master<\/strong><\/h3>\n\n\n\n<p><strong>Matteo Giuliano Caroli<\/strong>, Professore ordinario Universit\u00e0 Luiss<\/p>\n\n\n\n<h3 class=\"wp-block-heading\"><strong>Comitato Scientifico<\/strong><\/h3>\n\n\n\n<p><strong>Daniela della Rosa, <\/strong>Adjunct Faculty Member Luiss Business School<\/p>\n\n\n\n<p><strong>Carlo Fei, <\/strong>Professor of Practice di Luxury and Fashion Management Luiss Business School<\/p>\n\n\n\n<p><strong>Alberto Festa, <\/strong>Direttore Commerciale Watch and Jewelry, Dolce&amp;Gabbana<\/p>\n\n\n\n<p><strong>Olivia Mariotti, <\/strong>Fondatrice di OM&amp;Co<\/p>\n\n\n\n<p><strong>Luca Pirolo, <\/strong>Head of the Specialized Master&#8217;s Area <em>Luiss Business School<\/em><\/p>\n\n\n\n<p><strong>Antony Silard, <\/strong>Direttore del Center for Sustainable Leadership Luiss Business School<\/p>\n","protected":false},"excerpt":{"rendered":"<p>Strategia e Management del Turismo \u00e8 uno degli indirizzi del Master in International Management della Luiss Business School ed \u00e8 [&hellip;]<\/p>\n","protected":false},"author":1,"featured_media":0,"parent":0,"menu_order":0,"comment_status":"closed","ping_status":"closed","template":"page-default.php","meta":{"_acf_changed":false,"footnotes":""},"categories":[],"tags":[],"docenti_teaching_area":[],"docenti_research_area":[],"tematiche":[],"lingue":[],"lunghezza_corsi":[],"class_list":["post-2","page","type-page","status-publish","hentry"],"acf":[],"aioseo_notices":[],"_links":{"self":[{"href":"https:\/\/businessschool.luiss.it\/tourism-management\/wp-json\/wp\/v2\/pages\/2","targetHints":{"allow":["GET"]}}],"collection":[{"href":"https:\/\/businessschool.luiss.it\/tourism-management\/wp-json\/wp\/v2\/pages"}],"about":[{"href":"https:\/\/businessschool.luiss.it\/tourism-management\/wp-json\/wp\/v2\/types\/page"}],"author":[{"embeddable":true,"href":"https:\/\/businessschool.luiss.it\/tourism-management\/wp-json\/wp\/v2\/users\/1"}],"replies":[{"embeddable":true,"href":"https:\/\/businessschool.luiss.it\/tourism-management\/wp-json\/wp\/v2\/comments?post=2"}],"version-history":[{"count":6,"href":"https:\/\/businessschool.luiss.it\/tourism-management\/wp-json\/wp\/v2\/pages\/2\/revisions"}],"predecessor-version":[{"id":894,"href":"https:\/\/businessschool.luiss.it\/tourism-management\/wp-json\/wp\/v2\/pages\/2\/revisions\/894"}],"wp:attachment":[{"href":"https:\/\/businessschool.luiss.it\/tourism-management\/wp-json\/wp\/v2\/media?parent=2"}],"wp:term":[{"taxonomy":"category","embeddable":true,"href":"https:\/\/businessschool.luiss.it\/tourism-management\/wp-json\/wp\/v2\/categories?post=2"},{"taxonomy":"post_tag","embeddable":true,"href":"https:\/\/businessschool.luiss.it\/tourism-management\/wp-json\/wp\/v2\/tags?post=2"},{"taxonomy":"docenti_teaching_area","embeddable":true,"href":"https:\/\/businessschool.luiss.it\/tourism-management\/wp-json\/wp\/v2\/docenti_teaching_area?post=2"},{"taxonomy":"docenti_research_area","embeddable":true,"href":"https:\/\/businessschool.luiss.it\/tourism-management\/wp-json\/wp\/v2\/docenti_research_area?post=2"},{"taxonomy":"tematiche","embeddable":true,"href":"https:\/\/businessschool.luiss.it\/tourism-management\/wp-json\/wp\/v2\/tematiche?post=2"},{"taxonomy":"lingue","embeddable":true,"href":"https:\/\/businessschool.luiss.it\/tourism-management\/wp-json\/wp\/v2\/lingue?post=2"},{"taxonomy":"lunghezza_corsi","embeddable":true,"href":"https:\/\/businessschool.luiss.it\/tourism-management\/wp-json\/wp\/v2\/lunghezza_corsi?post=2"}],"curies":[{"name":"wp","href":"https:\/\/api.w.org\/{rel}","templated":true}]}}