{"id":250,"date":"2017-06-13T13:38:33","date_gmt":"2017-06-13T13:38:33","guid":{"rendered":"https:\/\/businessschool.luiss.it\/writing-school-for-television\/?page_id=250"},"modified":"2026-03-12T12:19:15","modified_gmt":"2026-03-12T12:19:15","slug":"curriculum","status":"publish","type":"page","link":"https:\/\/businessschool.luiss.it\/writing-school-for-television\/curriculum\/","title":{"rendered":"Curriculum"},"content":{"rendered":"\n<p>Il curriculum della Writing School for Cinema &amp; Television, Major del Master in Management delle Imprese Creative e Culturali, \u00e8 disegnato con l\u2019obiettivo di assicurare e supportare in maniera progressiva la crescita professionale e personale dei partecipanti. L\u2019esperienza formativa \u00e8 composta da lezioni, casi studio, sessioni di lavoro di gruppo. Prevede inoltre il coinvolgimento di una faculty di alto livello, composta da accademici e professionisti.<\/p>\n\n\n\n<p>Per tutta la durata del Programma, gli studenti riceveranno dal Career Service un supporto costante che li aiuti ad acquisire e sviluppare competenze utili a incrementare la propria spendibilit\u00e0 nel mercato del lavoro. Il Career Service offrir\u00e0 anche supporto diretto nella ricerca di un tirocinio curriculare.<\/p>\n\n\n\n<h3 class=\"wp-block-heading\">Induction week<\/h3>\n\n\n\n<p>L&#8217;induction week \u00e8 la settimana introduttiva al Programma, durante la quale gli studenti potranno ambientarsi e prendere confidenza con la vita del campus. Verranno organizzati laboratori di ice-breaking, seminari, workshop e presentazioni. Gli studenti avranno l&#8217;occasione di conoscere i propri compagni di corso, i servizi e le attivit\u00e0 curriculari ed extra-curriculari previste dal Programma.<\/p>\n\n\n\n<h3 class=\"wp-block-heading\">General management<\/h3>\n\n\n\n<p>I corsi in general management mirano a fornire a tutti gli studenti le basi di Business e Management necessarie per comprendere i concetti che verranno introdotti durante i corsi core e di specializzazione di ciascun master.<\/p>\n\n\n\n<ul class=\"wp-block-list\">\n<li>Business Modelling &amp; Planning<\/li>\n\n\n\n<li>Fondamenti di Marketing<\/li>\n\n\n\n<li>Economia delle Imprese Creative e Culturali<\/li>\n\n\n\n<li>Strategia<\/li>\n\n\n\n<li>Performance Measurement<\/li>\n\n\n\n<li>Organizzazione e People Management<\/li>\n<\/ul>\n\n\n\n<h3 class=\"wp-block-heading\">Corsi core<\/h3>\n\n\n\n<p>I corsi core hanno lo scopo di introdurre agli studenti i concetti chiave legati alla industry del Master. Tali corsi forniscono i principi e le competenze necessari per acquisire una conoscenza pi\u00f9 completa del settore.<\/p>\n\n\n\n<ul class=\"wp-block-list\">\n<li>Marketing per l\u2019audiovisivo<\/li>\n\n\n\n<li>Produzione e postproduzione cinematografica<\/li>\n\n\n\n<li>La Struttura della Sceneggiatura<\/li>\n\n\n\n<li>Sceneggiatura Cinematografica<\/li>\n\n\n\n<li>Il Format e la Scrittura di Programmi Televisivi<\/li>\n\n\n\n<li>Sceneggiatura Televisiva: la Serialit\u00e0<\/li>\n\n\n\n<li>Teoria e Tecnica del Linguaggio Televisivo<\/li>\n\n\n\n<li>Sceneggiatura: il Documentario<\/li>\n\n\n\n<li>Management dei progetti per l\u2019audiovisivo<\/li>\n\n\n\n<li>Diritto d\u2019autore<\/li>\n<\/ul>\n\n\n\n<h3 class=\"wp-block-heading\">Corsi di specializzazione<\/h3>\n\n\n\n<p>I corsi di specializzazione offrono una prospettiva approfondita degli aspetti specifici legati alla industry del Master e forniscono un approccio prettamente pratico.<\/p>\n\n\n\n<ul class=\"wp-block-list\">\n<li>Seminario: Finanza per l&#8217;Audiovisivo<\/li>\n\n\n\n<li>Regia<\/li>\n\n\n\n<li>Il mercato Televisivo&nbsp;<\/li>\n\n\n\n<li>Traduzione, Adattamento e Doppiaggio<\/li>\n\n\n\n<li>Sceneggiatura: La costruzione del Dialogo<\/li>\n\n\n\n<li>Laboratorio di Montaggio<\/li>\n\n\n\n<li>Fotografia e Luce<\/li>\n<\/ul>\n\n\n\n<h3 class=\"wp-block-heading\">Experience<\/h3>\n\n\n\n<p>Le Experience sono attivit\u00e0 \u201cesperienziali\u201d, strutturate in una sola giornata o pi\u00f9 giornate, che consentono agli studenti di migliorare il pensiero analitico abbinato ad una reale attitudine pratica.<\/p>\n\n\n\n<ul class=\"wp-block-list\">\n<li>Premio generazione Contemporanea-(Yo)U International Film Festival<\/li>\n<\/ul>\n\n\n\n<h3 class=\"wp-block-heading\">Project work<\/h3>\n\n\n\n<p><strong>&nbsp;<\/strong>Al termine delle lezioni gli studenti avranno la possibilit\u00e0 di cimentarsi nella scrittura e realizzazione di un cortometraggio o della puntata pilota di una serie.<\/p>\n\n\n\n<h3 class=\"wp-block-heading\">Learning lab<\/h3>\n\n\n\n<p>I laboratori favoriscono la crescita personale dei partecipanti, guidandoli nello sviluppo di abilit\u00e0 trasversali e soft skill. Gli allievi prenderanno parte a sessioni pratiche, durante le quali potranno coltivare la flessibilit\u00e0 intellettuale, accrescere la capacit\u00e0 di problem solving e imparare ad adattarsi a situazioni diverse, perfezionando la propria sensibilit\u00e0 interculturale.<\/p>\n\n\n\n<h3 class=\"wp-block-heading\">Tirocinio<\/h3>\n\n\n\n<p>Il tirocinio curriculare \u00e8 generalmente svolto al termine della Writing School for Cinema &amp; Television e rappresenta per gli studenti l\u2019opportunit\u00e0 di combinare teoria e pratica, entrando in contatto diretto con figure professionali di settore. Il Career Service fornisce supporto nella ricerca delle opportunit\u00e0 di tirocinio, contribuendo cos\u00ec a espandere le prospettive di carriera&nbsp;dei partecipanti, offrendo loro la possibilit\u00e0 di acquisire l\u2019esperienza lavorativa necessaria per incrementare e migliorare le proprie abilit\u00e0, ed estendere il proprio business network.<\/p>\n\n\n\n<h3 class=\"wp-block-heading\">Calendario Accademico<\/h3>\n\n\n\n<p>La Major in Writing School for Cinema &amp; Television del Master in Management delle Imprese Creative e Culturali ha una durata di 12 mesi ed \u00e8 suddiviso in 4 term.<\/p>\n\n\n\n<p><strong>Term 1:\u00a0<\/strong>gennaio-aprile 2027<br><strong>Term 2:\u00a0<\/strong>maggio-luglio 2027<br><strong>Term 3:\u00a0<\/strong>settembre-novembre 2027<br><strong>Term 4:\u00a0<\/strong>dicembre 2027 fino alla conclusione del field project<\/p>\n\n\n\n<p>Il calendario accademico potrebbe subire variazioni durante l\u2019anno. Per ricevere maggiori informazioni \u00e8 possibile inviare un\u2019e-mail all\u2019indirizzo&nbsp;<a href=\"mailto:master@luissbusinessschool.it\">master@luissbusinessschool.it<\/a>.<\/p>\n","protected":false},"excerpt":{"rendered":"<p>Il curriculum della Writing School for Cinema &amp; Television, Major del Master in Management delle Imprese Creative e Culturali, \u00e8 [&hellip;]<\/p>\n","protected":false},"author":5,"featured_media":0,"parent":0,"menu_order":0,"comment_status":"closed","ping_status":"closed","template":"page-curriculum.php","meta":{"_acf_changed":false,"footnotes":""},"categories":[],"tags":[],"docenti_teaching_area":[],"docenti_research_area":[],"tematiche":[],"lingue":[],"lunghezza_corsi":[],"class_list":["post-250","page","type-page","status-publish","hentry"],"acf":[],"aioseo_notices":[],"_links":{"self":[{"href":"https:\/\/businessschool.luiss.it\/writing-school-for-television\/wp-json\/wp\/v2\/pages\/250","targetHints":{"allow":["GET"]}}],"collection":[{"href":"https:\/\/businessschool.luiss.it\/writing-school-for-television\/wp-json\/wp\/v2\/pages"}],"about":[{"href":"https:\/\/businessschool.luiss.it\/writing-school-for-television\/wp-json\/wp\/v2\/types\/page"}],"author":[{"embeddable":true,"href":"https:\/\/businessschool.luiss.it\/writing-school-for-television\/wp-json\/wp\/v2\/users\/5"}],"replies":[{"embeddable":true,"href":"https:\/\/businessschool.luiss.it\/writing-school-for-television\/wp-json\/wp\/v2\/comments?post=250"}],"version-history":[{"count":6,"href":"https:\/\/businessschool.luiss.it\/writing-school-for-television\/wp-json\/wp\/v2\/pages\/250\/revisions"}],"predecessor-version":[{"id":737,"href":"https:\/\/businessschool.luiss.it\/writing-school-for-television\/wp-json\/wp\/v2\/pages\/250\/revisions\/737"}],"wp:attachment":[{"href":"https:\/\/businessschool.luiss.it\/writing-school-for-television\/wp-json\/wp\/v2\/media?parent=250"}],"wp:term":[{"taxonomy":"category","embeddable":true,"href":"https:\/\/businessschool.luiss.it\/writing-school-for-television\/wp-json\/wp\/v2\/categories?post=250"},{"taxonomy":"post_tag","embeddable":true,"href":"https:\/\/businessschool.luiss.it\/writing-school-for-television\/wp-json\/wp\/v2\/tags?post=250"},{"taxonomy":"docenti_teaching_area","embeddable":true,"href":"https:\/\/businessschool.luiss.it\/writing-school-for-television\/wp-json\/wp\/v2\/docenti_teaching_area?post=250"},{"taxonomy":"docenti_research_area","embeddable":true,"href":"https:\/\/businessschool.luiss.it\/writing-school-for-television\/wp-json\/wp\/v2\/docenti_research_area?post=250"},{"taxonomy":"tematiche","embeddable":true,"href":"https:\/\/businessschool.luiss.it\/writing-school-for-television\/wp-json\/wp\/v2\/tematiche?post=250"},{"taxonomy":"lingue","embeddable":true,"href":"https:\/\/businessschool.luiss.it\/writing-school-for-television\/wp-json\/wp\/v2\/lingue?post=250"},{"taxonomy":"lunghezza_corsi","embeddable":true,"href":"https:\/\/businessschool.luiss.it\/writing-school-for-television\/wp-json\/wp\/v2\/lunghezza_corsi?post=250"}],"curies":[{"name":"wp","href":"https:\/\/api.w.org\/{rel}","templated":true}]}}