{"id":261,"date":"2017-06-13T13:47:47","date_gmt":"2017-06-13T13:47:47","guid":{"rendered":"https:\/\/businessschool.luiss.it\/writing-school-for-television\/?page_id=261"},"modified":"2024-01-29T09:43:08","modified_gmt":"2024-01-29T09:43:08","slug":"partner","status":"publish","type":"page","link":"https:\/\/businessschool.luiss.it\/writing-school-for-television\/partner\/","title":{"rendered":"Partner"},"content":{"rendered":"\n<p>I partner della Luiss Business School intervengono attivamente all\u2019interno della Writing School for Cinema &amp; Television, entrando in contatto diretto con gli studenti e instaurando con loro un dialogo bilaterale attraverso corsi specifici, seminari e workshop legati alla filiera. L\u2019intervento dei partner del settore garantisce agli studenti del Master un\u2019esperienza a 360 gradi del campo della produzione cinematografica e televisiva e del mercato del lavoro nazionale e internazionale.<\/p>\n\n\n\n<ul class=\"wp-block-list\">\n<li>APT \u2013 Associazione Produttori Televisivi<\/li>\n\n\n\n<li>MIA<\/li>\n\n\n\n<li>AGIS<\/li>\n\n\n\n<li>Medusa<\/li>\n<\/ul>\n\n\n\n<figure class=\"wp-block-image size-large is-resized\"><img loading=\"lazy\" decoding=\"async\" src=\"https:\/\/businessschool.luiss.it\/writing-school-for-television\/wp-content\/uploads\/sites\/36\/2024\/01\/Sky_Master_Brand_Logo_LARGE_RGB-1024x627.png\" alt=\"\" class=\"wp-image-632\" width=\"381\" height=\"233\" srcset=\"https:\/\/businessschool.luiss.it\/writing-school-for-television\/wp-content\/uploads\/sites\/36\/2024\/01\/Sky_Master_Brand_Logo_LARGE_RGB-1024x627.png 1024w, https:\/\/businessschool.luiss.it\/writing-school-for-television\/wp-content\/uploads\/sites\/36\/2024\/01\/Sky_Master_Brand_Logo_LARGE_RGB-300x184.png 300w, https:\/\/businessschool.luiss.it\/writing-school-for-television\/wp-content\/uploads\/sites\/36\/2024\/01\/Sky_Master_Brand_Logo_LARGE_RGB-768x470.png 768w, https:\/\/businessschool.luiss.it\/writing-school-for-television\/wp-content\/uploads\/sites\/36\/2024\/01\/Sky_Master_Brand_Logo_LARGE_RGB-1536x940.png 1536w\" sizes=\"auto, (max-width: 381px) 100vw, 381px\" \/><\/figure>\n\n\n\n<p>La Major in Writing School for Cinema and Television \u00e8 svolta in partnership con Sky Italia, una media &amp; entertainment company nata nel 2003.&nbsp;<\/p>\n\n\n\n<p>Sky Italia fa parte del gruppo Sky, uno dei gruppi leader dell\u2019intrattenimento in Europa, che \u00e8 controllato da Comcast Corporation, media &amp; technology company internazionale.&nbsp;<\/p>\n\n\n\n<p>Sky ha cambiato le abitudini di visione di milioni di italiani ed \u00e8 sinonimo di innovazione. La pi\u00f9 recente \u00e8 Sky Glass, una smart Tv di nuova generazione che integra in un&#8217;unica interfaccia i contenuti di Sky, quelli dei canali in chiaro e dei servizi in streaming. La gamma di prodotti e servizi si completa con Sky Q, che aggrega i contenuti Sky e quelli delle principali app; e NOW, l\u2019offerta OTT che d\u00e0 accesso ai contenuti targati Sky. Inoltre, Sky offre il servizio ultrabroadband Sky Wifi, ottimizzato per lo streaming e il gaming online.&nbsp;Oltre a contenuti sportivi, cinematografici, d\u2019informazione, di intrattenimento, cinema e cultura, Sky \u00e8 anche produttore di alcune tra le serie TV originali italiane di maggiore successo e il suo impegno produttivo continua a crescere.&nbsp;<\/p>\n\n\n\n<p>Con i canali TV8, Cielo e Sky TG24, Sky \u00e8 inoltre presente in free to air sul digitale terrestre.<\/p>\n\n\n\n<h3 class=\"wp-block-heading\">Corporate Advisory Board<\/h3>\n\n\n\n<p>Il <strong>Corporate Advisory Board<\/strong> comprende accademici ed esponenti di spicco del mondo aziendale con conoscenze, esperienze e know-how riconducibili a uno o pi\u00f9 programmi. Obiettivo del CAB \u00e8 garantire che ciascun programma offra agli studenti gli strumenti e le competenze necessarie per affrontare sfide e cogliere opportunit\u00e0 del mondo del lavoro, garantirne l&#8217;occupabilit\u00e0 disegnando e ridefinendo l\u2019offerta formativa con business partner rilevanti per settore, funzione o industry.<\/p>\n\n\n\n<p>L\u2019obiettivo dell\u2019incontro \u00e8 <strong>condividere interventi e nuove idee<\/strong> affinch\u00e9 possano essere realizzati nuovi progetti formativi condivisi che assicurino maggiormente <strong>l\u2019<\/strong><em><strong>employability<\/strong><\/em> degli allievi e la soddisfazione dei nostri partner aziendali.<\/p>\n\n\n\n<p>Durante il <strong>CAB<\/strong> i nostri Corporate Partner:<\/p>\n\n\n\n<ul class=\"wp-block-list\">\n<li><strong>collaborano nella definizione del programma<\/strong>: condividono gli obiettivi, il curriculum, i processi e percorsi di formazione;<\/li>\n\n\n\n<li><strong>partecipano all\u2019insegnamento e alle attivit\u00e0 di coordinamento<\/strong>: insieme ai responsabili aziendali, contribuiscono all\u2019esperienza professionale;<\/li>\n\n\n\n<li><strong>sostengono il team del Career Service<\/strong>: attraverso il Field Project, un\u2019occasione fondamentale per coinvolgere gli studenti in un\u2019esperienza di formazione professionale in azienda.<\/li>\n<\/ul>\n","protected":false},"excerpt":{"rendered":"<p>I partner della Luiss Business School intervengono attivamente all\u2019interno della Writing School for Cinema &amp; Television, entrando in contatto diretto [&hellip;]<\/p>\n","protected":false},"author":5,"featured_media":0,"parent":0,"menu_order":0,"comment_status":"closed","ping_status":"closed","template":"","meta":{"_acf_changed":false,"footnotes":""},"categories":[],"tags":[],"docenti_teaching_area":[],"docenti_research_area":[],"tematiche":[],"lingue":[],"lunghezza_corsi":[],"class_list":["post-261","page","type-page","status-publish","hentry"],"acf":[],"aioseo_notices":[],"_links":{"self":[{"href":"https:\/\/businessschool.luiss.it\/writing-school-for-television\/wp-json\/wp\/v2\/pages\/261","targetHints":{"allow":["GET"]}}],"collection":[{"href":"https:\/\/businessschool.luiss.it\/writing-school-for-television\/wp-json\/wp\/v2\/pages"}],"about":[{"href":"https:\/\/businessschool.luiss.it\/writing-school-for-television\/wp-json\/wp\/v2\/types\/page"}],"author":[{"embeddable":true,"href":"https:\/\/businessschool.luiss.it\/writing-school-for-television\/wp-json\/wp\/v2\/users\/5"}],"replies":[{"embeddable":true,"href":"https:\/\/businessschool.luiss.it\/writing-school-for-television\/wp-json\/wp\/v2\/comments?post=261"}],"version-history":[{"count":3,"href":"https:\/\/businessschool.luiss.it\/writing-school-for-television\/wp-json\/wp\/v2\/pages\/261\/revisions"}],"predecessor-version":[{"id":633,"href":"https:\/\/businessschool.luiss.it\/writing-school-for-television\/wp-json\/wp\/v2\/pages\/261\/revisions\/633"}],"wp:attachment":[{"href":"https:\/\/businessschool.luiss.it\/writing-school-for-television\/wp-json\/wp\/v2\/media?parent=261"}],"wp:term":[{"taxonomy":"category","embeddable":true,"href":"https:\/\/businessschool.luiss.it\/writing-school-for-television\/wp-json\/wp\/v2\/categories?post=261"},{"taxonomy":"post_tag","embeddable":true,"href":"https:\/\/businessschool.luiss.it\/writing-school-for-television\/wp-json\/wp\/v2\/tags?post=261"},{"taxonomy":"docenti_teaching_area","embeddable":true,"href":"https:\/\/businessschool.luiss.it\/writing-school-for-television\/wp-json\/wp\/v2\/docenti_teaching_area?post=261"},{"taxonomy":"docenti_research_area","embeddable":true,"href":"https:\/\/businessschool.luiss.it\/writing-school-for-television\/wp-json\/wp\/v2\/docenti_research_area?post=261"},{"taxonomy":"tematiche","embeddable":true,"href":"https:\/\/businessschool.luiss.it\/writing-school-for-television\/wp-json\/wp\/v2\/tematiche?post=261"},{"taxonomy":"lingue","embeddable":true,"href":"https:\/\/businessschool.luiss.it\/writing-school-for-television\/wp-json\/wp\/v2\/lingue?post=261"},{"taxonomy":"lunghezza_corsi","embeddable":true,"href":"https:\/\/businessschool.luiss.it\/writing-school-for-television\/wp-json\/wp\/v2\/lunghezza_corsi?post=261"}],"curies":[{"name":"wp","href":"https:\/\/api.w.org\/{rel}","templated":true}]}}